{"id":80,"date":"2021-10-10T18:39:36","date_gmt":"2021-10-10T16:39:36","guid":{"rendered":"https:\/\/seal.transport-manager.net\/ethkeo2021\/?page_id=80"},"modified":"2022-05-05T22:42:10","modified_gmt":"2022-05-05T20:42:10","slug":"nos-appels-doffres","status":"publish","type":"page","link":"https:\/\/seal.transport-manager.net\/ethann\/nos-appels-doffres\/","title":{"rendered":"NOS APPELS D&rsquo;OFFRES"},"content":{"rendered":"\n<p class=\"has-text-align-center\" style=\"font-size:24px\"><strong><em>Sur cette page, vous trouverez nos appels d&rsquo;offres en cours et finis, ils sont class\u00e9s du plus r\u00e9cent au plus ancien.<\/em><\/strong><\/p>\n\n\n\n<div class=\"wp-block-columns is-layout-flex wp-container-core-columns-is-layout-28f84493 wp-block-columns-is-layout-flex\">\n<div class=\"wp-block-column is-layout-flow wp-block-column-is-layout-flow\" style=\"flex-basis:100%\"><\/div>\n<\/div>\n\n\n\n<p class=\"has-text-align-center\" style=\"font-size:30px\">APPEL D&rsquo;OFFRES DU 26\/03\/2022 -&gt; <strong><span style=\"text-decoration: underline\">FINIT<\/span><\/strong><\/p>\n\n\n\n<p class=\"has-text-align-center\" style=\"font-size:25px\"><strong><em>INFORMATIONS G\u00c9N\u00c9RALES<\/em><\/strong><\/p>\n\n\n\n<figure class=\"wp-block-table is-style-stripes\"><table class=\"has-black-color has-text-color has-background has-fixed-layout\" style=\"background-color:#fcf0ef\"><tbody><tr><td class=\"has-text-align-center\" data-align=\"center\"><strong>CAT\u00c9GORIE<\/strong><\/td><td class=\"has-text-align-center\" data-align=\"center\"><em>Articul\u00e9s<\/em><\/td><\/tr><tr><td class=\"has-text-align-center\" data-align=\"center\"><strong>ANN\u00c9E DE PRODUCTION<\/strong><\/td><td class=\"has-text-align-center\" data-align=\"center\"><em>NEUF<\/em><\/td><\/tr><tr><td class=\"has-text-align-center\" data-align=\"center\"><strong>NOMBRE<\/strong><\/td><td class=\"has-text-align-center\" data-align=\"center\"><em>20<\/em><\/td><\/tr><tr><td class=\"has-text-align-center\" data-align=\"center\"><strong>MOTORISATION<\/strong><\/td><td class=\"has-text-align-center\" data-align=\"center\"><em>GNV ou GNV Hybrid<\/em><\/td><\/tr><tr><td class=\"has-text-align-center\" data-align=\"center\"><strong>CAPACIT\u00c9 MINIMUM<\/strong><\/td><td class=\"has-text-align-center\" data-align=\"center\"><em>&#8211;<\/em><\/td><\/tr><\/tbody><\/table><\/figure>\n\n\n\n<p class=\"has-text-align-center\" style=\"font-size:25px\"><strong><em>CONFIGURATION<\/em><\/strong><\/p>\n\n\n\n<figure class=\"wp-block-table is-style-stripes\"><table class=\"has-black-color has-text-color has-background has-fixed-layout\" style=\"background-color:#fcf0ef\"><tbody><tr><td class=\"has-text-align-center\" data-align=\"center\"><strong>GIROUETTE AVANT<\/strong><\/td><td class=\"has-text-align-center\" data-align=\"center\"><em>Diodes couleurs blanches<\/em><\/td><\/tr><tr><td class=\"has-text-align-center\" data-align=\"center\"><strong>GIROUETTE LAT\u00c9RALE<\/strong><\/td><td class=\"has-text-align-center\" data-align=\"center\"><em> Diodes couleurs blanches <\/em><\/td><\/tr><tr><td class=\"has-text-align-center\" data-align=\"center\"><strong>GIROUETTE ARRI<strong>\u00c8<\/strong>RE<\/strong><\/td><td class=\"has-text-align-center\" data-align=\"center\"><em> Diodes couleurs blanches <\/em><\/td><\/tr><tr><td class=\"has-text-align-center\" data-align=\"center\"><strong>ACCESSIBILIT\u00c9<\/strong><\/td><td class=\"has-text-align-center\" data-align=\"center\"><em>UFR+Agenouillement+Palette r\u00e9tractable \u00e9lectrique<\/em><\/td><\/tr><tr><td class=\"has-text-align-center\" data-align=\"center\"><strong>NOMBRE DE PORTES<\/strong><\/td><td class=\"has-text-align-center\" data-align=\"center\"><em>3<\/em><\/td><\/tr><tr><td class=\"has-text-align-center\" data-align=\"center\"><strong>TYPE DE PORTES<\/strong><\/td><td class=\"has-text-align-center\" data-align=\"center\"><em>\u00c9lectriques<\/em><\/td><\/tr><tr><td class=\"has-text-align-center\" data-align=\"center\"><strong>SYST\u00c8ME D&rsquo;AIR<\/strong><\/td><td class=\"has-text-align-center\" data-align=\"center\"><em>Climatisation int\u00e9grale<\/em><\/td><\/tr><tr><td class=\"has-text-align-center\" data-align=\"center\"><strong>PAVILLON LUMIBUS<\/strong><\/td><td class=\"has-text-align-center\" data-align=\"center\"><em>Non<\/em><\/td><\/tr><tr><td class=\"has-text-align-center\" data-align=\"center\"><strong>BAIES BASSES<\/strong><\/td><td class=\"has-text-align-center\" data-align=\"center\"><em>Oui<\/em><\/td><\/tr><tr><td class=\"has-text-align-center\" data-align=\"center\"><strong>VITRE ANTI-AGRESSION<\/strong><\/td><td class=\"has-text-align-center\" data-align=\"center\"><em>Oui<\/em><\/td><\/tr><tr><td class=\"has-text-align-center\" data-align=\"center\"><strong>VITRES TEINT\u00c9ES<\/strong><\/td><td class=\"has-text-align-center\" data-align=\"center\"><em> Non <\/em><\/td><\/tr><tr><td class=\"has-text-align-center\" data-align=\"center\"><strong>SELF-SERVICE<\/strong><\/td><td class=\"has-text-align-center\" data-align=\"center\"><em>Oui<\/em><\/td><\/tr><\/tbody><\/table><\/figure>\n\n\n\n<p class=\"has-text-align-center\" style=\"font-size:25px\"><strong><em>OPTIONS D&rsquo;ATELIERS<\/em><\/strong><\/p>\n\n\n\n<figure class=\"wp-block-table is-style-stripes\"><table class=\"has-black-color has-text-color has-background has-fixed-layout\" style=\"background-color:#fcf0ef\"><tbody><tr><td class=\"has-text-align-center\" data-align=\"center\"><strong>PANNEAUX DE PUB.<\/strong><\/td><td class=\"has-text-align-center\" data-align=\"center\"><em>Av.\/Lat.\/Ar.<\/em><\/td><\/tr><tr><td class=\"has-text-align-center\" data-align=\"center\"><strong>RADIO<\/strong><\/td><td class=\"has-text-align-center\" data-align=\"center\"><em>Oui<\/em><\/td><\/tr><\/tbody><\/table><\/figure>\n\n\n\n<p class=\"has-text-align-center\" style=\"font-size:25px\"><em><strong>INT\u00c9<\/strong><\/em><strong><em>RIEUR<\/em><\/strong><\/p>\n\n\n\n<figure class=\"wp-block-table is-style-stripes\"><table class=\"has-black-color has-text-color has-background has-fixed-layout\" style=\"background-color:#fcf0ef\"><tbody><tr><td class=\"has-text-align-center\" data-align=\"center\"><strong>TYPE DE SI\u00c8GES<\/strong><\/td><td class=\"has-text-align-center\" data-align=\"center\"><em>Type 4<\/em><\/td><\/tr><tr><td class=\"has-text-align-center\" data-align=\"center\"><strong>REV\u00caTEMENT DE LA SELLERIE<\/strong><\/td><td class=\"has-text-align-center\" data-align=\"center\"><em>Tissu 5 &#8211; Rouge<\/em><\/td><\/tr><tr><td class=\"has-text-align-center\" data-align=\"center\"><strong>REV\u00caTEMENT DU SOL<\/strong><\/td><td class=\"has-text-align-center\" data-align=\"center\"><em>Parquet &#8211; Sierra<\/em><\/td><\/tr><tr><td class=\"has-text-align-center\" data-align=\"center\"><strong>BARRES DE MAINTIEN<\/strong><\/td><td class=\"has-text-align-center\" data-align=\"center\"><em>Rouge<\/em><\/td><\/tr><\/tbody><\/table><\/figure>\n\n\n\n<p class=\"has-text-align-center\" style=\"font-size:25px\"><em><strong>SERVICES COMPL\u00c9MENTAIRES<\/strong><\/em><\/p>\n\n\n\n<figure class=\"wp-block-table is-style-stripes\"><table class=\"has-black-color has-text-color has-background has-fixed-layout\" style=\"background-color:#fcf0ef\"><tbody><tr><td class=\"has-text-align-center\" data-align=\"center\"><strong>IMMATRICULATION<\/strong><\/td><td class=\"has-text-align-center\" data-align=\"center\"><em>Oui<\/em><\/td><\/tr><tr><td class=\"has-text-align-center\" data-align=\"center\"><strong>CONTR\u00d4LE TECHNIQUE<\/strong><\/td><td class=\"has-text-align-center\" data-align=\"center\"><em>Non<\/em><\/td><\/tr><tr><td class=\"has-text-align-center\" data-align=\"center\"><strong>ACHAT \u00c0 CR\u00c9DIT<\/strong><\/td><td class=\"has-text-align-center\" data-align=\"center\">Oui<\/td><\/tr><\/tbody><\/table><\/figure>\n\n\n\n<hr class=\"wp-block-separator has-text-color has-background has-accent-background-color has-accent-color is-style-default\" \/>\n\n\n\n<p class=\"has-text-align-center\" style=\"font-size:30px\">APPEL D&rsquo;OFFRES DU 18\/08\/2021 -&gt; <strong><span style=\"text-decoration: underline\">FINIT<\/span><\/strong><\/p>\n\n\n\n<p class=\"has-text-align-center\" style=\"font-size:25px\"><strong><em>INFORMATIONS G\u00c9N\u00c9RALES<\/em><\/strong><\/p>\n\n\n\n<figure class=\"wp-block-table is-style-stripes\"><table class=\"has-black-color has-text-color has-background has-fixed-layout\" style=\"background-color:#fcf0ef\"><tbody><tr><td class=\"has-text-align-center\" data-align=\"center\"><strong>CAT\u00c9GORIE<\/strong><\/td><td class=\"has-text-align-center\" data-align=\"center\"><em>Midibus<\/em><\/td><\/tr><tr><td class=\"has-text-align-center\" data-align=\"center\"><strong>ANN\u00c9E DE PRODUCTION<\/strong><\/td><td class=\"has-text-align-center\" data-align=\"center\"><em>NEUF<\/em><\/td><\/tr><tr><td class=\"has-text-align-center\" data-align=\"center\"><strong>NOMBRE<\/strong><\/td><td class=\"has-text-align-center\" data-align=\"center\"><em>6<\/em><\/td><\/tr><tr><td class=\"has-text-align-center\" data-align=\"center\"><strong>MOTORISATION<\/strong><\/td><td class=\"has-text-align-center\" data-align=\"center\"><em>Diesel<\/em><\/td><\/tr><tr><td class=\"has-text-align-center\" data-align=\"center\"><strong>CAPACIT\u00c9 MINIMUM<\/strong><\/td><td class=\"has-text-align-center\" data-align=\"center\"><em>&#8211;<\/em><\/td><\/tr><\/tbody><\/table><\/figure>\n\n\n\n<p class=\"has-text-align-center\" style=\"font-size:25px\"><strong><em>CONFIGURATION<\/em><\/strong><\/p>\n\n\n\n<figure class=\"wp-block-table is-style-stripes\"><table class=\"has-black-color has-text-color has-background has-fixed-layout\" style=\"background-color:#fcf0ef\"><tbody><tr><td class=\"has-text-align-center\" data-align=\"center\"><strong>GIROUETTE AVANT<\/strong><\/td><td class=\"has-text-align-center\" data-align=\"center\"><em>Diodes couleurs blanches<\/em><\/td><\/tr><tr><td class=\"has-text-align-center\" data-align=\"center\"><strong>GIROUETTE LAT\u00c9RALE<\/strong><\/td><td class=\"has-text-align-center\" data-align=\"center\"><em> Diodes couleurs blanches <\/em><\/td><\/tr><tr><td class=\"has-text-align-center\" data-align=\"center\"><strong>GIROUETTE ARRI<strong>\u00c8<\/strong>RE<\/strong><\/td><td class=\"has-text-align-center\" data-align=\"center\"><em> Diodes couleurs blanches <\/em><\/td><\/tr><tr><td class=\"has-text-align-center\" data-align=\"center\"><strong>ACCESSIBILIT\u00c9<\/strong><\/td><td class=\"has-text-align-center\" data-align=\"center\"><em>UFR+Agenouillement+Palette r\u00e9tractable \u00e9lectrique<\/em><\/td><\/tr><tr><td class=\"has-text-align-center\" data-align=\"center\"><strong>NOMBRE DE PORTES<\/strong><\/td><td class=\"has-text-align-center\" data-align=\"center\"><em>2 ou 3<\/em><\/td><\/tr><tr><td class=\"has-text-align-center\" data-align=\"center\"><strong>TYPE DE PORTES<\/strong><\/td><td class=\"has-text-align-center\" data-align=\"center\"><em>Pneumatique<\/em><\/td><\/tr><tr><td class=\"has-text-align-center\" data-align=\"center\"><strong>SYST\u00c8ME D&rsquo;AIR<\/strong><\/td><td class=\"has-text-align-center\" data-align=\"center\"><em>Climatisation int\u00e9grale<\/em><\/td><\/tr><tr><td class=\"has-text-align-center\" data-align=\"center\"><strong>PAVILLON LUMIBUS<\/strong><\/td><td class=\"has-text-align-center\" data-align=\"center\"><em>Non<\/em><\/td><\/tr><tr><td class=\"has-text-align-center\" data-align=\"center\"><strong>BAIES BASSES<\/strong><\/td><td class=\"has-text-align-center\" data-align=\"center\"><em> Non <\/em><\/td><\/tr><tr><td class=\"has-text-align-center\" data-align=\"center\"><strong>VITRE ANTI-AGRESSION<\/strong><\/td><td class=\"has-text-align-center\" data-align=\"center\"><em> Non <\/em><\/td><\/tr><tr><td class=\"has-text-align-center\" data-align=\"center\"><strong>VITRES TEINT\u00c9ES<\/strong><\/td><td class=\"has-text-align-center\" data-align=\"center\"><em> Non <\/em><\/td><\/tr><tr><td class=\"has-text-align-center\" data-align=\"center\"><strong>SELF-SERVICE<\/strong><\/td><td class=\"has-text-align-center\" data-align=\"center\"><em> Non <\/em><\/td><\/tr><\/tbody><\/table><\/figure>\n\n\n\n<p class=\"has-text-align-center\" style=\"font-size:25px\"><strong><em>OPTIONS D&rsquo;ATELIERS<\/em><\/strong><\/p>\n\n\n\n<figure class=\"wp-block-table is-style-stripes\"><table class=\"has-black-color has-text-color has-background has-fixed-layout\" style=\"background-color:#fcf0ef\"><tbody><tr><td class=\"has-text-align-center\" data-align=\"center\"><strong>PANNEAUX DE PUB.<\/strong><\/td><td class=\"has-text-align-center\" data-align=\"center\"><em>Av.\/Lat.\/Ar.<\/em><\/td><\/tr><tr><td class=\"has-text-align-center\" data-align=\"center\"><strong>RADIO<\/strong><\/td><td class=\"has-text-align-center\" data-align=\"center\"><em>Non<\/em><\/td><\/tr><\/tbody><\/table><\/figure>\n\n\n\n<p class=\"has-text-align-center\" style=\"font-size:25px\"><em><strong>SERVICES COMPL\u00c9MENTAIRES<\/strong><\/em><\/p>\n\n\n\n<figure class=\"wp-block-table is-style-stripes\"><table class=\"has-black-color has-text-color has-background has-fixed-layout\" style=\"background-color:#fcf0ef\"><tbody><tr><td class=\"has-text-align-center\" data-align=\"center\"><strong>IMMATRICULATION<\/strong><\/td><td class=\"has-text-align-center\" data-align=\"center\"><em>Oui<\/em><\/td><\/tr><tr><td class=\"has-text-align-center\" data-align=\"center\"><strong>CONTR\u00d4LE TECHNIQUE<\/strong><\/td><td class=\"has-text-align-center\" data-align=\"center\"><em>Non<\/em><\/td><\/tr><tr><td class=\"has-text-align-center\" data-align=\"center\"><strong>ACHAT \u00c0 CR\u00c9DIT<\/strong><\/td><td class=\"has-text-align-center\" data-align=\"center\">Oui<\/td><\/tr><\/tbody><\/table><\/figure>\n\n\n\n<hr class=\"wp-block-separator has-text-color has-background has-accent-background-color has-accent-color is-style-default\" \/>\n\n\n\n<p class=\"has-text-align-center\" style=\"font-size:30px\">APPEL D&rsquo;OFFRES DU 18\/08\/2021 -&gt; <strong><span style=\"text-decoration: underline\">FINIT<\/span><\/strong><\/p>\n\n\n\n<p class=\"has-text-align-center\" style=\"font-size:25px\"><strong><em>INFORMATIONS G\u00c9N\u00c9RALES<\/em><\/strong><\/p>\n\n\n\n<figure class=\"wp-block-table is-style-stripes\"><table class=\"has-black-color has-text-color has-background has-fixed-layout\" style=\"background-color:#fcf0ef\"><tbody><tr><td class=\"has-text-align-center\" data-align=\"center\"><strong>CAT\u00c9GORIE<\/strong><\/td><td class=\"has-text-align-center\" data-align=\"center\"><em>Standart<\/em><\/td><\/tr><tr><td class=\"has-text-align-center\" data-align=\"center\"><strong>ANN\u00c9E DE PRODUCTION<\/strong><\/td><td class=\"has-text-align-center\" data-align=\"center\"><em>NEUF<\/em><\/td><\/tr><tr><td class=\"has-text-align-center\" data-align=\"center\"><strong>NOMBRE<\/strong><\/td><td class=\"has-text-align-center\" data-align=\"center\"><em>6<\/em><\/td><\/tr><tr><td class=\"has-text-align-center\" data-align=\"center\"><strong>MOTORISATION<\/strong><\/td><td class=\"has-text-align-center\" data-align=\"center\"><em>Diesel<\/em><\/td><\/tr><tr><td class=\"has-text-align-center\" data-align=\"center\"><strong>CAPACIT\u00c9 MINIMUM<\/strong><\/td><td class=\"has-text-align-center\" data-align=\"center\"><em>&#8211;<\/em><\/td><\/tr><\/tbody><\/table><\/figure>\n\n\n\n<p class=\"has-text-align-center\" style=\"font-size:25px\"><strong><em>CONFIGURATION<\/em><\/strong><\/p>\n\n\n\n<figure class=\"wp-block-table is-style-stripes\"><table class=\"has-black-color has-text-color has-background has-fixed-layout\" style=\"background-color:#fcf0ef\"><tbody><tr><td class=\"has-text-align-center\" data-align=\"center\"><strong>GIROUETTE AVANT<\/strong><\/td><td class=\"has-text-align-center\" data-align=\"center\"><em>Diodes couleurs blanches<\/em><\/td><\/tr><tr><td class=\"has-text-align-center\" data-align=\"center\"><strong>GIROUETTE LAT\u00c9RALE<\/strong><\/td><td class=\"has-text-align-center\" data-align=\"center\"><em> Diodes couleurs blanches <\/em><\/td><\/tr><tr><td class=\"has-text-align-center\" data-align=\"center\"><strong>GIROUETTE ARRI<strong>\u00c8<\/strong>RE<\/strong><\/td><td class=\"has-text-align-center\" data-align=\"center\"><em> Diodes couleurs blanches <\/em><\/td><\/tr><tr><td class=\"has-text-align-center\" data-align=\"center\"><strong>ACCESSIBILIT\u00c9<\/strong><\/td><td class=\"has-text-align-center\" data-align=\"center\"><em>UFR+Agenouillement+Palette r\u00e9tractable \u00e9lectrique<\/em><\/td><\/tr><tr><td class=\"has-text-align-center\" data-align=\"center\"><strong>NOMBRE DE PORTES<\/strong><\/td><td class=\"has-text-align-center\" data-align=\"center\"><em>2 ou 3<\/em><\/td><\/tr><tr><td class=\"has-text-align-center\" data-align=\"center\"><strong>TYPE DE PORTES<\/strong><\/td><td class=\"has-text-align-center\" data-align=\"center\"><em>Pneumatique<\/em><\/td><\/tr><tr><td class=\"has-text-align-center\" data-align=\"center\"><strong>SYST\u00c8ME D&rsquo;AIR<\/strong><\/td><td class=\"has-text-align-center\" data-align=\"center\"><em>Climatisation int\u00e9grale<\/em><\/td><\/tr><tr><td class=\"has-text-align-center\" data-align=\"center\"><strong>PAVILLON LUMIBUS<\/strong><\/td><td class=\"has-text-align-center\" data-align=\"center\"><em>Non<\/em><\/td><\/tr><tr><td class=\"has-text-align-center\" data-align=\"center\"><strong>BAIES BASSES<\/strong><\/td><td class=\"has-text-align-center\" data-align=\"center\"><em> Non <\/em><\/td><\/tr><tr><td class=\"has-text-align-center\" data-align=\"center\"><strong>VITRE ANTI-AGRESSION<\/strong><\/td><td class=\"has-text-align-center\" data-align=\"center\"><em> Non <\/em><\/td><\/tr><tr><td class=\"has-text-align-center\" data-align=\"center\"><strong>VITRES TEINT\u00c9ES<\/strong><\/td><td class=\"has-text-align-center\" data-align=\"center\"><em> Non <\/em><\/td><\/tr><tr><td class=\"has-text-align-center\" data-align=\"center\"><strong>SELF-SERVICE<\/strong><\/td><td class=\"has-text-align-center\" data-align=\"center\"><em> Non <\/em><\/td><\/tr><\/tbody><\/table><\/figure>\n\n\n\n<p class=\"has-text-align-center\" style=\"font-size:25px\"><strong><em>OPTIONS D&rsquo;ATELIERS<\/em><\/strong><\/p>\n\n\n\n<figure class=\"wp-block-table is-style-stripes\"><table class=\"has-black-color has-text-color has-background has-fixed-layout\" style=\"background-color:#fcf0ef\"><tbody><tr><td class=\"has-text-align-center\" data-align=\"center\"><strong>PANNEAUX DE PUB.<\/strong><\/td><td class=\"has-text-align-center\" data-align=\"center\"><em>Av.\/Lat.\/Ar.<\/em><\/td><\/tr><tr><td class=\"has-text-align-center\" data-align=\"center\"><strong>RADIO<\/strong><\/td><td class=\"has-text-align-center\" data-align=\"center\"><em>Non<\/em><\/td><\/tr><\/tbody><\/table><\/figure>\n\n\n\n<p class=\"has-text-align-center\" style=\"font-size:25px\"><em><strong>SERVICES COMPL\u00c9MENTAIRES<\/strong><\/em><\/p>\n\n\n\n<figure class=\"wp-block-table is-style-stripes\"><table class=\"has-black-color has-text-color has-background has-fixed-layout\" style=\"background-color:#fcf0ef\"><tbody><tr><td class=\"has-text-align-center\" data-align=\"center\"><strong>IMMATRICULATION<\/strong><\/td><td class=\"has-text-align-center\" data-align=\"center\"><em>Oui<\/em><\/td><\/tr><tr><td class=\"has-text-align-center\" data-align=\"center\"><strong>CONTR\u00d4LE TECHNIQUE<\/strong><\/td><td class=\"has-text-align-center\" data-align=\"center\"><em>Non<\/em><\/td><\/tr><tr><td class=\"has-text-align-center\" data-align=\"center\"><strong>ACHAT \u00c0 CR\u00c9DIT<\/strong><\/td><td class=\"has-text-align-center\" data-align=\"center\">Oui<\/td><\/tr><\/tbody><\/table><\/figure>\n","protected":false},"excerpt":{"rendered":"<p>Sur cette page, vous trouverez nos appels d&rsquo;offres en cours et finis, ils sont class\u00e9s du plus r\u00e9cent au plus ancien. APPEL D&rsquo;OFFRES DU 26\/03\/2022 -&gt; FINIT INFORMATIONS G\u00c9N\u00c9RALES CAT\u00c9GORIE Articul\u00e9s ANN\u00c9E DE PRODUCTION NEUF NOMBRE 20 MOTORISATION GNV ou GNV Hybrid CAPACIT\u00c9 MINIMUM &#8211; CONFIGURATION GIROUETTE AVANT Diodes couleurs [&hellip;]<\/p>\n","protected":false},"author":90,"featured_media":302,"parent":0,"menu_order":0,"comment_status":"closed","ping_status":"closed","template":"","meta":{"footnotes":""},"class_list":["post-80","page","type-page","status-publish","has-post-thumbnail","hentry"],"_links":{"self":[{"href":"https:\/\/seal.transport-manager.net\/ethann\/wp-json\/wp\/v2\/pages\/80","targetHints":{"allow":["GET"]}}],"collection":[{"href":"https:\/\/seal.transport-manager.net\/ethann\/wp-json\/wp\/v2\/pages"}],"about":[{"href":"https:\/\/seal.transport-manager.net\/ethann\/wp-json\/wp\/v2\/types\/page"}],"author":[{"embeddable":true,"href":"https:\/\/seal.transport-manager.net\/ethann\/wp-json\/wp\/v2\/users\/90"}],"replies":[{"embeddable":true,"href":"https:\/\/seal.transport-manager.net\/ethann\/wp-json\/wp\/v2\/comments?post=80"}],"version-history":[{"count":24,"href":"https:\/\/seal.transport-manager.net\/ethann\/wp-json\/wp\/v2\/pages\/80\/revisions"}],"predecessor-version":[{"id":746,"href":"https:\/\/seal.transport-manager.net\/ethann\/wp-json\/wp\/v2\/pages\/80\/revisions\/746"}],"wp:featuredmedia":[{"embeddable":true,"href":"https:\/\/seal.transport-manager.net\/ethann\/wp-json\/wp\/v2\/media\/302"}],"wp:attachment":[{"href":"https:\/\/seal.transport-manager.net\/ethann\/wp-json\/wp\/v2\/media?parent=80"}],"curies":[{"name":"wp","href":"https:\/\/api.w.org\/{rel}","templated":true}]}}