{"id":931,"date":"2022-07-04T18:37:56","date_gmt":"2022-07-04T16:37:56","guid":{"rendered":"https:\/\/seal.transport-manager.net\/ethann\/?page_id=931"},"modified":"2023-11-25T14:40:43","modified_gmt":"2023-11-25T13:40:43","slug":"se-deplacer","status":"publish","type":"page","link":"https:\/\/seal.transport-manager.net\/ethann\/se-deplacer\/","title":{"rendered":"SE DEPLACER"},"content":{"rendered":"\n<p class=\"has-medium-font-size\"><em>Voici toutes les informations n\u00e9cessaires pour vous d\u00e9placer serreinement sur notre r\u00e9seau !<\/em><\/p>\n\n\n\n<div class=\"wp-block-buttons is-content-justification-center is-layout-flex wp-container-core-buttons-is-layout-a89b3969 wp-block-buttons-is-layout-flex\">\n<div class=\"wp-block-button has-custom-width wp-block-button__width-50 has-custom-font-size is-style-fill has-medium-font-size\"><a class=\"wp-block-button__link has-vivid-cyan-blue-to-vivid-purple-gradient-background has-background wp-element-button\" href=\"https:\/\/seal.transport-manager.net\/ethann\/nos-lignes\/\"><strong>NOS LIGNES URBAINES<\/strong><\/a><\/div>\n\n\n\n<div class=\"wp-block-button has-custom-width wp-block-button__width-50 has-custom-font-size is-style-fill has-medium-font-size\"><a class=\"wp-block-button__link has-light-green-cyan-to-vivid-green-cyan-gradient-background has-background wp-element-button\" href=\"https:\/\/seal.transport-manager.net\/ethann\/nos-lignes-suburbaines\/\"><strong>NOS LIGNES SUBURBAINES<\/strong><\/a><\/div>\n\n\n\n<div class=\"wp-block-button has-custom-width wp-block-button__width-50 has-custom-font-size is-style-fill has-medium-font-size\"><a class=\"wp-block-button__link has-luminous-vivid-amber-to-luminous-vivid-orange-gradient-background has-background wp-element-button\" href=\"https:\/\/seal.transport-manager.net\/ethann\/nos-lignes-interurbaines\/\"><strong>NOS LIGNES INTERURBAINES<\/strong><\/a><\/div>\n<\/div>\n\n\n\n<hr class=\"wp-block-separator has-text-color has-accent-color has-css-opacity has-accent-background-color has-background\" \/>\n\n\n\n<figure class=\"wp-block-image alignwide size-full is-style-default\"><img loading=\"lazy\" decoding=\"async\" width=\"4577\" height=\"2953\" src=\"https:\/\/seal.transport-manager.net\/ethann\/wp-content\/uploads\/sites\/89\/2023\/11\/Plan_N4.png\" alt=\"\" class=\"wp-image-1386\" srcset=\"https:\/\/seal.transport-manager.net\/ethann\/wp-content\/uploads\/sites\/89\/2023\/11\/Plan_N4.png 4577w, https:\/\/seal.transport-manager.net\/ethann\/wp-content\/uploads\/sites\/89\/2023\/11\/Plan_N4-300x194.png 300w, https:\/\/seal.transport-manager.net\/ethann\/wp-content\/uploads\/sites\/89\/2023\/11\/Plan_N4-1024x661.png 1024w, https:\/\/seal.transport-manager.net\/ethann\/wp-content\/uploads\/sites\/89\/2023\/11\/Plan_N4-768x496.png 768w, https:\/\/seal.transport-manager.net\/ethann\/wp-content\/uploads\/sites\/89\/2023\/11\/Plan_N4-1536x991.png 1536w, https:\/\/seal.transport-manager.net\/ethann\/wp-content\/uploads\/sites\/89\/2023\/11\/Plan_N4-2048x1321.png 2048w\" sizes=\"auto, (max-width: 4577px) 100vw, 4577px\" \/><figcaption class=\"wp-element-caption\">Plan de notre r\u00e9seau urbain<\/figcaption><\/figure>\n\n\n\n<hr class=\"wp-block-separator has-text-color has-accent-color has-alpha-channel-opacity has-accent-background-color has-background\" \/>\n\n\n\n<figure class=\"wp-block-image alignwide size-full\"><img loading=\"lazy\" decoding=\"async\" width=\"8238\" height=\"5484\" src=\"https:\/\/seal.transport-manager.net\/ethann\/wp-content\/uploads\/sites\/89\/2023\/11\/Plan_N4_suburbain.png\" alt=\"\" class=\"wp-image-1517\" srcset=\"https:\/\/seal.transport-manager.net\/ethann\/wp-content\/uploads\/sites\/89\/2023\/11\/Plan_N4_suburbain.png 8238w, https:\/\/seal.transport-manager.net\/ethann\/wp-content\/uploads\/sites\/89\/2023\/11\/Plan_N4_suburbain-300x200.png 300w, https:\/\/seal.transport-manager.net\/ethann\/wp-content\/uploads\/sites\/89\/2023\/11\/Plan_N4_suburbain-1024x682.png 1024w, https:\/\/seal.transport-manager.net\/ethann\/wp-content\/uploads\/sites\/89\/2023\/11\/Plan_N4_suburbain-768x511.png 768w, https:\/\/seal.transport-manager.net\/ethann\/wp-content\/uploads\/sites\/89\/2023\/11\/Plan_N4_suburbain-1536x1023.png 1536w, https:\/\/seal.transport-manager.net\/ethann\/wp-content\/uploads\/sites\/89\/2023\/11\/Plan_N4_suburbain-2048x1363.png 2048w, https:\/\/seal.transport-manager.net\/ethann\/wp-content\/uploads\/sites\/89\/2023\/11\/Plan_N4_suburbain-360x240.png 360w\" sizes=\"auto, (max-width: 8238px) 100vw, 8238px\" \/><figcaption class=\"wp-element-caption\">Plan de notre r\u00e9seau suburbain<\/figcaption><\/figure>\n\n\n\n<hr class=\"wp-block-separator has-text-color has-accent-color has-alpha-channel-opacity has-accent-background-color has-background\" \/>\n\n\n\n<figure class=\"wp-block-image alignwide size-full\"><img loading=\"lazy\" decoding=\"async\" width=\"11350\" height=\"9050\" src=\"https:\/\/seal.transport-manager.net\/ethann\/wp-content\/uploads\/sites\/89\/2023\/11\/Plan_N4_interurbain.png\" alt=\"\" class=\"wp-image-1516\" srcset=\"https:\/\/seal.transport-manager.net\/ethann\/wp-content\/uploads\/sites\/89\/2023\/11\/Plan_N4_interurbain.png 11350w, https:\/\/seal.transport-manager.net\/ethann\/wp-content\/uploads\/sites\/89\/2023\/11\/Plan_N4_interurbain-300x239.png 300w, https:\/\/seal.transport-manager.net\/ethann\/wp-content\/uploads\/sites\/89\/2023\/11\/Plan_N4_interurbain-1024x816.png 1024w, https:\/\/seal.transport-manager.net\/ethann\/wp-content\/uploads\/sites\/89\/2023\/11\/Plan_N4_interurbain-768x612.png 768w\" sizes=\"auto, (max-width: 11350px) 100vw, 11350px\" \/><figcaption class=\"wp-element-caption\">Plan de notre r\u00e9seau interurbain<\/figcaption><\/figure>\n","protected":false},"excerpt":{"rendered":"<p>Voici toutes les informations n\u00e9cessaires pour vous d\u00e9placer serreinement sur notre r\u00e9seau !<\/p>\n","protected":false},"author":90,"featured_media":937,"parent":0,"menu_order":0,"comment_status":"closed","ping_status":"closed","template":"","meta":{"footnotes":""},"class_list":["post-931","page","type-page","status-publish","has-post-thumbnail","hentry"],"_links":{"self":[{"href":"https:\/\/seal.transport-manager.net\/ethann\/wp-json\/wp\/v2\/pages\/931","targetHints":{"allow":["GET"]}}],"collection":[{"href":"https:\/\/seal.transport-manager.net\/ethann\/wp-json\/wp\/v2\/pages"}],"about":[{"href":"https:\/\/seal.transport-manager.net\/ethann\/wp-json\/wp\/v2\/types\/page"}],"author":[{"embeddable":true,"href":"https:\/\/seal.transport-manager.net\/ethann\/wp-json\/wp\/v2\/users\/90"}],"replies":[{"embeddable":true,"href":"https:\/\/seal.transport-manager.net\/ethann\/wp-json\/wp\/v2\/comments?post=931"}],"version-history":[{"count":3,"href":"https:\/\/seal.transport-manager.net\/ethann\/wp-json\/wp\/v2\/pages\/931\/revisions"}],"predecessor-version":[{"id":1528,"href":"https:\/\/seal.transport-manager.net\/ethann\/wp-json\/wp\/v2\/pages\/931\/revisions\/1528"}],"wp:featuredmedia":[{"embeddable":true,"href":"https:\/\/seal.transport-manager.net\/ethann\/wp-json\/wp\/v2\/media\/937"}],"wp:attachment":[{"href":"https:\/\/seal.transport-manager.net\/ethann\/wp-json\/wp\/v2\/media?parent=931"}],"curies":[{"name":"wp","href":"https:\/\/api.w.org\/{rel}","templated":true}]}}