{"id":106,"date":"2021-07-21T00:41:49","date_gmt":"2021-07-20T22:41:49","guid":{"rendered":"https:\/\/seal.transport-manager.net\/florian95\/?page_id=106"},"modified":"2021-07-21T18:20:07","modified_gmt":"2021-07-21T16:20:07","slug":"linfo-trafic","status":"publish","type":"page","link":"https:\/\/seal.transport-manager.net\/florian95\/linfo-trafic\/","title":{"rendered":"L&rsquo;info trafic"},"content":{"rendered":"<ul class=\"wp-block-latest-posts__list wp-block-latest-posts\"><li><a class=\"wp-block-latest-posts__post-title\" href=\"https:\/\/seal.transport-manager.net\/florian95\/2022\/04\/14\/que-du-bonus-ligne-3\/\">QUE DU BonUS Ligne 3 !<\/a><div class=\"wp-block-latest-posts__post-full-content\"><!-- wp:paragraph -->\n<p>\u00c0 partir du lundi 18 avril 2022, votre ligne s\u2019adapte \u00e0 vos besoins ! De nouveaux v\u00e9hicules neufs, climatis\u00e9s et adapt\u00e9s \u00e0 votre ligne seront progressivement mis en service au cours des prochaines semaines. Ces nouveaux v\u00e9hicules seront \u00e9quip\u00e9s de boutons self-service pour ouvrir vous-m\u00eame les portes aux arr\u00eats, de bandeaux lumineux affichant le prochain arr\u00eat, d\u2019\u00e9crans indiquant les prochains arr\u00eats desservis et les correspondances.<\/p>\n<!-- \/wp:paragraph -->\n\n<!-- wp:image {\"id\":319,\"sizeSlug\":\"full\",\"linkDestination\":\"none\"} -->\n<figure class=\"wp-block-image size-full\"><img loading=\"lazy\" decoding=\"async\" width=\"780\" height=\"960\" src=\"https:\/\/seal.transport-manager.net\/florian95\/wp-content\/uploads\/sites\/42\/2022\/04\/BHNS_3-1.png\" alt=\"\" class=\"wp-image-319\" srcset=\"https:\/\/seal.transport-manager.net\/florian95\/wp-content\/uploads\/sites\/42\/2022\/04\/BHNS_3-1.png 780w, https:\/\/seal.transport-manager.net\/florian95\/wp-content\/uploads\/sites\/42\/2022\/04\/BHNS_3-1-244x300.png 244w, https:\/\/seal.transport-manager.net\/florian95\/wp-content\/uploads\/sites\/42\/2022\/04\/BHNS_3-1-768x945.png 768w\" sizes=\"auto, (max-width: 780px) 100vw, 780px\" \/><\/figure>\n<!-- \/wp:image --><\/div><\/li>\n<li><a class=\"wp-block-latest-posts__post-title\" href=\"https:\/\/seal.transport-manager.net\/florian95\/2022\/01\/16\/que-du-bonus-ligne-2\/\">QUE DU BonUS Ligne 2 !<\/a><div class=\"wp-block-latest-posts__post-full-content\"><!-- wp:paragraph -->\n<p>\u00c0 partir du lundi 17 janvier 2022, votre ligne s&rsquo;adapte \u00e0 vos besoins ! De nouveaux v\u00e9hicules neufs, climatis\u00e9s et adapt\u00e9s \u00e0 votre ligne seront progressivement mis en service au cours des prochaines semaines. Ces nouveaux v\u00e9hicules seront \u00e9quip\u00e9s de boutons self-service pour ouvrir vous-m\u00eame les portes aux arr\u00eats, de bandeaux lumineux affichant le prochain arr\u00eat, d&rsquo;\u00e9crans indiquant les prochains arr\u00eats desservis et les correspondances.<\/p>\n<!-- \/wp:paragraph -->\n\n<!-- wp:image {\"id\":311,\"sizeSlug\":\"full\",\"linkDestination\":\"none\"} -->\n<figure class=\"wp-block-image size-full\"><img loading=\"lazy\" decoding=\"async\" width=\"707\" height=\"937\" src=\"https:\/\/seal.transport-manager.net\/florian95\/wp-content\/uploads\/sites\/42\/2022\/01\/BHNS_2.jpg\" alt=\"\" class=\"wp-image-311\" srcset=\"https:\/\/seal.transport-manager.net\/florian95\/wp-content\/uploads\/sites\/42\/2022\/01\/BHNS_2.jpg 707w, https:\/\/seal.transport-manager.net\/florian95\/wp-content\/uploads\/sites\/42\/2022\/01\/BHNS_2-226x300.jpg 226w\" sizes=\"auto, (max-width: 707px) 100vw, 707px\" \/><\/figure>\n<!-- \/wp:image --><\/div><\/li>\n<li><a class=\"wp-block-latest-posts__post-title\" href=\"https:\/\/seal.transport-manager.net\/florian95\/2021\/07\/27\/travaux-l4-28-07-2021-09-08-2021\/\">Travaux L4 28\/07\/2021 &#8211; 09\/08\/2021<\/a><div class=\"wp-block-latest-posts__post-full-content\"><!-- wp:image {\"id\":204,\"sizeSlug\":\"large\",\"linkDestination\":\"none\"} -->\n<figure class=\"wp-block-image size-large\"><img loading=\"lazy\" decoding=\"async\" width=\"800\" height=\"303\" src=\"https:\/\/seal.transport-manager.net\/florian95\/wp-content\/uploads\/sites\/42\/2021\/07\/Trav-4-2021-07-27.png\" alt=\"\" class=\"wp-image-204\" srcset=\"https:\/\/seal.transport-manager.net\/florian95\/wp-content\/uploads\/sites\/42\/2021\/07\/Trav-4-2021-07-27.png 800w, https:\/\/seal.transport-manager.net\/florian95\/wp-content\/uploads\/sites\/42\/2021\/07\/Trav-4-2021-07-27-300x114.png 300w, https:\/\/seal.transport-manager.net\/florian95\/wp-content\/uploads\/sites\/42\/2021\/07\/Trav-4-2021-07-27-768x291.png 768w\" sizes=\"auto, (max-width: 800px) 100vw, 800px\" \/><\/figure>\n<!-- \/wp:image --><\/div><\/li>\n<li><a class=\"wp-block-latest-posts__post-title\" href=\"https:\/\/seal.transport-manager.net\/florian95\/2021\/07\/21\/deviation-l5-21-07-2021\/\">D\u00e9viation L5 21\/07\/2021<\/a><div class=\"wp-block-latest-posts__post-full-content\"><!-- wp:image {\"id\":176,\"sizeSlug\":\"large\",\"linkDestination\":\"none\"} -->\n<figure class=\"wp-block-image size-large\"><img loading=\"lazy\" decoding=\"async\" width=\"800\" height=\"240\" src=\"https:\/\/seal.transport-manager.net\/florian95\/wp-content\/uploads\/sites\/42\/2021\/07\/Devia-5-2021-07-21.png\" alt=\"\" class=\"wp-image-176\" srcset=\"https:\/\/seal.transport-manager.net\/florian95\/wp-content\/uploads\/sites\/42\/2021\/07\/Devia-5-2021-07-21.png 800w, https:\/\/seal.transport-manager.net\/florian95\/wp-content\/uploads\/sites\/42\/2021\/07\/Devia-5-2021-07-21-300x90.png 300w, https:\/\/seal.transport-manager.net\/florian95\/wp-content\/uploads\/sites\/42\/2021\/07\/Devia-5-2021-07-21-768x230.png 768w\" sizes=\"auto, (max-width: 800px) 100vw, 800px\" \/><\/figure>\n<!-- \/wp:image --><\/div><\/li>\n<\/ul>","protected":false},"excerpt":{"rendered":"","protected":false},"author":42,"featured_media":0,"parent":0,"menu_order":0,"comment_status":"closed","ping_status":"closed","template":"","meta":{"footnotes":""},"class_list":["post-106","page","type-page","status-publish","hentry"],"_links":{"self":[{"href":"https:\/\/seal.transport-manager.net\/florian95\/wp-json\/wp\/v2\/pages\/106","targetHints":{"allow":["GET"]}}],"collection":[{"href":"https:\/\/seal.transport-manager.net\/florian95\/wp-json\/wp\/v2\/pages"}],"about":[{"href":"https:\/\/seal.transport-manager.net\/florian95\/wp-json\/wp\/v2\/types\/page"}],"author":[{"embeddable":true,"href":"https:\/\/seal.transport-manager.net\/florian95\/wp-json\/wp\/v2\/users\/42"}],"replies":[{"embeddable":true,"href":"https:\/\/seal.transport-manager.net\/florian95\/wp-json\/wp\/v2\/comments?post=106"}],"version-history":[{"count":4,"href":"https:\/\/seal.transport-manager.net\/florian95\/wp-json\/wp\/v2\/pages\/106\/revisions"}],"predecessor-version":[{"id":313,"href":"https:\/\/seal.transport-manager.net\/florian95\/wp-json\/wp\/v2\/pages\/106\/revisions\/313"}],"wp:attachment":[{"href":"https:\/\/seal.transport-manager.net\/florian95\/wp-json\/wp\/v2\/media?parent=106"}],"curies":[{"name":"wp","href":"https:\/\/api.w.org\/{rel}","templated":true}]}}