{"id":17,"date":"2021-07-20T23:47:51","date_gmt":"2021-07-20T21:47:51","guid":{"rendered":"https:\/\/seal.transport-manager.net\/florian95\/?page_id=17"},"modified":"2021-07-21T00:46:47","modified_gmt":"2021-07-20T22:46:47","slug":"les-lignes","status":"publish","type":"page","link":"https:\/\/seal.transport-manager.net\/florian95\/les-lignes\/","title":{"rendered":"Les lignes"},"content":{"rendered":"\n<p>Le r\u00e9seau se compose actuellement de 11 lignes r\u00e9guli\u00e8res dont 2 \u00e0 Haut Niveau de Service, 2 lignes secondaires ainsi que 2 lignes T\u00e0D (Transport \u00c0 la Demande).<\/p>\n\n\n\n<p><\/p>\n\n\n\n<p>Consultez l&rsquo;ensemble des lignes r\u00e9guli\u00e8res en cliquant <a rel=\"noreferrer noopener\" href=\"https:\/\/seal.transport-manager.net\/florian95\/lignes-regulieres\/\" data-type=\"URL\" data-id=\"https:\/\/seal.transport-manager.net\/florian95\/lignes-regulieres\/\" target=\"_blank\">ici<\/a>.<\/p>\n\n\n\n<p>Consultez l&rsquo;ensemble des lignes secondaires en cliquant <a rel=\"noreferrer noopener\" href=\"https:\/\/seal.transport-manager.net\/florian95\/lignes-secondaires\/\" data-type=\"URL\" data-id=\"https:\/\/seal.transport-manager.net\/florian95\/lignes-secondaires\/\" target=\"_blank\">ici<\/a>.<\/p>\n\n\n\n<p>Pour r\u00e9server un passage d&rsquo;un T\u00e0D c&rsquo;est par <a rel=\"noreferrer noopener\" href=\"https:\/\/seal.transport-manager.net\/florian95\/le-transport-a-la-demande\/\" data-type=\"URL\" data-id=\"https:\/\/seal.transport-manager.net\/florian95\/le-transport-a-la-demande\/\" target=\"_blank\">ici<\/a>.<\/p>\n\n\n\n<p>Les lignes sp\u00e9ciales peuvent s&rsquo;av\u00e9rer utiles donc c&rsquo;est par <a rel=\"noreferrer noopener\" href=\"https:\/\/seal.transport-manager.net\/florian95\/lignes-speciales\/\" data-type=\"URL\" data-id=\"https:\/\/seal.transport-manager.net\/florian95\/lignes-speciales\/\" target=\"_blank\">ici<\/a> pour les consulter.<\/p>\n\n\n\n<p><\/p>\n\n\n\n<p>Vous pouvez consulter le plan du r\u00e9seau ci-dessous.<\/p>\n\n\n\n<figure class=\"wp-block-image size-full is-style-default\"><img loading=\"lazy\" decoding=\"async\" width=\"4657\" height=\"3004\" src=\"https:\/\/seal.transport-manager.net\/florian95\/wp-content\/uploads\/sites\/42\/2021\/07\/Plan_N3.png\" alt=\"\" class=\"wp-image-109\" srcset=\"https:\/\/seal.transport-manager.net\/florian95\/wp-content\/uploads\/sites\/42\/2021\/07\/Plan_N3.png 4657w, https:\/\/seal.transport-manager.net\/florian95\/wp-content\/uploads\/sites\/42\/2021\/07\/Plan_N3-300x194.png 300w, https:\/\/seal.transport-manager.net\/florian95\/wp-content\/uploads\/sites\/42\/2021\/07\/Plan_N3-1024x661.png 1024w, https:\/\/seal.transport-manager.net\/florian95\/wp-content\/uploads\/sites\/42\/2021\/07\/Plan_N3-768x495.png 768w, https:\/\/seal.transport-manager.net\/florian95\/wp-content\/uploads\/sites\/42\/2021\/07\/Plan_N3-1536x991.png 1536w, https:\/\/seal.transport-manager.net\/florian95\/wp-content\/uploads\/sites\/42\/2021\/07\/Plan_N3-2048x1321.png 2048w\" sizes=\"auto, (max-width: 4657px) 100vw, 4657px\" \/><\/figure>\n","protected":false},"excerpt":{"rendered":"<p>Le r\u00e9seau se compose actuellement de 11 lignes r\u00e9guli\u00e8res dont 2 \u00e0 Haut Niveau de Service, 2 lignes secondaires ainsi que 2 lignes T\u00e0D (Transport \u00c0 la Demande). Consultez l&rsquo;ensemble des lignes r\u00e9guli\u00e8res en cliquant ici. Consultez l&rsquo;ensemble des lignes secondaires en cliquant ici. Pour r\u00e9server un passage d&rsquo;un T\u00e0D [&hellip;]<\/p>\n","protected":false},"author":42,"featured_media":0,"parent":0,"menu_order":0,"comment_status":"closed","ping_status":"closed","template":"","meta":{"footnotes":""},"class_list":["post-17","page","type-page","status-publish","hentry"],"_links":{"self":[{"href":"https:\/\/seal.transport-manager.net\/florian95\/wp-json\/wp\/v2\/pages\/17","targetHints":{"allow":["GET"]}}],"collection":[{"href":"https:\/\/seal.transport-manager.net\/florian95\/wp-json\/wp\/v2\/pages"}],"about":[{"href":"https:\/\/seal.transport-manager.net\/florian95\/wp-json\/wp\/v2\/types\/page"}],"author":[{"embeddable":true,"href":"https:\/\/seal.transport-manager.net\/florian95\/wp-json\/wp\/v2\/users\/42"}],"replies":[{"embeddable":true,"href":"https:\/\/seal.transport-manager.net\/florian95\/wp-json\/wp\/v2\/comments?post=17"}],"version-history":[{"count":7,"href":"https:\/\/seal.transport-manager.net\/florian95\/wp-json\/wp\/v2\/pages\/17\/revisions"}],"predecessor-version":[{"id":112,"href":"https:\/\/seal.transport-manager.net\/florian95\/wp-json\/wp\/v2\/pages\/17\/revisions\/112"}],"wp:attachment":[{"href":"https:\/\/seal.transport-manager.net\/florian95\/wp-json\/wp\/v2\/media?parent=17"}],"curies":[{"name":"wp","href":"https:\/\/api.w.org\/{rel}","templated":true}]}}