{"id":18,"date":"2021-07-20T23:47:51","date_gmt":"2021-07-20T21:47:51","guid":{"rendered":"https:\/\/seal.transport-manager.net\/florian95\/?page_id=18"},"modified":"2021-07-21T19:27:42","modified_gmt":"2021-07-21T17:27:42","slug":"nos-agences","status":"publish","type":"page","link":"https:\/\/seal.transport-manager.net\/florian95\/nos-agences\/","title":{"rendered":"Nos agences"},"content":{"rendered":"\n<p>Les agences servent principalement \u00e0 vendre des titres de transport ou encore r\u00e9cup\u00e9rer des d\u00e9pliants horaires\/plan de r\u00e9seau. Actuellement, il y a 5 agences sur tout le r\u00e9seau qui sont toutes ouvertes du lundi au samedi de 7h \u00e0 20h. Nos meilleurs agents seront l\u00e0 pour accueillir et vous renseigner avec plaisir.<\/p>\n\n\n\n<p><\/p>\n\n\n\n<h2 class=\"wp-block-heading\">Agence de la Gare Centrale<\/h2>\n\n\n\n<p>Certainement l&rsquo;agence la plus importante du r\u00e9seau, elle est accessible par les lignes <span style=\"color:#dc241f\" class=\"has-inline-color\"><strong>1<\/strong><\/span>, <strong><span style=\"color:#9364cc\" class=\"has-inline-color\">2<\/span><\/strong>, <strong><span style=\"color:#f1ab00\" class=\"has-inline-color\">3<\/span><\/strong> et <strong><span style=\"color:#00afad\" class=\"has-inline-color\">4<\/span><\/strong> ainsi que la navette du centre de vaccination.<\/p>\n\n\n\n<p><\/p>\n\n\n\n<h2 class=\"wp-block-heading\">Agence du Campus Alan Turing<\/h2>\n\n\n\n<p>Une seconde agence plut\u00f4t bien desservie avec les lignes <strong><span style=\"color:#dc241f\" class=\"has-inline-color\">1<\/span><\/strong>, <strong><span style=\"color:#0019a8\" class=\"has-inline-color\">9<\/span><\/strong> et <strong><span style=\"color:#ffce00\" class=\"has-inline-color\">10<\/span><\/strong> situ\u00e9e au nord de la ville.<\/p>\n\n\n\n<p><\/p>\n\n\n\n<h2 class=\"wp-block-heading\">Agence de l&rsquo;A\u00e9roport<\/h2>\n\n\n\n<p>Plut\u00f4t pratique d&rsquo;avoir une agence \u00e0 proximit\u00e9 lorsque l&rsquo;on vient d&rsquo;atterrir pour voyager cette belle bourgade. Elle est situ\u00e9e au terminus de la ligne <strong><span style=\"color:#9364cc\" class=\"has-inline-color\">2<\/span><\/strong> et \u00e9galement la plus \u00e0 l&rsquo;ouest de la ville.<\/p>\n\n\n\n<p><\/p>\n\n\n\n<h2 class=\"wp-block-heading\">Agence de la Gare de l&rsquo;Ouest<\/h2>\n\n\n\n<p>Il fallait bien une autre agence dans une gare et c&rsquo;est celle-ci qui a \u00e9t\u00e9 d\u00e9sign\u00e9e, vous pouvez y acc\u00e9der avec les lignes <strong><span style=\"color:#e86a10\" class=\"has-inline-color\">5<\/span><\/strong>, <strong><span style=\"color:#007229\" class=\"has-inline-color\">7<\/span><\/strong> et <strong><span style=\"color:#0019a8\" class=\"has-inline-color\">61<\/span><\/strong> ainsi que la navette du centre de vaccination.<\/p>\n\n\n\n<p><\/p>\n\n\n\n<h2 class=\"wp-block-heading\">Agence du Campus Marthe Gautier<\/h2>\n\n\n\n<p>Elle est la plus au sud de la ville et accessible facilement par les lignes <strong><span style=\"color:#f1ab00\" class=\"has-inline-color\">3<\/span><\/strong>, <strong><span style=\"color:#d799af\" class=\"has-inline-color\">8<\/span><\/strong> et <strong><span style=\"color:#751056\" class=\"has-inline-color\">11<\/span><\/strong>.<\/p>\n","protected":false},"excerpt":{"rendered":"<p>Les agences servent principalement \u00e0 vendre des titres de transport ou encore r\u00e9cup\u00e9rer des d\u00e9pliants horaires\/plan de r\u00e9seau. Actuellement, il y a 5 agences sur tout le r\u00e9seau qui sont toutes ouvertes du lundi au samedi de 7h \u00e0 20h. Nos meilleurs agents seront l\u00e0 pour accueillir et vous renseigner [&hellip;]<\/p>\n","protected":false},"author":42,"featured_media":0,"parent":0,"menu_order":0,"comment_status":"closed","ping_status":"closed","template":"","meta":{"footnotes":""},"class_list":["post-18","page","type-page","status-publish","hentry"],"_links":{"self":[{"href":"https:\/\/seal.transport-manager.net\/florian95\/wp-json\/wp\/v2\/pages\/18","targetHints":{"allow":["GET"]}}],"collection":[{"href":"https:\/\/seal.transport-manager.net\/florian95\/wp-json\/wp\/v2\/pages"}],"about":[{"href":"https:\/\/seal.transport-manager.net\/florian95\/wp-json\/wp\/v2\/types\/page"}],"author":[{"embeddable":true,"href":"https:\/\/seal.transport-manager.net\/florian95\/wp-json\/wp\/v2\/users\/42"}],"replies":[{"embeddable":true,"href":"https:\/\/seal.transport-manager.net\/florian95\/wp-json\/wp\/v2\/comments?post=18"}],"version-history":[{"count":6,"href":"https:\/\/seal.transport-manager.net\/florian95\/wp-json\/wp\/v2\/pages\/18\/revisions"}],"predecessor-version":[{"id":187,"href":"https:\/\/seal.transport-manager.net\/florian95\/wp-json\/wp\/v2\/pages\/18\/revisions\/187"}],"wp:attachment":[{"href":"https:\/\/seal.transport-manager.net\/florian95\/wp-json\/wp\/v2\/media?parent=18"}],"curies":[{"name":"wp","href":"https:\/\/api.w.org\/{rel}","templated":true}]}}