{"id":20,"date":"2021-07-20T23:47:51","date_gmt":"2021-07-20T21:47:51","guid":{"rendered":"https:\/\/seal.transport-manager.net\/florian95\/?page_id=20"},"modified":"2021-07-21T02:11:00","modified_gmt":"2021-07-21T00:11:00","slug":"lignes-regulieres","status":"publish","type":"page","link":"https:\/\/seal.transport-manager.net\/florian95\/lignes-regulieres\/","title":{"rendered":"Lignes r\u00e9guli\u00e8res"},"content":{"rendered":"\n<p>Sur cette page, vous allez retrouver toutes les lignes r\u00e9guli\u00e8res qui structurent le r\u00e9seau. Pour l&rsquo;instant, seules les lignes 1 \u00e0 11 sont en service mais le r\u00e9seau est en constante \u00e9volution et vise \u00e0 s&rsquo;\u00e9tendre au fil du temps. Chaque ligne poss\u00e8de une page qui lui est propre pour apporter un maximum de d\u00e9tail pour simplifier vos trajets. <\/p>\n","protected":false},"excerpt":{"rendered":"<p>Sur cette page, vous allez retrouver toutes les lignes r\u00e9guli\u00e8res qui structurent le r\u00e9seau. Pour l&rsquo;instant, seules les lignes 1 \u00e0 11 sont en service mais le r\u00e9seau est en constante \u00e9volution et vise \u00e0 s&rsquo;\u00e9tendre au fil du temps. Chaque ligne poss\u00e8de une page qui lui est propre pour [&hellip;]<\/p>\n","protected":false},"author":42,"featured_media":0,"parent":0,"menu_order":0,"comment_status":"closed","ping_status":"closed","template":"","meta":{"footnotes":""},"class_list":["post-20","page","type-page","status-publish","hentry"],"_links":{"self":[{"href":"https:\/\/seal.transport-manager.net\/florian95\/wp-json\/wp\/v2\/pages\/20","targetHints":{"allow":["GET"]}}],"collection":[{"href":"https:\/\/seal.transport-manager.net\/florian95\/wp-json\/wp\/v2\/pages"}],"about":[{"href":"https:\/\/seal.transport-manager.net\/florian95\/wp-json\/wp\/v2\/types\/page"}],"author":[{"embeddable":true,"href":"https:\/\/seal.transport-manager.net\/florian95\/wp-json\/wp\/v2\/users\/42"}],"replies":[{"embeddable":true,"href":"https:\/\/seal.transport-manager.net\/florian95\/wp-json\/wp\/v2\/comments?post=20"}],"version-history":[{"count":2,"href":"https:\/\/seal.transport-manager.net\/florian95\/wp-json\/wp\/v2\/pages\/20\/revisions"}],"predecessor-version":[{"id":141,"href":"https:\/\/seal.transport-manager.net\/florian95\/wp-json\/wp\/v2\/pages\/20\/revisions\/141"}],"wp:attachment":[{"href":"https:\/\/seal.transport-manager.net\/florian95\/wp-json\/wp\/v2\/media?parent=20"}],"curies":[{"name":"wp","href":"https:\/\/api.w.org\/{rel}","templated":true}]}}