{"id":23,"date":"2021-07-20T23:47:51","date_gmt":"2021-07-20T21:47:51","guid":{"rendered":"https:\/\/seal.transport-manager.net\/florian95\/?page_id=23"},"modified":"2021-07-22T14:46:45","modified_gmt":"2021-07-22T12:46:45","slug":"le-transport-a-la-demande","status":"publish","type":"page","link":"https:\/\/seal.transport-manager.net\/florian95\/le-transport-a-la-demande\/","title":{"rendered":"Le transport \u00e0 la demande"},"content":{"rendered":"\n<p>Vous pouvez bien entendu r\u00e9server un passage en particulier en appelant ou en envoyant un mail.<\/p>\n\n\n\n<p>2 lignes vous sont propos\u00e9s en tant que T\u00e0D :<\/p>\n\n\n\n<figure class=\"wp-block-image size-large is-resized\"><img loading=\"lazy\" decoding=\"async\" src=\"https:\/\/seal.transport-manager.net\/florian95\/wp-content\/uploads\/sites\/42\/2021\/07\/L901.png\" alt=\"\" class=\"wp-image-114\" width=\"63\" height=\"63\" \/><\/figure>\n\n\n\n<p class=\"has-black-color has-text-color\"><span class=\"has-inline-color has-black-color\">Ligne<\/span> <span data-darkreader-inline-color=\"\" class=\"has-inline-color\"><strong>901<\/strong><\/span><span class=\"has-inline-color has-black-color\">, fonctionnant avec des v\u00e9hicules diesels de 10m et desservant le quartier de Bellevue.<\/span> Les r\u00e9servations sont possibles du lundi au samedi. Elle relie le quartier r\u00e9sidentiel Bellevue \u00e0 Haute-Ville o\u00f9 vous serez en correspondance avec la ligne <span data-darkreader-inline-color=\"\" class=\"has-inline-color\"><strong>9<\/strong><\/span>. Les cr\u00e9neaux possibles de r\u00e9servation sont de 7h \u00e0 9h, de 11h30 \u00e0 13h30 et de 16h \u00e0 18h en semaine et de 5h \u00e0 20h le samedi. La ligne s&rsquo;effectue en 12 minutes sur une distance de 4km.<\/p>\n\n\n\n<figure class=\"wp-block-image size-large\"><img loading=\"lazy\" decoding=\"async\" width=\"1024\" height=\"303\" src=\"https:\/\/seal.transport-manager.net\/florian95\/wp-content\/uploads\/sites\/42\/2021\/07\/N3_L901_trans1-1024x303.png\" alt=\"\" class=\"wp-image-115\" srcset=\"https:\/\/seal.transport-manager.net\/florian95\/wp-content\/uploads\/sites\/42\/2021\/07\/N3_L901_trans1-1024x303.png 1024w, https:\/\/seal.transport-manager.net\/florian95\/wp-content\/uploads\/sites\/42\/2021\/07\/N3_L901_trans1-300x89.png 300w, https:\/\/seal.transport-manager.net\/florian95\/wp-content\/uploads\/sites\/42\/2021\/07\/N3_L901_trans1-768x227.png 768w, https:\/\/seal.transport-manager.net\/florian95\/wp-content\/uploads\/sites\/42\/2021\/07\/N3_L901_trans1-1536x454.png 1536w, https:\/\/seal.transport-manager.net\/florian95\/wp-content\/uploads\/sites\/42\/2021\/07\/N3_L901_trans1.png 1981w\" sizes=\"auto, (max-width: 1024px) 100vw, 1024px\" \/><\/figure>\n\n\n\n<figure class=\"wp-block-image size-large is-resized\"><img loading=\"lazy\" decoding=\"async\" src=\"https:\/\/seal.transport-manager.net\/florian95\/wp-content\/uploads\/sites\/42\/2021\/07\/L902.png\" alt=\"\" class=\"wp-image-118\" width=\"63\" height=\"63\" \/><\/figure>\n\n\n\n<p>Ligne <span data-darkreader-inline-color=\"\" class=\"has-inline-color\"><strong>902<\/strong><\/span>, fonctionnant avec des v\u00e9hicules diesels de 10m et desservant le quartier de l&rsquo;Observatoire. Les r\u00e9servations sont possibles du lundi au samedi. Elle relie le quartier r\u00e9sidentiel de l&rsquo;Observatoire \u00e0 Parc de l&rsquo;\u00c9tang o\u00f9 vous serez en correspondance avec la ligne <strong><span data-darkreader-inline-color=\"\" class=\"has-inline-color\">10<\/span><\/strong> et <span data-darkreader-inline-color=\"\" class=\"has-inline-color\"><strong>804<\/strong><\/span>. Les cr\u00e9neaux possibles de r\u00e9servation sont de 7h \u00e0 9h, de 11h30 \u00e0 13h30 et de 16h \u00e0 18h en semaine et de 5h \u00e0 20h le samedi. La ligne s&rsquo;effectue en 20 minutes sur une distance de 5km.<\/p>\n\n\n\n<figure class=\"wp-block-image size-large\"><img loading=\"lazy\" decoding=\"async\" width=\"1024\" height=\"303\" src=\"https:\/\/seal.transport-manager.net\/florian95\/wp-content\/uploads\/sites\/42\/2021\/07\/N3_L902_trans1-1024x303.png\" alt=\"\" class=\"wp-image-119\" srcset=\"https:\/\/seal.transport-manager.net\/florian95\/wp-content\/uploads\/sites\/42\/2021\/07\/N3_L902_trans1-1024x303.png 1024w, https:\/\/seal.transport-manager.net\/florian95\/wp-content\/uploads\/sites\/42\/2021\/07\/N3_L902_trans1-300x89.png 300w, https:\/\/seal.transport-manager.net\/florian95\/wp-content\/uploads\/sites\/42\/2021\/07\/N3_L902_trans1-768x227.png 768w, https:\/\/seal.transport-manager.net\/florian95\/wp-content\/uploads\/sites\/42\/2021\/07\/N3_L902_trans1-1536x454.png 1536w, https:\/\/seal.transport-manager.net\/florian95\/wp-content\/uploads\/sites\/42\/2021\/07\/N3_L902_trans1.png 1981w\" sizes=\"auto, (max-width: 1024px) 100vw, 1024px\" \/><\/figure>\n\n\n\n<p>Pour r\u00e9server, il vous suffit d&rsquo;appeler le 01 23 45 67 89 ou d&rsquo;envoyer un mail \u00e0 tad@transport-manager.net. (le num\u00e9ro et le mail sont fictifs, ne tentez pas d&rsquo;envoyer un mail ou d&rsquo;appeler le num\u00e9ro vous n&rsquo;aurez aucun retour bisous)<\/p>\n\n\n\n<div class=\"wp-block-columns is-layout-flex wp-container-core-columns-is-layout-28f84493 wp-block-columns-is-layout-flex\">\n<div class=\"wp-block-column is-layout-flow wp-block-column-is-layout-flow\" style=\"flex-basis:100%\">\n<div class=\"wp-block-group is-layout-flow wp-block-group-is-layout-flow\"><div class=\"wp-block-group__inner-container\"><\/div><\/div>\n<\/div>\n<\/div>\n","protected":false},"excerpt":{"rendered":"<p>Vous pouvez bien entendu r\u00e9server un passage en particulier en appelant ou en envoyant un mail. 2 lignes vous sont propos\u00e9s en tant que T\u00e0D : Ligne 901, fonctionnant avec des v\u00e9hicules diesels de 10m et desservant le quartier de Bellevue. Les r\u00e9servations sont possibles du lundi au samedi. Elle [&hellip;]<\/p>\n","protected":false},"author":42,"featured_media":0,"parent":0,"menu_order":0,"comment_status":"closed","ping_status":"closed","template":"","meta":{"footnotes":""},"class_list":["post-23","page","type-page","status-publish","hentry"],"_links":{"self":[{"href":"https:\/\/seal.transport-manager.net\/florian95\/wp-json\/wp\/v2\/pages\/23","targetHints":{"allow":["GET"]}}],"collection":[{"href":"https:\/\/seal.transport-manager.net\/florian95\/wp-json\/wp\/v2\/pages"}],"about":[{"href":"https:\/\/seal.transport-manager.net\/florian95\/wp-json\/wp\/v2\/types\/page"}],"author":[{"embeddable":true,"href":"https:\/\/seal.transport-manager.net\/florian95\/wp-json\/wp\/v2\/users\/42"}],"replies":[{"embeddable":true,"href":"https:\/\/seal.transport-manager.net\/florian95\/wp-json\/wp\/v2\/comments?post=23"}],"version-history":[{"count":6,"href":"https:\/\/seal.transport-manager.net\/florian95\/wp-json\/wp\/v2\/pages\/23\/revisions"}],"predecessor-version":[{"id":195,"href":"https:\/\/seal.transport-manager.net\/florian95\/wp-json\/wp\/v2\/pages\/23\/revisions\/195"}],"wp:attachment":[{"href":"https:\/\/seal.transport-manager.net\/florian95\/wp-json\/wp\/v2\/media?parent=23"}],"curies":[{"name":"wp","href":"https:\/\/api.w.org\/{rel}","templated":true}]}}