{"id":53,"date":"2021-07-21T00:39:08","date_gmt":"2021-07-20T22:39:08","guid":{"rendered":"https:\/\/seal.transport-manager.net\/florian95\/?page_id=53"},"modified":"2021-10-24T14:58:50","modified_gmt":"2021-10-24T12:58:50","slug":"ligne-1","status":"publish","type":"page","link":"https:\/\/seal.transport-manager.net\/florian95\/ligne-1\/","title":{"rendered":"Ligne 1"},"content":{"rendered":"\n<figure class=\"wp-block-image size-large is-resized\"><img loading=\"lazy\" decoding=\"async\" src=\"https:\/\/seal.transport-manager.net\/florian95\/wp-content\/uploads\/sites\/42\/2021\/07\/L1.png\" alt=\"\" class=\"wp-image-163\" width=\"63\" height=\"63\" \/><\/figure>\n\n\n\n<p>La ligne <strong><span style=\"color:#dc241f\" class=\"has-inline-color\">1<\/span><\/strong> vous permet de relier le <strong>Campus Alan Turing<\/strong> \u00e0 la <strong>Gare Centrale<\/strong> en seulement 24 minutes sur une distance de 6 km. La ligne dessert principalement la <strong>Clinique Sainte-Marie<\/strong> et l&rsquo;<strong>H\u00f4tel de Ville<\/strong>. La ligne est exploit\u00e9e avec des standards diesels de 12m.<\/p>\n\n\n\n<figure class=\"wp-block-image size-large\"><img loading=\"lazy\" decoding=\"async\" width=\"1024\" height=\"303\" src=\"https:\/\/seal.transport-manager.net\/florian95\/wp-content\/uploads\/sites\/42\/2021\/07\/N3_L1_trans1-1024x303.png\" alt=\"\" class=\"wp-image-165\" srcset=\"https:\/\/seal.transport-manager.net\/florian95\/wp-content\/uploads\/sites\/42\/2021\/07\/N3_L1_trans1-1024x303.png 1024w, https:\/\/seal.transport-manager.net\/florian95\/wp-content\/uploads\/sites\/42\/2021\/07\/N3_L1_trans1-300x89.png 300w, https:\/\/seal.transport-manager.net\/florian95\/wp-content\/uploads\/sites\/42\/2021\/07\/N3_L1_trans1-768x227.png 768w, https:\/\/seal.transport-manager.net\/florian95\/wp-content\/uploads\/sites\/42\/2021\/07\/N3_L1_trans1-1536x454.png 1536w, https:\/\/seal.transport-manager.net\/florian95\/wp-content\/uploads\/sites\/42\/2021\/07\/N3_L1_trans1.png 1981w\" sizes=\"auto, (max-width: 1024px) 100vw, 1024px\" \/><\/figure>\n\n\n\n<p>Pour voyager en r\u00e8gle, vous devez vous munir d\u2019un titre de transport valide. La non-validation peut mener \u00e0 une amende de 122\u20ac.<\/p>\n\n\n\n<h2 class=\"wp-block-heading\">Les fr\u00e9quences<\/h2>\n\n\n\n<p>Fr\u00e9quences valables en vacances scolaires et en p\u00e9riode \u00e9t\u00e9 :<\/p>\n\n\n\n<ul class=\"wp-block-list\"><li>Heures Creuses : 7 minutes.<\/li><li>Heures de Pointes : 6 minutes.<\/li><li>Soir : 12 minutes.<\/li><li>Samedi : 8 minutes.<\/li><li>Dimanche : 12 minutes.<\/li><\/ul>\n\n\n\n<p>Fr\u00e9quences valables du 30 ao\u00fbt au 3 juillet 2022 (hors p\u00e9riode vacances scolaires) :<\/p>\n\n\n\n<ul class=\"wp-block-list\"><li>Heures Creuses : 7 minutes.<\/li><li>Heures de Pointes : 5 minutes.<\/li><li>Soir : 12 minutes.<\/li><li>Samedi : 8 minutes.<\/li><li>Dimanche : 12 minutes.<\/li><\/ul>\n","protected":false},"excerpt":{"rendered":"<p>La ligne 1 vous permet de relier le Campus Alan Turing \u00e0 la Gare Centrale en seulement 24 minutes sur une distance de 6 km. La ligne dessert principalement la Clinique Sainte-Marie et l&rsquo;H\u00f4tel de Ville. La ligne est exploit\u00e9e avec des standards diesels de 12m. Pour voyager en r\u00e8gle, [&hellip;]<\/p>\n","protected":false},"author":42,"featured_media":0,"parent":0,"menu_order":0,"comment_status":"closed","ping_status":"closed","template":"","meta":{"footnotes":""},"class_list":["post-53","page","type-page","status-publish","hentry"],"_links":{"self":[{"href":"https:\/\/seal.transport-manager.net\/florian95\/wp-json\/wp\/v2\/pages\/53","targetHints":{"allow":["GET"]}}],"collection":[{"href":"https:\/\/seal.transport-manager.net\/florian95\/wp-json\/wp\/v2\/pages"}],"about":[{"href":"https:\/\/seal.transport-manager.net\/florian95\/wp-json\/wp\/v2\/types\/page"}],"author":[{"embeddable":true,"href":"https:\/\/seal.transport-manager.net\/florian95\/wp-json\/wp\/v2\/users\/42"}],"replies":[{"embeddable":true,"href":"https:\/\/seal.transport-manager.net\/florian95\/wp-json\/wp\/v2\/comments?post=53"}],"version-history":[{"count":12,"href":"https:\/\/seal.transport-manager.net\/florian95\/wp-json\/wp\/v2\/pages\/53\/revisions"}],"predecessor-version":[{"id":244,"href":"https:\/\/seal.transport-manager.net\/florian95\/wp-json\/wp\/v2\/pages\/53\/revisions\/244"}],"wp:attachment":[{"href":"https:\/\/seal.transport-manager.net\/florian95\/wp-json\/wp\/v2\/media?parent=53"}],"curies":[{"name":"wp","href":"https:\/\/api.w.org\/{rel}","templated":true}]}}