{"id":55,"date":"2021-07-21T00:39:08","date_gmt":"2021-07-20T22:39:08","guid":{"rendered":"https:\/\/seal.transport-manager.net\/florian95\/?page_id=55"},"modified":"2021-11-08T00:01:24","modified_gmt":"2021-11-07T23:01:24","slug":"ligne-3","status":"publish","type":"page","link":"https:\/\/seal.transport-manager.net\/florian95\/ligne-3\/","title":{"rendered":"Ligne 3"},"content":{"rendered":"\n<figure class=\"wp-block-image size-large is-resized\"><img loading=\"lazy\" decoding=\"async\" src=\"https:\/\/seal.transport-manager.net\/florian95\/wp-content\/uploads\/sites\/42\/2021\/07\/L3.png\" alt=\"\" class=\"wp-image-188\" width=\"63\" height=\"63\" \/><\/figure>\n\n\n\n<p>La ligne <strong><span style=\"color:#f1ab00\" class=\"has-inline-color\">3<\/span><\/strong> vous permet de relier la <strong>Gare Centrale<\/strong> au <strong>Campus Marthe Gautier<\/strong> en seulement 32 minutes sur une distance de 8 km. La ligne dessert principalement le <strong>Palais des Beaux Arts<\/strong>, le <strong>Lyc\u00e9e Caroline Herschel<\/strong> et le <strong>CHRU Marthe Gautier<\/strong>. La ligne est exploit\u00e9e avec des standards diesels de 12m.<\/p>\n\n\n\n<figure class=\"wp-block-image size-large\"><img loading=\"lazy\" decoding=\"async\" width=\"1024\" height=\"298\" src=\"https:\/\/seal.transport-manager.net\/florian95\/wp-content\/uploads\/sites\/42\/2021\/07\/N3_L3_trans1-1024x298.png\" alt=\"\" class=\"wp-image-189\" srcset=\"https:\/\/seal.transport-manager.net\/florian95\/wp-content\/uploads\/sites\/42\/2021\/07\/N3_L3_trans1-1024x298.png 1024w, https:\/\/seal.transport-manager.net\/florian95\/wp-content\/uploads\/sites\/42\/2021\/07\/N3_L3_trans1-300x87.png 300w, https:\/\/seal.transport-manager.net\/florian95\/wp-content\/uploads\/sites\/42\/2021\/07\/N3_L3_trans1-768x224.png 768w, https:\/\/seal.transport-manager.net\/florian95\/wp-content\/uploads\/sites\/42\/2021\/07\/N3_L3_trans1-1536x447.png 1536w, https:\/\/seal.transport-manager.net\/florian95\/wp-content\/uploads\/sites\/42\/2021\/07\/N3_L3_trans1.png 2012w\" sizes=\"auto, (max-width: 1024px) 100vw, 1024px\" \/><\/figure>\n\n\n\n<p>Pour voyager en r\u00e8gle, vous devez vous munir d\u2019un titre de transport valide. La non-validation peut mener \u00e0 une amende de 122\u20ac.<\/p>\n\n\n\n<h2 class=\"wp-block-heading\">Les fr\u00e9quences<\/h2>\n\n\n\n<p>Fr\u00e9quences valables en vacances scolaires et en p\u00e9riode \u00e9t\u00e9 :<\/p>\n\n\n\n<ul class=\"wp-block-list\"><li>Heures Creuses : 8 minutes.<\/li><li>Heures de Pointes : 6 minutes.<\/li><li>Soir : 16 minutes.<\/li><li>Samedi : 9 minutes.<\/li><li>Dimanche : 13 minutes.<\/li><\/ul>\n\n\n\n<p>Fr\u00e9quences valables du 30 ao\u00fbt au 3 juillet 2022 (hors p\u00e9riode vacances scolaires) :<\/p>\n\n\n\n<ul class=\"wp-block-list\" id=\"block-8b39b809-944b-4837-a0ce-053e44fe423a\"><li>Heures Creuses : 8 minutes.<\/li><li>Heures de Pointes : 5 minutes.<\/li><li>Soir : 16 minutes.<\/li><li>Samedi : 9 minutes.<\/li><li>Dimanche : 13 minutes.<\/li><\/ul>\n","protected":false},"excerpt":{"rendered":"<p>La ligne 3 vous permet de relier la Gare Centrale au Campus Marthe Gautier en seulement 32 minutes sur une distance de 8 km. La ligne dessert principalement le Palais des Beaux Arts, le Lyc\u00e9e Caroline Herschel et le CHRU Marthe Gautier. La ligne est exploit\u00e9e avec des standards diesels [&hellip;]<\/p>\n","protected":false},"author":42,"featured_media":0,"parent":0,"menu_order":0,"comment_status":"closed","ping_status":"closed","template":"","meta":{"footnotes":""},"class_list":["post-55","page","type-page","status-publish","hentry"],"_links":{"self":[{"href":"https:\/\/seal.transport-manager.net\/florian95\/wp-json\/wp\/v2\/pages\/55","targetHints":{"allow":["GET"]}}],"collection":[{"href":"https:\/\/seal.transport-manager.net\/florian95\/wp-json\/wp\/v2\/pages"}],"about":[{"href":"https:\/\/seal.transport-manager.net\/florian95\/wp-json\/wp\/v2\/types\/page"}],"author":[{"embeddable":true,"href":"https:\/\/seal.transport-manager.net\/florian95\/wp-json\/wp\/v2\/users\/42"}],"replies":[{"embeddable":true,"href":"https:\/\/seal.transport-manager.net\/florian95\/wp-json\/wp\/v2\/comments?post=55"}],"version-history":[{"count":12,"href":"https:\/\/seal.transport-manager.net\/florian95\/wp-json\/wp\/v2\/pages\/55\/revisions"}],"predecessor-version":[{"id":297,"href":"https:\/\/seal.transport-manager.net\/florian95\/wp-json\/wp\/v2\/pages\/55\/revisions\/297"}],"wp:attachment":[{"href":"https:\/\/seal.transport-manager.net\/florian95\/wp-json\/wp\/v2\/media?parent=55"}],"curies":[{"name":"wp","href":"https:\/\/api.w.org\/{rel}","templated":true}]}}