{"id":56,"date":"2021-07-21T00:39:08","date_gmt":"2021-07-20T22:39:08","guid":{"rendered":"https:\/\/seal.transport-manager.net\/florian95\/?page_id=56"},"modified":"2021-10-24T16:11:28","modified_gmt":"2021-10-24T14:11:28","slug":"ligne-4","status":"publish","type":"page","link":"https:\/\/seal.transport-manager.net\/florian95\/ligne-4\/","title":{"rendered":"Ligne 4"},"content":{"rendered":"\n<figure class=\"wp-block-image size-large is-resized\"><img loading=\"lazy\" decoding=\"async\" src=\"https:\/\/seal.transport-manager.net\/florian95\/wp-content\/uploads\/sites\/42\/2021\/07\/L4.png\" alt=\"\" class=\"wp-image-142\" width=\"63\" height=\"63\" \/><\/figure>\n\n\n\n<p>La ligne <strong><span style=\"color:#00afad\" class=\"has-inline-color\">4<\/span><\/strong> vous permet de relier la <strong>Gare Centrale<\/strong> \u00e0 la <strong>Gare de l&rsquo;Est<\/strong> en seulement 28 minutes sur une distance de 7 km. La ligne dessert principalement le <strong>Centre Commercial Tulipe<\/strong> et la <strong>Clinique Saint-Paul<\/strong>. La ligne est exploit\u00e9e avec des midibus diesels de 10,7m.<\/p>\n\n\n\n<figure class=\"wp-block-image size-large\"><img loading=\"lazy\" decoding=\"async\" width=\"1024\" height=\"300\" src=\"https:\/\/seal.transport-manager.net\/florian95\/wp-content\/uploads\/sites\/42\/2021\/07\/N3_L4_trans1-1024x300.png\" alt=\"\" class=\"wp-image-144\" srcset=\"https:\/\/seal.transport-manager.net\/florian95\/wp-content\/uploads\/sites\/42\/2021\/07\/N3_L4_trans1-1024x300.png 1024w, https:\/\/seal.transport-manager.net\/florian95\/wp-content\/uploads\/sites\/42\/2021\/07\/N3_L4_trans1-300x88.png 300w, https:\/\/seal.transport-manager.net\/florian95\/wp-content\/uploads\/sites\/42\/2021\/07\/N3_L4_trans1-768x225.png 768w, https:\/\/seal.transport-manager.net\/florian95\/wp-content\/uploads\/sites\/42\/2021\/07\/N3_L4_trans1-1536x451.png 1536w, https:\/\/seal.transport-manager.net\/florian95\/wp-content\/uploads\/sites\/42\/2021\/07\/N3_L4_trans1.png 1997w\" sizes=\"auto, (max-width: 1024px) 100vw, 1024px\" \/><\/figure>\n\n\n\n<p>Pour voyager en r\u00e8gle, vous devez vous munir d&rsquo;un titre de transport valide. La non-validation peut mener \u00e0 une amende de 122\u20ac.<\/p>\n\n\n\n<h2 class=\"wp-block-heading\">Les fr\u00e9quences<\/h2>\n\n\n\n<p>Fr\u00e9quences valables en vacances scolaires et en p\u00e9riode \u00e9t\u00e9 :<\/p>\n\n\n\n<ul class=\"wp-block-list\"><li>Heures Creuses : 28 minutes.<\/li><li>Heures de Pointes : 11 minutes.<\/li><li>Soir : 28 minutes.<\/li><li>Samedi : 19 minutes.<\/li><li>Dimanche : 28 minutes.<\/li><\/ul>\n\n\n\n<p>Fr\u00e9quences valables du 30 ao\u00fbt au 3 juillet 2022 (hors p\u00e9riode vacances scolaires) :<\/p>\n\n\n\n<ul class=\"wp-block-list\"><li>Heures Creuses : 28 minutes.<\/li><li>Heures de Pointes : 11 minutes.<\/li><li>Soir : 28 minutes.<\/li><li>Samedi : 19 minutes.<\/li><li>Dimanche : 28 minutes.<\/li><\/ul>\n\n\n\n<p><\/p>\n","protected":false},"excerpt":{"rendered":"<p>La ligne 4 vous permet de relier la Gare Centrale \u00e0 la Gare de l&rsquo;Est en seulement 28 minutes sur une distance de 7 km. La ligne dessert principalement le Centre Commercial Tulipe et la Clinique Saint-Paul. La ligne est exploit\u00e9e avec des midibus diesels de 10,7m. Pour voyager en [&hellip;]<\/p>\n","protected":false},"author":42,"featured_media":0,"parent":0,"menu_order":0,"comment_status":"closed","ping_status":"closed","template":"","meta":{"footnotes":""},"class_list":["post-56","page","type-page","status-publish","hentry"],"_links":{"self":[{"href":"https:\/\/seal.transport-manager.net\/florian95\/wp-json\/wp\/v2\/pages\/56","targetHints":{"allow":["GET"]}}],"collection":[{"href":"https:\/\/seal.transport-manager.net\/florian95\/wp-json\/wp\/v2\/pages"}],"about":[{"href":"https:\/\/seal.transport-manager.net\/florian95\/wp-json\/wp\/v2\/types\/page"}],"author":[{"embeddable":true,"href":"https:\/\/seal.transport-manager.net\/florian95\/wp-json\/wp\/v2\/users\/42"}],"replies":[{"embeddable":true,"href":"https:\/\/seal.transport-manager.net\/florian95\/wp-json\/wp\/v2\/comments?post=56"}],"version-history":[{"count":5,"href":"https:\/\/seal.transport-manager.net\/florian95\/wp-json\/wp\/v2\/pages\/56\/revisions"}],"predecessor-version":[{"id":292,"href":"https:\/\/seal.transport-manager.net\/florian95\/wp-json\/wp\/v2\/pages\/56\/revisions\/292"}],"wp:attachment":[{"href":"https:\/\/seal.transport-manager.net\/florian95\/wp-json\/wp\/v2\/media?parent=56"}],"curies":[{"name":"wp","href":"https:\/\/api.w.org\/{rel}","templated":true}]}}