{"id":58,"date":"2021-07-21T00:39:08","date_gmt":"2021-07-20T22:39:08","guid":{"rendered":"https:\/\/seal.transport-manager.net\/florian95\/?page_id=58"},"modified":"2021-11-08T09:53:07","modified_gmt":"2021-11-08T08:53:07","slug":"ligne-6","status":"publish","type":"page","link":"https:\/\/seal.transport-manager.net\/florian95\/ligne-6\/","title":{"rendered":"Ligne 6"},"content":{"rendered":"\n<figure class=\"wp-block-image size-large is-resized\"><img loading=\"lazy\" decoding=\"async\" src=\"https:\/\/seal.transport-manager.net\/florian95\/wp-content\/uploads\/sites\/42\/2021\/07\/L6.png\" alt=\"\" class=\"wp-image-148\" width=\"63\" height=\"63\" \/><\/figure>\n\n\n\n<p>La Ligne <strong><span style=\"color:#894e24\" class=\"has-inline-color\">6<\/span><\/strong> vous permet de relier le <strong>Grand Palais<\/strong> au <strong>Campus Maryse Esterle<\/strong> en seulement 20 minutes sur une distance de 5 km. La ligne dessert principalement le <strong>Centre Commercial Tulipe<\/strong> et le <strong>Centre Commercial Lilas<\/strong>. La ligne est exploit\u00e9e avec des midibus diesels de 10,7m sauf le soir o\u00f9 elle est exploit\u00e9e en minibus diesels de 7m.<\/p>\n\n\n\n<figure class=\"wp-block-image size-large\"><img loading=\"lazy\" decoding=\"async\" width=\"1024\" height=\"302\" src=\"https:\/\/seal.transport-manager.net\/florian95\/wp-content\/uploads\/sites\/42\/2021\/07\/N3_L6_trans1-1024x302.png\" alt=\"\" class=\"wp-image-150\" srcset=\"https:\/\/seal.transport-manager.net\/florian95\/wp-content\/uploads\/sites\/42\/2021\/07\/N3_L6_trans1-1024x302.png 1024w, https:\/\/seal.transport-manager.net\/florian95\/wp-content\/uploads\/sites\/42\/2021\/07\/N3_L6_trans1-300x89.png 300w, https:\/\/seal.transport-manager.net\/florian95\/wp-content\/uploads\/sites\/42\/2021\/07\/N3_L6_trans1-768x227.png 768w, https:\/\/seal.transport-manager.net\/florian95\/wp-content\/uploads\/sites\/42\/2021\/07\/N3_L6_trans1-1536x453.png 1536w, https:\/\/seal.transport-manager.net\/florian95\/wp-content\/uploads\/sites\/42\/2021\/07\/N3_L6_trans1.png 1985w\" sizes=\"auto, (max-width: 1024px) 100vw, 1024px\" \/><\/figure>\n\n\n\n<p>Pour voyager en r\u00e8gle, vous devez vous munir d\u2019un titre de transport valide. La non-validation peut mener \u00e0 une amende de 122\u20ac.<\/p>\n\n\n\n<h2 class=\"wp-block-heading\">Les fr\u00e9quences<\/h2>\n\n\n\n<p>Fr\u00e9quences valables en vacances scolaires et en p\u00e9riode \u00e9t\u00e9 :<\/p>\n\n\n\n<ul class=\"wp-block-list\"><li>Heures Creuses : 8 minutes.<\/li><li>Heures de Pointes : 7 minutes.<\/li><li>Soir : 20 minutes.<\/li><li>Samedi : 8 minutes.<\/li><li>Dimanche : Aucun passage ce jour.<\/li><\/ul>\n\n\n\n<p>Fr\u00e9quences valables du 30 ao\u00fbt au 3 juillet 2022 (hors p\u00e9riode vacances scolaires) :<\/p>\n\n\n\n<ul class=\"wp-block-list\"><li>Heures Creuses : 10 minutes.<\/li><li>Heures de Pointes : 6 minutes.<\/li><li>Soir : 20 minutes.<\/li><li>Samedi : 8 minutes.<\/li><li>Dimanche : Aucun passage ce jour.<\/li><\/ul>\n","protected":false},"excerpt":{"rendered":"<p>La Ligne 6 vous permet de relier le Grand Palais au Campus Maryse Esterle en seulement 20 minutes sur une distance de 5 km. La ligne dessert principalement le Centre Commercial Tulipe et le Centre Commercial Lilas. La ligne est exploit\u00e9e avec des midibus diesels de 10,7m sauf le soir [&hellip;]<\/p>\n","protected":false},"author":42,"featured_media":0,"parent":0,"menu_order":0,"comment_status":"closed","ping_status":"closed","template":"","meta":{"footnotes":""},"class_list":["post-58","page","type-page","status-publish","hentry"],"_links":{"self":[{"href":"https:\/\/seal.transport-manager.net\/florian95\/wp-json\/wp\/v2\/pages\/58","targetHints":{"allow":["GET"]}}],"collection":[{"href":"https:\/\/seal.transport-manager.net\/florian95\/wp-json\/wp\/v2\/pages"}],"about":[{"href":"https:\/\/seal.transport-manager.net\/florian95\/wp-json\/wp\/v2\/types\/page"}],"author":[{"embeddable":true,"href":"https:\/\/seal.transport-manager.net\/florian95\/wp-json\/wp\/v2\/users\/42"}],"replies":[{"embeddable":true,"href":"https:\/\/seal.transport-manager.net\/florian95\/wp-json\/wp\/v2\/comments?post=58"}],"version-history":[{"count":7,"href":"https:\/\/seal.transport-manager.net\/florian95\/wp-json\/wp\/v2\/pages\/58\/revisions"}],"predecessor-version":[{"id":301,"href":"https:\/\/seal.transport-manager.net\/florian95\/wp-json\/wp\/v2\/pages\/58\/revisions\/301"}],"wp:attachment":[{"href":"https:\/\/seal.transport-manager.net\/florian95\/wp-json\/wp\/v2\/media?parent=58"}],"curies":[{"name":"wp","href":"https:\/\/api.w.org\/{rel}","templated":true}]}}