{"id":61,"date":"2021-07-21T00:39:08","date_gmt":"2021-07-20T22:39:08","guid":{"rendered":"https:\/\/seal.transport-manager.net\/florian95\/?page_id=61"},"modified":"2021-11-08T18:55:31","modified_gmt":"2021-11-08T17:55:31","slug":"ligne-9","status":"publish","type":"page","link":"https:\/\/seal.transport-manager.net\/florian95\/ligne-9\/","title":{"rendered":"Ligne 9"},"content":{"rendered":"\n<figure class=\"wp-block-image size-full is-resized\"><img loading=\"lazy\" decoding=\"async\" src=\"https:\/\/seal.transport-manager.net\/florian95\/wp-content\/uploads\/sites\/42\/2021\/10\/L9.png\" alt=\"\" class=\"wp-image-268\" width=\"63\" height=\"63\" \/><\/figure>\n\n\n\n<p>La ligne <strong><span style=\"color:#0019a8\" class=\"has-inline-color\">9<\/span><\/strong> vous permet de relier <strong>Haute-Ville<\/strong> au <strong>Campus Alan Turing<\/strong> en seulement 18 minutes sur une distance de 6 km. La ligne dessert principalement le <strong>Mus\u00e9e d&rsquo;Art Moderne<\/strong>. La ligne est exploit\u00e9e avec des standards diesels de 12m.<\/p>\n\n\n\n<figure class=\"wp-block-image size-large\"><img loading=\"lazy\" decoding=\"async\" width=\"1024\" height=\"300\" src=\"https:\/\/seal.transport-manager.net\/florian95\/wp-content\/uploads\/sites\/42\/2021\/10\/N3_L9_trans1-1024x300.png\" alt=\"\" class=\"wp-image-270\" srcset=\"https:\/\/seal.transport-manager.net\/florian95\/wp-content\/uploads\/sites\/42\/2021\/10\/N3_L9_trans1-1024x300.png 1024w, https:\/\/seal.transport-manager.net\/florian95\/wp-content\/uploads\/sites\/42\/2021\/10\/N3_L9_trans1-300x88.png 300w, https:\/\/seal.transport-manager.net\/florian95\/wp-content\/uploads\/sites\/42\/2021\/10\/N3_L9_trans1-768x225.png 768w, https:\/\/seal.transport-manager.net\/florian95\/wp-content\/uploads\/sites\/42\/2021\/10\/N3_L9_trans1-1536x451.png 1536w, https:\/\/seal.transport-manager.net\/florian95\/wp-content\/uploads\/sites\/42\/2021\/10\/N3_L9_trans1.png 1997w\" sizes=\"auto, (max-width: 1024px) 100vw, 1024px\" \/><\/figure>\n\n\n\n<p>Pour voyager en r\u00e8gle, vous devez vous munir d\u2019un titre de transport valide. La non-validation peut mener \u00e0 une amende de 122\u20ac.<\/p>\n\n\n\n<h2 class=\"wp-block-heading\">Les fr\u00e9quences<\/h2>\n\n\n\n<p>Fr\u00e9quences valables en vacances scolaires et en p\u00e9riode \u00e9t\u00e9 :<\/p>\n\n\n\n<ul class=\"wp-block-list\"><li>Heures Creuses : 9 minutes.<\/li><li>Heures de Pointes : 7 minutes.<\/li><li>Soir : 18 minutes.<\/li><li>Samedi : 9 minutes.<\/li><li>Dimanche : 18 minutes.<\/li><\/ul>\n\n\n\n<p>Fr\u00e9quences valables du 30 ao\u00fbt au 3 juillet 2022 (hors p\u00e9riode vacances scolaires) :<\/p>\n\n\n\n<ul class=\"wp-block-list\"><li>Heures Creuses : 9 minutes.<\/li><li>Heures de Pointes : 6 minutes.<\/li><li>Soir : 18 minutes.<\/li><li>Samedi : 9 minutes.<\/li><li>Dimanche : 18 minutes.<\/li><\/ul>\n","protected":false},"excerpt":{"rendered":"<p>La ligne 9 vous permet de relier Haute-Ville au Campus Alan Turing en seulement 18 minutes sur une distance de 6 km. La ligne dessert principalement le Mus\u00e9e d&rsquo;Art Moderne. La ligne est exploit\u00e9e avec des standards diesels de 12m. Pour voyager en r\u00e8gle, vous devez vous munir d\u2019un titre [&hellip;]<\/p>\n","protected":false},"author":42,"featured_media":0,"parent":0,"menu_order":0,"comment_status":"closed","ping_status":"closed","template":"","meta":{"footnotes":""},"class_list":["post-61","page","type-page","status-publish","hentry"],"_links":{"self":[{"href":"https:\/\/seal.transport-manager.net\/florian95\/wp-json\/wp\/v2\/pages\/61","targetHints":{"allow":["GET"]}}],"collection":[{"href":"https:\/\/seal.transport-manager.net\/florian95\/wp-json\/wp\/v2\/pages"}],"about":[{"href":"https:\/\/seal.transport-manager.net\/florian95\/wp-json\/wp\/v2\/types\/page"}],"author":[{"embeddable":true,"href":"https:\/\/seal.transport-manager.net\/florian95\/wp-json\/wp\/v2\/users\/42"}],"replies":[{"embeddable":true,"href":"https:\/\/seal.transport-manager.net\/florian95\/wp-json\/wp\/v2\/comments?post=61"}],"version-history":[{"count":3,"href":"https:\/\/seal.transport-manager.net\/florian95\/wp-json\/wp\/v2\/pages\/61\/revisions"}],"predecessor-version":[{"id":306,"href":"https:\/\/seal.transport-manager.net\/florian95\/wp-json\/wp\/v2\/pages\/61\/revisions\/306"}],"wp:attachment":[{"href":"https:\/\/seal.transport-manager.net\/florian95\/wp-json\/wp\/v2\/media?parent=61"}],"curies":[{"name":"wp","href":"https:\/\/api.w.org\/{rel}","templated":true}]}}