{"id":62,"date":"2021-07-21T00:39:08","date_gmt":"2021-07-20T22:39:08","guid":{"rendered":"https:\/\/seal.transport-manager.net\/florian95\/?page_id=62"},"modified":"2021-10-24T15:53:13","modified_gmt":"2021-10-24T13:53:13","slug":"ligne-10","status":"publish","type":"page","link":"https:\/\/seal.transport-manager.net\/florian95\/ligne-10\/","title":{"rendered":"Ligne 10"},"content":{"rendered":"\n<figure class=\"wp-block-image size-large is-resized\"><img loading=\"lazy\" decoding=\"async\" src=\"https:\/\/seal.transport-manager.net\/florian95\/wp-content\/uploads\/sites\/42\/2021\/07\/L10.png\" alt=\"\" class=\"wp-image-157\" width=\"63\" height=\"63\" \/><\/figure>\n\n\n\n<p>La ligne <strong><span style=\"color:#ffce00\" class=\"has-inline-color\">10<\/span><\/strong> vous permet de relier le <strong>Campus Alan Turing<\/strong> au <strong>Centre R\u00e9gional de Transport Est<\/strong> en seulement 30 minutes sur une distance de 10 km. La ligne dessert principalement le <strong>Lyc\u00e9e Karl Marx<\/strong> et la <strong>Gare de l&rsquo;Est<\/strong>. La ligne est en exploitation mixte avec des standards diesels de 12m et des standards \u00e9lectriques de 12m. Elle est d&rsquo;ailleurs la seule ligne roulant avec des v\u00e9hicules 100% \u00e9lectriques.<\/p>\n\n\n\n<figure class=\"wp-block-image size-large\"><img loading=\"lazy\" decoding=\"async\" width=\"1024\" height=\"300\" src=\"https:\/\/seal.transport-manager.net\/florian95\/wp-content\/uploads\/sites\/42\/2021\/07\/N3_L10_trans1-1024x300.png\" alt=\"\" class=\"wp-image-158\" srcset=\"https:\/\/seal.transport-manager.net\/florian95\/wp-content\/uploads\/sites\/42\/2021\/07\/N3_L10_trans1-1024x300.png 1024w, https:\/\/seal.transport-manager.net\/florian95\/wp-content\/uploads\/sites\/42\/2021\/07\/N3_L10_trans1-300x88.png 300w, https:\/\/seal.transport-manager.net\/florian95\/wp-content\/uploads\/sites\/42\/2021\/07\/N3_L10_trans1-768x225.png 768w, https:\/\/seal.transport-manager.net\/florian95\/wp-content\/uploads\/sites\/42\/2021\/07\/N3_L10_trans1-1536x450.png 1536w, https:\/\/seal.transport-manager.net\/florian95\/wp-content\/uploads\/sites\/42\/2021\/07\/N3_L10_trans1.png 2000w\" sizes=\"auto, (max-width: 1024px) 100vw, 1024px\" \/><\/figure>\n\n\n\n<p>Pour voyager en r\u00e8gle, vous devez vous munir d\u2019un titre de transport valide. La non-validation peut mener \u00e0 une amende de 122\u20ac.<\/p>\n\n\n\n<h2 class=\"wp-block-heading\">Les fr\u00e9quences<\/h2>\n\n\n\n<p>Fr\u00e9quences valables en vacances scolaires et en p\u00e9riode \u00e9t\u00e9 :<\/p>\n\n\n\n<ul class=\"wp-block-list\"><li>Heures Creuses : 10 minutes.<\/li><li>Heures de Pointes : 8 minutes.<\/li><li>Soir : 20 minutes.<\/li><li>Samedi : 12 minutes.<\/li><li>Dimanche : 20 minutes.<\/li><\/ul>\n\n\n\n<p>Fr\u00e9quences valables du 30 ao\u00fbt au 3 juillet 2022 (hors p\u00e9riode vacances scolaires) :<\/p>\n\n\n\n<ul class=\"wp-block-list\"><li>Heures Creuses : 10 minutes.<\/li><li>Heures de Pointes : 7 minutes.<\/li><li>Soir : 20 minutes.<\/li><li>Samedi : 12 minutes.<\/li><li>Dimanche : 20 minutes.<\/li><\/ul>\n","protected":false},"excerpt":{"rendered":"<p>La ligne 10 vous permet de relier le Campus Alan Turing au Centre R\u00e9gional de Transport Est en seulement 30 minutes sur une distance de 10 km. La ligne dessert principalement le Lyc\u00e9e Karl Marx et la Gare de l&rsquo;Est. La ligne est en exploitation mixte avec des standards diesels [&hellip;]<\/p>\n","protected":false},"author":42,"featured_media":0,"parent":0,"menu_order":0,"comment_status":"closed","ping_status":"closed","template":"","meta":{"footnotes":""},"class_list":["post-62","page","type-page","status-publish","hentry"],"_links":{"self":[{"href":"https:\/\/seal.transport-manager.net\/florian95\/wp-json\/wp\/v2\/pages\/62","targetHints":{"allow":["GET"]}}],"collection":[{"href":"https:\/\/seal.transport-manager.net\/florian95\/wp-json\/wp\/v2\/pages"}],"about":[{"href":"https:\/\/seal.transport-manager.net\/florian95\/wp-json\/wp\/v2\/types\/page"}],"author":[{"embeddable":true,"href":"https:\/\/seal.transport-manager.net\/florian95\/wp-json\/wp\/v2\/users\/42"}],"replies":[{"embeddable":true,"href":"https:\/\/seal.transport-manager.net\/florian95\/wp-json\/wp\/v2\/comments?post=62"}],"version-history":[{"count":6,"href":"https:\/\/seal.transport-manager.net\/florian95\/wp-json\/wp\/v2\/pages\/62\/revisions"}],"predecessor-version":[{"id":275,"href":"https:\/\/seal.transport-manager.net\/florian95\/wp-json\/wp\/v2\/pages\/62\/revisions\/275"}],"wp:attachment":[{"href":"https:\/\/seal.transport-manager.net\/florian95\/wp-json\/wp\/v2\/media?parent=62"}],"curies":[{"name":"wp","href":"https:\/\/api.w.org\/{rel}","templated":true}]}}