{"id":63,"date":"2021-07-21T00:39:08","date_gmt":"2021-07-20T22:39:08","guid":{"rendered":"https:\/\/seal.transport-manager.net\/florian95\/?page_id=63"},"modified":"2021-11-08T18:58:13","modified_gmt":"2021-11-08T17:58:13","slug":"ligne-11","status":"publish","type":"page","link":"https:\/\/seal.transport-manager.net\/florian95\/ligne-11\/","title":{"rendered":"Ligne 11"},"content":{"rendered":"\n<figure class=\"wp-block-image size-full is-resized\"><img loading=\"lazy\" decoding=\"async\" src=\"https:\/\/seal.transport-manager.net\/florian95\/wp-content\/uploads\/sites\/42\/2021\/10\/L11.png\" alt=\"\" class=\"wp-image-276\" width=\"63\" height=\"63\" \/><\/figure>\n\n\n\n<p>La ligne <strong><span style=\"color:#751056\" class=\"has-inline-color\">11<\/span><\/strong> vous permet de relier le <strong>Campus Marthe Gautier<\/strong> \u00e0 la <strong>Clinique Saint Paul<\/strong> en seulement 21 minutes sur une distance de 7 km. La ligne dessert principalement le <strong>CHRU Marthe Gautier<\/strong>, le <strong>Campus Maryse Esterle<\/strong> et le <strong>Centre Commercial Lilas<\/strong>. La ligne est exploit\u00e9e avec des standards diesels de 14,7m.<\/p>\n\n\n\n<figure class=\"wp-block-image size-large\"><img loading=\"lazy\" decoding=\"async\" width=\"1024\" height=\"303\" src=\"https:\/\/seal.transport-manager.net\/florian95\/wp-content\/uploads\/sites\/42\/2021\/10\/N3_L11_trans1-1024x303.png\" alt=\"\" class=\"wp-image-278\" srcset=\"https:\/\/seal.transport-manager.net\/florian95\/wp-content\/uploads\/sites\/42\/2021\/10\/N3_L11_trans1-1024x303.png 1024w, https:\/\/seal.transport-manager.net\/florian95\/wp-content\/uploads\/sites\/42\/2021\/10\/N3_L11_trans1-300x89.png 300w, https:\/\/seal.transport-manager.net\/florian95\/wp-content\/uploads\/sites\/42\/2021\/10\/N3_L11_trans1-768x227.png 768w, https:\/\/seal.transport-manager.net\/florian95\/wp-content\/uploads\/sites\/42\/2021\/10\/N3_L11_trans1-1536x454.png 1536w, https:\/\/seal.transport-manager.net\/florian95\/wp-content\/uploads\/sites\/42\/2021\/10\/N3_L11_trans1.png 1981w\" sizes=\"auto, (max-width: 1024px) 100vw, 1024px\" \/><\/figure>\n\n\n\n<p>Pour voyager en r\u00e8gle, vous devez vous munir d\u2019un titre de transport valide. La non-validation peut mener \u00e0 une amende de 122\u20ac.<\/p>\n\n\n\n<h2 class=\"wp-block-heading\">Les fr\u00e9quences<\/h2>\n\n\n\n<p>Fr\u00e9quences valables en vacances scolaires et en p\u00e9riode \u00e9t\u00e9 :<\/p>\n\n\n\n<ul class=\"wp-block-list\"><li>Heures Creuses : 14 minutes.<\/li><li>Heures de Pointes : 11 minutes.<\/li><li>Soir : 21 minutes.<\/li><li>Samedi : 11 minutes.<\/li><li>Dimanche : 14 minutes.<\/li><\/ul>\n\n\n\n<p>Fr\u00e9quences valables du 30 ao\u00fbt au 3 juillet 2022 (hors p\u00e9riode vacances scolaires) :<\/p>\n\n\n\n<ul class=\"wp-block-list\"><li>Heures Creuses : 14 minutes.<\/li><li>Heures de Pointes : 11 minutes.<\/li><li>Soir : 21 minutes.<\/li><li>Samedi : 11 minutes.<\/li><li>Dimanche : 14 minutes.<\/li><\/ul>\n","protected":false},"excerpt":{"rendered":"<p>La ligne 11 vous permet de relier le Campus Marthe Gautier \u00e0 la Clinique Saint Paul en seulement 21 minutes sur une distance de 7 km. La ligne dessert principalement le CHRU Marthe Gautier, le Campus Maryse Esterle et le Centre Commercial Lilas. La ligne est exploit\u00e9e avec des standards [&hellip;]<\/p>\n","protected":false},"author":42,"featured_media":0,"parent":0,"menu_order":0,"comment_status":"closed","ping_status":"closed","template":"","meta":{"footnotes":""},"class_list":["post-63","page","type-page","status-publish","hentry"],"_links":{"self":[{"href":"https:\/\/seal.transport-manager.net\/florian95\/wp-json\/wp\/v2\/pages\/63","targetHints":{"allow":["GET"]}}],"collection":[{"href":"https:\/\/seal.transport-manager.net\/florian95\/wp-json\/wp\/v2\/pages"}],"about":[{"href":"https:\/\/seal.transport-manager.net\/florian95\/wp-json\/wp\/v2\/types\/page"}],"author":[{"embeddable":true,"href":"https:\/\/seal.transport-manager.net\/florian95\/wp-json\/wp\/v2\/users\/42"}],"replies":[{"embeddable":true,"href":"https:\/\/seal.transport-manager.net\/florian95\/wp-json\/wp\/v2\/comments?post=63"}],"version-history":[{"count":6,"href":"https:\/\/seal.transport-manager.net\/florian95\/wp-json\/wp\/v2\/pages\/63\/revisions"}],"predecessor-version":[{"id":307,"href":"https:\/\/seal.transport-manager.net\/florian95\/wp-json\/wp\/v2\/pages\/63\/revisions\/307"}],"wp:attachment":[{"href":"https:\/\/seal.transport-manager.net\/florian95\/wp-json\/wp\/v2\/media?parent=63"}],"curies":[{"name":"wp","href":"https:\/\/api.w.org\/{rel}","templated":true}]}}