{"id":65,"date":"2021-07-21T00:39:08","date_gmt":"2021-07-20T22:39:08","guid":{"rendered":"https:\/\/seal.transport-manager.net\/florian95\/?page_id=65"},"modified":"2021-11-08T18:58:56","modified_gmt":"2021-11-08T17:58:56","slug":"ligne-61","status":"publish","type":"page","link":"https:\/\/seal.transport-manager.net\/florian95\/ligne-61\/","title":{"rendered":"Ligne 61"},"content":{"rendered":"\n<figure class=\"wp-block-image size-large is-resized\"><img loading=\"lazy\" decoding=\"async\" src=\"https:\/\/seal.transport-manager.net\/florian95\/wp-content\/uploads\/sites\/42\/2021\/07\/L61.png\" alt=\"\" class=\"wp-image-196\" width=\"63\" height=\"63\" \/><\/figure>\n\n\n\n<p>La ligne <strong><span style=\"color:#0019a8\" class=\"has-inline-color\">61<\/span><\/strong> vous permet de relier la <strong>Gare de l&rsquo;Ouest<\/strong> au <strong>Parc Jolimont<\/strong> en seulement 32 minutes sur une distance de 8 km. La ligne dessert principalement le <strong>Lyc\u00e9e Anne Franck<\/strong> et la <strong>Place de l&rsquo;Europe<\/strong>. La ligne est exploit\u00e9e avec des midibus diesels de 10,7m.<\/p>\n\n\n\n<figure class=\"wp-block-image size-large\"><img loading=\"lazy\" decoding=\"async\" width=\"1024\" height=\"303\" src=\"https:\/\/seal.transport-manager.net\/florian95\/wp-content\/uploads\/sites\/42\/2021\/07\/N3_L61_trans1-1024x303.png\" alt=\"\" class=\"wp-image-198\" srcset=\"https:\/\/seal.transport-manager.net\/florian95\/wp-content\/uploads\/sites\/42\/2021\/07\/N3_L61_trans1-1024x303.png 1024w, https:\/\/seal.transport-manager.net\/florian95\/wp-content\/uploads\/sites\/42\/2021\/07\/N3_L61_trans1-300x89.png 300w, https:\/\/seal.transport-manager.net\/florian95\/wp-content\/uploads\/sites\/42\/2021\/07\/N3_L61_trans1-768x227.png 768w, https:\/\/seal.transport-manager.net\/florian95\/wp-content\/uploads\/sites\/42\/2021\/07\/N3_L61_trans1-1536x455.png 1536w, https:\/\/seal.transport-manager.net\/florian95\/wp-content\/uploads\/sites\/42\/2021\/07\/N3_L61_trans1.png 1982w\" sizes=\"auto, (max-width: 1024px) 100vw, 1024px\" \/><\/figure>\n\n\n\n<p>Pour voyager en r\u00e8gle, vous devez vous munir d\u2019un titre de transport valide. La non-validation peut mener \u00e0 une amende de 122\u20ac.<\/p>\n\n\n\n<h2 class=\"wp-block-heading\">Les fr\u00e9quences<\/h2>\n\n\n\n<p>Fr\u00e9quences valables en vacances scolaires et en p\u00e9riode \u00e9t\u00e9 :<\/p>\n\n\n\n<ul class=\"wp-block-list\"><li>Heures Creuses : 32 minutes.<\/li><li>Heures de Pointes : 16 minutes.<\/li><li>Soir : Aucun passage sur ce cr\u00e9neau.<\/li><li>Samedi : 21 minutes.<\/li><li>Dimanche : Aucun passage ce jour.<\/li><\/ul>\n\n\n\n<p>Fr\u00e9quences valables du 30 ao\u00fbt au 3 juillet 2022 (hors p\u00e9riode vacances scolaires) :<\/p>\n\n\n\n<ul class=\"wp-block-list\"><li>Heures Creuses : 32 minutes.<\/li><li>Heures de Pointes : 16 minutes.<\/li><li>Soir : Aucun passage sur ce cr\u00e9neau.<\/li><li>Samedi : 21 minutes.<\/li><li>Dimanche : Aucun passage ce jour.<\/li><\/ul>\n","protected":false},"excerpt":{"rendered":"<p>La ligne 61 vous permet de relier la Gare de l&rsquo;Ouest au Parc Jolimont en seulement 32 minutes sur une distance de 8 km. La ligne dessert principalement le Lyc\u00e9e Anne Franck et la Place de l&rsquo;Europe. La ligne est exploit\u00e9e avec des midibus diesels de 10,7m. Pour voyager en [&hellip;]<\/p>\n","protected":false},"author":42,"featured_media":0,"parent":0,"menu_order":0,"comment_status":"closed","ping_status":"closed","template":"","meta":{"footnotes":""},"class_list":["post-65","page","type-page","status-publish","hentry"],"_links":{"self":[{"href":"https:\/\/seal.transport-manager.net\/florian95\/wp-json\/wp\/v2\/pages\/65","targetHints":{"allow":["GET"]}}],"collection":[{"href":"https:\/\/seal.transport-manager.net\/florian95\/wp-json\/wp\/v2\/pages"}],"about":[{"href":"https:\/\/seal.transport-manager.net\/florian95\/wp-json\/wp\/v2\/types\/page"}],"author":[{"embeddable":true,"href":"https:\/\/seal.transport-manager.net\/florian95\/wp-json\/wp\/v2\/users\/42"}],"replies":[{"embeddable":true,"href":"https:\/\/seal.transport-manager.net\/florian95\/wp-json\/wp\/v2\/comments?post=65"}],"version-history":[{"count":8,"href":"https:\/\/seal.transport-manager.net\/florian95\/wp-json\/wp\/v2\/pages\/65\/revisions"}],"predecessor-version":[{"id":308,"href":"https:\/\/seal.transport-manager.net\/florian95\/wp-json\/wp\/v2\/pages\/65\/revisions\/308"}],"wp:attachment":[{"href":"https:\/\/seal.transport-manager.net\/florian95\/wp-json\/wp\/v2\/media?parent=65"}],"curies":[{"name":"wp","href":"https:\/\/api.w.org\/{rel}","templated":true}]}}