{"id":132,"date":"2021-07-26T11:44:39","date_gmt":"2021-07-26T09:44:39","guid":{"rendered":"https:\/\/seal.transport-manager.net\/flosourisyt\/?page_id=132"},"modified":"2025-07-02T15:08:47","modified_gmt":"2025-07-02T13:08:47","slug":"ligne-1-du-tramway-aeroport-clinique-saint-paul","status":"publish","type":"page","link":"https:\/\/seal.transport-manager.net\/flosouris_yt\/%f0%9f%93%8d-les-lignes-urbaines-le-coeur-de-notre-reseau\/ligne-1-du-tramway-aeroport-clinique-saint-paul\/","title":{"rendered":"Ligne 1 du Tramway : A\u00e9roport \u2708\ufe0f \u2194 Clinique Saint Paul \ud83c\udfe5"},"content":{"rendered":"\n<p>La Ligne 1 du tramway est l&rsquo;axe principal de notre r\u00e9seau, reliant l&rsquo;<strong>A\u00e9roport<\/strong> \u2708\ufe0f \u00e0 la <strong>Clinique Saint Paul<\/strong> \ud83c\udfe5. C&rsquo;est une ligne essentielle pour vos d\u00e9placements quotidiens.<\/p>\n<p>Notre ligne de tramway principale, longue de <strong>14,6 km<\/strong>, vous transporte en environ <strong>46 minutes<\/strong> et dessert <strong>44 arr\u00eats<\/strong>. Pour assurer vos trajets, nous utilisons <strong>16 tramways Alstom Citadis 302<\/strong>, reconnus pour leur fiabilit\u00e9 et leur confort.<\/p>\n<p><strong>\u2139\ufe0f Pour les bus relais tram en cas de perturbation, vous retrouverez davantage d&rsquo;informations en cliquant ici : <a href=\"https:\/\/seal.transport-manager.net\/flosouris_yt\/nos-services-de-bus-relais-une-solution-fiable-en-cas-de-perturbations\/\" target=\"_blank\" rel=\"noreferrer noopener\">\ud83d\ude8c Nos Services de Bus Relais : Une Solution Fiable en cas de Perturbations \ud83d\udee0\ufe0f<\/a><\/strong><\/p>\n<h3>\ud83d\uddfa\ufe0f Plan de la ligne<\/h3>\n<figure class=\"wp-block-image aligncenter size-large\"><img decoding=\"async\" src=\"https:\/\/transport-manager.net\/assets\/img\/lignes\/N5_L1_trans1.png\" alt=\"Plan de la ligne 1 du tramway\" \/><\/figure>\n<h3>\ud83d\udcca Fr\u00e9quences de Passage (en minutes)<\/h3>\n<p>D\u00e9couvrez nos horaires d\u00e9taill\u00e9s pour planifier au mieux vos trajets. \u23f0<\/p>\n<h4>Du Lundi au Vendredi (P\u00e9riode Scolaire) \ud83c\udfeb<\/h4>\n<figure class=\"wp-block-table aligncenter\">\n<table style=\"width:100%\">\n<thead>\n<tr>\n<th style=\"text-align:center\">Horaires<\/th>\n<th style=\"text-align:center\">06h \u00e0 07h<\/th>\n<th style=\"text-align:center\">07h \u00e0 09h<\/th>\n<th style=\"text-align:center\">09h \u00e0 12h<\/th>\n<th style=\"text-align:center\">12h \u00e0 14h<\/th>\n<th style=\"text-align:center\">14h \u00e0 16h<\/th>\n<th style=\"text-align:center\">16h \u00e0 18h<\/th>\n<th style=\"text-align:center\">18h \u00e0 21h<\/th>\n<th style=\"text-align:center\">21h \u00e0 01h<\/th>\n<\/tr>\n<\/thead>\n<tbody>\n<tr>\n<td style=\"text-align:center\"><strong>Fr\u00e9quences<\/strong><\/td>\n<td style=\"text-align:center\">9&prime;<\/td>\n<td style=\"text-align:center\">6&prime;<\/td>\n<td style=\"text-align:center\">9&prime;<\/td>\n<td style=\"text-align:center\">6&prime;<\/td>\n<td style=\"text-align:center\">9&prime;<\/td>\n<td style=\"text-align:center\">6&prime;<\/td>\n<td style=\"text-align:center\">9&prime;<\/td>\n<td style=\"text-align:center\">15&prime;<\/td>\n<\/tr>\n<\/tbody>\n<\/table>\n<\/figure>\n<h4>Du Lundi au Vendredi (Petites Vacances Scolaires) \ud83c\udfd6\ufe0f<\/h4>\n<figure class=\"wp-block-table aligncenter\">\n<table style=\"width:100%\">\n<thead>\n<tr>\n<th style=\"text-align:center\">Horaires<\/th>\n<th style=\"text-align:center\">06h \u00e0 07h<\/th>\n<th style=\"text-align:center\">07h \u00e0 09h<\/th>\n<th style=\"text-align:center\">09h \u00e0 12h<\/th>\n<th style=\"text-align:center\">12h \u00e0 14h<\/th>\n<th style=\"text-align:center\">14h \u00e0 16h<\/th>\n<th style=\"text-align:center\">16h \u00e0 18h<\/th>\n<th style=\"text-align:center\">18h \u00e0 21h<\/th>\n<th style=\"text-align:center\">21h \u00e0 01h<\/th>\n<\/tr>\n<\/thead>\n<tbody>\n<tr>\n<td style=\"text-align:center\"><strong>Fr\u00e9quences<\/strong><\/td>\n<td style=\"text-align:center\">12&prime;<\/td>\n<td style=\"text-align:center\">8&prime;<\/td>\n<td style=\"text-align:center\">12&prime;<\/td>\n<td style=\"text-align:center\">8&prime;<\/td>\n<td style=\"text-align:center\">12&prime;<\/td>\n<td style=\"text-align:center\">8&prime;<\/td>\n<td style=\"text-align:center\">12&prime;<\/td>\n<td style=\"text-align:center\">15&prime;<\/td>\n<\/tr>\n<\/tbody>\n<\/table>\n<\/figure>\n<h4>Du Lundi au Vendredi (Grandes Vacances Scolaires) \u2600\ufe0f<\/h4>\n<figure class=\"wp-block-table aligncenter\">\n<table style=\"width:100%\">\n<thead>\n<tr>\n<th style=\"text-align:center\">Horaires<\/th>\n<th style=\"text-align:center\">06h \u00e0 07h<\/th>\n<th style=\"text-align:center\">07h \u00e0 09h<\/th>\n<th style=\"text-align:center\">09h \u00e0 12h<\/th>\n<th style=\"text-align:center\">12h \u00e0 14h<\/th>\n<th style=\"text-align:center\">14h \u00e0 16h<\/th>\n<th style=\"text-align:center\">16h \u00e0 18h<\/th>\n<th style=\"text-align:center\">18h \u00e0 21h<\/th>\n<th style=\"text-align:center\">21h \u00e0 01h<\/th>\n<\/tr>\n<\/thead>\n<tbody>\n<tr>\n<td style=\"text-align:center\"><strong>Fr\u00e9quences<\/strong><\/td>\n<td style=\"text-align:center\">12&prime;<\/td>\n<td style=\"text-align:center\">8&prime;<\/td>\n<td style=\"text-align:center\">12&prime;<\/td>\n<td style=\"text-align:center\">8&prime;<\/td>\n<td style=\"text-align:center\">12&prime;<\/td>\n<td style=\"text-align:center\">8&prime;<\/td>\n<td style=\"text-align:center\">12&prime;<\/td>\n<td style=\"text-align:center\">18&prime;<\/td>\n<\/tr>\n<\/tbody>\n<\/table>\n<\/figure>\n<h4>Le Samedi (P\u00e9riode Scolaire) \ud83d\udcda<\/h4>\n<figure class=\"wp-block-table aligncenter\">\n<table style=\"width:100%\">\n<thead>\n<tr>\n<th style=\"text-align:center\">Horaires<\/th>\n<th style=\"text-align:center\">06h \u00e0 07h<\/th>\n<th style=\"text-align:center\">07h \u00e0 09h<\/th>\n<th style=\"text-align:center\">09h \u00e0 12h<\/th>\n<th style=\"text-align:center\">12h \u00e0 19h<\/th>\n<th style=\"text-align:center\">19h \u00e0 21h<\/th>\n<th style=\"text-align:center\">21h \u00e0 01h<\/th>\n<\/tr>\n<\/thead>\n<tbody>\n<tr>\n<td style=\"text-align:center\"><strong>Fr\u00e9quences<\/strong><\/td>\n<td style=\"text-align:center\">10&prime;<\/td>\n<td style=\"text-align:center\">8&prime;<\/td>\n<td style=\"text-align:center\">10&prime;<\/td>\n<td style=\"text-align:center\">8&prime;<\/td>\n<td style=\"text-align:center\">10&prime;<\/td>\n<td style=\"text-align:center\">15&prime;<\/td>\n<\/tr>\n<\/tbody>\n<\/table>\n<\/figure>\n<h4>Le Samedi (Petites Vacances Scolaires) \ud83c\udfd6\ufe0f<\/h4>\n<figure class=\"wp-block-table aligncenter\">\n<table style=\"width:100%\">\n<thead>\n<tr>\n<th style=\"text-align:center\">Horaires<\/th>\n<th style=\"text-align:center\">06h \u00e0 07h<\/th>\n<th style=\"text-align:center\">07h \u00e0 09h<\/th>\n<th style=\"text-align:center\">09h \u00e0 12h<\/th>\n<th style=\"text-align:center\">12h \u00e0 19h<\/th>\n<th style=\"text-align:center\">19h \u00e0 21h<\/th>\n<th style=\"text-align:center\">21h \u00e0 01h<\/th>\n<\/tr>\n<\/thead>\n<tbody>\n<tr>\n<td style=\"text-align:center\"><strong>Fr\u00e9quences<\/strong><\/td>\n<td style=\"text-align:center\">12&prime;<\/td>\n<td style=\"text-align:center\">10&prime;<\/td>\n<td style=\"text-align:center\">12&prime;<\/td>\n<td style=\"text-align:center\">10&prime;<\/td>\n<td style=\"text-align:center\">12&prime;<\/td>\n<td style=\"text-align:center\">15&prime;<\/td>\n<\/tr>\n<\/tbody>\n<\/table>\n<\/figure>\n<h4>Le Samedi (Grandes Vacances Scolaires) \u2600\ufe0f<\/h4>\n<figure class=\"wp-block-table aligncenter\">\n<table style=\"width:100%\">\n<thead>\n<tr>\n<th style=\"text-align:center\">Horaires<\/th>\n<th style=\"text-align:center\">06h \u00e0 07h<\/th>\n<th style=\"text-align:center\">07h \u00e0 09h<\/th>\n<th style=\"text-align:center\">09h \u00e0 12h<\/th>\n<th style=\"text-align:center\">12h \u00e0 19h<\/th>\n<th style=\"text-align:center\">19h \u00e0 21h<\/th>\n<th style=\"text-align:center\">21h \u00e0 01h<\/th>\n<\/tr>\n<\/thead>\n<tbody>\n<tr>\n<td style=\"text-align:center\"><strong>Fr\u00e9quences<\/strong><\/td>\n<td style=\"text-align:center\">13&prime;<\/td>\n<td style=\"text-align:center\">12&prime;<\/td>\n<td style=\"text-align:center\">13&prime;<\/td>\n<td style=\"text-align:center\">12&prime;<\/td>\n<td style=\"text-align:center\">13&prime;<\/td>\n<td style=\"text-align:center\">15&prime;<\/td>\n<\/tr>\n<\/tbody>\n<\/table>\n<\/figure>\n<h4>Le Dimanche et Jours F\u00e9ri\u00e9s (P\u00e9riode Scolaire) \ud83d\uddd3\ufe0f<\/h4>\n<figure class=\"wp-block-table aligncenter\">\n<table style=\"width:100%\">\n<thead>\n<tr>\n<th style=\"text-align:center\">Horaires<\/th>\n<th style=\"text-align:center\">07h \u00e0 09h<\/th>\n<th style=\"text-align:center\">09h \u00e0 12h<\/th>\n<th style=\"text-align:center\">12h \u00e0 19h<\/th>\n<th style=\"text-align:center\">19h \u00e0 00h<\/th>\n<\/tr>\n<\/thead>\n<tbody>\n<tr>\n<td style=\"text-align:center\"><strong>Fr\u00e9quences<\/strong><\/td>\n<td style=\"text-align:center\">12&prime;<\/td>\n<td style=\"text-align:center\">15&prime;<\/td>\n<td style=\"text-align:center\">12&prime;<\/td>\n<td style=\"text-align:center\">15&prime;<\/td>\n<\/tr>\n<\/tbody>\n<\/table>\n<\/figure>\n<h4>Le Dimanche et Jours F\u00e9ri\u00e9s (Vacances Scolaires) \ud83c\udfd6\ufe0f<\/h4>\n<figure class=\"wp-block-table aligncenter\">\n<table style=\"width:100%\">\n<thead>\n<tr>\n<th style=\"text-align:center\">Horaires<\/th>\n<th style=\"text-align:center\">07h \u00e0 09h<\/th>\n<th style=\"text-align:center\">09h \u00e0 12h<\/th>\n<th style=\"text-align:center\">12h \u00e0 19h<\/th>\n<th style=\"text-align:center\">19h \u00e0 00h<\/th>\n<\/tr>\n<\/thead>\n<tbody>\n<tr>\n<td style=\"text-align:center\"><strong>Fr\u00e9quences<\/strong><\/td>\n<td style=\"text-align:center\">13&prime;<\/td>\n<td style=\"text-align:center\">18&prime;<\/td>\n<td style=\"text-align:center\">13&prime;<\/td>\n<td style=\"text-align:center\">18&prime;<\/td>\n<\/tr>\n<\/tbody>\n<\/table>\n<\/figure>\n<h3>\ud83d\uddfa\ufe0f Plan du r\u00e9seau<\/h3>\n<figure class=\"wp-block-image aligncenter size-large\"><img decoding=\"async\" src=\"https:\/\/transport-manager.net\/assets\/img\/lignes\/Plan_N5.png\" alt=\"Plan du r\u00e9seau FTE\" \/><\/figure>\n","protected":false},"excerpt":{"rendered":"<p>La Ligne 1 du tramway est l&rsquo;axe principal de notre r\u00e9seau, reliant l&rsquo;A\u00e9roport \u2708\ufe0f \u00e0 la Clinique Saint Paul \ud83c\udfe5. C&rsquo;est une ligne essentielle pour vos d\u00e9placements quotidiens. Notre ligne de tramway principale, longue de 14,6 km, vous transporte en environ 46 minutes et dessert 44 arr\u00eats. Pour assurer vos [&hellip;]<\/p>\n","protected":false},"author":6,"featured_media":4092,"parent":1289,"menu_order":0,"comment_status":"closed","ping_status":"closed","template":"","meta":{"footnotes":""},"class_list":["post-132","page","type-page","status-publish","has-post-thumbnail","hentry"],"_links":{"self":[{"href":"https:\/\/seal.transport-manager.net\/flosouris_yt\/wp-json\/wp\/v2\/pages\/132","targetHints":{"allow":["GET"]}}],"collection":[{"href":"https:\/\/seal.transport-manager.net\/flosouris_yt\/wp-json\/wp\/v2\/pages"}],"about":[{"href":"https:\/\/seal.transport-manager.net\/flosouris_yt\/wp-json\/wp\/v2\/types\/page"}],"author":[{"embeddable":true,"href":"https:\/\/seal.transport-manager.net\/flosouris_yt\/wp-json\/wp\/v2\/users\/6"}],"replies":[{"embeddable":true,"href":"https:\/\/seal.transport-manager.net\/flosouris_yt\/wp-json\/wp\/v2\/comments?post=132"}],"version-history":[{"count":148,"href":"https:\/\/seal.transport-manager.net\/flosouris_yt\/wp-json\/wp\/v2\/pages\/132\/revisions"}],"predecessor-version":[{"id":5092,"href":"https:\/\/seal.transport-manager.net\/flosouris_yt\/wp-json\/wp\/v2\/pages\/132\/revisions\/5092"}],"up":[{"embeddable":true,"href":"https:\/\/seal.transport-manager.net\/flosouris_yt\/wp-json\/wp\/v2\/pages\/1289"}],"wp:featuredmedia":[{"embeddable":true,"href":"https:\/\/seal.transport-manager.net\/flosouris_yt\/wp-json\/wp\/v2\/media\/4092"}],"wp:attachment":[{"href":"https:\/\/seal.transport-manager.net\/flosouris_yt\/wp-json\/wp\/v2\/media?parent=132"}],"curies":[{"name":"wp","href":"https:\/\/api.w.org\/{rel}","templated":true}]}}