{"id":138,"date":"2021-07-26T11:53:42","date_gmt":"2021-07-26T09:53:42","guid":{"rendered":"https:\/\/seal.transport-manager.net\/flosourisyt\/?page_id=138"},"modified":"2025-07-02T19:56:17","modified_gmt":"2025-07-02T17:56:17","slug":"ligne-2-lhns-campus-alan-turing-gare-centrale","status":"publish","type":"page","link":"https:\/\/seal.transport-manager.net\/flosouris_yt\/%f0%9f%93%8d-les-lignes-urbaines-le-coeur-de-notre-reseau\/ligne-2-lhns-campus-alan-turing-gare-centrale\/","title":{"rendered":"Ligne 2 (LHNS) : Campus Alan Turing \ud83d\udcbb \u2194 Gare Centrale \ud83d\ude89"},"content":{"rendered":"\n<p>La Ligne 2, \u00e9galement connue sous le nom de <strong>LHNS<\/strong>, relie le <strong>Campus Alan Turing<\/strong> \ud83d\udcbb \u00e0 la <strong>Gare Centrale<\/strong> \ud83d\ude89. C&rsquo;est une ligne rapide, con\u00e7ue pour une efficacit\u00e9 maximale, qui dessert des points strat\u00e9giques de notre r\u00e9seau.<\/p>\n<p>Longue de <strong>6,1 km<\/strong>, cette ligne vous transporte en environ <strong>24 minutes<\/strong> et dessert <strong>20 arr\u00eats<\/strong>. Pour assurer vos trajets, nous utilisons <strong>12 bus articul\u00e9s Irizar IeTram 18<\/strong>, des v\u00e9hicules modernes et adapt\u00e9s \u00e0 la circulation urbaine.<\/p>\n<h3>\ud83d\uddfa\ufe0f Plan de la ligne<\/h3>\n<figure class=\"wp-block-image aligncenter size-large\"><img decoding=\"async\" src=\"https:\/\/transport-manager.net\/assets\/img\/lignes\/N5_L2_trans1.png\" alt=\"Plan de la ligne 2 LHNS\" \/><\/figure> <h3>\ud83d\udcca Fr\u00e9quences de Passage (en minutes)<\/h3> <p>D\u00e9couvrez nos horaires d\u00e9taill\u00e9s pour planifier au mieux vos trajets. \u23f0<\/p> <h4>Du Lundi au Vendredi (P\u00e9riode Scolaire) \ud83c\udfeb<\/h4> <figure class=\"wp-block-table aligncenter\"> <table style=\"width:100%\"> <thead> <tr> <th style=\"text-align:center\">Horaires<\/th> <th style=\"text-align:center\">06h \u00e0 07h<\/th> <th style=\"text-align:center\">07h \u00e0 09h<\/th> <th style=\"text-align:center\">09h \u00e0 12h<\/th> <th style=\"text-align:center\">12h \u00e0 14h<\/th> <th style=\"text-align:center\">14h \u00e0 16h<\/th> <th style=\"text-align:center\">16h \u00e0 18h<\/th> <th style=\"text-align:center\">18h \u00e0 21h<\/th> <th style=\"text-align:center\">21h \u00e0 01h<\/th> <\/tr> <\/thead> <tbody> <tr> <td style=\"text-align:center\"><strong>Fr\u00e9quences<\/strong><\/td> <td style=\"text-align:center\">7&prime;<\/td> <td style=\"text-align:center\">4&prime;<\/td> <td style=\"text-align:center\">7&prime;<\/td> <td style=\"text-align:center\">4&prime;<\/td> <td style=\"text-align:center\">7&prime;<\/td> <td style=\"text-align:center\">4&prime;<\/td> <td style=\"text-align:center\">7&prime;<\/td> <td style=\"text-align:center\">12&prime;<\/td> <\/tr> <\/tbody> <\/table> <\/figure> <h4>Du Lundi au Vendredi (Petites Vacances Scolaires) \ud83c\udfd6\ufe0f<\/h4> <figure class=\"wp-block-table aligncenter\"> <table style=\"width:100%\"> <thead> <tr> <th style=\"text-align:center\">Horaires<\/th> <th style=\"text-align:center\">06h \u00e0 07h<\/th> <th style=\"text-align:center\">07h \u00e0 09h<\/th> <th style=\"text-align:center\">09h \u00e0 12h<\/th> <th style=\"text-align:center\">12h \u00e0 14h<\/th> <th style=\"text-align:center\">14h \u00e0 16h<\/th> <th style=\"text-align:center\">16h \u00e0 18h<\/th> <th style=\"text-align:center\">18h \u00e0 21h<\/th> <th style=\"text-align:center\">21h \u00e0 01h<\/th> <\/tr> <\/thead> <tbody> <tr> <td style=\"text-align:center\"><strong>Fr\u00e9quences<\/strong><\/td> <td style=\"text-align:center\">8&prime;<\/td> <td style=\"text-align:center\">5&prime;<\/td> <td style=\"text-align:center\">8&prime;<\/td> <td style=\"text-align:center\">5&prime;<\/td> <td style=\"text-align:center\">8&prime;<\/td> <td style=\"text-align:center\">5&prime;<\/td> <td style=\"text-align:center\">8&prime;<\/td> <td style=\"text-align:center\">16&prime;<\/td> <\/tr> <\/tbody> <\/table> <\/figure> <h4>Du Lundi au Vendredi (Grandes Vacances Scolaires) \u2600\ufe0f<\/h4> <figure class=\"wp-block-table aligncenter\"> <table style=\"width:100%\"> <thead> <tr> <th style=\"text-align:center\">Horaires<\/th> <th style=\"text-align:center\">06h \u00e0 07h<\/th> <th style=\"text-align:center\">07h \u00e0 09h<\/th> <th style=\"text-align:center\">09h \u00e0 12h<\/th> <th style=\"text-align:center\">12h \u00e0 14h<\/th> <th style=\"text-align:center\">14h \u00e0 16h<\/th> <th style=\"text-align:center\">16h \u00e0 18h<\/th> <th style=\"text-align:center\">18h \u00e0 21h<\/th> <th style=\"text-align:center\">21h \u00e0 01h<\/th> <\/tr> <\/thead> <tbody> <tr> <td style=\"text-align:center\"><strong>Fr\u00e9quences<\/strong><\/td> <td style=\"text-align:center\">8&prime;<\/td> <td style=\"text-align:center\">6&prime;<\/td> <td style=\"text-align:center\">8&prime;<\/td> <td style=\"text-align:center\">6&prime;<\/td> <td style=\"text-align:center\">8&prime;<\/td> <td style=\"text-align:center\">6&prime;<\/td> <td style=\"text-align:center\">8&prime;<\/td> <td style=\"text-align:center\">16&prime;<\/td> <\/tr> <\/tbody> <\/table> <\/figure> <h4>Le Samedi (P\u00e9riode Scolaire) \ud83d\udcda<\/h4> <figure class=\"wp-block-table aligncenter\"> <table style=\"width:100%\"> <thead> <tr> <th style=\"text-align:center\">Horaires<\/th> <th style=\"text-align:center\">06h \u00e0 07h<\/th> <th style=\"text-align:center\">07h \u00e0 09h<\/th> <th style=\"text-align:center\">09h \u00e0 12h<\/th> <th style=\"text-align:center\">12h \u00e0 19h<\/th> <th style=\"text-align:center\">19h \u00e0 21h<\/th> <th style=\"text-align:center\">21h \u00e0 01h<\/th> <\/tr> <\/thead> <tbody> <tr> <td style=\"text-align:center\"><strong>Fr\u00e9quences<\/strong><\/td> <td style=\"text-align:center\">8&prime;<\/td> <td style=\"text-align:center\">5&prime;<\/td> <td style=\"text-align:center\">8&prime;<\/td> <td style=\"text-align:center\">5&prime;<\/td> <td style=\"text-align:center\">8&prime;<\/td> <td style=\"text-align:center\">12&prime;<\/td> <\/tr> <\/tbody> <\/table> <\/figure> <h4>Le Samedi (Petites Vacances Scolaires) \ud83c\udfd6\ufe0f<\/h4> <figure class=\"wp-block-table aligncenter\"> <table style=\"width:100%\"> <thead> <tr> <th style=\"text-align:center\">Horaires<\/th> <th style=\"text-align:center\">06h \u00e0 07h<\/th> <th style=\"text-align:center\">07h \u00e0 09h<\/th> <th style=\"text-align:center\">09h \u00e0 12h<\/th> <th style=\"text-align:center\">12h \u00e0 19h<\/th> <th style=\"text-align:center\">19h \u00e0 21h<\/th> <th style=\"text-align:center\">21h \u00e0 01h<\/th> <\/tr> <\/thead> <tbody> <tr> <td style=\"text-align:center\"><strong>Fr\u00e9quences<\/strong><\/td> <td style=\"text-align:center\">10&prime;<\/td> <td style=\"text-align:center\">7&prime;<\/td> <td style=\"text-align:center\">10&prime;<\/td> <td style=\"text-align:center\">7&prime;<\/td> <td style=\"text-align:center\">10&prime;<\/td> <td style=\"text-align:center\">12&prime;<\/td> <\/tr> <\/tbody> <\/table> <\/figure> <h4>Le Samedi (Grandes Vacances Scolaires) \u2600\ufe0f<\/h4> <figure class=\"wp-block-table aligncenter\"> <table style=\"width:100%\"> <thead> <tr> <th style=\"text-align:center\">Horaires<\/th> <th style=\"text-align:center\">06h \u00e0 07h<\/th> <th style=\"text-align:center\">07h \u00e0 09h<\/th> <th style=\"text-align:center\">09h \u00e0 12h<\/th> <th style=\"text-align:center\">12h \u00e0 19h<\/th> <th style=\"text-align:center\">19h \u00e0 21h<\/th> <th style=\"text-align:center\">21h \u00e0 01h<\/th> <\/tr> <\/thead> <tbody> <tr> <td style=\"text-align:center\"><strong>Fr\u00e9quences<\/strong><\/td> <td style=\"text-align:center\">12&prime;<\/td> <td style=\"text-align:center\">8&prime;<\/td> <td style=\"text-align:center\">12&prime;<\/td> <td style=\"text-align:center\">8&prime;<\/td> <td style=\"text-align:center\">12&prime;<\/td> <td style=\"text-align:center\">12&prime;<\/td> <\/tr> <\/tbody> <\/table> <\/figure> <h4>Le Dimanche et Jours F\u00e9ri\u00e9s (P\u00e9riode Scolaire) \ud83d\uddd3\ufe0f<\/h4> <figure class=\"wp-block-table aligncenter\"> <table style=\"width:100%\"> <thead> <tr> <th style=\"text-align:center\">Horaires<\/th> <th style=\"text-align:center\">07h \u00e0 09h<\/th> <th style=\"text-align:center\">09h \u00e0 12h<\/th> <th style=\"text-align:center\">12h \u00e0 19h<\/th> <th style=\"text-align:center\">19h \u00e0 00h<\/th> <\/tr> <\/thead> <tbody> <tr> <td style=\"text-align:center\"><strong>Fr\u00e9quences<\/strong><\/td> <td style=\"text-align:center\">10&prime;<\/td> <td style=\"text-align:center\">12&prime;<\/td> <td style=\"text-align:center\">10&prime;<\/td> <td style=\"text-align:center\">12&prime;<\/td> <\/tr> <\/tbody> <\/table> <\/figure> <h4>Le Dimanche et Jours F\u00e9ri\u00e9s (Vacances Scolaires) \ud83c\udfd6\ufe0f<\/h4> <figure class=\"wp-block-table aligncenter\"> <table style=\"width:100%\"> <thead> <tr> <th style=\"text-align:center\">Horaires<\/th> <th style=\"text-align:center\">07h \u00e0 09h<\/th> <th style=\"text-align:center\">09h \u00e0 12h<\/th> <th style=\"text-align:center\">12h \u00e0 19h<\/th> <th style=\"text-align:center\">19h \u00e0 00h<\/th> <\/tr> <\/thead> <tbody> <tr> <td style=\"text-align:center\"><strong>Fr\u00e9quences<\/strong><\/td> <td style=\"text-align:center\">12&prime;<\/td> <td style=\"text-align:center\">16&prime;<\/td> <td style=\"text-align:center\">12&prime;<\/td> <td style=\"text-align:center\">16&prime;<\/td> <\/tr> <\/tbody> <\/table> <\/figure> <h3>\ud83d\uddfa\ufe0f Plan du r\u00e9seau<\/h3> <figure class=\"wp-block-image aligncenter size-large\"><img decoding=\"async\" src=\"https:\/\/transport-manager.net\/assets\/img\/lignes\/Plan_N5.png\" alt=\"Plan du r\u00e9seau FTE\" \/><\/figure>\n","protected":false},"excerpt":{"rendered":"<p>La Ligne 2, \u00e9galement connue sous le nom de LHNS, relie le Campus Alan Turing \ud83d\udcbb \u00e0 la Gare Centrale \ud83d\ude89. C&rsquo;est une ligne rapide, con\u00e7ue pour une efficacit\u00e9 maximale, qui dessert des points strat\u00e9giques de notre r\u00e9seau. Longue de 6,1 km, cette ligne vous transporte en environ 24 minutes [&hellip;]<\/p>\n","protected":false},"author":6,"featured_media":4092,"parent":1289,"menu_order":0,"comment_status":"closed","ping_status":"closed","template":"","meta":{"footnotes":""},"class_list":["post-138","page","type-page","status-publish","has-post-thumbnail","hentry"],"_links":{"self":[{"href":"https:\/\/seal.transport-manager.net\/flosouris_yt\/wp-json\/wp\/v2\/pages\/138","targetHints":{"allow":["GET"]}}],"collection":[{"href":"https:\/\/seal.transport-manager.net\/flosouris_yt\/wp-json\/wp\/v2\/pages"}],"about":[{"href":"https:\/\/seal.transport-manager.net\/flosouris_yt\/wp-json\/wp\/v2\/types\/page"}],"author":[{"embeddable":true,"href":"https:\/\/seal.transport-manager.net\/flosouris_yt\/wp-json\/wp\/v2\/users\/6"}],"replies":[{"embeddable":true,"href":"https:\/\/seal.transport-manager.net\/flosouris_yt\/wp-json\/wp\/v2\/comments?post=138"}],"version-history":[{"count":89,"href":"https:\/\/seal.transport-manager.net\/flosouris_yt\/wp-json\/wp\/v2\/pages\/138\/revisions"}],"predecessor-version":[{"id":5093,"href":"https:\/\/seal.transport-manager.net\/flosouris_yt\/wp-json\/wp\/v2\/pages\/138\/revisions\/5093"}],"up":[{"embeddable":true,"href":"https:\/\/seal.transport-manager.net\/flosouris_yt\/wp-json\/wp\/v2\/pages\/1289"}],"wp:featuredmedia":[{"embeddable":true,"href":"https:\/\/seal.transport-manager.net\/flosouris_yt\/wp-json\/wp\/v2\/media\/4092"}],"wp:attachment":[{"href":"https:\/\/seal.transport-manager.net\/flosouris_yt\/wp-json\/wp\/v2\/media?parent=138"}],"curies":[{"name":"wp","href":"https:\/\/api.w.org\/{rel}","templated":true}]}}