{"id":144,"date":"2021-07-26T11:56:21","date_gmt":"2021-07-26T09:56:21","guid":{"rendered":"https:\/\/seal.transport-manager.net\/flosourisyt\/?page_id=144"},"modified":"2025-07-03T16:58:40","modified_gmt":"2025-07-03T14:58:40","slug":"ligne-3-lhns-gare-centrale-campus-marthe-gautier","status":"publish","type":"page","link":"https:\/\/seal.transport-manager.net\/flosouris_yt\/%f0%9f%93%8d-les-lignes-urbaines-le-coeur-de-notre-reseau\/ligne-3-lhns-gare-centrale-campus-marthe-gautier\/","title":{"rendered":"Ligne 3 (LHNS) : Gare Centrale \ud83d\ude89 \u2194 Campus Marthe Gautier \ud83e\uddec"},"content":{"rendered":"\n<p>La Ligne 3, \u00e9galement connue sous le nom de <strong>LHNS<\/strong>, est une ligne cl\u00e9 de notre r\u00e9seau, reliant la <strong>Gare Centrale<\/strong> \ud83d\ude89 au <strong>Campus Marthe Gautier<\/strong> \ud83e\uddec. Elle est essentielle pour connecter ces deux p\u00f4les majeurs de la ville, facilitant vos trajets quotidiens.<\/p>\n<p>Longue de <strong>7,7 km<\/strong>, cette ligne vous transporte en environ <strong>32 minutes<\/strong> et dessert <strong>27 arr\u00eats<\/strong>. Pour assurer vos trajets, nous utilisons <strong>16 bus standard Irizar IeTram 12<\/strong>, des v\u00e9hicules modernes alliant confort et efficacit\u00e9.<\/p>\n<h3>\ud83d\uddfa\ufe0f Plan de la ligne<\/h3>\n<figure class=\"wp-block-image aligncenter size-large\"><img decoding=\"async\" src=\"https:\/\/transport-manager.net\/assets\/img\/lignes\/N5_L3_trans1.png\" alt=\"Plan de la ligne 3\" \/><\/figure>\n<h3>\ud83d\udcca Fr\u00e9quences de Passage (en minutes)<\/h3>\n<p>D\u00e9couvrez nos horaires d\u00e9taill\u00e9s pour planifier au mieux vos trajets. \u23f0<\/p>\n<h4>Du Lundi au Vendredi (P\u00e9riode Scolaire) \ud83c\udfeb<\/h4>\n<figure class=\"wp-block-table aligncenter\">\n<table style=\"width:100%\">\n<thead>\n<tr>\n<th style=\"text-align:center\">Horaires<\/th>\n<th style=\"text-align:center\">06h \u00e0 07h<\/th>\n<th style=\"text-align:center\">07h \u00e0 09h<\/th>\n<th style=\"text-align:center\">09h \u00e0 12h<\/th>\n<th style=\"text-align:center\">12h \u00e0 14h<\/th>\n<th style=\"text-align:center\">14h \u00e0 16h<\/th>\n<th style=\"text-align:center\">16h \u00e0 18h<\/th>\n<th style=\"text-align:center\">18h \u00e0 21h<\/th>\n<th style=\"text-align:center\">21h \u00e0 01h<\/th>\n<\/tr>\n<\/thead>\n<tbody>\n<tr>\n<td style=\"text-align:center\"><strong>Fr\u00e9quences<\/strong><\/td>\n<td style=\"text-align:center\">6&prime;<\/td>\n<td style=\"text-align:center\">4&prime;<\/td>\n<td style=\"text-align:center\">6&prime;<\/td>\n<td style=\"text-align:center\">4&prime;<\/td>\n<td style=\"text-align:center\">6&prime;<\/td>\n<td style=\"text-align:center\">4&prime;<\/td>\n<td style=\"text-align:center\">6&prime;<\/td>\n<td style=\"text-align:center\">13&prime;<\/td>\n<\/tr>\n<\/tbody>\n<\/table>\n<\/figure>\n<h4>Du Lundi au Vendredi (Petites Vacances Scolaires) \ud83c\udfd6\ufe0f<\/h4>\n<figure class=\"wp-block-table aligncenter\">\n<table style=\"width:100%\">\n<thead>\n<tr>\n<th style=\"text-align:center\">Horaires<\/th>\n<th style=\"text-align:center\">06h \u00e0 07h<\/th>\n<th style=\"text-align:center\">07h \u00e0 09h<\/th>\n<th style=\"text-align:center\">09h \u00e0 12h<\/th>\n<th style=\"text-align:center\">12h \u00e0 14h<\/th>\n<th style=\"text-align:center\">14h \u00e0 16h<\/th>\n<th style=\"text-align:center\">16h \u00e0 18h<\/th>\n<th style=\"text-align:center\">18h \u00e0 21h<\/th>\n<th style=\"text-align:center\">21h \u00e0 01h<\/th>\n<\/tr>\n<\/thead>\n<tbody>\n<tr>\n<td style=\"text-align:center\"><strong>Fr\u00e9quences<\/strong><\/td>\n<td style=\"text-align:center\">7&prime;<\/td>\n<td style=\"text-align:center\">5&prime;<\/td>\n<td style=\"text-align:center\">7&prime;<\/td>\n<td style=\"text-align:center\">5&prime;<\/td>\n<td style=\"text-align:center\">7&prime;<\/td>\n<td style=\"text-align:center\">5&prime;<\/td>\n<td style=\"text-align:center\">7&prime;<\/td>\n<td style=\"text-align:center\">13&prime;<\/td>\n<\/tr>\n<\/tbody>\n<\/table>\n<\/figure>\n<h4>Du Lundi au Vendredi (Grandes Vacances Scolaires) \u2600\ufe0f<\/h4>\n<figure class=\"wp-block-table aligncenter\">\n<table style=\"width:100%\">\n<thead>\n<tr>\n<th style=\"text-align:center\">Horaires<\/th>\n<th style=\"text-align:center\">06h \u00e0 07h<\/th>\n<th style=\"text-align:center\">07h \u00e0 09h<\/th>\n<th style=\"text-align:center\">09h \u00e0 12h<\/th>\n<th style=\"text-align:center\">12h \u00e0 14h<\/th>\n<th style=\"text-align:center\">14h \u00e0 16h<\/th>\n<th style=\"text-align:center\">16h \u00e0 18h<\/th>\n<th style=\"text-align:center\">18h \u00e0 21h<\/th>\n<th style=\"text-align:center\">21h \u00e0 01h<\/th>\n<\/tr>\n<\/thead>\n<tbody>\n<tr>\n<td style=\"text-align:center\"><strong>Fr\u00e9quences<\/strong><\/td>\n<td style=\"text-align:center\">7&prime;<\/td>\n<td style=\"text-align:center\">5&prime;<\/td>\n<td style=\"text-align:center\">7&prime;<\/td>\n<td style=\"text-align:center\">5&prime;<\/td>\n<td style=\"text-align:center\">7&prime;<\/td>\n<td style=\"text-align:center\">5&prime;<\/td>\n<td style=\"text-align:center\">7&prime;<\/td>\n<td style=\"text-align:center\">13&prime;<\/td>\n<\/tr>\n<\/tbody>\n<\/table>\n<\/figure>\n<h4>Le Samedi (P\u00e9riode Scolaire) \ud83d\udcda<\/h4>\n<figure class=\"wp-block-table aligncenter\">\n<table style=\"width:100%\">\n<thead>\n<tr>\n<th style=\"text-align:center\">Horaires<\/th>\n<th style=\"text-align:center\">06h \u00e0 07h<\/th>\n<th style=\"text-align:center\">07h \u00e0 09h<\/th>\n<th style=\"text-align:center\">09h \u00e0 12h<\/th>\n<th style=\"text-align:center\">12h \u00e0 19h<\/th>\n<th style=\"text-align:center\">19h \u00e0 21h<\/th>\n<th style=\"text-align:center\">21h \u00e0 01h<\/th>\n<\/tr>\n<\/thead>\n<tbody>\n<tr>\n<td style=\"text-align:center\"><strong>Fr\u00e9quences<\/strong><\/td>\n<td style=\"text-align:center\">9&prime;<\/td>\n<td style=\"text-align:center\">6&prime;<\/td>\n<td style=\"text-align:center\">9&prime;<\/td>\n<td style=\"text-align:center\">6&prime;<\/td>\n<td style=\"text-align:center\">9&prime;<\/td>\n<td style=\"text-align:center\">11&prime;<\/td>\n<\/tr>\n<\/tbody>\n<\/table>\n<\/figure>\n<h4>Le Samedi (Petites Vacances Scolaires) \ud83c\udfd6\ufe0f<\/h4>\n<figure class=\"wp-block-table aligncenter\">\n<table style=\"width:100%\">\n<thead>\n<tr>\n<th style=\"text-align:center\">Horaires<\/th>\n<th style=\"text-align:center\">06h \u00e0 07h<\/th>\n<th style=\"text-align:center\">07h \u00e0 09h<\/th>\n<th style=\"text-align:center\">09h \u00e0 12h<\/th>\n<th style=\"text-align:center\">12h \u00e0 19h<\/th>\n<th style=\"text-align:center\">19h \u00e0 21h<\/th>\n<th style=\"text-align:center\">21h \u00e0 01h<\/th>\n<\/tr>\n<\/thead>\n<tbody>\n<tr>\n<td style=\"text-align:center\"><strong>Fr\u00e9quences<\/strong><\/td>\n<td style=\"text-align:center\">11&prime;<\/td>\n<td style=\"text-align:center\">7&prime;<\/td>\n<td style=\"text-align:center\">11&prime;<\/td>\n<td style=\"text-align:center\">7&prime;<\/td>\n<td style=\"text-align:center\">11&prime;<\/td>\n<td style=\"text-align:center\">11&prime;<\/td>\n<\/tr>\n<\/tbody>\n<\/table>\n<\/figure>\n<h4>Le Samedi (Grandes Vacances Scolaires) \u2600\ufe0f<\/h4>\n<figure class=\"wp-block-table aligncenter\">\n<table style=\"width:100%\">\n<thead>\n<tr>\n<th style=\"text-align:center\">Horaires<\/th>\n<th style=\"text-align:center\">06h \u00e0 07h<\/th>\n<th style=\"text-align:center\">07h \u00e0 09h<\/th>\n<th style=\"text-align:center\">09h \u00e0 12h<\/th>\n<th style=\"text-align:center\">12h \u00e0 19h<\/th>\n<th style=\"text-align:center\">19h \u00e0 21h<\/th>\n<th style=\"text-align:center\">21h \u00e0 01h<\/th>\n<\/tr>\n<\/thead>\n<tbody>\n<tr>\n<td style=\"text-align:center\"><strong>Fr\u00e9quences<\/strong><\/td>\n<td style=\"text-align:center\">11&prime;<\/td>\n<td style=\"text-align:center\">8&prime;<\/td>\n<td style=\"text-align:center\">11&prime;<\/td>\n<td style=\"text-align:center\">8&prime;<\/td>\n<td style=\"text-align:center\">11&prime;<\/td>\n<td style=\"text-align:center\">11&prime;<\/td>\n<\/tr>\n<\/tbody>\n<\/table>\n<\/figure>\n<h4>Le Dimanche et Jours F\u00e9ri\u00e9s (P\u00e9riode Scolaire et Petites Vacances Scolaires) \ud83d\uddd3\ufe0f<\/h4>\n<figure class=\"wp-block-table aligncenter\">\n<table style=\"width:100%\">\n<thead>\n<tr>\n<th style=\"text-align:center\">Horaires<\/th>\n<th style=\"text-align:center\">07h \u00e0 09h<\/th>\n<th style=\"text-align:center\">09h \u00e0 12h<\/th>\n<th style=\"text-align:center\">12h \u00e0 19h<\/th>\n<th style=\"text-align:center\">19h \u00e0 00h<\/th>\n<\/tr>\n<\/thead>\n<tbody>\n<tr>\n<td style=\"text-align:center\"><strong>Fr\u00e9quences<\/strong><\/td>\n<td style=\"text-align:center\">9&prime;<\/td>\n<td style=\"text-align:center\">16&prime;<\/td>\n<td style=\"text-align:center\">9&prime;<\/td>\n<td style=\"text-align:center\">16&prime;<\/td>\n<\/tr>\n<\/tbody>\n<\/table>\n<\/figure>\n<h4>Le Dimanche et Jours F\u00e9ri\u00e9s (Grandes Vacances Scolaires) \u2600\ufe0f<\/h4>\n<figure class=\"wp-block-table aligncenter\">\n<table style=\"width:100%\">\n<thead>\n<tr>\n<th style=\"text-align:center\">Horaires<\/th>\n<th style=\"text-align:center\">07h \u00e0 09h<\/th>\n<th style=\"text-align:center\">09h \u00e0 12h<\/th>\n<th style=\"text-align:center\">12h \u00e0 19h<\/th>\n<th style=\"text-align:center\">19h \u00e0 00h<\/th>\n<\/tr>\n<\/thead>\n<tbody>\n<tr>\n<td style=\"text-align:center\"><strong>Fr\u00e9quences<\/strong><\/td>\n<td style=\"text-align:center\">11&prime;<\/td>\n<td style=\"text-align:center\">16&prime;<\/td>\n<td style=\"text-align:center\">11&prime;<\/td>\n<td style=\"text-align:center\">16&prime;<\/td>\n<\/tr>\n<\/tbody>\n<\/table>\n<\/figure>\n<h3>\ud83d\uddfa\ufe0f Plan du r\u00e9seau<\/h3>\n<figure class=\"wp-block-image aligncenter size-large\"><img decoding=\"async\" src=\"https:\/\/transport-manager.net\/assets\/img\/lignes\/Plan_N5.png\" alt=\"Plan du r\u00e9seau FTE\" \/><\/figure>\n","protected":false},"excerpt":{"rendered":"<p>La Ligne 3, \u00e9galement connue sous le nom de LHNS, est une ligne cl\u00e9 de notre r\u00e9seau, reliant la Gare Centrale \ud83d\ude89 au Campus Marthe Gautier \ud83e\uddec. Elle est essentielle pour connecter ces deux p\u00f4les majeurs de la ville, facilitant vos trajets quotidiens. Longue de 7,7 km, cette ligne vous [&hellip;]<\/p>\n","protected":false},"author":6,"featured_media":4092,"parent":1289,"menu_order":0,"comment_status":"closed","ping_status":"closed","template":"","meta":{"footnotes":""},"class_list":["post-144","page","type-page","status-publish","has-post-thumbnail","hentry"],"_links":{"self":[{"href":"https:\/\/seal.transport-manager.net\/flosouris_yt\/wp-json\/wp\/v2\/pages\/144","targetHints":{"allow":["GET"]}}],"collection":[{"href":"https:\/\/seal.transport-manager.net\/flosouris_yt\/wp-json\/wp\/v2\/pages"}],"about":[{"href":"https:\/\/seal.transport-manager.net\/flosouris_yt\/wp-json\/wp\/v2\/types\/page"}],"author":[{"embeddable":true,"href":"https:\/\/seal.transport-manager.net\/flosouris_yt\/wp-json\/wp\/v2\/users\/6"}],"replies":[{"embeddable":true,"href":"https:\/\/seal.transport-manager.net\/flosouris_yt\/wp-json\/wp\/v2\/comments?post=144"}],"version-history":[{"count":65,"href":"https:\/\/seal.transport-manager.net\/flosouris_yt\/wp-json\/wp\/v2\/pages\/144\/revisions"}],"predecessor-version":[{"id":5099,"href":"https:\/\/seal.transport-manager.net\/flosouris_yt\/wp-json\/wp\/v2\/pages\/144\/revisions\/5099"}],"up":[{"embeddable":true,"href":"https:\/\/seal.transport-manager.net\/flosouris_yt\/wp-json\/wp\/v2\/pages\/1289"}],"wp:featuredmedia":[{"embeddable":true,"href":"https:\/\/seal.transport-manager.net\/flosouris_yt\/wp-json\/wp\/v2\/media\/4092"}],"wp:attachment":[{"href":"https:\/\/seal.transport-manager.net\/flosouris_yt\/wp-json\/wp\/v2\/media?parent=144"}],"curies":[{"name":"wp","href":"https:\/\/api.w.org\/{rel}","templated":true}]}}