{"id":1549,"date":"2022-03-09T16:56:40","date_gmt":"2022-03-09T15:56:40","guid":{"rendered":"https:\/\/seal.transport-manager.net\/flosouris_yt\/?page_id=1549"},"modified":"2025-10-20T17:32:55","modified_gmt":"2025-10-20T15:32:55","slug":"nos-agences-flotransport-horaires-services","status":"publish","type":"page","link":"https:\/\/seal.transport-manager.net\/flosouris_yt\/nos-agences-flotransport-horaires-services\/","title":{"rendered":"\ud83c\udfe2 Nos Agences FloTransport : Horaires &amp; Services"},"content":{"rendered":"\n<h2 class=\"wp-block-heading\">Vos agences, leurs horaires : Tout en temps r\u00e9el !<\/h2>\n\n\n\n<p>Fini les d\u00e9placements inutiles ! D\u00e9sormais, consulter les <strong>horaires de vos agences en temps r\u00e9el<\/strong> est une r\u00e9alit\u00e9. Que ce soit pour une banque, un service public ou un commerce, cette fonctionnalit\u00e9 vous offre une flexibilit\u00e9 in\u00e9dite. Gagnez du temps et optimisez vos visites gr\u00e2ce \u00e0 des informations toujours \u00e0 jour, directement accessibles depuis votre smartphone ou ordinateur.<\/p>\n\n\n\n<p><strong>Pour voir les horaires de nos agences en temps r\u00e9el, <a href=\"https:\/\/sites.google.com\/view\/fte-agences-elhetr\">cliquez ici<\/a><\/strong> !<\/p>\n\n\n\n<h3 class=\"wp-block-heading\">\ud83c\udfd9\ufe0f Agences Urbaines<\/h3>\n\n\n\n<p>Ces agences offrent une gamme compl\u00e8te de services pour vos d\u00e9placements quotidiens.<\/p>\n\n\n\n<ul class=\"wp-block-list\">\n<li><strong>Gare de l&rsquo;Ouest<\/strong> \ud83d\ude82\n<ul class=\"wp-block-list\">\n<li><strong>Services :<\/strong> Information \u2013 Conseils \u2013 Ventes \u2013 Espace Abonnements \u2013 Toilettes \ud83d\udebb \u2013 Consignes \u00e0 bagages \ud83e\uddf3 \u2013 Restauration \ud83c\udf7d\ufe0f \u2013 Commerce de proximit\u00e9 \ud83d\udecd\ufe0f<\/li>\n\n\n\n<li><strong>Heures d&rsquo;ouverture des guichets :<\/strong>\n<ul class=\"wp-block-list\">\n<li>N\u00b01 (Infos\/Conseils) : 5h30 \u00e0 12h &amp; 14h \u00e0 22h30 (tous les jours)<\/li>\n\n\n\n<li>N\u00b02 (Infos\/Conseils) : 8h \u00e0 18h (tous les jours)<\/li>\n\n\n\n<li>N\u00b03 (Ventes\/Abonnements) : 8h \u00e0 18h (tous les jours)<\/li>\n\n\n\n<li>N\u00b04 (Ventes\/Abonnements) : 7h \u00e0 12h &amp; 15h30 \u00e0 17h30 (lun. au ven.)<\/li>\n<\/ul>\n<\/li>\n<\/ul>\n<\/li>\n\n\n\n<li><strong>Gare Centrale<\/strong> \ud83d\ude89\n<ul class=\"wp-block-list\">\n<li><strong>Services :<\/strong> Information \u2013 Conseils \u2013 Ventes \u2013 Espace Abonnements<\/li>\n\n\n\n<li><strong>Heures d&rsquo;ouverture :<\/strong>\n<ul class=\"wp-block-list\">\n<li>Lun. au ven. : 7h \u00e0 21h<\/li>\n\n\n\n<li>Sam. : 8h \u00e0 20h<\/li>\n\n\n\n<li>Dim. &amp; jours f\u00e9ri\u00e9s : 10h \u00e0 17h<\/li>\n<\/ul>\n<\/li>\n<\/ul>\n<\/li>\n\n\n\n<li><strong>A\u00e9roport<\/strong> \u2708\ufe0f\n<ul class=\"wp-block-list\">\n<li><strong>Services :<\/strong> Information \u2013 Conseils \u2013 Ventes \u2013 Espace Abonnements<\/li>\n\n\n\n<li><strong>Heures d&rsquo;ouverture :<\/strong>\n<ul class=\"wp-block-list\">\n<li>Lun. au ven. : 7h \u00e0 21h<\/li>\n\n\n\n<li>Sam. : 8h \u00e0 20h<\/li>\n\n\n\n<li>Dim. &amp; jours f\u00e9ri\u00e9s : 10h \u00e0 17h<\/li>\n<\/ul>\n<\/li>\n<\/ul>\n<\/li>\n\n\n\n<li><strong>Campus Marthe Gautier<\/strong> \ud83d\udc69\u200d\ud83c\udfeb\n<ul class=\"wp-block-list\">\n<li><strong>Services :<\/strong> Information \u2013 Conseils \u2013 Ventes \u2013 Espace Abonnements<\/li>\n\n\n\n<li><strong>Heures d&rsquo;ouverture :<\/strong>\n<ul class=\"wp-block-list\">\n<li>Lun. au ven. : 7h \u00e0 21h<\/li>\n\n\n\n<li>Sam. : 8h \u00e0 20h<\/li>\n\n\n\n<li>Dim. &amp; jours f\u00e9ri\u00e9s : 10h \u00e0 17h<\/li>\n<\/ul>\n<\/li>\n<\/ul>\n<\/li>\n\n\n\n<li><strong>Campus Alan Turing<\/strong> \ud83d\udcbb\n<ul class=\"wp-block-list\">\n<li><strong>Services :<\/strong> Information \u2013 Conseils \u2013 Ventes \u2013 Espace Abonnements<\/li>\n\n\n\n<li><strong>Heures d&rsquo;ouverture :<\/strong>\n<ul class=\"wp-block-list\">\n<li>Lun. au ven. : 9h \u00e0 19h<\/li>\n\n\n\n<li>Sam. : 10h \u00e0 18h<\/li>\n\n\n\n<li>Ferm\u00e9 le dimanche<\/li>\n\n\n\n<li>Le 1er jour du mois : 7h \u00e0 20h<\/li>\n<\/ul>\n<\/li>\n<\/ul>\n<\/li>\n\n\n\n<li><strong>Place de l&rsquo;Europe<\/strong> \ud83c\uddea\ud83c\uddfa\n<ul class=\"wp-block-list\">\n<li><strong>Services :<\/strong> Information \u2013 Conseils \u2013 Ventes \u2013 Espace Abonnements<\/li>\n\n\n\n<li><strong>Heures d&rsquo;ouverture :<\/strong>\n<ul class=\"wp-block-list\">\n<li>Lun. au ven. : 7h \u00e0 21h<\/li>\n\n\n\n<li>Sam. : 8h \u00e0 20h<\/li>\n\n\n\n<li>Dim. &amp; jours f\u00e9ri\u00e9s : 10h \u00e0 17h<\/li>\n<\/ul>\n<\/li>\n<\/ul>\n<\/li>\n<\/ul>\n\n\n\n<hr class=\"wp-block-separator has-alpha-channel-opacity\" \/>\n\n\n\n<h3 class=\"wp-block-heading\">\ud83c\udfe1 Agences P\u00e9riurbaines<\/h3>\n\n\n\n<p>Ces agences se concentrent principalement sur l&rsquo;information.<\/p>\n\n\n\n<ul class=\"wp-block-list\">\n<li><strong>Clorent &#8211; Place du March\u00e9<\/strong> \ud83c\udf4e\n<ul class=\"wp-block-list\">\n<li><strong>Services :<\/strong> Information<\/li>\n\n\n\n<li><strong>Heures d&rsquo;ouverture :<\/strong>\n<ul class=\"wp-block-list\">\n<li>Lun. au ven. : 10h \u00e0 18h<\/li>\n\n\n\n<li>Sam. : 11h \u00e0 17h<\/li>\n\n\n\n<li>Ferm\u00e9 le dimanche<\/li>\n\n\n\n<li>Le 1er jour du mois (sauf dim. ou jour f\u00e9ri\u00e9) : 7h \u00e0 20h<\/li>\n<\/ul>\n<\/li>\n<\/ul>\n<\/li>\n<\/ul>\n\n\n\n<hr class=\"wp-block-separator has-alpha-channel-opacity\" \/>\n\n\n\n<h3 class=\"wp-block-heading\">\ud83d\udee3\ufe0f Agences Interurbaines<\/h3>\n\n\n\n<p>Ces agences fournissent \u00e9galement des informations, avec des horaires sp\u00e9cifiques.<\/p>\n\n\n\n<ul class=\"wp-block-list\">\n<li><strong>Lusignol &#8211; Gare<\/strong> \ud83d\udee4\ufe0f\n<ul class=\"wp-block-list\">\n<li><strong>Services :<\/strong> Information<\/li>\n\n\n\n<li><strong>Heures d&rsquo;ouverture :<\/strong>\n<ul class=\"wp-block-list\">\n<li>Lun. au ven. : 10h \u00e0 18h<\/li>\n\n\n\n<li>Ferm\u00e9 le samedi et le dimanche<\/li>\n\n\n\n<li>Le 1er jour du mois (sauf dim. ou jour f\u00e9ri\u00e9) : 7h \u00e0 20h<\/li>\n<\/ul>\n<\/li>\n<\/ul>\n<\/li>\n\n\n\n<li><strong>Asquillay &#8211; Boulevard de l&rsquo;Humanit\u00e9<\/strong> \ud83c\udf33\n<ul class=\"wp-block-list\">\n<li><strong>Services :<\/strong> Information<\/li>\n\n\n\n<li><strong>Heures d&rsquo;ouverture :<\/strong>\n<ul class=\"wp-block-list\">\n<li>Lun. au ven. : 10h \u00e0 18h<\/li>\n\n\n\n<li>Ferm\u00e9 le samedi et le dimanche<\/li>\n\n\n\n<li>Le 1er jour du mois (sauf dim. ou jour f\u00e9ri\u00e9) : 7h \u00e0 20h<\/li>\n<\/ul>\n<\/li>\n<\/ul>\n<\/li>\n<\/ul>\n","protected":false},"excerpt":{"rendered":"<p>Vos agences, leurs horaires : Tout en temps r\u00e9el ! Fini les d\u00e9placements inutiles ! D\u00e9sormais, consulter les horaires de vos agences en temps r\u00e9el est une r\u00e9alit\u00e9. Que ce soit pour une banque, un service public ou un commerce, cette fonctionnalit\u00e9 vous offre une flexibilit\u00e9 in\u00e9dite. Gagnez du temps [&hellip;]<\/p>\n","protected":false},"author":6,"featured_media":0,"parent":0,"menu_order":0,"comment_status":"closed","ping_status":"closed","template":"","meta":{"footnotes":""},"class_list":["post-1549","page","type-page","status-publish","hentry"],"_links":{"self":[{"href":"https:\/\/seal.transport-manager.net\/flosouris_yt\/wp-json\/wp\/v2\/pages\/1549","targetHints":{"allow":["GET"]}}],"collection":[{"href":"https:\/\/seal.transport-manager.net\/flosouris_yt\/wp-json\/wp\/v2\/pages"}],"about":[{"href":"https:\/\/seal.transport-manager.net\/flosouris_yt\/wp-json\/wp\/v2\/types\/page"}],"author":[{"embeddable":true,"href":"https:\/\/seal.transport-manager.net\/flosouris_yt\/wp-json\/wp\/v2\/users\/6"}],"replies":[{"embeddable":true,"href":"https:\/\/seal.transport-manager.net\/flosouris_yt\/wp-json\/wp\/v2\/comments?post=1549"}],"version-history":[{"count":31,"href":"https:\/\/seal.transport-manager.net\/flosouris_yt\/wp-json\/wp\/v2\/pages\/1549\/revisions"}],"predecessor-version":[{"id":5252,"href":"https:\/\/seal.transport-manager.net\/flosouris_yt\/wp-json\/wp\/v2\/pages\/1549\/revisions\/5252"}],"wp:attachment":[{"href":"https:\/\/seal.transport-manager.net\/flosouris_yt\/wp-json\/wp\/v2\/media?parent=1549"}],"curies":[{"name":"wp","href":"https:\/\/api.w.org\/{rel}","templated":true}]}}