{"id":1572,"date":"2022-03-11T19:18:31","date_gmt":"2022-03-11T18:18:31","guid":{"rendered":"https:\/\/seal.transport-manager.net\/flosouris_yt\/?page_id=1572"},"modified":"2025-05-27T17:48:16","modified_gmt":"2025-05-27T15:48:16","slug":"ligne-61-gare-de-louest-parc-jolimont","status":"publish","type":"page","link":"https:\/\/seal.transport-manager.net\/flosouris_yt\/%f0%9f%93%8d-les-lignes-urbaines-le-coeur-de-notre-reseau\/ligne-61-gare-de-louest-parc-jolimont\/","title":{"rendered":"Ligne 61 : Gare de l\u2019Ouest \ud83d\ude89 \u2194 Parc Jolimont \ud83c\udfde\ufe0f"},"content":{"rendered":"\n<p>La Ligne 61 est une ligne pratique offrant un acc\u00e8s facile au parc, reliant la <strong>Gare de l\u2019Ouest<\/strong> \ud83d\ude89 au <strong>Parc Jolimont<\/strong> \ud83c\udfde\ufe0f.<\/p>\n<p>Longue de <strong>8,5 km<\/strong>, cette ligne vous transporte en environ <strong>32 minutes<\/strong> et dessert <strong>27 arr\u00eats<\/strong>. Pour vos d\u00e9placements, nous utilisons <strong>5 midibus Man Lion\u2019s City 10 E<\/strong>, adapt\u00e9s aux trajets urbains et p\u00e9riurbains.<\/p>\n&#8212;\n\n<h3>\ud83d\uddfa\ufe0f Plan de la ligne<\/h3>\n<figure class=\"wp-block-image aligncenter size-large\"><img decoding=\"async\" src=\"https:\/\/transport-manager.net\/assets\/img\/lignes\/N5_L61_trans1.png\" alt=\"Plan de la ligne 61\" \/><\/figure>\n&#8212;\n\n<h3>\ud83d\udcca Fr\u00e9quences de Passage (en minutes)<\/h3>\n<p>D\u00e9couvrez nos horaires d\u00e9taill\u00e9s pour planifier au mieux vos trajets. \u23f0<\/p>\n<h4>Du Lundi au Vendredi (P\u00e9riode Scolaire) \ud83c\udfeb<\/h4>\n<figure class=\"wp-block-table aligncenter\">\n<table style=\"width:100%\">\n<thead>\n<tr>\n<th style=\"text-align:center\">Horaires<\/th>\n<th style=\"text-align:center\">06h \u00e0 07h<\/th>\n<th style=\"text-align:center\">07h \u00e0 09h<\/th>\n<th style=\"text-align:center\">09h \u00e0 12h<\/th>\n<th style=\"text-align:center\">12h \u00e0 14h<\/th>\n<th style=\"text-align:center\">14h \u00e0 16h<\/th>\n<th style=\"text-align:center\">16h \u00e0 18h<\/th>\n<th style=\"text-align:center\">18h \u00e0 21h<\/th>\n<\/tr>\n<\/thead>\n<tbody>\n<tr>\n<td style=\"text-align:center\"><strong>Fr\u00e9quences<\/strong><\/td>\n<td style=\"text-align:center\">21&prime;<\/td>\n<td style=\"text-align:center\">13&prime;<\/td>\n<td style=\"text-align:center\">21&prime;<\/td>\n<td style=\"text-align:center\">13&prime;<\/td>\n<td style=\"text-align:center\">21&prime;<\/td>\n<td style=\"text-align:center\">13&prime;<\/td>\n<td style=\"text-align:center\">21&prime;<\/td>\n<\/tr>\n<\/tbody>\n<\/table>\n<\/figure>\n<h4>Du Lundi au Vendredi (Vacances Scolaires) \ud83c\udfd6\ufe0f<\/h4>\n<figure class=\"wp-block-table aligncenter\">\n<table style=\"width:100%\">\n<thead>\n<tr>\n<th style=\"text-align:center\">Horaires<\/th>\n<th style=\"text-align:center\">06h \u00e0 07h<\/th>\n<th style=\"text-align:center\">07h \u00e0 09h<\/th>\n<th style=\"text-align:center\">09h \u00e0 12h<\/th>\n<th style=\"text-align:center\">12h \u00e0 14h<\/th>\n<th style=\"text-align:center\">14h \u00e0 16h<\/th>\n<th style=\"text-align:center\">16h \u00e0 18h<\/th>\n<th style=\"text-align:center\">18h \u00e0 21h<\/th>\n<\/tr>\n<\/thead>\n<tbody>\n<tr>\n<td style=\"text-align:center\"><strong>Fr\u00e9quences<\/strong><\/td>\n<td style=\"text-align:center\">21&prime;<\/td>\n<td style=\"text-align:center\">16&prime;<\/td>\n<td style=\"text-align:center\">21&prime;<\/td>\n<td style=\"text-align:center\">16&prime;<\/td>\n<td style=\"text-align:center\">21&prime;<\/td>\n<td style=\"text-align:center\">16&prime;<\/td>\n<td style=\"text-align:center\">21&prime;<\/td>\n<\/tr>\n<\/tbody>\n<\/table>\n<\/figure>\n<h4>Le Samedi \ud83d\udcda<\/h4>\n<figure class=\"wp-block-table aligncenter\">\n<table style=\"width:100%\">\n<thead>\n<tr>\n<th style=\"text-align:center\">Horaires<\/th>\n<th style=\"text-align:center\">10h \u00e0 19h<\/th>\n<\/tr>\n<\/thead>\n<tbody>\n<tr>\n<td style=\"text-align:center\"><strong>Fr\u00e9quences<\/strong><\/td>\n<td style=\"text-align:center\">21&prime;<\/td>\n<\/tr>\n<\/tbody>\n<\/table>\n<\/figure>\n&#8212;\n\n<h3>\ud83d\uddfa\ufe0f Plan du r\u00e9seau<\/h3>\n<figure class=\"wp-block-image aligncenter size-large\"><img decoding=\"async\" src=\"https:\/\/transport-manager.net\/assets\/img\/lignes\/Plan_N5.png\" alt=\"Plan du r\u00e9seau FTE\" \/><\/figure>\n","protected":false},"excerpt":{"rendered":"<p>La Ligne 61 est une ligne pratique offrant un acc\u00e8s facile au parc, reliant la Gare de l\u2019Ouest \ud83d\ude89 au Parc Jolimont \ud83c\udfde\ufe0f. Longue de 8,5 km, cette ligne vous transporte en environ 32 minutes et dessert 27 arr\u00eats. Pour vos d\u00e9placements, nous utilisons 5 midibus Man Lion\u2019s City 10 [&hellip;]<\/p>\n","protected":false},"author":6,"featured_media":4092,"parent":1289,"menu_order":0,"comment_status":"closed","ping_status":"closed","template":"","meta":{"footnotes":""},"class_list":["post-1572","page","type-page","status-publish","has-post-thumbnail","hentry"],"_links":{"self":[{"href":"https:\/\/seal.transport-manager.net\/flosouris_yt\/wp-json\/wp\/v2\/pages\/1572","targetHints":{"allow":["GET"]}}],"collection":[{"href":"https:\/\/seal.transport-manager.net\/flosouris_yt\/wp-json\/wp\/v2\/pages"}],"about":[{"href":"https:\/\/seal.transport-manager.net\/flosouris_yt\/wp-json\/wp\/v2\/types\/page"}],"author":[{"embeddable":true,"href":"https:\/\/seal.transport-manager.net\/flosouris_yt\/wp-json\/wp\/v2\/users\/6"}],"replies":[{"embeddable":true,"href":"https:\/\/seal.transport-manager.net\/flosouris_yt\/wp-json\/wp\/v2\/comments?post=1572"}],"version-history":[{"count":31,"href":"https:\/\/seal.transport-manager.net\/flosouris_yt\/wp-json\/wp\/v2\/pages\/1572\/revisions"}],"predecessor-version":[{"id":4993,"href":"https:\/\/seal.transport-manager.net\/flosouris_yt\/wp-json\/wp\/v2\/pages\/1572\/revisions\/4993"}],"up":[{"embeddable":true,"href":"https:\/\/seal.transport-manager.net\/flosouris_yt\/wp-json\/wp\/v2\/pages\/1289"}],"wp:featuredmedia":[{"embeddable":true,"href":"https:\/\/seal.transport-manager.net\/flosouris_yt\/wp-json\/wp\/v2\/media\/4092"}],"wp:attachment":[{"href":"https:\/\/seal.transport-manager.net\/flosouris_yt\/wp-json\/wp\/v2\/media?parent=1572"}],"curies":[{"name":"wp","href":"https:\/\/api.w.org\/{rel}","templated":true}]}}