{"id":165,"date":"2021-09-17T00:00:00","date_gmt":"2021-09-16T22:00:00","guid":{"rendered":"https:\/\/seal.transport-manager.net\/flosourisyt\/?page_id=165"},"modified":"2025-10-20T17:35:41","modified_gmt":"2025-10-20T15:35:41","slug":"notre-reseau-de-transport-flotransport","status":"publish","type":"page","link":"https:\/\/seal.transport-manager.net\/flosouris_yt\/notre-reseau-de-transport-flotransport\/","title":{"rendered":"\ud83d\uddfa\ufe0f Notre R\u00e9seau de Transport FloTransport"},"content":{"rendered":"\n<p>D\u00e9couvrez l&rsquo;\u00e9tendue et la diversit\u00e9 des lignes qui composent le r\u00e9seau FloTransport, ainsi que ses \u00e9tapes de croissance. Le plan g\u00e9n\u00e9ral du r\u00e9seau est d&rsquo;ailleurs disponible !<\/p>\n\n\n\n<div class=\"wp-block-file\"><a id=\"wp-block-file--media-d9cfb0a4-d7c5-4108-a6f2-9fa2fbc2700c\" href=\"https:\/\/seal.transport-manager.net\/flosouris_yt\/wp-content\/uploads\/sites\/6\/2025\/08\/Plan-FTE-Septembre-2025-General-compresse.pdf\">Plan FTE Septembre 2025 &#8211; G\u00e9n\u00e9ral-compress\u00e9<\/a><a href=\"https:\/\/seal.transport-manager.net\/flosouris_yt\/wp-content\/uploads\/sites\/6\/2025\/08\/Plan-FTE-Septembre-2025-General-compresse.pdf\" class=\"wp-block-file__button wp-element-button\" download aria-describedby=\"wp-block-file--media-d9cfb0a4-d7c5-4108-a6f2-9fa2fbc2700c\">T\u00e9l\u00e9charger<\/a><\/div>\n\n\n\n<h3 class=\"wp-block-heading\">\ud83d\udccd Les Lignes Urbaines<\/h3>\n\n\n\n<p>Le c\u0153ur de notre r\u00e9seau s&rsquo;articule autour des zones denses et dynamiques, offrant une couverture compl\u00e8te des besoins en mobilit\u00e9 urbaine.<\/p>\n\n\n\n<ul class=\"wp-block-list\">\n<li><strong>1 ligne de tramway<\/strong> \ud83d\ude8b<\/li>\n\n\n\n<li><strong>3 lignes LHNS<\/strong> (Ligne \u00e0 Haut Niveau de Service) \ud83d\ude80<\/li>\n\n\n\n<li><strong>14 lignes Principales<\/strong> \ud83d\udee3\ufe0f<\/li>\n\n\n\n<li><strong>6 lignes Secondaires<\/strong> \ud83d\udee4\ufe0f<\/li>\n\n\n\n<li><strong>3 lignes TAD<\/strong> (Transport \u00c0 la Demande) \ud83d\ude90<\/li>\n\n\n\n<li>Des <strong>lignes Sp\u00e9ciales<\/strong> sont mises en place en fonction des \u00e9v\u00e9nements majeurs au sein de la m\u00e9tropole \ud83c\udf89<\/li>\n<\/ul>\n\n\n\n<p><em>Les plans d\u00e9taill\u00e9s du r\u00e9seau urbain sont disponibles dans nos agences commerciales.<\/em><\/p>\n\n\n\n<figure class=\"wp-block-image size-large\"><img decoding=\"async\" src=\"https:\/\/i.postimg.cc\/fLC3y4b9\/Plan-FTE-Septembre-2025-Urbain.png\" alt=\"\" \/><\/figure>\n\n\n\n<div class=\"wp-block-file\"><a id=\"wp-block-file--media-d09509f4-d5d5-42c5-9822-1399f297956b\" href=\"https:\/\/seal.transport-manager.net\/flosouris_yt\/wp-content\/uploads\/sites\/6\/2025\/08\/Plan-FTE-Septembre-2025-Urbain.pdf\">Plan FTE Septembre 2025 &#8211; Urbain<\/a><a href=\"https:\/\/seal.transport-manager.net\/flosouris_yt\/wp-content\/uploads\/sites\/6\/2025\/08\/Plan-FTE-Septembre-2025-Urbain.pdf\" class=\"wp-block-file__button wp-element-button\" download aria-describedby=\"wp-block-file--media-d09509f4-d5d5-42c5-9822-1399f297956b\">T\u00e9l\u00e9charger<\/a><\/div>\n\n\n\n<h3 class=\"wp-block-heading\">\ud83c\udf33 Les Lignes P\u00e9riurbaines<\/h3>\n\n\n\n<p>Ces lignes assurent la connexion entre les centres urbains et les zones r\u00e9sidentielles p\u00e9riph\u00e9riques, facilitant les d\u00e9placements quotidiens. (exploitant : FloTransport Evasion <img loading=\"lazy\" decoding=\"async\" width=\"500\" height=\"500\" class=\"wp-image-4798\" style=\"width: 15px\" src=\"https:\/\/seal.transport-manager.net\/flosouris_yt\/wp-content\/uploads\/sites\/6\/2025\/03\/Sans-titre-2.png\" alt=\"\" srcset=\"https:\/\/seal.transport-manager.net\/flosouris_yt\/wp-content\/uploads\/sites\/6\/2025\/03\/Sans-titre-2.png 500w, https:\/\/seal.transport-manager.net\/flosouris_yt\/wp-content\/uploads\/sites\/6\/2025\/03\/Sans-titre-2-300x300.png 300w, https:\/\/seal.transport-manager.net\/flosouris_yt\/wp-content\/uploads\/sites\/6\/2025\/03\/Sans-titre-2-150x150.png 150w\" sizes=\"auto, (max-width: 500px) 100vw, 500px\" \/>)<\/p>\n\n\n\n<ul class=\"wp-block-list\">\n<li><strong>6 lignes r\u00e9guli\u00e8res<\/strong> en connexion avec la m\u00e9tropole \ud83d\ude8c<\/li>\n\n\n\n<li><strong>1 ligne r\u00e9guli\u00e8re<\/strong> en connexion entre les villages \u2194\ufe0f<\/li>\n\n\n\n<li><strong>3 lignes scolaires<\/strong> \ud83c\udfeb<\/li>\n\n\n\n<li>Des <strong>lignes sp\u00e9ciales<\/strong> sont \u00e9galement activ\u00e9es pour les \u00e9v\u00e9nements sp\u00e9cifiques de la m\u00e9tropole \ud83c\udf88<\/li>\n<\/ul>\n\n\n\n<p><em>Les plans du r\u00e9seau p\u00e9riurbain sont \u00e0 votre disposition dans nos agences commerciales.<\/em><\/p>\n\n\n\n<figure class=\"wp-block-image size-large\"><img decoding=\"async\" src=\"https:\/\/i.postimg.cc\/1tsnyRyS\/Plan-FTE-Septembre-2025-P-ru-Urbain.png\" alt=\"\" \/><\/figure>\n\n\n\n<div class=\"wp-block-file\"><a id=\"wp-block-file--media-d88822e9-cd73-4bdd-8870-a64ac5d20f0e\" href=\"https:\/\/seal.transport-manager.net\/flosouris_yt\/wp-content\/uploads\/sites\/6\/2025\/08\/Plan-FTE-Septembre-2025-Peri-Urbain.pdf\">Plan FTE Septembre 2025 &#8211; P\u00e9ri-Urbain<\/a><a href=\"https:\/\/seal.transport-manager.net\/flosouris_yt\/wp-content\/uploads\/sites\/6\/2025\/08\/Plan-FTE-Septembre-2025-Peri-Urbain.pdf\" class=\"wp-block-file__button wp-element-button\" download aria-describedby=\"wp-block-file--media-d88822e9-cd73-4bdd-8870-a64ac5d20f0e\">T\u00e9l\u00e9charger<\/a><\/div>\n\n\n\n<h3 class=\"wp-block-heading\">\ud83c\udf0d Les Lignes Interurbaines<\/h3>\n\n\n\n<p>Nos lignes interurbaines relient les villes et les communaut\u00e9s sur de plus longues distances, avec des options adapt\u00e9es aux besoins vari\u00e9s. (exploitant : FloTransport Evasion <img loading=\"lazy\" decoding=\"async\" width=\"500\" height=\"500\" class=\"wp-image-4798\" style=\"width: 15px\" src=\"https:\/\/seal.transport-manager.net\/flosouris_yt\/wp-content\/uploads\/sites\/6\/2025\/03\/Sans-titre-2.png\" alt=\"\" srcset=\"https:\/\/seal.transport-manager.net\/flosouris_yt\/wp-content\/uploads\/sites\/6\/2025\/03\/Sans-titre-2.png 500w, https:\/\/seal.transport-manager.net\/flosouris_yt\/wp-content\/uploads\/sites\/6\/2025\/03\/Sans-titre-2-300x300.png 300w, https:\/\/seal.transport-manager.net\/flosouris_yt\/wp-content\/uploads\/sites\/6\/2025\/03\/Sans-titre-2-150x150.png 150w\" sizes=\"auto, (max-width: 500px) 100vw, 500px\" \/>)<\/p>\n\n\n\n<ul class=\"wp-block-list\">\n<li><strong>6 lignes r\u00e9guli\u00e8res<\/strong> en connexion avec la m\u00e9tropole \ud83d\udee3\ufe0f<\/li>\n\n\n\n<li><strong>1 ligne r\u00e9guli\u00e8re<\/strong> en connexion entre les villages \u27a1\ufe0f<\/li>\n\n\n\n<li><strong>3 lignes scolaires<\/strong> \ud83c\udf92<\/li>\n\n\n\n<li><strong>1 ligne TAD<\/strong> (Transport \u00c0 la Demande) \ud83d\ude90<\/li>\n\n\n\n<li>Des <strong>lignes sp\u00e9ciales<\/strong> sont pr\u00e9vues pour les \u00e9v\u00e9nements exceptionnels au sein de la m\u00e9tropole \ud83c\udf8a<\/li>\n<\/ul>\n\n\n\n<p><em>Les plans du r\u00e9seau interurbain sont disponibles dans nos agences commerciales.<\/em><\/p>\n\n\n\n<figure class=\"wp-block-image size-large\"><img decoding=\"async\" src=\"https:\/\/i.postimg.cc\/PJqC86LF\/Plan-FTE-Septembre-2025-Interurbain.png\" alt=\"\" \/><\/figure>\n\n\n\n<div class=\"wp-block-file\"><a id=\"wp-block-file--media-67547f86-dfe3-40d7-933e-fca9d71481d1\" href=\"https:\/\/seal.transport-manager.net\/flosouris_yt\/wp-content\/uploads\/sites\/6\/2025\/08\/Plan-FTE-Septembre-2025-Interurbain.pdf\">Plan FTE Septembre 2025 &#8211; Interurbain<\/a><a href=\"https:\/\/seal.transport-manager.net\/flosouris_yt\/wp-content\/uploads\/sites\/6\/2025\/08\/Plan-FTE-Septembre-2025-Interurbain.pdf\" class=\"wp-block-file__button wp-element-button\" download aria-describedby=\"wp-block-file--media-67547f86-dfe3-40d7-933e-fca9d71481d1\">T\u00e9l\u00e9charger<\/a><\/div>\n\n\n\n<h3 class=\"wp-block-heading\">\ud83c\udf19 Les Lignes Nocturnes<\/h3>\n\n\n\n<p>Nos lignes de nuit transforment vos d\u00e9placements en soir\u00e9e, offrant une s\u00e9r\u00e9nit\u00e9 et une connexion unique lorsque le jour s&rsquo;\u00e9teint.<\/p>\n\n\n\n<ul class=\"wp-block-list\">\n<li><strong>3 lignes PL<\/strong> <strong>(Pleine Lune)<\/strong> illuminent la nuit pour vos retours et sorties \ud83c\udf19<\/li>\n\n\n\n<li>Des <strong>lignes sp\u00e9ciales<\/strong> sont con\u00e7ues pour accompagner les moments d&rsquo;exception et les grands \u00e9v\u00e9nements de la m\u00e9tropole \ud83e\udd42<\/li>\n<\/ul>\n\n\n\n<p><em>Les plans du r\u00e9seau nocturne, v\u00e9ritables cartes de l&rsquo;ombre et de la lumi\u00e8re, sont disponibles dans nos agences commerciales.<\/em><\/p>\n\n\n\n<figure class=\"wp-block-image size-large\"><img decoding=\"async\" src=\"https:\/\/i.postimg.cc\/QMpKLKGS\/Plan-FTE-Septembre-2025-Nocturne.png\" alt=\"\" \/><\/figure>\n\n\n\n<div class=\"wp-block-file\"><a id=\"wp-block-file--media-41e6de4d-e587-460b-84fe-108f71b62235\" href=\"https:\/\/seal.transport-manager.net\/flosouris_yt\/wp-content\/uploads\/sites\/6\/2025\/07\/Plan-FTE-Septembre-2025-Nocturne.pdf\">Plan FTE Septembre 2025 &#8211; Nocturne<\/a><a href=\"https:\/\/seal.transport-manager.net\/flosouris_yt\/wp-content\/uploads\/sites\/6\/2025\/07\/Plan-FTE-Septembre-2025-Nocturne.pdf\" class=\"wp-block-file__button wp-element-button\" download aria-describedby=\"wp-block-file--media-41e6de4d-e587-460b-84fe-108f71b62235\">T\u00e9l\u00e9charger<\/a><\/div>\n\n\n\n<hr class=\"wp-block-separator has-alpha-channel-opacity\" \/>\n\n\n\n<h3 class=\"wp-block-heading\">\ud83d\udcc8 L&rsquo;\u00c9volution du R\u00e9seau<\/h3>\n\n\n\n<p>Le r\u00e9seau FloTransport est en constante expansion, avec des phases de d\u00e9veloppement planifi\u00e9es pour am\u00e9liorer et \u00e9tendre nos services.<\/p>\n\n\n\n<ul class=\"wp-block-list\">\n<li><strong>Niveau 1 :<\/strong> 24 janvier 2021<\/li>\n\n\n\n<li><strong>Niveau 2 :<\/strong> 18 janvier 2022<\/li>\n\n\n\n<li><strong>Niveau 3 :<\/strong> 19 avril 2022<\/li>\n\n\n\n<li><strong>Niveau 4 :<\/strong> 7 f\u00e9vrier 2023<\/li>\n\n\n\n<li><strong>Niveau 5 :<\/strong> 5 octobre 2024<\/li>\n\n\n\n<li><strong>Niveau 6 :<\/strong> Prochainement&#8230; (date \u00e0 d\u00e9finir)<\/li>\n<\/ul>\n","protected":false},"excerpt":{"rendered":"<p>D\u00e9couvrez l&rsquo;\u00e9tendue et la diversit\u00e9 des lignes qui composent le r\u00e9seau FloTransport, ainsi que ses \u00e9tapes de croissance. Le plan g\u00e9n\u00e9ral du r\u00e9seau est d&rsquo;ailleurs disponible ! \ud83d\udccd Les Lignes Urbaines Le c\u0153ur de notre r\u00e9seau s&rsquo;articule autour des zones denses et dynamiques, offrant une couverture compl\u00e8te des besoins en [&hellip;]<\/p>\n","protected":false},"author":6,"featured_media":4092,"parent":0,"menu_order":0,"comment_status":"closed","ping_status":"closed","template":"","meta":{"footnotes":""},"class_list":["post-165","page","type-page","status-publish","has-post-thumbnail","hentry"],"_links":{"self":[{"href":"https:\/\/seal.transport-manager.net\/flosouris_yt\/wp-json\/wp\/v2\/pages\/165","targetHints":{"allow":["GET"]}}],"collection":[{"href":"https:\/\/seal.transport-manager.net\/flosouris_yt\/wp-json\/wp\/v2\/pages"}],"about":[{"href":"https:\/\/seal.transport-manager.net\/flosouris_yt\/wp-json\/wp\/v2\/types\/page"}],"author":[{"embeddable":true,"href":"https:\/\/seal.transport-manager.net\/flosouris_yt\/wp-json\/wp\/v2\/users\/6"}],"replies":[{"embeddable":true,"href":"https:\/\/seal.transport-manager.net\/flosouris_yt\/wp-json\/wp\/v2\/comments?post=165"}],"version-history":[{"count":84,"href":"https:\/\/seal.transport-manager.net\/flosouris_yt\/wp-json\/wp\/v2\/pages\/165\/revisions"}],"predecessor-version":[{"id":5254,"href":"https:\/\/seal.transport-manager.net\/flosouris_yt\/wp-json\/wp\/v2\/pages\/165\/revisions\/5254"}],"wp:featuredmedia":[{"embeddable":true,"href":"https:\/\/seal.transport-manager.net\/flosouris_yt\/wp-json\/wp\/v2\/media\/4092"}],"wp:attachment":[{"href":"https:\/\/seal.transport-manager.net\/flosouris_yt\/wp-json\/wp\/v2\/media?parent=165"}],"curies":[{"name":"wp","href":"https:\/\/api.w.org\/{rel}","templated":true}]}}