{"id":2297,"date":"2023-02-09T16:34:48","date_gmt":"2023-02-09T15:34:48","guid":{"rendered":"https:\/\/seal.transport-manager.net\/flosouris_yt\/?page_id=2297"},"modified":"2025-10-20T17:36:35","modified_gmt":"2025-10-20T15:36:35","slug":"les-lignes-periurbaines-connecter-la-ville-et-ses-environs","status":"publish","type":"page","link":"https:\/\/seal.transport-manager.net\/flosouris_yt\/les-lignes-periurbaines-connecter-la-ville-et-ses-environs\/","title":{"rendered":"\ud83c\udf33 Les Lignes P\u00e9riurbaines : Connecter la Ville et ses Environs"},"content":{"rendered":"\n<p>Ces lignes, exploit\u00e9es par FloTransport Evasion <img loading=\"lazy\" decoding=\"async\" width=\"500\" height=\"500\" class=\"wp-image-4798\" style=\"width: 15px\" src=\"https:\/\/seal.transport-manager.net\/flosouris_yt\/wp-content\/uploads\/sites\/6\/2025\/03\/Sans-titre-2.png\" alt=\"\" srcset=\"https:\/\/seal.transport-manager.net\/flosouris_yt\/wp-content\/uploads\/sites\/6\/2025\/03\/Sans-titre-2.png 500w, https:\/\/seal.transport-manager.net\/flosouris_yt\/wp-content\/uploads\/sites\/6\/2025\/03\/Sans-titre-2-300x300.png 300w, https:\/\/seal.transport-manager.net\/flosouris_yt\/wp-content\/uploads\/sites\/6\/2025\/03\/Sans-titre-2-150x150.png 150w\" sizes=\"auto, (max-width: 500px) 100vw, 500px\" \/>, assurent la connexion entre les centres urbains et les zones r\u00e9sidentielles p\u00e9riph\u00e9riques, facilitant vos d\u00e9placements quotidiens.<\/p>\n\n\n\n<ul class=\"wp-block-list\">\n<li><strong>6 lignes r\u00e9guli\u00e8res en connexion avec la m\u00e9tropole :<\/strong>\n<ul class=\"wp-block-list\">\n<li><strong>Ligne 101 : H\u00f4tel de R\u00e9gion \u2194 ARRONAY \u2013 Etangs<\/strong>\n<ul class=\"wp-block-list\">\n<li><strong>Description :<\/strong> Longue ligne de 21,2 km en 36 minutes avec 16 arr\u00eats, desservant les zones r\u00e9sidentielles autour des \u00e9tangs.<\/li>\n\n\n\n<li><strong>V\u00e9hicules :<\/strong> 3 bus standard <strong>Mercedes Citaro LE C2<\/strong> et 1 car standard <strong>Iveco Crossway LE 15<\/strong>.<\/li>\n<\/ul>\n<\/li>\n\n\n\n<li><strong>Ligne 102 : Stade \u2194 BRINTE \u2013 Av. de la Libert\u00e9<\/strong>\n<ul class=\"wp-block-list\">\n<li><strong>Description :<\/strong> Ligne de 17,9 km en 27 minutes avec 12 arr\u00eats, reliant le stade \u00e0 une avenue importante.<\/li>\n\n\n\n<li><strong>V\u00e9hicules :<\/strong> 3 bus standard <strong>Mercedes Citaro LE C2<\/strong>.<\/li>\n<\/ul>\n<\/li>\n\n\n\n<li><strong>Ligne 103 : Place de l\u2019Europe \u2194 CLORENT \u2013 Centre de recyclage<\/strong>\n<ul class=\"wp-block-list\">\n<li><strong>Description :<\/strong> Ligne de 10,8 km en 21 minutes avec 8 arr\u00eats, offrant un acc\u00e8s pratique au centre de recyclage.<\/li>\n\n\n\n<li><strong>V\u00e9hicules :<\/strong> 4 bus standard <strong>Mercedes Citaro LE C2<\/strong>.<\/li>\n<\/ul>\n<\/li>\n\n\n\n<li><strong>Ligne 104 : LACANAC \u2013 Place du march\u00e9 \u2194 Science Po<\/strong>\n<ul class=\"wp-block-list\">\n<li><strong>Description :<\/strong> Ligne de 12,3 km en 24 minutes avec 10 arr\u00eats, connectant la place du march\u00e9 \u00e0 l\u2019institut de sciences politiques.<\/li>\n\n\n\n<li><strong>V\u00e9hicules :<\/strong> 4 bus standard <strong>Mercedes Citaro LE C2<\/strong>.<\/li>\n<\/ul>\n<\/li>\n\n\n\n<li><strong>Ligne 105 : Place de l\u2019Europe \u2194 SAVIENS \u2013 \u00c9glise<\/strong>\n<ul class=\"wp-block-list\">\n<li><strong>Description :<\/strong> Tr\u00e8s longue ligne de 29,1 km, environ 50 minutes et 20 arr\u00eats, desservant de nombreuses localit\u00e9s.<\/li>\n\n\n\n<li><strong>V\u00e9hicules :<\/strong> 3 cars standard <strong>Man Lion\u2019s Intercity LE 12<\/strong>.<\/li>\n<\/ul>\n<\/li>\n\n\n\n<li><strong>Ligne 106 : TUTILLUS \u2013 Bureau de poste \u2194 Gare de l\u2019Ouest<\/strong>\n<ul class=\"wp-block-list\">\n<li><strong>Description :<\/strong> Ligne de 13,4 km en 26 minutes avec 11 arr\u00eats, reliant des points de service essentiels.<\/li>\n\n\n\n<li><strong>V\u00e9hicules :<\/strong> 3 bus standard <strong>Mercedes Citaro LE C2<\/strong>.<\/li>\n<\/ul>\n<\/li>\n<\/ul>\n<\/li>\n\n\n\n<li><strong>1 ligne r\u00e9guli\u00e8re en connexion entre les villages \u2194\ufe0f :<\/strong>\n<ul class=\"wp-block-list\">\n<li><strong>Ligne 151 : TUTILLUS \u2013 Bureau de poste \u2194 BRINTE \u2013 Av. de la Libert\u00e9<\/strong>\n<ul class=\"wp-block-list\">\n<li><strong>Description :<\/strong> Ligne de 34,8 km en 52 minutes, avec 21 arr\u00eats, assurant une liaison vitale entre les villages.<\/li>\n\n\n\n<li><strong>V\u00e9hicules :<\/strong> 2 cars standard <strong>Man Lion\u2019s Intercity LE 12<\/strong>.<\/li>\n<\/ul>\n<\/li>\n<\/ul>\n<\/li>\n\n\n\n<li><strong>3 lignes scolaires \ud83c\udf92 :<\/strong>\n<ul class=\"wp-block-list\">\n<li><strong>Ligne 601 : LACANAC \u2013 H\u00f4tel de ville \u2194 Lyc\u00e9e Anne Frank<\/strong>\n<ul class=\"wp-block-list\">\n<li><strong>Description :<\/strong> Ligne d\u00e9di\u00e9e aux scolaires de 13,4 km en 25 minutes, avec 5 arr\u00eats, pour un transport s\u00e9curis\u00e9 des \u00e9l\u00e8ves.<\/li>\n\n\n\n<li><strong>V\u00e9hicules :<\/strong> 4 midicars <strong>Mercedes New Intouro K Hybrid<\/strong>.<\/li>\n<\/ul>\n<\/li>\n\n\n\n<li><strong>Ligne 602 : Coll\u00e8ge Victor Hugo \u2194 LE ROTO \u2013 Av. du Parc<\/strong>\n<ul class=\"wp-block-list\">\n<li><strong>Description :<\/strong> Ligne scolaire de 18,4 km en 30 minutes, avec 7 arr\u00eats, desservant les coll\u00e8ges et les zones r\u00e9sidentielles.<\/li>\n\n\n\n<li><strong>V\u00e9hicules :<\/strong> 1 midicar <strong>Mercedes New Intouro K Hybrid<\/strong> et 2 cars standard <strong>Setra S 531 DT<\/strong>.<\/li>\n<\/ul>\n<\/li>\n\n\n\n<li><strong>Ligne 603 : ARRONAY \u2013 Centre-ville \u2194 Lyc\u00e9e Jean Zay<\/strong>\n<ul class=\"wp-block-list\">\n<li><strong>Description :<\/strong> Ligne scolaire de 23,9 km en 45 minutes, avec 12 arr\u00eats, facilitant l\u2019acc\u00e8s au lyc\u00e9e depuis le centre-ville.<\/li>\n\n\n\n<li><strong>V\u00e9hicules :<\/strong> 2 cars standard <strong>Setra S 531 DT<\/strong> et 1 car standard <strong>Iveco Crossway LE 15<\/strong>.<\/li>\n<\/ul>\n<\/li>\n<\/ul>\n<\/li>\n<\/ul>\n","protected":false},"excerpt":{"rendered":"<p>Ces lignes, exploit\u00e9es par FloTransport Evasion , assurent la connexion entre les centres urbains et les zones r\u00e9sidentielles p\u00e9riph\u00e9riques, facilitant vos d\u00e9placements quotidiens.<\/p>\n","protected":false},"author":6,"featured_media":4107,"parent":0,"menu_order":0,"comment_status":"closed","ping_status":"closed","template":"","meta":{"footnotes":""},"class_list":["post-2297","page","type-page","status-publish","has-post-thumbnail","hentry"],"_links":{"self":[{"href":"https:\/\/seal.transport-manager.net\/flosouris_yt\/wp-json\/wp\/v2\/pages\/2297","targetHints":{"allow":["GET"]}}],"collection":[{"href":"https:\/\/seal.transport-manager.net\/flosouris_yt\/wp-json\/wp\/v2\/pages"}],"about":[{"href":"https:\/\/seal.transport-manager.net\/flosouris_yt\/wp-json\/wp\/v2\/types\/page"}],"author":[{"embeddable":true,"href":"https:\/\/seal.transport-manager.net\/flosouris_yt\/wp-json\/wp\/v2\/users\/6"}],"replies":[{"embeddable":true,"href":"https:\/\/seal.transport-manager.net\/flosouris_yt\/wp-json\/wp\/v2\/comments?post=2297"}],"version-history":[{"count":22,"href":"https:\/\/seal.transport-manager.net\/flosouris_yt\/wp-json\/wp\/v2\/pages\/2297\/revisions"}],"predecessor-version":[{"id":5255,"href":"https:\/\/seal.transport-manager.net\/flosouris_yt\/wp-json\/wp\/v2\/pages\/2297\/revisions\/5255"}],"wp:featuredmedia":[{"embeddable":true,"href":"https:\/\/seal.transport-manager.net\/flosouris_yt\/wp-json\/wp\/v2\/media\/4107"}],"wp:attachment":[{"href":"https:\/\/seal.transport-manager.net\/flosouris_yt\/wp-json\/wp\/v2\/media?parent=2297"}],"curies":[{"name":"wp","href":"https:\/\/api.w.org\/{rel}","templated":true}]}}