{"id":2300,"date":"2023-02-09T16:35:39","date_gmt":"2023-02-09T15:35:39","guid":{"rendered":"https:\/\/seal.transport-manager.net\/flosouris_yt\/?page_id=2300"},"modified":"2025-10-20T17:36:56","modified_gmt":"2025-10-20T15:36:56","slug":"les-lignes-interurbaines-voyager-sur-de-longues-distances","status":"publish","type":"page","link":"https:\/\/seal.transport-manager.net\/flosouris_yt\/les-lignes-interurbaines-voyager-sur-de-longues-distances\/","title":{"rendered":"\ud83c\udf0d Les Lignes Interurbaines : Voyager sur de Longues Distances"},"content":{"rendered":"\n<p>Nos lignes interurbaines, \u00e9galement exploit\u00e9es par <strong>FloTransport Evasion <img loading=\"lazy\" decoding=\"async\" width=\"500\" height=\"500\" class=\"wp-image-4798\" style=\"width: 15px\" src=\"https:\/\/seal.transport-manager.net\/flosouris_yt\/wp-content\/uploads\/sites\/6\/2025\/03\/Sans-titre-2.png\" alt=\"\" srcset=\"https:\/\/seal.transport-manager.net\/flosouris_yt\/wp-content\/uploads\/sites\/6\/2025\/03\/Sans-titre-2.png 500w, https:\/\/seal.transport-manager.net\/flosouris_yt\/wp-content\/uploads\/sites\/6\/2025\/03\/Sans-titre-2-300x300.png 300w, https:\/\/seal.transport-manager.net\/flosouris_yt\/wp-content\/uploads\/sites\/6\/2025\/03\/Sans-titre-2-150x150.png 150w\" sizes=\"auto, (max-width: 500px) 100vw, 500px\" \/><\/strong>, relient les villes et les communaut\u00e9s sur de plus longues distances, avec des options adapt\u00e9es \u00e0 vos besoins vari\u00e9s.<\/p>\n\n\n\n<ul class=\"wp-block-list\">\n<li><strong>6 lignes r\u00e9guli\u00e8res en connexion avec la m\u00e9tropole :<\/strong>\n<ul class=\"wp-block-list\">\n<li><strong>Ligne 201 : Gare de l&rsquo;Ouest \u2194 LUSIGNOL \u2013 Gare<\/strong>\n<ul class=\"wp-block-list\">\n<li><strong>Description :<\/strong> Tr\u00e8s longue ligne de 53,8 km, environ 67 minutes de trajet et 6 arr\u00eats, connectant deux gares majeures.<\/li>\n\n\n\n<li><strong>V\u00e9hicules :<\/strong> 3 cars standard <strong>Mercedes New Intouro Hybrid<\/strong> et 1 car standard <strong>Iveco Crossway LE 15<\/strong>.<\/li>\n<\/ul>\n<\/li>\n\n\n\n<li><strong>Ligne 202 : MINIA \u2013 Gare routi\u00e8re \u2194 Gare de l&rsquo;Ouest<\/strong>\n<ul class=\"wp-block-list\">\n<li><strong>Description :<\/strong> Ligne de 32,8 km en 46 minutes, avec 5 arr\u00eats, pour des liaisons rapides entre gares.<\/li>\n\n\n\n<li><strong>V\u00e9hicules :<\/strong> 2 cars standard <strong>Mercedes New Intouro Hybrid<\/strong>.<\/li>\n<\/ul>\n<\/li>\n\n\n\n<li><strong>Ligne 203 : LUDORGUE \u2013 Mont Ludorgue \u2194 Gare de l&rsquo;Ouest<\/strong>\n<ul class=\"wp-block-list\">\n<li><strong>Description :<\/strong> Ligne de 42,1 km en 62 minutes, avec 5 arr\u00eats, desservant des zones plus \u00e9loign\u00e9es.<\/li>\n\n\n\n<li><strong>V\u00e9hicules :<\/strong> 2 cars standard <strong>Mercedes New Intouro Hybrid<\/strong>.<\/li>\n<\/ul>\n<\/li>\n\n\n\n<li><strong>Ligne 204 : Gare de l&rsquo;Ouest \u2194 ASQUILLAY \u2013 Blvd. de l&rsquo;Humanit\u00e9<\/strong>\n<ul class=\"wp-block-list\">\n<li><strong>Description :<\/strong> Longue ligne de 44,7 km, environ 70 minutes et 8 arr\u00eats, traversant divers paysages.<\/li>\n\n\n\n<li><strong>V\u00e9hicules :<\/strong> 3 cars standard <strong>Iveco Crossway Pop NP<\/strong>.<\/li>\n<\/ul>\n<\/li>\n\n\n\n<li><strong>Ligne 205 : Gare de l&rsquo;Ouest \u2194 ASQUILLAY \u2013 Blvd. de l&rsquo;Humanit\u00e9<\/strong>\n<ul class=\"wp-block-list\">\n<li><strong>Description :<\/strong> Ligne de 30,3 km en 45 minutes, avec 7 arr\u00eats, offrant une alternative rapide.<\/li>\n\n\n\n<li><strong>V\u00e9hicules :<\/strong> 3 cars standard <strong>Man Lion\u2019s Coach<\/strong>.<\/li>\n<\/ul>\n<\/li>\n\n\n\n<li><strong>Ligne 206 : MOURLIN \u2013 Beffroi \u2194 Gare de l&rsquo;Ouest<\/strong>\n<ul class=\"wp-block-list\">\n<li><strong>Description :<\/strong> Ligne de 34,2 km en 48 minutes, avec 5 arr\u00eats, reliant un monument historique \u00e0 la gare.<\/li>\n\n\n\n<li><strong>V\u00e9hicules :<\/strong> 3 cars standard <strong>Man Lion\u2019s Coach<\/strong>.<\/li>\n<\/ul>\n<\/li>\n<\/ul>\n<\/li>\n\n\n\n<li><strong>1 ligne r\u00e9guli\u00e8re en connexion entre les villages \u27a1\ufe0f :<\/strong>\n<ul class=\"wp-block-list\">\n<li><strong>Ligne 251 : MINIA \u2013 Gare routi\u00e8re \u2194 LUSIGNOL \u2013 Gare<\/strong>\n<ul class=\"wp-block-list\">\n<li><strong>Description :<\/strong> Ligne de 44 km en 56 minutes, avec 7 arr\u00eats, assurant le lien entre les communaut\u00e9s rurales.<\/li>\n\n\n\n<li><strong>V\u00e9hicules :<\/strong> 2 cars standard <strong>Setra S 515 HDH<\/strong>.<\/li>\n<\/ul>\n<\/li>\n<\/ul>\n<\/li>\n\n\n\n<li><strong>3 lignes scolaires \ud83c\udf92 :<\/strong>\n<ul class=\"wp-block-list\">\n<li><strong>Ligne 651 : Lyc\u00e9e Karl Marx \u2194 NAUBOURG \u2013 Grand-Place<\/strong>\n<ul class=\"wp-block-list\">\n<li><strong>Description :<\/strong> Ligne scolaire de 37 km en 60 minutes, avec 8 arr\u00eats, pour les \u00e9l\u00e8ves se rendant au lyc\u00e9e.<\/li>\n\n\n\n<li><strong>V\u00e9hicules :<\/strong> 2 midicars <strong>Mercedes New Intouro K Hybrid<\/strong> et 1 car standard <strong>Iveco Crossway LE 15<\/strong>.<\/li>\n<\/ul>\n<\/li>\n\n\n\n<li><strong>Ligne 652 : SALANBOURG \u2013 \u00c9glise Sainte Marie \u2194 Lyc\u00e9e Anne Frank<\/strong>\n<ul class=\"wp-block-list\">\n<li><strong>Description :<\/strong> Ligne scolaire de 23,9 km en 40 minutes, avec 5 arr\u00eats, pour les \u00e9l\u00e8ves habitant pr\u00e8s de l&rsquo;\u00e9glise.<\/li>\n\n\n\n<li><strong>V\u00e9hicules :<\/strong> 1 midicar <strong>Mercedes New Intouro K Hybrid<\/strong> et 1 car standard <strong>Iveco Crossway LE 15<\/strong>.<\/li>\n<\/ul>\n<\/li>\n\n\n\n<li><strong>Ligne 653 : CHATONMEOW \u2013 La Poste \u2194 Lyc\u00e9e Jean Zay<\/strong>\n<ul class=\"wp-block-list\">\n<li><strong>Description :<\/strong> Tr\u00e8s longue ligne scolaire de 60 km, environ 75 minutes et 10 arr\u00eats, desservant une vaste zone rurale pour les \u00e9l\u00e8ves.<\/li>\n\n\n\n<li><strong>V\u00e9hicules :<\/strong> 1 car standard <strong>Setra S 531 DT<\/strong>.<\/li>\n<\/ul>\n<\/li>\n<\/ul>\n<\/li>\n<\/ul>\n","protected":false},"excerpt":{"rendered":"<p>Nos lignes interurbaines, \u00e9galement exploit\u00e9es par FloTransport Evasion , relient les villes et les communaut\u00e9s sur de plus longues distances, avec des options adapt\u00e9es \u00e0 vos besoins vari\u00e9s.<\/p>\n","protected":false},"author":6,"featured_media":4114,"parent":0,"menu_order":0,"comment_status":"closed","ping_status":"closed","template":"","meta":{"footnotes":""},"class_list":["post-2300","page","type-page","status-publish","has-post-thumbnail","hentry"],"_links":{"self":[{"href":"https:\/\/seal.transport-manager.net\/flosouris_yt\/wp-json\/wp\/v2\/pages\/2300","targetHints":{"allow":["GET"]}}],"collection":[{"href":"https:\/\/seal.transport-manager.net\/flosouris_yt\/wp-json\/wp\/v2\/pages"}],"about":[{"href":"https:\/\/seal.transport-manager.net\/flosouris_yt\/wp-json\/wp\/v2\/types\/page"}],"author":[{"embeddable":true,"href":"https:\/\/seal.transport-manager.net\/flosouris_yt\/wp-json\/wp\/v2\/users\/6"}],"replies":[{"embeddable":true,"href":"https:\/\/seal.transport-manager.net\/flosouris_yt\/wp-json\/wp\/v2\/comments?post=2300"}],"version-history":[{"count":22,"href":"https:\/\/seal.transport-manager.net\/flosouris_yt\/wp-json\/wp\/v2\/pages\/2300\/revisions"}],"predecessor-version":[{"id":5256,"href":"https:\/\/seal.transport-manager.net\/flosouris_yt\/wp-json\/wp\/v2\/pages\/2300\/revisions\/5256"}],"wp:featuredmedia":[{"embeddable":true,"href":"https:\/\/seal.transport-manager.net\/flosouris_yt\/wp-json\/wp\/v2\/media\/4114"}],"wp:attachment":[{"href":"https:\/\/seal.transport-manager.net\/flosouris_yt\/wp-json\/wp\/v2\/media?parent=2300"}],"curies":[{"name":"wp","href":"https:\/\/api.w.org\/{rel}","templated":true}]}}