{"id":2309,"date":"2023-02-09T17:12:31","date_gmt":"2023-02-09T16:12:31","guid":{"rendered":"https:\/\/seal.transport-manager.net\/flosouris_yt\/?page_id=2309"},"modified":"2025-05-27T17:25:22","modified_gmt":"2025-05-27T15:25:22","slug":"ligne-13-haute-ville-aeroport","status":"publish","type":"page","link":"https:\/\/seal.transport-manager.net\/flosouris_yt\/%f0%9f%93%8d-les-lignes-urbaines-le-coeur-de-notre-reseau\/ligne-13-haute-ville-aeroport\/","title":{"rendered":"Ligne 13 : Haute-Ville \ud83c\udff0 \u2194 A\u00e9roport \u2708\ufe0f"},"content":{"rendered":"\n<p>La Ligne 13 est votre connexion directe \u00e0 l\u2019<strong>A\u00e9roport<\/strong> \u2708\ufe0f depuis la <strong>Haute-Ville<\/strong> \ud83c\udff0, offrant des voyages facilit\u00e9s pour tous les passagers.<\/p>\n<p>Longue de <strong>6,5 km<\/strong>, cette ligne vous transporte en environ <strong>18 minutes<\/strong> et dessert <strong>15 arr\u00eats<\/strong>. Pour vos d\u00e9placements, nous utilisons <strong>6 bus standard Solaris Urbino 12 IV<\/strong>, des v\u00e9hicules modernes con\u00e7us pour le confort et l&rsquo;efficacit\u00e9.<\/p>\n<h3>\ud83d\uddfa\ufe0f Plan de la ligne<\/h3>\n<figure class=\"wp-block-image aligncenter size-large\"><img decoding=\"async\" src=\"https:\/\/transport-manager.net\/assets\/img\/lignes\/N5_L13_trans1.png\" alt=\"Plan de la ligne 13\" \/><\/figure>\n<h3>\ud83d\udcca Fr\u00e9quences de Passage (en minutes)<\/h3>\n<p>D\u00e9couvrez nos horaires d\u00e9taill\u00e9s pour planifier au mieux vos trajets. \u23f0<\/p>\n<h4>Du Lundi au Vendredi (P\u00e9riode Scolaire) \ud83c\udfeb<\/h4>\n<figure class=\"wp-block-table aligncenter\">\n<table style=\"width:100%\">\n<thead>\n<tr>\n<th style=\"text-align:center\">Horaires<\/th>\n<th style=\"text-align:center\">06h \u00e0 07h<\/th>\n<th style=\"text-align:center\">07h \u00e0 09h<\/th>\n<th style=\"text-align:center\">09h \u00e0 12h<\/th>\n<th style=\"text-align:center\">12h \u00e0 14h<\/th>\n<th style=\"text-align:center\">14h \u00e0 16h<\/th>\n<th style=\"text-align:center\">16h \u00e0 18h<\/th>\n<th style=\"text-align:center\">18h \u00e0 21h<\/th>\n<th style=\"text-align:center\">21h \u00e0 01h<\/th>\n<\/tr>\n<\/thead>\n<tbody>\n<tr>\n<td style=\"text-align:center\"><strong>Fr\u00e9quences<\/strong><\/td>\n<td style=\"text-align:center\">12&prime;<\/td>\n<td style=\"text-align:center\">6&prime;<\/td>\n<td style=\"text-align:center\">12&prime;<\/td>\n<td style=\"text-align:center\">6&prime;<\/td>\n<td style=\"text-align:center\">12&prime;<\/td>\n<td style=\"text-align:center\">6&prime;<\/td>\n<td style=\"text-align:center\">12&prime;<\/td>\n<td style=\"text-align:center\">18&prime;<\/td>\n<\/tr>\n<\/tbody>\n<\/table>\n<\/figure>\n<h4>Du Lundi au Vendredi (Vacances Scolaires) \ud83c\udfd6\ufe0f<\/h4>\n<figure class=\"wp-block-table aligncenter\">\n<table style=\"width:100%\">\n<thead>\n<tr>\n<th style=\"text-align:center\">Horaires<\/th>\n<th style=\"text-align:center\">06h \u00e0 07h<\/th>\n<th style=\"text-align:center\">07h \u00e0 09h<\/th>\n<th style=\"text-align:center\">09h \u00e0 12h<\/th>\n<th style=\"text-align:center\">12h \u00e0 14h<\/th>\n<th style=\"text-align:center\">14h \u00e0 16h<\/th>\n<th style=\"text-align:center\">16h \u00e0 18h<\/th>\n<th style=\"text-align:center\">18h \u00e0 21h<\/th>\n<th style=\"text-align:center\">21h \u00e0 01h<\/th>\n<\/tr>\n<\/thead>\n<tbody>\n<tr>\n<td style=\"text-align:center\"><strong>Fr\u00e9quences<\/strong><\/td>\n<td style=\"text-align:center\">12&prime;<\/td>\n<td style=\"text-align:center\">9&prime;<\/td>\n<td style=\"text-align:center\">12&prime;<\/td>\n<td style=\"text-align:center\">9&prime;<\/td>\n<td style=\"text-align:center\">12&prime;<\/td>\n<td style=\"text-align:center\">9&prime;<\/td>\n<td style=\"text-align:center\">12&prime;<\/td>\n<td style=\"text-align:center\">18&prime;<\/td>\n<\/tr>\n<\/tbody>\n<\/table>\n<\/figure>\n<h4>Le Samedi \ud83d\udcda<\/h4>\n<figure class=\"wp-block-table aligncenter\">\n<table style=\"width:100%\">\n<thead>\n<tr>\n<th style=\"text-align:center\">Horaires<\/th>\n<th style=\"text-align:center\">06h \u00e0 07h<\/th>\n<th style=\"text-align:center\">07h \u00e0 09h<\/th>\n<th style=\"text-align:center\">09h \u00e0 12h<\/th>\n<th style=\"text-align:center\">12h \u00e0 19h<\/th>\n<th style=\"text-align:center\">19h \u00e0 21h<\/th>\n<th style=\"text-align:center\">21h \u00e0 01h<\/th>\n<\/tr>\n<\/thead>\n<tbody>\n<tr>\n<td style=\"text-align:center\"><strong>Fr\u00e9quences<\/strong><\/td>\n<td style=\"text-align:center\">18&prime;<\/td>\n<td style=\"text-align:center\">12&prime;<\/td>\n<td style=\"text-align:center\">18&prime;<\/td>\n<td style=\"text-align:center\">12&prime;<\/td>\n<td style=\"text-align:center\">18&prime;<\/td>\n<td style=\"text-align:center\">18&prime;<\/td>\n<\/tr>\n<\/tbody>\n<\/table>\n<\/figure>\n<h4>Le Dimanche et Jours F\u00e9ri\u00e9s \ud83d\uddd3\ufe0f<\/h4>\n<figure class=\"wp-block-table aligncenter\">\n<table style=\"width:100%\">\n<thead>\n<tr>\n<th style=\"text-align:center\">Horaires<\/th>\n<th style=\"text-align:center\">07h \u00e0 09h<\/th>\n<th style=\"text-align:center\">09h \u00e0 12h<\/th>\n<th style=\"text-align:center\">12h \u00e0 19h<\/th>\n<th style=\"text-align:center\">19h \u00e0 00h<\/th>\n<\/tr>\n<\/thead>\n<tbody>\n<tr>\n<td style=\"text-align:center\"><strong>Fr\u00e9quences<\/strong><\/td>\n<td style=\"text-align:center\">12&prime;<\/td>\n<td style=\"text-align:center\">18&prime;<\/td>\n<td style=\"text-align:center\">12&prime;<\/td>\n<td style=\"text-align:center\">18&prime;<\/td>\n<\/tr>\n<\/tbody>\n<\/table>\n<\/figure>\n<h3>\ud83d\uddfa\ufe0f Plan du r\u00e9seau<\/h3>\n<figure class=\"wp-block-image aligncenter size-large\"><img decoding=\"async\" src=\"https:\/\/transport-manager.net\/assets\/img\/lignes\/Plan_N5.png\" alt=\"Plan du r\u00e9seau FTE\" \/><\/figure>\n","protected":false},"excerpt":{"rendered":"<p>La Ligne 13 est votre connexion directe \u00e0 l\u2019A\u00e9roport \u2708\ufe0f depuis la Haute-Ville \ud83c\udff0, offrant des voyages facilit\u00e9s pour tous les passagers. Longue de 6,5 km, cette ligne vous transporte en environ 18 minutes et dessert 15 arr\u00eats. Pour vos d\u00e9placements, nous utilisons 6 bus standard Solaris Urbino 12 IV, [&hellip;]<\/p>\n","protected":false},"author":6,"featured_media":4092,"parent":1289,"menu_order":0,"comment_status":"closed","ping_status":"closed","template":"","meta":{"footnotes":""},"class_list":["post-2309","page","type-page","status-publish","has-post-thumbnail","hentry"],"_links":{"self":[{"href":"https:\/\/seal.transport-manager.net\/flosouris_yt\/wp-json\/wp\/v2\/pages\/2309","targetHints":{"allow":["GET"]}}],"collection":[{"href":"https:\/\/seal.transport-manager.net\/flosouris_yt\/wp-json\/wp\/v2\/pages"}],"about":[{"href":"https:\/\/seal.transport-manager.net\/flosouris_yt\/wp-json\/wp\/v2\/types\/page"}],"author":[{"embeddable":true,"href":"https:\/\/seal.transport-manager.net\/flosouris_yt\/wp-json\/wp\/v2\/users\/6"}],"replies":[{"embeddable":true,"href":"https:\/\/seal.transport-manager.net\/flosouris_yt\/wp-json\/wp\/v2\/comments?post=2309"}],"version-history":[{"count":16,"href":"https:\/\/seal.transport-manager.net\/flosouris_yt\/wp-json\/wp\/v2\/pages\/2309\/revisions"}],"predecessor-version":[{"id":4985,"href":"https:\/\/seal.transport-manager.net\/flosouris_yt\/wp-json\/wp\/v2\/pages\/2309\/revisions\/4985"}],"up":[{"embeddable":true,"href":"https:\/\/seal.transport-manager.net\/flosouris_yt\/wp-json\/wp\/v2\/pages\/1289"}],"wp:featuredmedia":[{"embeddable":true,"href":"https:\/\/seal.transport-manager.net\/flosouris_yt\/wp-json\/wp\/v2\/media\/4092"}],"wp:attachment":[{"href":"https:\/\/seal.transport-manager.net\/flosouris_yt\/wp-json\/wp\/v2\/media?parent=2309"}],"curies":[{"name":"wp","href":"https:\/\/api.w.org\/{rel}","templated":true}]}}