{"id":2321,"date":"2023-02-09T17:13:10","date_gmt":"2023-02-09T16:13:10","guid":{"rendered":"https:\/\/seal.transport-manager.net\/flosouris_yt\/?page_id=2321"},"modified":"2025-05-27T18:11:09","modified_gmt":"2025-05-27T16:11:09","slug":"ligne-101-hotel-de-region-arronay-etangs","status":"publish","type":"page","link":"https:\/\/seal.transport-manager.net\/flosouris_yt\/les-lignes-periurbaines-connecter-la-ville-et-ses-environs\/ligne-101-hotel-de-region-arronay-etangs\/","title":{"rendered":"Ligne 101 : H\u00f4tel de R\u00e9gion \ud83c\udfe2 \u2194 ARRONAY \u2013 \u00c9tangs \ud83c\udfde\ufe0f"},"content":{"rendered":"\n<p>La Ligne 101 est une longue ligne qui dessert les zones r\u00e9sidentielles autour des \u00e9tangs, reliant l&rsquo;<strong>H\u00f4tel de R\u00e9gion<\/strong> \ud83c\udfe2 \u00e0 <strong>ARRONAY \u2013 \u00c9tangs<\/strong> \ud83c\udfde\ufe0f.<\/p>\n<p>Longue de <strong>21,2 km<\/strong>, cette ligne vous transporte en environ <strong>36 minutes<\/strong> et dessert <strong>16 arr\u00eats<\/strong>. Pour vos d\u00e9placements, nous utilisons <strong>3 bus standard Mercedes Citaro LE C2<\/strong> et <strong>1 car standard Iveco Crossway LE 15<\/strong>, offrant un confort adapt\u00e9 aux trajets plus longs.<\/p>\n&#8212;\n\n<h3>\ud83d\uddfa\ufe0f Plan de la ligne<\/h3>\n<figure class=\"wp-block-image aligncenter size-large\"><img decoding=\"async\" src=\"https:\/\/transport-manager.net\/assets\/img\/lignes\/N5_L101_trans1.png\" alt=\"Plan de la ligne 101\" \/><\/figure>\n&#8212;\n\n<h3>\ud83d\udcca Fr\u00e9quences de Passage (en minutes)<\/h3>\n<p>D\u00e9couvrez nos horaires d\u00e9taill\u00e9s pour planifier au mieux vos trajets. \u23f0<\/p>\n<h4>Du Lundi au Vendredi (P\u00e9riode Scolaire) \ud83c\udfeb<\/h4>\n<figure class=\"wp-block-table aligncenter\">\n<table style=\"width:100%\">\n<thead>\n<tr>\n<th style=\"text-align:center\">Horaires<\/th>\n<th style=\"text-align:center\">06h \u00e0 07h<\/th>\n<th style=\"text-align:center\">07h \u00e0 09h<\/th>\n<th style=\"text-align:center\">09h \u00e0 12h<\/th>\n<th style=\"text-align:center\">12h \u00e0 14h<\/th>\n<th style=\"text-align:center\">14h \u00e0 16h<\/th>\n<th style=\"text-align:center\">16h \u00e0 18h<\/th>\n<th style=\"text-align:center\">18h \u00e0 21h<\/th>\n<th style=\"text-align:center\">21h \u00e0 01h<\/th>\n<\/tr>\n<\/thead>\n<tbody>\n<tr>\n<td style=\"text-align:center\"><strong>Fr\u00e9quences<\/strong><\/td>\n<td style=\"text-align:center\">24&prime;<\/td>\n<td style=\"text-align:center\">18&prime;<\/td>\n<td style=\"text-align:center\">24&prime;<\/td>\n<td style=\"text-align:center\">18&prime;<\/td>\n<td style=\"text-align:center\">24&prime;<\/td>\n<td style=\"text-align:center\">18&prime;<\/td>\n<td style=\"text-align:center\">24&prime;<\/td>\n<td style=\"text-align:center\">72&prime;<\/td>\n<\/tr>\n<\/tbody>\n<\/table>\n<\/figure>\n<h4>Du Lundi au Vendredi (Vacances Scolaires) \ud83c\udfd6\ufe0f<\/h4>\n<figure class=\"wp-block-table aligncenter\">\n<table style=\"width:100%\">\n<thead>\n<tr>\n<th style=\"text-align:center\">Horaires<\/th>\n<th style=\"text-align:center\">06h \u00e0 07h<\/th>\n<th style=\"text-align:center\">07h \u00e0 09h<\/th>\n<th style=\"text-align:center\">09h \u00e0 12h<\/th>\n<th style=\"text-align:center\">12h \u00e0 14h<\/th>\n<th style=\"text-align:center\">14h \u00e0 16h<\/th>\n<th style=\"text-align:center\">16h \u00e0 18h<\/th>\n<th style=\"text-align:center\">18h \u00e0 21h<\/th>\n<th style=\"text-align:center\">21h \u00e0 01h<\/th>\n<\/tr>\n<\/thead>\n<tbody>\n<tr>\n<td style=\"text-align:center\"><strong>Fr\u00e9quences<\/strong><\/td>\n<td style=\"text-align:center\">24&prime;<\/td>\n<td style=\"text-align:center\">24&prime;<\/td>\n<td style=\"text-align:center\">24&prime;<\/td>\n<td style=\"text-align:center\">24&prime;<\/td>\n<td style=\"text-align:center\">24&prime;<\/td>\n<td style=\"text-align:center\">24&prime;<\/td>\n<td style=\"text-align:center\">24&prime;<\/td>\n<td style=\"text-align:center\">72&prime;<\/td>\n<\/tr>\n<\/tbody>\n<\/table>\n<\/figure>\n<h4>Le Samedi \ud83d\udcda<\/h4>\n<figure class=\"wp-block-table aligncenter\">\n<table style=\"width:100%\">\n<thead>\n<tr>\n<th style=\"text-align:center\">Horaires<\/th>\n<th style=\"text-align:center\">06h \u00e0 07h<\/th>\n<th style=\"text-align:center\">07h \u00e0 09h<\/th>\n<th style=\"text-align:center\">09h \u00e0 12h<\/th>\n<th style=\"text-align:center\">12h \u00e0 19h<\/th>\n<th style=\"text-align:center\">19h \u00e0 21h<\/th>\n<th style=\"text-align:center\">21h \u00e0 01h<\/th>\n<\/tr>\n<\/thead>\n<tbody>\n<tr>\n<td style=\"text-align:center\"><strong>Fr\u00e9quences<\/strong><\/td>\n<td style=\"text-align:center\">24&prime;<\/td>\n<td style=\"text-align:center\">18&prime;<\/td>\n<td style=\"text-align:center\">24&prime;<\/td>\n<td style=\"text-align:center\">18&prime;<\/td>\n<td style=\"text-align:center\">24&prime;<\/td>\n<td style=\"text-align:center\">72&prime;<\/td>\n<\/tr>\n<\/tbody>\n<\/table>\n<\/figure>\n<h4>Le Dimanche et Jours F\u00e9ri\u00e9s \ud83d\uddd3\ufe0f<\/h4>\n<figure class=\"wp-block-table aligncenter\">\n<table style=\"width:100%\">\n<thead>\n<tr>\n<th style=\"text-align:center\">Horaires<\/th>\n<th style=\"text-align:center\">07h \u00e0 09h<\/th>\n<th style=\"text-align:center\">09h \u00e0 12h<\/th>\n<th style=\"text-align:center\">12h \u00e0 19h<\/th>\n<th style=\"text-align:center\">19h \u00e0 00h<\/th>\n<\/tr>\n<\/thead>\n<tbody>\n<tr>\n<td style=\"text-align:center\"><strong>Fr\u00e9quences<\/strong><\/td>\n<td style=\"text-align:center\">18&prime;<\/td>\n<td style=\"text-align:center\">72&prime;<\/td>\n<td style=\"text-align:center\">18&prime;<\/td>\n<td style=\"text-align:center\">72&prime;<\/td>\n<\/tr>\n<\/tbody>\n<\/table>\n<\/figure>\n&#8212;\n\n<h3>\ud83d\uddfa\ufe0f Plan du r\u00e9seau<\/h3>\n<figure class=\"wp-block-image aligncenter size-large\"><img decoding=\"async\" src=\"https:\/\/transport-manager.net\/assets\/img\/lignes\/Plan_N5_suburbain.png\" alt=\"Plan du r\u00e9seau FTE Suburbain\" \/><\/figure>\n","protected":false},"excerpt":{"rendered":"<p>La Ligne 101 est une longue ligne qui dessert les zones r\u00e9sidentielles autour des \u00e9tangs, reliant l&rsquo;H\u00f4tel de R\u00e9gion \ud83c\udfe2 \u00e0 ARRONAY \u2013 \u00c9tangs \ud83c\udfde\ufe0f. Longue de 21,2 km, cette ligne vous transporte en environ 36 minutes et dessert 16 arr\u00eats. Pour vos d\u00e9placements, nous utilisons 3 bus standard Mercedes [&hellip;]<\/p>\n","protected":false},"author":6,"featured_media":4107,"parent":2297,"menu_order":0,"comment_status":"closed","ping_status":"closed","template":"","meta":{"footnotes":""},"class_list":["post-2321","page","type-page","status-publish","has-post-thumbnail","hentry"],"_links":{"self":[{"href":"https:\/\/seal.transport-manager.net\/flosouris_yt\/wp-json\/wp\/v2\/pages\/2321","targetHints":{"allow":["GET"]}}],"collection":[{"href":"https:\/\/seal.transport-manager.net\/flosouris_yt\/wp-json\/wp\/v2\/pages"}],"about":[{"href":"https:\/\/seal.transport-manager.net\/flosouris_yt\/wp-json\/wp\/v2\/types\/page"}],"author":[{"embeddable":true,"href":"https:\/\/seal.transport-manager.net\/flosouris_yt\/wp-json\/wp\/v2\/users\/6"}],"replies":[{"embeddable":true,"href":"https:\/\/seal.transport-manager.net\/flosouris_yt\/wp-json\/wp\/v2\/comments?post=2321"}],"version-history":[{"count":17,"href":"https:\/\/seal.transport-manager.net\/flosouris_yt\/wp-json\/wp\/v2\/pages\/2321\/revisions"}],"predecessor-version":[{"id":5002,"href":"https:\/\/seal.transport-manager.net\/flosouris_yt\/wp-json\/wp\/v2\/pages\/2321\/revisions\/5002"}],"up":[{"embeddable":true,"href":"https:\/\/seal.transport-manager.net\/flosouris_yt\/wp-json\/wp\/v2\/pages\/2297"}],"wp:featuredmedia":[{"embeddable":true,"href":"https:\/\/seal.transport-manager.net\/flosouris_yt\/wp-json\/wp\/v2\/media\/4107"}],"wp:attachment":[{"href":"https:\/\/seal.transport-manager.net\/flosouris_yt\/wp-json\/wp\/v2\/media?parent=2321"}],"curies":[{"name":"wp","href":"https:\/\/api.w.org\/{rel}","templated":true}]}}