{"id":2335,"date":"2023-02-09T17:13:56","date_gmt":"2023-02-09T16:13:56","guid":{"rendered":"https:\/\/seal.transport-manager.net\/flosouris_yt\/?page_id=2335"},"modified":"2025-05-27T18:36:05","modified_gmt":"2025-05-27T16:36:05","slug":"ligne-602-college-victor-hugo-le-roto-av-du-parc","status":"publish","type":"page","link":"https:\/\/seal.transport-manager.net\/flosouris_yt\/les-lignes-periurbaines-connecter-la-ville-et-ses-environs\/ligne-602-college-victor-hugo-le-roto-av-du-parc\/","title":{"rendered":"Ligne 602 : Coll\u00e8ge Victor Hugo \ud83c\udfeb \u2194 LE ROTO \u2013 Av. du Parc \ud83c\udf33"},"content":{"rendered":"\n<p>La Ligne 602 est un service de transport scolaire essentiel, desservant le <strong>Coll\u00e8ge Victor Hugo<\/strong> \ud83c\udfeb et les zones r\u00e9sidentielles autour de <strong>LE ROTO \u2013 Av. du Parc<\/strong> \ud83c\udf33.<\/p>\n<p>Longue de <strong>18,4 km<\/strong>, cette ligne vous transporte en environ <strong>30 minutes<\/strong> et dessert <strong>7 arr\u00eats<\/strong>. Pour assurer le transport s\u00e9curis\u00e9 des \u00e9l\u00e8ves, nous utilisons un parc de v\u00e9hicules comprenant <strong>1 midicar Mercedes New Intouro K Hybrid<\/strong> et <strong>2 cars standard Setra S 531 DT<\/strong>.<\/p>\n&#8212;\n\n<h3>\ud83d\uddfa\ufe0f Plan de la ligne<\/h3>\n<figure class=\"wp-block-image aligncenter size-large\"><img decoding=\"async\" src=\"https:\/\/transport-manager.net\/assets\/img\/lignes\/N5_L602_trans1.png\" alt=\"Plan de la ligne 602\" \/><\/figure>\n&#8212;\n\n<h3>\ud83d\udcca Fr\u00e9quences de Passage (P\u00e9riode Scolaire)<\/h3>\n<p>Cette ligne est un service scolaire avec des fr\u00e9quences adapt\u00e9es aux horaires des \u00e9tablissements. \u23f0<\/p>\n<h4>Du Lundi au Vendredi (P\u00e9riode Scolaire) \ud83c\udfeb<\/h4>\n<figure class=\"wp-block-table aligncenter\">\n<table style=\"width:100%\">\n<thead>\n<tr>\n<th style=\"text-align:center\">Service<\/th>\n<th style=\"text-align:center\">Horaires<\/th>\n<th style=\"text-align:center\">Fr\u00e9quences<\/th>\n<\/tr>\n<\/thead>\n<tbody>\n<tr>\n<td style=\"text-align:center\"><strong>Pointe 1 Coll\u00e8ge<\/strong><\/td>\n<td style=\"text-align:center\">Lundi, Mardi, Jeudi, Vendredi : Matin et Soir<br>Mercredi : Matin et Midi<\/td>\n<td style=\"text-align:center\">1 bus pour l\u2019aller\/retour<\/td>\n<\/tr>\n<tr>\n<td style=\"text-align:center\"><strong>Pointe 2 Lyc\u00e9e<\/strong><\/td>\n<td style=\"text-align:center\">Du Lundi au Vendredi : Matin et Soir<\/td>\n<td style=\"text-align:center\">2 bus pour l\u2019aller\/retour<\/td>\n<\/tr>\n<\/tbody>\n<\/table>\n<\/figure>\n<p><em>Cette ligne ne circule pas durant les vacances scolaires ni les week-ends.<\/em><\/p>\n&#8212;\n\n<h3>\ud83d\uddfa\ufe0f Plan du r\u00e9seau<\/h3>\n<figure class=\"wp-block-image aligncenter size-large\"><img decoding=\"async\" src=\"https:\/\/transport-manager.net\/assets\/img\/lignes\/Plan_N5_suburbain.png\" alt=\"Plan du r\u00e9seau FTE Suburbain\" \/><\/figure>\n","protected":false},"excerpt":{"rendered":"<p>La Ligne 602 est un service de transport scolaire essentiel, desservant le Coll\u00e8ge Victor Hugo \ud83c\udfeb et les zones r\u00e9sidentielles autour de LE ROTO \u2013 Av. du Parc \ud83c\udf33. Longue de 18,4 km, cette ligne vous transporte en environ 30 minutes et dessert 7 arr\u00eats. Pour assurer le transport s\u00e9curis\u00e9 [&hellip;]<\/p>\n","protected":false},"author":6,"featured_media":4107,"parent":2297,"menu_order":0,"comment_status":"closed","ping_status":"closed","template":"","meta":{"footnotes":""},"class_list":["post-2335","page","type-page","status-publish","has-post-thumbnail","hentry"],"_links":{"self":[{"href":"https:\/\/seal.transport-manager.net\/flosouris_yt\/wp-json\/wp\/v2\/pages\/2335","targetHints":{"allow":["GET"]}}],"collection":[{"href":"https:\/\/seal.transport-manager.net\/flosouris_yt\/wp-json\/wp\/v2\/pages"}],"about":[{"href":"https:\/\/seal.transport-manager.net\/flosouris_yt\/wp-json\/wp\/v2\/types\/page"}],"author":[{"embeddable":true,"href":"https:\/\/seal.transport-manager.net\/flosouris_yt\/wp-json\/wp\/v2\/users\/6"}],"replies":[{"embeddable":true,"href":"https:\/\/seal.transport-manager.net\/flosouris_yt\/wp-json\/wp\/v2\/comments?post=2335"}],"version-history":[{"count":12,"href":"https:\/\/seal.transport-manager.net\/flosouris_yt\/wp-json\/wp\/v2\/pages\/2335\/revisions"}],"predecessor-version":[{"id":5011,"href":"https:\/\/seal.transport-manager.net\/flosouris_yt\/wp-json\/wp\/v2\/pages\/2335\/revisions\/5011"}],"up":[{"embeddable":true,"href":"https:\/\/seal.transport-manager.net\/flosouris_yt\/wp-json\/wp\/v2\/pages\/2297"}],"wp:featuredmedia":[{"embeddable":true,"href":"https:\/\/seal.transport-manager.net\/flosouris_yt\/wp-json\/wp\/v2\/media\/4107"}],"wp:attachment":[{"href":"https:\/\/seal.transport-manager.net\/flosouris_yt\/wp-json\/wp\/v2\/media?parent=2335"}],"curies":[{"name":"wp","href":"https:\/\/api.w.org\/{rel}","templated":true}]}}