{"id":2340,"date":"2023-02-09T17:14:13","date_gmt":"2023-02-09T16:14:13","guid":{"rendered":"https:\/\/seal.transport-manager.net\/flosouris_yt\/?page_id=2340"},"modified":"2025-05-27T18:31:09","modified_gmt":"2025-05-27T16:31:09","slug":"ligne-201-gare-de-louest-lusignol-gare","status":"publish","type":"page","link":"https:\/\/seal.transport-manager.net\/flosouris_yt\/les-lignes-interurbaines-voyager-sur-de-longues-distances\/ligne-201-gare-de-louest-lusignol-gare\/","title":{"rendered":"Ligne 201 : Gare de l\u2019Ouest \ud83d\ude82 \u2194 LUSIGNOL \u2013 Gare \ud83d\ude89"},"content":{"rendered":"\n<p>La Ligne 201 est une tr\u00e8s longue ligne interurbaine, essentielle pour connecter deux gares majeures, reliant la <strong>Gare de l\u2019Ouest<\/strong> \ud83d\ude82 \u00e0 la <strong>Gare de LUSIGNOL<\/strong> \ud83d\ude89.<\/p>\n<p>Longue de <strong>53,8 km<\/strong>, cette ligne vous transporte en environ <strong>67 minutes<\/strong> et dessert <strong>6 arr\u00eats<\/strong>. Pour vos longs trajets, nous utilisons <strong>3 cars standard Mercedes New Intouro Hybrid<\/strong> et <strong>1 car standard Iveco Crossway LE 15<\/strong>, garantissant un confort optimal sur de plus grandes distances.<\/p>\n&#8212;\n\n<h3>\ud83d\uddfa\ufe0f Plan de la ligne<\/h3>\n<figure class=\"wp-block-image aligncenter size-large\"><img decoding=\"async\" src=\"https:\/\/transport-manager.net\/assets\/img\/lignes\/N5_L201_trans1.png\" alt=\"Plan de la ligne 201\" \/><\/figure>\n&#8212;\n\n<h3>\ud83d\udcca Fr\u00e9quences de Passage (en minutes)<\/h3>\n<p>D\u00e9couvrez nos horaires d\u00e9taill\u00e9s pour planifier au mieux vos trajets. \u23f0<\/p>\n<h4>Du Lundi au Vendredi (P\u00e9riode Scolaire) \ud83c\udfeb<\/h4>\n<figure class=\"wp-block-table aligncenter\">\n<table style=\"width:100%\">\n<thead>\n<tr>\n<th style=\"text-align:center\">Horaires<\/th>\n<th style=\"text-align:center\">06h \u00e0 07h<\/th>\n<th style=\"text-align:center\">07h \u00e0 09h<\/th>\n<th style=\"text-align:center\">09h \u00e0 12h<\/th>\n<th style=\"text-align:center\">12h \u00e0 14h<\/th>\n<th style=\"text-align:center\">14h \u00e0 16h<\/th>\n<th style=\"text-align:center\">16h \u00e0 18h<\/th>\n<th style=\"text-align:center\">18h \u00e0 21h<\/th>\n<th style=\"text-align:center\">21h \u00e0 01h<\/th>\n<\/tr>\n<\/thead>\n<tbody>\n<tr>\n<td style=\"text-align:center\"><strong>Fr\u00e9quences<\/strong><\/td>\n<td style=\"text-align:center\">67&prime;<\/td>\n<td style=\"text-align:center\">34&prime;<\/td>\n<td style=\"text-align:center\">67&prime;<\/td>\n<td style=\"text-align:center\">34&prime;<\/td>\n<td style=\"text-align:center\">67&prime;<\/td>\n<td style=\"text-align:center\">34&prime;<\/td>\n<td style=\"text-align:center\">67&prime;<\/td>\n<td style=\"text-align:center\">134&prime;<\/td>\n<\/tr>\n<\/tbody>\n<\/table>\n<\/figure>\n<h4>Du Lundi au Vendredi (Vacances Scolaires) \ud83c\udfd6\ufe0f<\/h4>\n<figure class=\"wp-block-table aligncenter\">\n<table style=\"width:100%\">\n<thead>\n<tr>\n<th style=\"text-align:center\">Horaires<\/th>\n<th style=\"text-align:center\">06h \u00e0 07h<\/th>\n<th style=\"text-align:center\">07h \u00e0 09h<\/th>\n<th style=\"text-align:center\">09h \u00e0 12h<\/th>\n<th style=\"text-align:center\">12h \u00e0 14h<\/th>\n<th style=\"text-align:center\">14h \u00e0 16h<\/th>\n<th style=\"text-align:center\">16h \u00e0 18h<\/th>\n<th style=\"text-align:center\">18h \u00e0 21h<\/th>\n<th style=\"text-align:center\">21h \u00e0 01h<\/th>\n<\/tr>\n<\/thead>\n<tbody>\n<tr>\n<td style=\"text-align:center\"><strong>Fr\u00e9quences<\/strong><\/td>\n<td style=\"text-align:center\">67&prime;<\/td>\n<td style=\"text-align:center\">45&prime;<\/td>\n<td style=\"text-align:center\">67&prime;<\/td>\n<td style=\"text-align:center\">45&prime;<\/td>\n<td style=\"text-align:center\">67&prime;<\/td>\n<td style=\"text-align:center\">45&prime;<\/td>\n<td style=\"text-align:center\">67&prime;<\/td>\n<td style=\"text-align:center\">134&prime;<\/td>\n<\/tr>\n<\/tbody>\n<\/table>\n<\/figure>\n<h4>Le Samedi (P\u00e9riode Scolaire) \ud83d\udcda<\/h4>\n<figure class=\"wp-block-table aligncenter\">\n<table style=\"width:100%\">\n<thead>\n<tr>\n<th style=\"text-align:center\">Horaires<\/th>\n<th style=\"text-align:center\">06h \u00e0 07h<\/th>\n<th style=\"text-align:center\">07h \u00e0 09h<\/th>\n<th style=\"text-align:center\">09h \u00e0 12h<\/th>\n<th style=\"text-align:center\">12h \u00e0 19h<\/th>\n<th style=\"text-align:center\">19h \u00e0 21h<\/th>\n<th style=\"text-align:center\">21h \u00e0 01h<\/th>\n<\/tr>\n<\/thead>\n<tbody>\n<tr>\n<td style=\"text-align:center\"><strong>Fr\u00e9quences<\/strong><\/td>\n<td style=\"text-align:center\">134&prime;<\/td>\n<td style=\"text-align:center\">67&prime;<\/td>\n<td style=\"text-align:center\">134&prime;<\/td>\n<td style=\"text-align:center\">67&prime;<\/td>\n<td style=\"text-align:center\">134&prime;<\/td>\n<td style=\"text-align:center\">134&prime;<\/td>\n<\/tr>\n<\/tbody>\n<\/table>\n<\/figure>\n<h4>Le Samedi (Vacances Scolaires) \u2600\ufe0f<\/h4>\n<figure class=\"wp-block-table aligncenter\">\n<table style=\"width:100%\">\n<thead>\n<tr>\n<th style=\"text-align:center\">Horaires<\/th>\n<th style=\"text-align:center\">06h \u00e0 07h<\/th>\n<th style=\"text-align:center\">07h \u00e0 09h<\/th>\n<th style=\"text-align:center\">09h \u00e0 12h<\/th>\n<th style=\"text-align:center\">12h \u00e0 19h<\/th>\n<th style=\"text-align:center\">19h \u00e0 21h<\/th>\n<th style=\"text-align:center\">21h \u00e0 01h<\/th>\n<\/tr>\n<\/thead>\n<tbody>\n<tr>\n<td style=\"text-align:center\"><strong>Fr\u00e9quences<\/strong><\/td>\n<td style=\"text-align:center\">67&prime;<\/td>\n<td style=\"text-align:center\">45&prime;<\/td>\n<td style=\"text-align:center\">67&prime;<\/td>\n<td style=\"text-align:center\">45&prime;<\/td>\n<td style=\"text-align:center\">67&prime;<\/td>\n<td style=\"text-align:center\">134&prime;<\/td>\n<\/tr>\n<\/tbody>\n<\/table>\n<\/figure>\n<h4>Le Dimanche et Jours F\u00e9ri\u00e9s (P\u00e9riode Scolaire) \ud83c\udfeb<\/h4>\n<figure class=\"wp-block-table aligncenter\">\n<table style=\"width:100%\">\n<thead>\n<tr>\n<th style=\"text-align:center\">Horaires<\/th>\n<th style=\"text-align:center\">10h \u00e0 19h<\/th>\n<\/tr>\n<\/thead>\n<tbody>\n<tr>\n<td style=\"text-align:center\"><strong>Fr\u00e9quences<\/strong><\/td>\n<td style=\"text-align:center\">67&prime;<\/td>\n<\/tr>\n<\/tbody>\n<\/table>\n<\/figure>\n<h4>Le Dimanche et Jours F\u00e9ri\u00e9s (Vacances Scolaires) \ud83c\udfd6\ufe0f<\/h4>\n<figure class=\"wp-block-table aligncenter\">\n<table style=\"width:100%\">\n<thead>\n<tr>\n<th style=\"text-align:center\">Horaires<\/th>\n<th style=\"text-align:center\">07h \u00e0 09h<\/th>\n<th style=\"text-align:center\">09h \u00e0 12h<\/th>\n<th style=\"text-align:center\">12h \u00e0 19h<\/th>\n<th style=\"text-align:center\">19h \u00e0 00h<\/th>\n<\/tr>\n<\/thead>\n<tbody>\n<tr>\n<td style=\"text-align:center\"><strong>Fr\u00e9quences<\/strong><\/td>\n<td style=\"text-align:center\">45&prime;<\/td>\n<td style=\"text-align:center\">134&prime;<\/td>\n<td style=\"text-align:center\">45&prime;<\/td>\n<td style=\"text-align:center\">134&prime;<\/td>\n<\/tr>\n<\/tbody>\n<\/table>\n<\/figure>\n&#8212;\n\n<h3>\ud83d\uddfa\ufe0f Plan du r\u00e9seau<\/h3>\n<figure class=\"wp-block-image aligncenter size-large\"><img decoding=\"async\" src=\"https:\/\/transport-manager.net\/assets\/img\/lignes\/Plan_N5_interurbain.png\" alt=\"Plan du r\u00e9seau FTE Interurbain\" \/><\/figure>\n","protected":false},"excerpt":{"rendered":"<p>La Ligne 201 est une tr\u00e8s longue ligne interurbaine, essentielle pour connecter deux gares majeures, reliant la Gare de l\u2019Ouest \ud83d\ude82 \u00e0 la Gare de LUSIGNOL \ud83d\ude89. Longue de 53,8 km, cette ligne vous transporte en environ 67 minutes et dessert 6 arr\u00eats. Pour vos longs trajets, nous utilisons 3 [&hellip;]<\/p>\n","protected":false},"author":6,"featured_media":4114,"parent":2300,"menu_order":0,"comment_status":"closed","ping_status":"closed","template":"","meta":{"footnotes":""},"class_list":["post-2340","page","type-page","status-publish","has-post-thumbnail","hentry"],"_links":{"self":[{"href":"https:\/\/seal.transport-manager.net\/flosouris_yt\/wp-json\/wp\/v2\/pages\/2340","targetHints":{"allow":["GET"]}}],"collection":[{"href":"https:\/\/seal.transport-manager.net\/flosouris_yt\/wp-json\/wp\/v2\/pages"}],"about":[{"href":"https:\/\/seal.transport-manager.net\/flosouris_yt\/wp-json\/wp\/v2\/types\/page"}],"author":[{"embeddable":true,"href":"https:\/\/seal.transport-manager.net\/flosouris_yt\/wp-json\/wp\/v2\/users\/6"}],"replies":[{"embeddable":true,"href":"https:\/\/seal.transport-manager.net\/flosouris_yt\/wp-json\/wp\/v2\/comments?post=2340"}],"version-history":[{"count":14,"href":"https:\/\/seal.transport-manager.net\/flosouris_yt\/wp-json\/wp\/v2\/pages\/2340\/revisions"}],"predecessor-version":[{"id":5013,"href":"https:\/\/seal.transport-manager.net\/flosouris_yt\/wp-json\/wp\/v2\/pages\/2340\/revisions\/5013"}],"up":[{"embeddable":true,"href":"https:\/\/seal.transport-manager.net\/flosouris_yt\/wp-json\/wp\/v2\/pages\/2300"}],"wp:featuredmedia":[{"embeddable":true,"href":"https:\/\/seal.transport-manager.net\/flosouris_yt\/wp-json\/wp\/v2\/media\/4114"}],"wp:attachment":[{"href":"https:\/\/seal.transport-manager.net\/flosouris_yt\/wp-json\/wp\/v2\/media?parent=2340"}],"curies":[{"name":"wp","href":"https:\/\/api.w.org\/{rel}","templated":true}]}}