{"id":2341,"date":"2023-02-09T17:14:18","date_gmt":"2023-02-09T16:14:18","guid":{"rendered":"https:\/\/seal.transport-manager.net\/flosouris_yt\/?page_id=2341"},"modified":"2025-05-27T18:34:52","modified_gmt":"2025-05-27T16:34:52","slug":"ligne-202-minia-gare-routiere-gare-de-louest","status":"publish","type":"page","link":"https:\/\/seal.transport-manager.net\/flosouris_yt\/les-lignes-interurbaines-voyager-sur-de-longues-distances\/ligne-202-minia-gare-routiere-gare-de-louest\/","title":{"rendered":"Ligne 202 : MINIA \u2013 Gare routi\u00e8re \ud83d\ude8c \u2194 Gare de l\u2019Ouest \ud83d\ude82"},"content":{"rendered":"\n<p>La Ligne 202 assure des liaisons rapides entre gares, reliant la <strong>Gare routi\u00e8re de MINIA<\/strong> \ud83d\ude8c \u00e0 la <strong>Gare de l\u2019Ouest<\/strong> \ud83d\ude82.<\/p>\n<p>Longue de <strong>32,8 km<\/strong>, cette ligne vous transporte en environ <strong>46 minutes<\/strong> et dessert <strong>5 arr\u00eats<\/strong>. Pour vos trajets, nous utilisons <strong>2 cars standard Mercedes New Intouro Hybrid<\/strong>, offrant un service efficace et confortable.<\/p>\n&#8212;\n\n<h3>\ud83d\uddfa\ufe0f Plan de la ligne<\/h3>\n<figure class=\"wp-block-image aligncenter size-large\"><img decoding=\"async\" src=\"https:\/\/transport-manager.net\/assets\/img\/lignes\/N5_L202_trans1.png\" alt=\"Plan de la ligne 202\" \/><\/figure>\n&#8212;\n\n<h3>\ud83d\udcca Fr\u00e9quences de Passage (en minutes)<\/h3>\n<p>D\u00e9couvrez nos horaires d\u00e9taill\u00e9s pour planifier au mieux vos trajets. \u23f0<\/p>\n<h4>Du Lundi au Vendredi \ud83d\uddd3\ufe0f<\/h4>\n<figure class=\"wp-block-table aligncenter\">\n<table style=\"width:100%\">\n<thead>\n<tr>\n<th style=\"text-align:center\">Horaires<\/th>\n<th style=\"text-align:center\">06h \u00e0 07h<\/th>\n<th style=\"text-align:center\">07h \u00e0 09h<\/th>\n<th style=\"text-align:center\">09h \u00e0 12h<\/th>\n<th style=\"text-align:center\">12h \u00e0 14h<\/th>\n<th style=\"text-align:center\">14h \u00e0 16h<\/th>\n<th style=\"text-align:center\">16h \u00e0 18h<\/th>\n<th style=\"text-align:center\">18h \u00e0 21h<\/th>\n<\/tr>\n<\/thead>\n<tbody>\n<tr>\n<td style=\"text-align:center\"><strong>Fr\u00e9quences<\/strong><\/td>\n<td style=\"text-align:center\">92&prime;<\/td>\n<td style=\"text-align:center\">46&prime;<\/td>\n<td style=\"text-align:center\">92&prime;<\/td>\n<td style=\"text-align:center\">46&prime;<\/td>\n<td style=\"text-align:center\">92&prime;<\/td>\n<td style=\"text-align:center\">46&prime;<\/td>\n<td style=\"text-align:center\">92&prime;<\/td>\n<\/tr>\n<\/tbody>\n<\/table>\n<\/figure>\n<h4>Le Samedi (P\u00e9riode Scolaire) \ud83d\udcda<\/h4>\n<figure class=\"wp-block-table aligncenter\">\n<table style=\"width:100%\">\n<thead>\n<tr>\n<th style=\"text-align:center\">Horaires<\/th>\n<th style=\"text-align:center\">10h \u00e0 19h<\/th>\n<\/tr>\n<\/thead>\n<tbody>\n<tr>\n<td style=\"text-align:center\"><strong>Fr\u00e9quences<\/strong><\/td>\n<td style=\"text-align:center\">92&prime;<\/td>\n<\/tr>\n<\/tbody>\n<\/table>\n<\/figure>\n<p><em>Information sur les fr\u00e9quences du Samedi (Vacances Scolaires) non disponible.<\/em><\/p>\n<p><em>Information sur les fr\u00e9quences du Dimanche et Jours F\u00e9ri\u00e9s non disponible.<\/em><\/p>\n&#8212;\n\n<h3>\ud83d\uddfa\ufe0f Plan du r\u00e9seau<\/h3>\n<figure class=\"wp-block-image aligncenter size-large\"><img decoding=\"async\" src=\"https:\/\/transport-manager.net\/assets\/img\/lignes\/Plan_N5_interurbain.png\" alt=\"Plan du r\u00e9seau FTE Interurbain\" \/><\/figure>\n","protected":false},"excerpt":{"rendered":"<p>La Ligne 202 assure des liaisons rapides entre gares, reliant la Gare routi\u00e8re de MINIA \ud83d\ude8c \u00e0 la Gare de l\u2019Ouest \ud83d\ude82. Longue de 32,8 km, cette ligne vous transporte en environ 46 minutes et dessert 5 arr\u00eats. Pour vos trajets, nous utilisons 2 cars standard Mercedes New Intouro Hybrid, [&hellip;]<\/p>\n","protected":false},"author":6,"featured_media":4114,"parent":2300,"menu_order":0,"comment_status":"closed","ping_status":"closed","template":"","meta":{"footnotes":""},"class_list":["post-2341","page","type-page","status-publish","has-post-thumbnail","hentry"],"_links":{"self":[{"href":"https:\/\/seal.transport-manager.net\/flosouris_yt\/wp-json\/wp\/v2\/pages\/2341","targetHints":{"allow":["GET"]}}],"collection":[{"href":"https:\/\/seal.transport-manager.net\/flosouris_yt\/wp-json\/wp\/v2\/pages"}],"about":[{"href":"https:\/\/seal.transport-manager.net\/flosouris_yt\/wp-json\/wp\/v2\/types\/page"}],"author":[{"embeddable":true,"href":"https:\/\/seal.transport-manager.net\/flosouris_yt\/wp-json\/wp\/v2\/users\/6"}],"replies":[{"embeddable":true,"href":"https:\/\/seal.transport-manager.net\/flosouris_yt\/wp-json\/wp\/v2\/comments?post=2341"}],"version-history":[{"count":13,"href":"https:\/\/seal.transport-manager.net\/flosouris_yt\/wp-json\/wp\/v2\/pages\/2341\/revisions"}],"predecessor-version":[{"id":5014,"href":"https:\/\/seal.transport-manager.net\/flosouris_yt\/wp-json\/wp\/v2\/pages\/2341\/revisions\/5014"}],"up":[{"embeddable":true,"href":"https:\/\/seal.transport-manager.net\/flosouris_yt\/wp-json\/wp\/v2\/pages\/2300"}],"wp:featuredmedia":[{"embeddable":true,"href":"https:\/\/seal.transport-manager.net\/flosouris_yt\/wp-json\/wp\/v2\/media\/4114"}],"wp:attachment":[{"href":"https:\/\/seal.transport-manager.net\/flosouris_yt\/wp-json\/wp\/v2\/media?parent=2341"}],"curies":[{"name":"wp","href":"https:\/\/api.w.org\/{rel}","templated":true}]}}