{"id":2342,"date":"2023-02-09T17:14:24","date_gmt":"2023-02-09T16:14:24","guid":{"rendered":"https:\/\/seal.transport-manager.net\/flosouris_yt\/?page_id=2342"},"modified":"2025-05-27T18:38:15","modified_gmt":"2025-05-27T16:38:15","slug":"ligne-203-ludorgue-mont-ludorgue-gare-de-louest","status":"publish","type":"page","link":"https:\/\/seal.transport-manager.net\/flosouris_yt\/les-lignes-interurbaines-voyager-sur-de-longues-distances\/ligne-203-ludorgue-mont-ludorgue-gare-de-louest\/","title":{"rendered":"Ligne 203 : LUDORGUE \u2013 Mont Ludorgue \u26f0\ufe0f \u2194 Gare de l\u2019Ouest \ud83d\ude82"},"content":{"rendered":"\n<p>La Ligne 203 est une ligne interurbaine desservant des zones plus \u00e9loign\u00e9es, connectant le <strong>Mont Ludorgue \u00e0 LUDORGUE<\/strong> \u26f0\ufe0f \u00e0 la <strong>Gare de l\u2019Ouest<\/strong> \ud83d\ude82.<\/p>\n<p>Longue de <strong>42,1 km<\/strong>, cette ligne vous transporte en environ <strong>62 minutes<\/strong> et dessert <strong>5 arr\u00eats<\/strong>. Pour vos trajets, nous utilisons <strong>2 cars standard Mercedes New Intouro Hybrid<\/strong>, offrant un service confortable sur de plus grandes distances.<\/p>\n&#8212;\n\n<h3>\ud83d\uddfa\ufe0f Plan de la ligne<\/h3>\n<figure class=\"wp-block-image aligncenter size-large\"><img decoding=\"async\" src=\"https:\/\/transport-manager.net\/assets\/img\/lignes\/N5_L203_trans1.png\" alt=\"Plan de la ligne 203\" \/><\/figure>\n&#8212;\n\n<h3>\ud83d\udcca Fr\u00e9quences de Passage (en minutes)<\/h3>\n<p>D\u00e9couvrez nos horaires d\u00e9taill\u00e9s pour planifier au mieux vos trajets. \u23f0<\/p>\n<h4>Du Lundi au Vendredi \ud83d\uddd3\ufe0f<\/h4>\n<figure class=\"wp-block-table aligncenter\">\n<table style=\"width:100%\">\n<thead>\n<tr>\n<th style=\"text-align:center\">Horaires<\/th>\n<th style=\"text-align:center\">06h \u00e0 07h<\/th>\n<th style=\"text-align:center\">07h \u00e0 09h<\/th>\n<th style=\"text-align:center\">09h \u00e0 12h<\/th>\n<th style=\"text-align:center\">12h \u00e0 14h<\/th>\n<th style=\"text-align:center\">14h \u00e0 16h<\/th>\n<th style=\"text-align:center\">16h \u00e0 18h<\/th>\n<th style=\"text-align:center\">18h \u00e0 21h<\/th>\n<\/tr>\n<\/thead>\n<tbody>\n<tr>\n<td style=\"text-align:center\"><strong>Fr\u00e9quences<\/strong><\/td>\n<td style=\"text-align:center\">124&prime;<\/td>\n<td style=\"text-align:center\">41&prime;<\/td>\n<td style=\"text-align:center\">124&prime;<\/td>\n<td style=\"text-align:center\">41&prime;<\/td>\n<td style=\"text-align:center\">124&prime;<\/td>\n<td style=\"text-align:center\">41&prime;<\/td>\n<td style=\"text-align:center\">124&prime;<\/td>\n<\/tr>\n<\/tbody>\n<\/table>\n<\/figure>\n<h4>Le Samedi \ud83d\udcda<\/h4>\n<figure class=\"wp-block-table aligncenter\">\n<table style=\"width:100%\">\n<thead>\n<tr>\n<th style=\"text-align:center\">Horaires<\/th>\n<th style=\"text-align:center\">06h \u00e0 07h<\/th>\n<th style=\"text-align:center\">07h \u00e0 09h<\/th>\n<th style=\"text-align:center\">09h \u00e0 12h<\/th>\n<th style=\"text-align:center\">12h \u00e0 19h<\/th>\n<th style=\"text-align:center\">19h \u00e0 21h<\/th>\n<\/tr>\n<\/thead>\n<tbody>\n<tr>\n<td style=\"text-align:center\"><strong>Fr\u00e9quences<\/strong><\/td>\n<td style=\"text-align:center\">124&prime;<\/td>\n<td style=\"text-align:center\">62&prime;<\/td>\n<td style=\"text-align:center\">124&prime;<\/td>\n<td style=\"text-align:center\">62&prime;<\/td>\n<td style=\"text-align:center\">124&prime;<\/td>\n<\/tr>\n<\/tbody>\n<\/table>\n<\/figure>\n<h4>Le Dimanche et Jours F\u00e9ri\u00e9s \ud83d\uddd3\ufe0f<\/h4>\n<figure class=\"wp-block-table aligncenter\">\n<table style=\"width:100%\">\n<thead>\n<tr>\n<th style=\"text-align:center\">Horaires<\/th>\n<th style=\"text-align:center\">07h \u00e0 09h<\/th>\n<th style=\"text-align:center\">09h \u00e0 12h<\/th>\n<th style=\"text-align:center\">12h \u00e0 19h<\/th>\n<th style=\"text-align:center\">19h \u00e0 00h<\/th>\n<\/tr>\n<\/thead>\n<tbody>\n<tr>\n<td style=\"text-align:center\"><strong>Fr\u00e9quences<\/strong><\/td>\n<td style=\"text-align:center\">41&prime;<\/td>\n<td style=\"text-align:center\">124&prime;<\/td>\n<td style=\"text-align:center\">41&prime;<\/td>\n<td style=\"text-align:center\">124&prime;<\/td>\n<\/tr>\n<\/tbody>\n<\/table>\n<\/figure>\n&#8212;\n\n<h3>\ud83d\uddfa\ufe0f Plan du r\u00e9seau<\/h3>\n<figure class=\"wp-block-image aligncenter size-large\"><img decoding=\"async\" src=\"https:\/\/transport-manager.net\/assets\/img\/lignes\/Plan_N5_interurbain.png\" alt=\"Plan du r\u00e9seau FTE Interurbain\" \/><\/figure>\n","protected":false},"excerpt":{"rendered":"<p>La Ligne 203 est une ligne interurbaine desservant des zones plus \u00e9loign\u00e9es, connectant le Mont Ludorgue \u00e0 LUDORGUE \u26f0\ufe0f \u00e0 la Gare de l\u2019Ouest \ud83d\ude82. Longue de 42,1 km, cette ligne vous transporte en environ 62 minutes et dessert 5 arr\u00eats. Pour vos trajets, nous utilisons 2 cars standard Mercedes [&hellip;]<\/p>\n","protected":false},"author":6,"featured_media":4114,"parent":2300,"menu_order":0,"comment_status":"closed","ping_status":"closed","template":"","meta":{"footnotes":""},"class_list":["post-2342","page","type-page","status-publish","has-post-thumbnail","hentry"],"_links":{"self":[{"href":"https:\/\/seal.transport-manager.net\/flosouris_yt\/wp-json\/wp\/v2\/pages\/2342","targetHints":{"allow":["GET"]}}],"collection":[{"href":"https:\/\/seal.transport-manager.net\/flosouris_yt\/wp-json\/wp\/v2\/pages"}],"about":[{"href":"https:\/\/seal.transport-manager.net\/flosouris_yt\/wp-json\/wp\/v2\/types\/page"}],"author":[{"embeddable":true,"href":"https:\/\/seal.transport-manager.net\/flosouris_yt\/wp-json\/wp\/v2\/users\/6"}],"replies":[{"embeddable":true,"href":"https:\/\/seal.transport-manager.net\/flosouris_yt\/wp-json\/wp\/v2\/comments?post=2342"}],"version-history":[{"count":18,"href":"https:\/\/seal.transport-manager.net\/flosouris_yt\/wp-json\/wp\/v2\/pages\/2342\/revisions"}],"predecessor-version":[{"id":5015,"href":"https:\/\/seal.transport-manager.net\/flosouris_yt\/wp-json\/wp\/v2\/pages\/2342\/revisions\/5015"}],"up":[{"embeddable":true,"href":"https:\/\/seal.transport-manager.net\/flosouris_yt\/wp-json\/wp\/v2\/pages\/2300"}],"wp:featuredmedia":[{"embeddable":true,"href":"https:\/\/seal.transport-manager.net\/flosouris_yt\/wp-json\/wp\/v2\/media\/4114"}],"wp:attachment":[{"href":"https:\/\/seal.transport-manager.net\/flosouris_yt\/wp-json\/wp\/v2\/media?parent=2342"}],"curies":[{"name":"wp","href":"https:\/\/api.w.org\/{rel}","templated":true}]}}