{"id":2349,"date":"2023-02-09T17:14:36","date_gmt":"2023-02-09T16:14:36","guid":{"rendered":"https:\/\/seal.transport-manager.net\/flosouris_yt\/?page_id=2349"},"modified":"2025-05-27T18:46:43","modified_gmt":"2025-05-27T16:46:43","slug":"ligne-651-lycee-karl-max-naubourg-grand-place","status":"publish","type":"page","link":"https:\/\/seal.transport-manager.net\/flosouris_yt\/les-lignes-interurbaines-voyager-sur-de-longues-distances\/ligne-651-lycee-karl-max-naubourg-grand-place\/","title":{"rendered":"Ligne 651 : Lyc\u00e9e Karl Max \ud83c\udfeb \u2194 NAUBOURG \u2013 Grand-Place \ud83c\udfde\ufe0f"},"content":{"rendered":"\n<p>La Ligne 651 est un service de transport scolaire essentiel, d\u00e9di\u00e9 aux \u00e9l\u00e8ves se rendant au lyc\u00e9e, reliant le <strong>Lyc\u00e9e Karl Max<\/strong> \ud83c\udfeb \u00e0 la <strong>Grand-Place de NAUBOURG<\/strong> \ud83c\udfde\ufe0f.<\/p>\n<p>Longue de <strong>37 km<\/strong>, cette ligne vous transporte en environ <strong>60 minutes<\/strong> et dessert <strong>8 arr\u00eats<\/strong>. Pour assurer le transport s\u00e9curis\u00e9 des \u00e9l\u00e8ves, nous utilisons <strong>2 midicars Mercedes New Intouro K Hybrid<\/strong> et <strong>1 car standard Iveco Crossway LE 15<\/strong>.<\/p>\n&#8212;\n\n<h3>\ud83d\uddfa\ufe0f Plan de la ligne<\/h3>\n<figure class=\"wp-block-image aligncenter size-large\"><img decoding=\"async\" src=\"https:\/\/transport-manager.net\/assets\/img\/lignes\/N5_L651_trans1.png\" alt=\"Plan de la ligne 651\" \/><\/figure>\n&#8212;\n\n<h3>\ud83d\udcca Fr\u00e9quences de Passage (P\u00e9riode Scolaire)<\/h3>\n<p>Cette ligne est un service scolaire avec des fr\u00e9quences adapt\u00e9es aux horaires des \u00e9tablissements. \u23f0<\/p>\n<h4>Du Lundi au Vendredi (P\u00e9riode Scolaire) \ud83c\udfeb<\/h4>\n<figure class=\"wp-block-table aligncenter\">\n<table style=\"width:100%\">\n<thead>\n<tr>\n<th style=\"text-align:center\">Service<\/th>\n<th style=\"text-align:center\">Horaires<\/th>\n<th style=\"text-align:center\">Fr\u00e9quences<\/th>\n<\/tr>\n<\/thead>\n<tbody>\n<tr>\n<td style=\"text-align:center\"><strong>Pointe 1 Coll\u00e8ge<\/strong><\/td>\n<td style=\"text-align:center\">Lundi, Mardi, Jeudi, Vendredi : Matin et Soir<br>Mercredi : Matin et Midi<\/td>\n<td style=\"text-align:center\">1 bus pour l\u2019aller\/retour<\/td>\n<\/tr>\n<tr>\n<td style=\"text-align:center\"><strong>Pointe 2 Lyc\u00e9e<\/strong><\/td>\n<td style=\"text-align:center\">Du Lundi au Vendredi : Matin et Soir<\/td>\n<td style=\"text-align:center\">2 bus pour l\u2019aller\/retour<\/td>\n<\/tr>\n<\/tbody>\n<\/table>\n<\/figure>\n<p><em>Cette ligne ne circule pas durant les vacances scolaires ni les week-ends.<\/em><\/p>\n&#8212;\n\n<h3>\ud83d\uddfa\ufe0f Plan du r\u00e9seau<\/h3>\n<figure class=\"wp-block-image aligncenter size-large\"><img decoding=\"async\" src=\"https:\/\/transport-manager.net\/assets\/img\/lignes\/Plan_N5_suburbain.png\" alt=\"Plan du r\u00e9seau FTE Suburbain\" \/><\/figure>\n","protected":false},"excerpt":{"rendered":"<p>La Ligne 651 est un service de transport scolaire essentiel, d\u00e9di\u00e9 aux \u00e9l\u00e8ves se rendant au lyc\u00e9e, reliant le Lyc\u00e9e Karl Max \ud83c\udfeb \u00e0 la Grand-Place de NAUBOURG \ud83c\udfde\ufe0f. Longue de 37 km, cette ligne vous transporte en environ 60 minutes et dessert 8 arr\u00eats. Pour assurer le transport s\u00e9curis\u00e9 [&hellip;]<\/p>\n","protected":false},"author":6,"featured_media":4114,"parent":2300,"menu_order":0,"comment_status":"closed","ping_status":"closed","template":"","meta":{"footnotes":""},"class_list":["post-2349","page","type-page","status-publish","has-post-thumbnail","hentry"],"_links":{"self":[{"href":"https:\/\/seal.transport-manager.net\/flosouris_yt\/wp-json\/wp\/v2\/pages\/2349","targetHints":{"allow":["GET"]}}],"collection":[{"href":"https:\/\/seal.transport-manager.net\/flosouris_yt\/wp-json\/wp\/v2\/pages"}],"about":[{"href":"https:\/\/seal.transport-manager.net\/flosouris_yt\/wp-json\/wp\/v2\/types\/page"}],"author":[{"embeddable":true,"href":"https:\/\/seal.transport-manager.net\/flosouris_yt\/wp-json\/wp\/v2\/users\/6"}],"replies":[{"embeddable":true,"href":"https:\/\/seal.transport-manager.net\/flosouris_yt\/wp-json\/wp\/v2\/comments?post=2349"}],"version-history":[{"count":11,"href":"https:\/\/seal.transport-manager.net\/flosouris_yt\/wp-json\/wp\/v2\/pages\/2349\/revisions"}],"predecessor-version":[{"id":5022,"href":"https:\/\/seal.transport-manager.net\/flosouris_yt\/wp-json\/wp\/v2\/pages\/2349\/revisions\/5022"}],"up":[{"embeddable":true,"href":"https:\/\/seal.transport-manager.net\/flosouris_yt\/wp-json\/wp\/v2\/pages\/2300"}],"wp:featuredmedia":[{"embeddable":true,"href":"https:\/\/seal.transport-manager.net\/flosouris_yt\/wp-json\/wp\/v2\/media\/4114"}],"wp:attachment":[{"href":"https:\/\/seal.transport-manager.net\/flosouris_yt\/wp-json\/wp\/v2\/media?parent=2349"}],"curies":[{"name":"wp","href":"https:\/\/api.w.org\/{rel}","templated":true}]}}