{"id":3163,"date":"2024-01-14T13:30:19","date_gmt":"2024-01-14T12:30:19","guid":{"rendered":"https:\/\/seal.transport-manager.net\/flosouris_yt\/?page_id=3163"},"modified":"2026-04-04T10:24:22","modified_gmt":"2026-04-04T08:24:22","slug":"partenariat-simpliflow","status":"publish","type":"page","link":"https:\/\/seal.transport-manager.net\/flosouris_yt\/partenariat-simpliflow\/","title":{"rendered":"\ud83d\udca1 Partenariat Simpli\u2019Flow \ud83d\ude4f"},"content":{"rendered":"\n<p>Simpli\u2019Cit\u00e9 Vaur\u00e9al et FloTransport partenaires de votre mobilit\u00e9 au sein de la m\u00e9tropole Vaur\u00e9alienne (Simpli\u2019Cit\u00e9 Vaur\u00e9al) et du Valenciennois (FloTransport)<\/p>\n\n\n\n<p>Malgr\u00e9 un projet d\u2019alliance avort\u00e9, les entreprises Simpli\u2019Cit\u00e9 Vaur\u00e9al et FloTransport restent partenaires. Les relations entre les deux entreprises dont les dirigeants s\u2019entendent en tr\u00e8s bon terme permettront de partager les savoir-faire des deux entreprises pour une meilleure gestion des deux r\u00e9seaux.<\/p>\n\n\n\n<p>Contact : <a href=\"mailto:simpliflow2025@gmail.com\">simpliflow2025@gmail.com<\/a><br>Site de Simpli&rsquo;Cit\u00e9 Vaur\u00e9al : <a href=\"https:\/\/seal.transport-manager.net\/z50000_262l\/\">https:\/\/seal.transport-manager.net\/z50000_262l\/<\/a><\/p>\n\n\n<div class=\"wp-block-image\">\n<figure class=\"aligncenter size-large\"><img decoding=\"async\" src=\"https:\/\/seal.transport-manager.net\/z50000_262l\/wp-content\/uploads\/sites\/29\/2025\/11\/Logo_Simpli_Flow_FT.png\" alt=\"\" \/><\/figure>\n<\/div>\n\n\n<ul class=\"wp-block-social-links aligncenter has-huge-icon-size is-content-justification-center is-layout-flex wp-container-core-social-links-is-layout-a89b3969 wp-block-social-links-is-layout-flex\"><li class=\"wp-social-link wp-social-link-mail  wp-block-social-link\"><a href=\"mailto:&#115;imp&#108;ifl&#111;w&#050;&#048;2&#053;&#064;&#103;&#109;ai&#108;.&#099;om\" class=\"wp-block-social-link-anchor\"><svg width=\"24\" height=\"24\" viewBox=\"0 0 24 24\" version=\"1.1\" xmlns=\"http:\/\/www.w3.org\/2000\/svg\" aria-hidden=\"true\" focusable=\"false\"><path d=\"M19,5H5c-1.1,0-2,.9-2,2v10c0,1.1.9,2,2,2h14c1.1,0,2-.9,2-2V7c0-1.1-.9-2-2-2zm.5,12c0,.3-.2.5-.5.5H5c-.3,0-.5-.2-.5-.5V9.8l7.5,5.6,7.5-5.6V17zm0-9.1L12,13.6,4.5,7.9V7c0-.3.2-.5.5-.5h14c.3,0,.5.2.5.5v.9z\"><\/path><\/svg><span class=\"wp-block-social-link-label screen-reader-text\">E-mail<\/span><\/a><\/li>\n\n<li class=\"wp-social-link wp-social-link-x  wp-block-social-link\"><a href=\"https:\/\/x.com\/SimpliFlow_TM\" class=\"wp-block-social-link-anchor\"><svg width=\"24\" height=\"24\" viewBox=\"0 0 24 24\" version=\"1.1\" xmlns=\"http:\/\/www.w3.org\/2000\/svg\" aria-hidden=\"true\" focusable=\"false\"><path d=\"M13.982 10.622 20.54 3h-1.554l-5.693 6.618L8.745 3H3.5l6.876 10.007L3.5 21h1.554l6.012-6.989L15.868 21h5.245l-7.131-10.378Zm-2.128 2.474-.697-.997-5.543-7.93H8l4.474 6.4.697.996 5.815 8.318h-2.387l-4.745-6.787Z\" \/><\/svg><span class=\"wp-block-social-link-label screen-reader-text\">X<\/span><\/a><\/li>\n\n<li class=\"wp-social-link wp-social-link-instagram  wp-block-social-link\"><a href=\"https:\/\/www.instagram.com\/simpliflow_tm\/\" class=\"wp-block-social-link-anchor\"><svg width=\"24\" height=\"24\" viewBox=\"0 0 24 24\" version=\"1.1\" xmlns=\"http:\/\/www.w3.org\/2000\/svg\" aria-hidden=\"true\" focusable=\"false\"><path d=\"M12,4.622c2.403,0,2.688,0.009,3.637,0.052c0.877,0.04,1.354,0.187,1.671,0.31c0.42,0.163,0.72,0.358,1.035,0.673 c0.315,0.315,0.51,0.615,0.673,1.035c0.123,0.317,0.27,0.794,0.31,1.671c0.043,0.949,0.052,1.234,0.052,3.637 s-0.009,2.688-0.052,3.637c-0.04,0.877-0.187,1.354-0.31,1.671c-0.163,0.42-0.358,0.72-0.673,1.035 c-0.315,0.315-0.615,0.51-1.035,0.673c-0.317,0.123-0.794,0.27-1.671,0.31c-0.949,0.043-1.233,0.052-3.637,0.052 s-2.688-0.009-3.637-0.052c-0.877-0.04-1.354-0.187-1.671-0.31c-0.42-0.163-0.72-0.358-1.035-0.673 c-0.315-0.315-0.51-0.615-0.673-1.035c-0.123-0.317-0.27-0.794-0.31-1.671C4.631,14.688,4.622,14.403,4.622,12 s0.009-2.688,0.052-3.637c0.04-0.877,0.187-1.354,0.31-1.671c0.163-0.42,0.358-0.72,0.673-1.035 c0.315-0.315,0.615-0.51,1.035-0.673c0.317-0.123,0.794-0.27,1.671-0.31C9.312,4.631,9.597,4.622,12,4.622 M12,3 C9.556,3,9.249,3.01,8.289,3.054C7.331,3.098,6.677,3.25,6.105,3.472C5.513,3.702,5.011,4.01,4.511,4.511 c-0.5,0.5-0.808,1.002-1.038,1.594C3.25,6.677,3.098,7.331,3.054,8.289C3.01,9.249,3,9.556,3,12c0,2.444,0.01,2.751,0.054,3.711 c0.044,0.958,0.196,1.612,0.418,2.185c0.23,0.592,0.538,1.094,1.038,1.594c0.5,0.5,1.002,0.808,1.594,1.038 c0.572,0.222,1.227,0.375,2.185,0.418C9.249,20.99,9.556,21,12,21s2.751-0.01,3.711-0.054c0.958-0.044,1.612-0.196,2.185-0.418 c0.592-0.23,1.094-0.538,1.594-1.038c0.5-0.5,0.808-1.002,1.038-1.594c0.222-0.572,0.375-1.227,0.418-2.185 C20.99,14.751,21,14.444,21,12s-0.01-2.751-0.054-3.711c-0.044-0.958-0.196-1.612-0.418-2.185c-0.23-0.592-0.538-1.094-1.038-1.594 c-0.5-0.5-1.002-0.808-1.594-1.038c-0.572-0.222-1.227-0.375-2.185-0.418C14.751,3.01,14.444,3,12,3L12,3z M12,7.378 c-2.552,0-4.622,2.069-4.622,4.622S9.448,16.622,12,16.622s4.622-2.069,4.622-4.622S14.552,7.378,12,7.378z M12,15 c-1.657,0-3-1.343-3-3s1.343-3,3-3s3,1.343,3,3S13.657,15,12,15z M16.804,6.116c-0.596,0-1.08,0.484-1.08,1.08 s0.484,1.08,1.08,1.08c0.596,0,1.08-0.484,1.08-1.08S17.401,6.116,16.804,6.116z\"><\/path><\/svg><span class=\"wp-block-social-link-label screen-reader-text\">Instagram<\/span><\/a><\/li>\n\n<li class=\"wp-social-link wp-social-link-discord  wp-block-social-link\"><a href=\"https:\/\/discord.gg\/7sqUabj9f5\" class=\"wp-block-social-link-anchor\"><svg width=\"24\" height=\"24\" version=\"1.1\" viewBox=\"0 0 24 24\" xmlns=\"http:\/\/www.w3.org\/2000\/svg\" aria-hidden=\"true\" focusable=\"false\"><path d=\"M20.317 4.369A19.88 19.88 0 0 0 15.894 3a14.145 14.145 0 0 0-.719 1.518 19.205 19.205 0 0 0-5.351 0A14.183 14.183 0 0 0 9.104 3 19.896 19.896 0 0 0 4.682 4.369a18.921 18.921 0 0 0-3.012 12.52 19.929 19.929 0 0 0 6.081 3.097c.487-.65.922-1.339 1.3-2.061a12.445 12.445 0 0 1-1.958-.896c.165-.12.326-.246.483-.374a12.445 12.445 0 0 0 8.946 0c.157.128.318.253.483.374-.627.371-1.281.683-1.958.896.379.722.813 1.41 1.3 2.061a19.94 19.94 0 0 0 6.081-3.097 18.921 18.921 0 0 0-3.012-12.52ZM8.12 15.233c-1.202 0-2.184-1.09-2.184-2.431 0-1.34.97-2.431 2.184-2.431 1.213 0 2.202 1.09 2.184 2.431 0 1.341-.97 2.431-2.184 2.431Zm7.757 0c-1.202 0-2.184-1.09-2.184-2.431 0-1.34.97-2.431 2.184-2.431 1.213 0 2.202 1.09 2.184 2.431 0 1.341-.97 2.431-2.184 2.431Z\"\/><\/svg><span class=\"wp-block-social-link-label screen-reader-text\">Discord<\/span><\/a><\/li><\/ul>\n","protected":false},"excerpt":{"rendered":"<p>Simpli\u2019Cit\u00e9 Vaur\u00e9al et FloTransport partenaires de votre mobilit\u00e9 au sein de la m\u00e9tropole Vaur\u00e9alienne (Simpli\u2019Cit\u00e9 Vaur\u00e9al) et du Valenciennois (FloTransport) Malgr\u00e9 un projet d\u2019alliance avort\u00e9, les entreprises Simpli\u2019Cit\u00e9 Vaur\u00e9al et FloTransport restent partenaires. Les relations entre les deux entreprises dont les dirigeants s\u2019entendent en tr\u00e8s bon terme permettront de partager [&hellip;]<\/p>\n","protected":false},"author":6,"featured_media":0,"parent":0,"menu_order":0,"comment_status":"closed","ping_status":"closed","template":"","meta":{"footnotes":""},"class_list":["post-3163","page","type-page","status-publish","hentry"],"_links":{"self":[{"href":"https:\/\/seal.transport-manager.net\/flosouris_yt\/wp-json\/wp\/v2\/pages\/3163","targetHints":{"allow":["GET"]}}],"collection":[{"href":"https:\/\/seal.transport-manager.net\/flosouris_yt\/wp-json\/wp\/v2\/pages"}],"about":[{"href":"https:\/\/seal.transport-manager.net\/flosouris_yt\/wp-json\/wp\/v2\/types\/page"}],"author":[{"embeddable":true,"href":"https:\/\/seal.transport-manager.net\/flosouris_yt\/wp-json\/wp\/v2\/users\/6"}],"replies":[{"embeddable":true,"href":"https:\/\/seal.transport-manager.net\/flosouris_yt\/wp-json\/wp\/v2\/comments?post=3163"}],"version-history":[{"count":36,"href":"https:\/\/seal.transport-manager.net\/flosouris_yt\/wp-json\/wp\/v2\/pages\/3163\/revisions"}],"predecessor-version":[{"id":5363,"href":"https:\/\/seal.transport-manager.net\/flosouris_yt\/wp-json\/wp\/v2\/pages\/3163\/revisions\/5363"}],"wp:attachment":[{"href":"https:\/\/seal.transport-manager.net\/flosouris_yt\/wp-json\/wp\/v2\/media?parent=3163"}],"curies":[{"name":"wp","href":"https:\/\/api.w.org\/{rel}","templated":true}]}}