{"id":3768,"date":"2024-07-08T20:53:00","date_gmt":"2024-07-08T18:53:00","guid":{"rendered":"https:\/\/seal.transport-manager.net\/flosouris_yt\/?page_id=3768"},"modified":"2024-07-30T16:29:50","modified_gmt":"2024-07-30T14:29:50","slug":"%f0%9f%9f%ab-lignes-valjo","status":"publish","type":"page","link":"https:\/\/seal.transport-manager.net\/flosouris_yt\/%f0%9f%9f%ab-lignes-valjo\/","title":{"rendered":"\ud83d\udfeb Lignes Val&rsquo;JO2024"},"content":{"rendered":"\n<p class=\"has-text-align-center has-white-color has-text-color has-background has-link-color wp-elements-588bfbcd5d2dcbe02002bb5524d0f25c\" style=\"background:linear-gradient(135deg,rgb(232,106,16) 0%,rgb(118,208,189) 20%,rgb(232,106,16) 40%,rgb(0,175,173) 60%,rgb(59,161,115) 80%,rgb(255,206,0) 100%);text-transform:uppercase\"><strong>!! du MERCREDI 24 juillet au SAMEDI 7 septembre 2024 !!<\/strong><\/p>\n\n\n\n<p class=\"has-text-align-center\">La m\u00e9tropole de Valenciennes accueillera plusieurs \u00e9preuves des jeux O&rsquo;Sportifs 2024. Les organisateurs vous demandent de mettre en place, en fonction de vos possibilit\u00e9s, plusieurs lignes sp\u00e9ciales afin de faciliter l&rsquo;acc\u00e8s \u00e0 la fan zone, situ\u00e9e dans le parc Verlaine, ainsi qu&rsquo;aux \u00e9preuves.<br>Pour acc\u00e9der \u00e0 ces lignes, les voyageurs doivent se procurer un titre de transport. Les abonnements ne sont pas valables sur ces lignes.<\/p>\n\n\n\n<div class=\"wp-block-columns are-vertically-aligned-center has-background is-layout-flex wp-container-core-columns-is-layout-28f84493 wp-block-columns-is-layout-flex\" style=\"background:linear-gradient(135deg,rgb(232,106,16) 0%,rgb(115,208,189) 100%)\">\n<div class=\"wp-block-column is-vertically-aligned-center is-layout-flow wp-block-column-is-layout-flow\"><div class=\"wp-block-image\">\n<figure class=\"aligncenter size-large\"><img decoding=\"async\" src=\"https:\/\/transport-manager.net\/assets\/img\/lignes\/L809.png\" alt=\"\" \/><\/figure>\n<\/div>\n\n\n<figure class=\"wp-block-image size-large\"><img loading=\"lazy\" decoding=\"async\" width=\"1024\" height=\"558\" src=\"https:\/\/seal.transport-manager.net\/flosouris_yt\/wp-content\/uploads\/sites\/6\/2024\/07\/809-JO2024-1024x558.png\" alt=\"\" class=\"wp-image-3792\" srcset=\"https:\/\/seal.transport-manager.net\/flosouris_yt\/wp-content\/uploads\/sites\/6\/2024\/07\/809-JO2024-1024x558.png 1024w, https:\/\/seal.transport-manager.net\/flosouris_yt\/wp-content\/uploads\/sites\/6\/2024\/07\/809-JO2024-300x163.png 300w, https:\/\/seal.transport-manager.net\/flosouris_yt\/wp-content\/uploads\/sites\/6\/2024\/07\/809-JO2024-768x418.png 768w, https:\/\/seal.transport-manager.net\/flosouris_yt\/wp-content\/uploads\/sites\/6\/2024\/07\/809-JO2024-1536x836.png 1536w, https:\/\/seal.transport-manager.net\/flosouris_yt\/wp-content\/uploads\/sites\/6\/2024\/07\/809-JO2024-1232x671.png 1232w, https:\/\/seal.transport-manager.net\/flosouris_yt\/wp-content\/uploads\/sites\/6\/2024\/07\/809-JO2024.png 1919w\" sizes=\"auto, (max-width: 1024px) 100vw, 1024px\" \/><\/figure>\n\n\n\n<p class=\"has-text-align-center has-white-color has-text-color has-link-color wp-elements-2f85e9a63f569ff0c4cdb1584e8d00be\"><strong>Fan zone dans le parc Verlaine<\/strong><\/p>\n\n\n\n<p class=\"has-text-align-center has-white-color has-text-color has-link-color wp-elements-1c81d0c7788839bfea01055b95ca515a\">Une fan zone sera install\u00e9e \u00e0 la Place d&rsquo;Armes \u00e0 Valenciennes durant toute la dur\u00e9e des jeux O&rsquo;Sportifs durant la premi\u00e8re partie. Afin de faciliter l&rsquo;acc\u00e8s \u00e0 la place, la Val&rsquo;JO2024 809 sera mise en service entre le Parc Verlaine et la Gare Centrale<\/p>\n\n\n\n<p class=\"has-text-align-center has-white-color has-text-color has-link-color wp-elements-152da7e3fbfec40cf7012ec966b42e18\"><strong>Caract\u00e9ristiques<\/strong> :<\/p>\n\n\n\n<ul class=\"has-white-color has-text-color has-link-color wp-block-list wp-elements-2ea14756c79a2acd9fe7b959396c3639\">\n<li>Un bus toutes les 8 minutes<\/li>\n\n\n\n<li>Du mercredi 24 juillet au dimanche 11 ao\u00fbt 2024<\/li>\n\n\n\n<li>Avec de magnifique 6 Solaris Urbino IV 12 hybride neufs en circulation !<\/li>\n<\/ul>\n\n\n\n<div class=\"wp-block-buttons is-content-justification-center is-layout-flex wp-container-core-buttons-is-layout-a89b3969 wp-block-buttons-is-layout-flex\">\n<div class=\"wp-block-button is-style-outline is-style-outline--1\"><a class=\"wp-block-button__link has-white-color has-text-color has-link-color has-text-align-center wp-element-button\" href=\"https:\/\/seal.transport-manager.net\/flosouris_yt\/wp-content\/uploads\/sites\/6\/2024\/07\/809-JO-3.pdf\">Fiche Horaire<\/a><\/div>\n<\/div>\n<\/div>\n<\/div>\n\n\n\n<div class=\"wp-block-columns are-vertically-aligned-center has-background is-layout-flex wp-container-core-columns-is-layout-28f84493 wp-block-columns-is-layout-flex\" style=\"background:linear-gradient(135deg,rgb(115,208,189) 0%,rgb(232,106,16) 100%)\">\n<div class=\"wp-block-column is-vertically-aligned-center is-layout-flow wp-block-column-is-layout-flow\"><div class=\"wp-block-image\">\n<figure class=\"aligncenter size-large\"><img decoding=\"async\" src=\"https:\/\/transport-manager.net\/assets\/img\/lignes\/L805.png\" alt=\"\" \/><\/figure>\n<\/div>\n\n\n<figure class=\"wp-block-image size-large\"><img loading=\"lazy\" decoding=\"async\" width=\"1024\" height=\"558\" src=\"https:\/\/seal.transport-manager.net\/flosouris_yt\/wp-content\/uploads\/sites\/6\/2024\/07\/805-JO2024-1024x558.png\" alt=\"\" class=\"wp-image-3793\" srcset=\"https:\/\/seal.transport-manager.net\/flosouris_yt\/wp-content\/uploads\/sites\/6\/2024\/07\/805-JO2024-1024x558.png 1024w, https:\/\/seal.transport-manager.net\/flosouris_yt\/wp-content\/uploads\/sites\/6\/2024\/07\/805-JO2024-300x163.png 300w, https:\/\/seal.transport-manager.net\/flosouris_yt\/wp-content\/uploads\/sites\/6\/2024\/07\/805-JO2024-768x418.png 768w, https:\/\/seal.transport-manager.net\/flosouris_yt\/wp-content\/uploads\/sites\/6\/2024\/07\/805-JO2024-1536x836.png 1536w, https:\/\/seal.transport-manager.net\/flosouris_yt\/wp-content\/uploads\/sites\/6\/2024\/07\/805-JO2024-1232x671.png 1232w, https:\/\/seal.transport-manager.net\/flosouris_yt\/wp-content\/uploads\/sites\/6\/2024\/07\/805-JO2024.png 1919w\" sizes=\"auto, (max-width: 1024px) 100vw, 1024px\" \/><\/figure>\n\n\n\n<p class=\"has-text-align-center has-white-color has-text-color has-link-color wp-elements-47da664df372a6b3e54cf315e1beef3f\"><strong>\u00c9preuve : Football<\/strong><\/p>\n\n\n\n<p class=\"has-text-align-center has-white-color has-text-color has-link-color wp-elements-066938219138ee5d5bb8b6d499ba4c2c\">Plusieurs rencontres de foot auront lieu dans le stade. Afin de faciliter l&rsquo;acc\u00e8s au stade, la Val&rsquo;JO2024 805 sera activ\u00e9e entre Petite For\u00eat &#8211; C. Commercial et Valenciennes &#8211; Stade.<\/p>\n\n\n\n<p class=\"has-text-align-center has-white-color has-text-color has-link-color wp-elements-152da7e3fbfec40cf7012ec966b42e18\"><strong>Caract\u00e9ristiques<\/strong> :<\/p>\n\n\n\n<ul class=\"has-white-color has-text-color has-link-color wp-block-list wp-elements-d0c375e469078794812f7aa6bc9b22f7\">\n<li>Mercredi 24 juillet 2024<\/li>\n\n\n\n<li>Samedi 27 juillet 2024<\/li>\n\n\n\n<li>Mercredi 31 juillet 2024<\/li>\n\n\n\n<li>Samedi 3 ao\u00fbt 2024<\/li>\n\n\n\n<li>Mise en circulation pour la premi\u00e8re fois de 6 Volvo 7900A hybride !<\/li>\n\n\n\n<li>Profitez avec un bus toutes les 7 minutes les jours de mise en circulation !<\/li>\n<\/ul>\n\n\n\n<div class=\"wp-block-buttons is-content-justification-center is-layout-flex wp-container-core-buttons-is-layout-a89b3969 wp-block-buttons-is-layout-flex\">\n<div class=\"wp-block-button is-style-outline is-style-outline--2\"><a class=\"wp-block-button__link has-white-color has-text-color has-link-color has-text-align-center wp-element-button\" href=\"https:\/\/seal.transport-manager.net\/flosouris_yt\/wp-content\/uploads\/sites\/6\/2024\/07\/805-JO.pdf\">Fiche Horaire<\/a><\/div>\n<\/div>\n<\/div>\n<\/div>\n\n\n\n<div class=\"wp-block-columns are-vertically-aligned-center has-background is-layout-flex wp-container-core-columns-is-layout-28f84493 wp-block-columns-is-layout-flex\" style=\"background:linear-gradient(135deg,rgb(232,106,16) 0%,rgb(0,175,173) 100%)\">\n<div class=\"wp-block-column is-vertically-aligned-center is-layout-flow wp-block-column-is-layout-flow\"><div class=\"wp-block-image\">\n<figure class=\"aligncenter size-large\"><img decoding=\"async\" src=\"https:\/\/transport-manager.net\/assets\/img\/lignes\/L810.png\" alt=\"\" \/><\/figure>\n<\/div>\n\n\n<figure class=\"wp-block-image size-large\"><img loading=\"lazy\" decoding=\"async\" width=\"1024\" height=\"558\" src=\"https:\/\/seal.transport-manager.net\/flosouris_yt\/wp-content\/uploads\/sites\/6\/2024\/07\/810-JO-2024-1024x558.png\" alt=\"\" class=\"wp-image-3794\" srcset=\"https:\/\/seal.transport-manager.net\/flosouris_yt\/wp-content\/uploads\/sites\/6\/2024\/07\/810-JO-2024-1024x558.png 1024w, https:\/\/seal.transport-manager.net\/flosouris_yt\/wp-content\/uploads\/sites\/6\/2024\/07\/810-JO-2024-300x163.png 300w, https:\/\/seal.transport-manager.net\/flosouris_yt\/wp-content\/uploads\/sites\/6\/2024\/07\/810-JO-2024-768x418.png 768w, https:\/\/seal.transport-manager.net\/flosouris_yt\/wp-content\/uploads\/sites\/6\/2024\/07\/810-JO-2024-1536x836.png 1536w, https:\/\/seal.transport-manager.net\/flosouris_yt\/wp-content\/uploads\/sites\/6\/2024\/07\/810-JO-2024-1232x671.png 1232w, https:\/\/seal.transport-manager.net\/flosouris_yt\/wp-content\/uploads\/sites\/6\/2024\/07\/810-JO-2024.png 1919w\" sizes=\"auto, (max-width: 1024px) 100vw, 1024px\" \/><\/figure>\n\n\n\n<p class=\"has-text-align-center has-white-color has-text-color has-link-color wp-elements-e7db1b137f2ea5460adee02ffe6dd0e9\"><strong>\u00c9preuve : Voile<\/strong><\/p>\n\n\n\n<p class=\"has-text-align-center has-white-color has-text-color has-link-color wp-elements-cba957f3f45e4f5b45b242216ae4c662\">Les \u00e9preuves de voile auront lieu \u00e0 Cambrai. Durant cette p\u00e9riode, la Val&rsquo;Sp\u00e9ciale devient la Val&rsquo;JO2024 810 et sera renforc\u00e9e.<\/p>\n\n\n\n<p class=\"has-text-align-center has-white-color has-text-color has-link-color wp-elements-152da7e3fbfec40cf7012ec966b42e18\"><strong>Caract\u00e9ristiques<\/strong> :<\/p>\n\n\n\n<ul class=\"has-white-color has-text-color has-link-color wp-block-list wp-elements-5d03011a19176506ba59c42d3077f9aa\">\n<li>Du 28 juillet au 8 ao\u00fbt 2024<\/li>\n\n\n\n<li>Plus A-R en journ\u00e9e avec un bus toutes les 18 \u00e0 28 minutes selon les jours !<\/li>\n\n\n\n<li>Profitez avec de magnifique 5 Setra S 531 DT<\/li>\n<\/ul>\n\n\n\n<div class=\"wp-block-buttons is-content-justification-center is-layout-flex wp-container-core-buttons-is-layout-a89b3969 wp-block-buttons-is-layout-flex\">\n<div class=\"wp-block-button is-style-outline is-style-outline--3\"><a class=\"wp-block-button__link has-white-color has-text-color has-link-color has-text-align-center wp-element-button\" href=\"https:\/\/seal.transport-manager.net\/flosouris_yt\/wp-content\/uploads\/sites\/6\/2024\/07\/810-JO.pdf\">Fiche Horaire<\/a><\/div>\n<\/div>\n<\/div>\n<\/div>\n\n\n\n<div class=\"wp-block-columns are-vertically-aligned-center has-background is-layout-flex wp-container-core-columns-is-layout-28f84493 wp-block-columns-is-layout-flex\" style=\"background:linear-gradient(135deg,rgb(0,175,173) 0%,rgb(59,161,115) 100%)\">\n<div class=\"wp-block-column is-vertically-aligned-center is-layout-flow wp-block-column-is-layout-flow\"><div class=\"wp-block-image\">\n<figure class=\"aligncenter size-large\"><img decoding=\"async\" src=\"https:\/\/transport-manager.net\/assets\/img\/lignes\/L816.png\" alt=\"\" \/><\/figure>\n<\/div>\n\n\n<figure class=\"wp-block-image size-large\"><img loading=\"lazy\" decoding=\"async\" width=\"1024\" height=\"558\" src=\"https:\/\/seal.transport-manager.net\/flosouris_yt\/wp-content\/uploads\/sites\/6\/2024\/07\/816-JO2024-1024x558.png\" alt=\"\" class=\"wp-image-3795\" srcset=\"https:\/\/seal.transport-manager.net\/flosouris_yt\/wp-content\/uploads\/sites\/6\/2024\/07\/816-JO2024-1024x558.png 1024w, https:\/\/seal.transport-manager.net\/flosouris_yt\/wp-content\/uploads\/sites\/6\/2024\/07\/816-JO2024-300x163.png 300w, https:\/\/seal.transport-manager.net\/flosouris_yt\/wp-content\/uploads\/sites\/6\/2024\/07\/816-JO2024-768x418.png 768w, https:\/\/seal.transport-manager.net\/flosouris_yt\/wp-content\/uploads\/sites\/6\/2024\/07\/816-JO2024-1536x836.png 1536w, https:\/\/seal.transport-manager.net\/flosouris_yt\/wp-content\/uploads\/sites\/6\/2024\/07\/816-JO2024-1232x671.png 1232w, https:\/\/seal.transport-manager.net\/flosouris_yt\/wp-content\/uploads\/sites\/6\/2024\/07\/816-JO2024.png 1919w\" sizes=\"auto, (max-width: 1024px) 100vw, 1024px\" \/><\/figure>\n\n\n\n<p class=\"has-text-align-center has-white-color has-text-color has-link-color wp-elements-eea0ac24279477da140e8d21dee5af34\"><strong>\u00c9preuve : Triathlon<\/strong><\/p>\n\n\n\n<p class=\"has-text-align-center has-white-color has-text-color has-link-color wp-elements-0b49f85f2b1c5a25d310d24872f1a247\">Le d\u00e9part des \u00e9preuves du triathlon se fera \u00e0 proximit\u00e9 Complexe Sportif Pierre Carous. Afin de faciliter l&rsquo;acc\u00e8s vous renforcerez la desserte du tron\u00e7on de la Val&rsquo;Liane 2 entre Valenciennes &#8211; Gare et le Complexe Sportif Pierre Carous gr\u00e2ce \u00e0 une navette directe qui circulera sous l&rsquo;indice de Val&rsquo;JO2024 816.<\/p>\n\n\n\n<p class=\"has-text-align-center has-white-color has-text-color has-link-color wp-elements-152da7e3fbfec40cf7012ec966b42e18\"><strong>Caract\u00e9ristiques<\/strong> :<\/p>\n\n\n\n<ul class=\"has-white-color has-text-color has-link-color wp-block-list wp-elements-14c8af52842394420105a2d638843cac\">\n<li><s>Mardi 30 juillet 2024<\/s> =&gt; <strong>Report\u00e9 ult\u00e9rieurement<\/strong><\/li>\n\n\n\n<li>Mercredi 31 juillet 2024<\/li>\n\n\n\n<li>Lundi 5 ao\u00fbt 2024<\/li>\n\n\n\n<li>Tranquille avec cette navette qui vous d\u00e9posent direct \u00e0 l&rsquo;\u00e9preuve avec un bus toutes les 5 minutes !!!<\/li>\n\n\n\n<li>Avec 4 Scania Citywide LF II 12 pr\u00eat \u00e0 la circulation !<\/li>\n<\/ul>\n\n\n\n<div class=\"wp-block-buttons is-content-justification-center is-layout-flex wp-container-core-buttons-is-layout-a89b3969 wp-block-buttons-is-layout-flex\">\n<div class=\"wp-block-button is-style-outline is-style-outline--4\"><a class=\"wp-block-button__link has-white-color has-text-color has-link-color has-text-align-center wp-element-button\" href=\"https:\/\/seal.transport-manager.net\/flosouris_yt\/wp-content\/uploads\/sites\/6\/2024\/07\/816-JO.pdf\">Fiche Horaire<\/a><\/div>\n<\/div>\n<\/div>\n<\/div>\n\n\n\n<div class=\"wp-block-columns are-vertically-aligned-center has-background is-layout-flex wp-container-core-columns-is-layout-28f84493 wp-block-columns-is-layout-flex\" style=\"background:linear-gradient(135deg,rgb(59,161,115) 0%,rgb(255,206,0) 100%)\">\n<div class=\"wp-block-column is-vertically-aligned-center has-white-color has-text-color has-link-color wp-elements-329a4b1ebdbf182847fea85246b3c8d2 is-layout-flow wp-block-column-is-layout-flow\"><div class=\"wp-block-image\">\n<figure class=\"aligncenter size-large\"><img decoding=\"async\" src=\"https:\/\/transport-manager.net\/assets\/img\/lignes\/L713.png\" alt=\"\" \/><\/figure>\n<\/div>\n\n\n<figure class=\"wp-block-image size-large\"><img loading=\"lazy\" decoding=\"async\" width=\"1024\" height=\"558\" src=\"https:\/\/seal.transport-manager.net\/flosouris_yt\/wp-content\/uploads\/sites\/6\/2024\/07\/713-JO2024-1024x558.png\" alt=\"\" class=\"wp-image-3796\" srcset=\"https:\/\/seal.transport-manager.net\/flosouris_yt\/wp-content\/uploads\/sites\/6\/2024\/07\/713-JO2024-1024x558.png 1024w, https:\/\/seal.transport-manager.net\/flosouris_yt\/wp-content\/uploads\/sites\/6\/2024\/07\/713-JO2024-300x163.png 300w, https:\/\/seal.transport-manager.net\/flosouris_yt\/wp-content\/uploads\/sites\/6\/2024\/07\/713-JO2024-768x418.png 768w, https:\/\/seal.transport-manager.net\/flosouris_yt\/wp-content\/uploads\/sites\/6\/2024\/07\/713-JO2024-1536x836.png 1536w, https:\/\/seal.transport-manager.net\/flosouris_yt\/wp-content\/uploads\/sites\/6\/2024\/07\/713-JO2024-1232x671.png 1232w, https:\/\/seal.transport-manager.net\/flosouris_yt\/wp-content\/uploads\/sites\/6\/2024\/07\/713-JO2024.png 1919w\" sizes=\"auto, (max-width: 1024px) 100vw, 1024px\" \/><\/figure>\n\n\n\n<hr class=\"wp-block-separator has-text-color has-white-color has-alpha-channel-opacity has-white-background-color has-background\" \/>\n\n\n\n<p class=\"has-text-align-center has-white-color has-text-color has-link-color wp-elements-8e84b50596319c20f84a16e1cb346546\"><strong>\u00c9preuve : Trampoline<\/strong><\/p>\n\n\n\n<p class=\"has-text-align-center has-white-color has-text-color has-link-color wp-elements-c37e446766e217cb1970a66cb5b5f456\">Les \u00e9preuves de trampoline auront lieu \u00e0 la Cit\u00e9 des Congr\u00e8s le 2 ao\u00fbt 2024. La Val&rsquo;JO2024 713 sera activ\u00e9e pour l&rsquo;occasion<\/p>\n\n\n\n<p class=\"has-text-align-center has-white-color has-text-color has-link-color wp-elements-152da7e3fbfec40cf7012ec966b42e18\"><strong>Caract\u00e9ristiques<\/strong> :<\/p>\n\n\n\n<ul class=\"has-white-color has-text-color has-link-color wp-block-list wp-elements-1799e0dcb86eb264a5a69174586d76c2\">\n<li>Uniquement le vendredi 2 ao\u00fbt 2024 !<\/li>\n\n\n\n<li>Avec un bus toutes les 7 minutes !<\/li>\n<\/ul>\n\n\n\n<hr class=\"wp-block-separator has-text-color has-white-color has-alpha-channel-opacity has-white-background-color has-background\" \/>\n\n\n\n<p class=\"has-text-align-center has-white-color has-text-color has-link-color wp-elements-e10317df0f81d3f58b48455ce175d387\"><strong>\u00c9preuve : Handball<\/strong><\/p>\n\n\n\n<p class=\"has-text-align-center has-white-color has-text-color has-link-color wp-elements-ce1dd00270b66727a1c13f30e517b733\">La phase finale des \u00e9preuves de handball auront lieu \u00e0 la Cit\u00e9 des Congr\u00e8s du 6 au 11 ao\u00fbt 2024. La Val&rsquo;JO2024 713 sera activ\u00e9e pour l&rsquo;occasion<\/p>\n\n\n\n<p class=\"has-text-align-center has-white-color has-text-color has-link-color wp-elements-152da7e3fbfec40cf7012ec966b42e18\"><strong>Caract\u00e9ristiques<\/strong> :<\/p>\n\n\n\n<ul class=\"has-white-color has-text-color has-link-color wp-block-list wp-elements-685fa682aab8133d549ff4ac45bcc52c\">\n<li>Du mardi 6 au dimanche 11 ao\u00fbt 2024<\/li>\n\n\n\n<li>Profitez avec FloTransport avec un bus toutes les 6 minutes !!<\/li>\n<\/ul>\n\n\n\n<hr class=\"wp-block-separator has-text-color has-white-color has-alpha-channel-opacity has-white-background-color has-background\" \/>\n\n\n\n<p class=\"has-text-align-center has-white-color has-text-color has-link-color wp-elements-8aebeb249a13680d9f00fd63d78688ba\"><strong>\u00c9preuve : Badminton<\/strong><\/p>\n\n\n\n<p class=\"has-text-align-center has-white-color has-text-color has-link-color wp-elements-52f321c0cdeaf62551586d60e3aab717\">Les \u00e9preuves de Badminton paralympiques auront lieu \u00e0 la Cit\u00e9 des Congr\u00e8s du 29 ao\u00fbt au 2 septembre 2024. La Val&rsquo;JO2024 713 sera activ\u00e9e pour l&rsquo;occasion<\/p>\n\n\n\n<p class=\"has-text-align-center has-white-color has-text-color has-link-color wp-elements-152da7e3fbfec40cf7012ec966b42e18\"><strong>Caract\u00e9ristiques<\/strong> :<\/p>\n\n\n\n<ul class=\"has-white-color has-text-color has-link-color wp-block-list wp-elements-32c5b0f7bda99172cc52ec9ced288a7c\">\n<li>Du mardi 6 au dimanche 11 ao\u00fbt 2024<\/li>\n\n\n\n<li>Toujours plus de bus avec un fr\u00e9quence de 7 minutes\/bus !<\/li>\n<\/ul>\n\n\n\n<hr class=\"wp-block-separator has-text-color has-white-color has-alpha-channel-opacity has-white-background-color has-background\" \/>\n\n\n\n<ul class=\"wp-block-list\">\n<li>Tout \u00e7a avec 6 VDL Citea SLFA 180 hybride<\/li>\n\n\n\n<li>Vous aurez d\u00e9j\u00e0 tester les 4 Scania Citywide LF II 12 de la Val&rsquo;JO2024 816 !<\/li>\n<\/ul>\n\n\n\n<div class=\"wp-block-buttons is-content-justification-center is-layout-flex wp-container-core-buttons-is-layout-a89b3969 wp-block-buttons-is-layout-flex\">\n<div class=\"wp-block-button is-style-outline is-style-outline--5\"><a class=\"wp-block-button__link has-white-color has-text-color has-link-color has-text-align-center wp-element-button\" href=\"https:\/\/seal.transport-manager.net\/flosouris_yt\/wp-content\/uploads\/sites\/6\/2024\/07\/713-JO.pdf\">Fiche Horaire<\/a><\/div>\n<\/div>\n<\/div>\n<\/div>\n\n\n\n<div class=\"wp-block-columns are-vertically-aligned-center has-background is-layout-flex wp-container-core-columns-is-layout-28f84493 wp-block-columns-is-layout-flex\" style=\"background:linear-gradient(135deg,rgb(255,206,0) 0%,rgb(232,106,16) 100%)\">\n<div class=\"wp-block-column is-vertically-aligned-center is-layout-flow wp-block-column-is-layout-flow\"><div class=\"wp-block-image\">\n<figure class=\"aligncenter size-large\"><img decoding=\"async\" src=\"https:\/\/transport-manager.net\/assets\/img\/lignes\/L817.png\" alt=\"\" \/><\/figure>\n<\/div>\n\n\n<figure class=\"wp-block-image size-large\"><img loading=\"lazy\" decoding=\"async\" width=\"1024\" height=\"558\" src=\"https:\/\/seal.transport-manager.net\/flosouris_yt\/wp-content\/uploads\/sites\/6\/2024\/07\/817-JO2024-1024x558.png\" alt=\"\" class=\"wp-image-3797\" srcset=\"https:\/\/seal.transport-manager.net\/flosouris_yt\/wp-content\/uploads\/sites\/6\/2024\/07\/817-JO2024-1024x558.png 1024w, https:\/\/seal.transport-manager.net\/flosouris_yt\/wp-content\/uploads\/sites\/6\/2024\/07\/817-JO2024-300x163.png 300w, https:\/\/seal.transport-manager.net\/flosouris_yt\/wp-content\/uploads\/sites\/6\/2024\/07\/817-JO2024-768x418.png 768w, https:\/\/seal.transport-manager.net\/flosouris_yt\/wp-content\/uploads\/sites\/6\/2024\/07\/817-JO2024-1536x836.png 1536w, https:\/\/seal.transport-manager.net\/flosouris_yt\/wp-content\/uploads\/sites\/6\/2024\/07\/817-JO2024-1232x671.png 1232w, https:\/\/seal.transport-manager.net\/flosouris_yt\/wp-content\/uploads\/sites\/6\/2024\/07\/817-JO2024.png 1919w\" sizes=\"auto, (max-width: 1024px) 100vw, 1024px\" \/><\/figure>\n\n\n\n<p class=\"has-text-align-center has-white-color has-text-color has-link-color wp-elements-0033bd656353716816b05fe52dbe2845\"><strong><strong>\u00c9preuve : Equitation<\/strong><\/strong><\/p>\n\n\n\n<p class=\"has-text-align-center has-white-color has-text-color has-link-color wp-elements-22b91e31fcd4d6757d9cc1895b25e22c\">Les \u00e9preuves d&rsquo;\u00e9quitation des jeux O&rsquo;Sportifs deuxi\u00e8me partie auront lieu au centre \u00e9questre. Vous mettrez en place une navette directe reliant de Petite-For\u00eat C. Commercial \u00e0 centre \u00e9questre sous la Val&rsquo;JO2024 817.<\/p>\n\n\n\n<p class=\"has-text-align-center has-white-color has-text-color has-link-color wp-elements-152da7e3fbfec40cf7012ec966b42e18\"><strong>Caract\u00e9ristiques<\/strong> :<\/p>\n\n\n\n<ul class=\"has-white-color has-text-color has-link-color wp-block-list wp-elements-99d00380c74a41d4de7965f4db726244\">\n<li>Mardi 3 septembre 2024<\/li>\n\n\n\n<li>Mercredi 4 septembre 2024<\/li>\n\n\n\n<li>Vendredi 6 septembre 2024<\/li>\n\n\n\n<li>Samedi 7 septembre 2024<\/li>\n\n\n\n<li>Attention, l&rsquo;arr\u00eat de terminus sera au Coll\u00e8ge Germinal et non au centre \u00e9questre \u00e0 Raismes afin de desservir au mieux durant ces \u00e9preuves et \u00e9viter les blocages pour faire un demi tour des bus. Cependant, vous pouvez utiliser la Val&rsquo;Principale 60 et vous arr\u00eatez \u00e0 la Piscine Municipal !<\/li>\n\n\n\n<li>FloTransport mettra le paquet avec un bus toutes les 7 minutes les jours de circulation !!<\/li>\n\n\n\n<li>Tout \u00e7a avec 2 Man Lion s City 12 hybride !<\/li>\n<\/ul>\n\n\n\n<div class=\"wp-block-buttons is-content-justification-center is-layout-flex wp-container-core-buttons-is-layout-a89b3969 wp-block-buttons-is-layout-flex\">\n<div class=\"wp-block-button is-style-outline is-style-outline--6\"><a class=\"wp-block-button__link has-white-color has-text-color has-link-color has-text-align-center wp-element-button\" href=\"https:\/\/seal.transport-manager.net\/flosouris_yt\/wp-content\/uploads\/sites\/6\/2024\/07\/817-JO.pdf\">Fiche Horaire<\/a><\/div>\n<\/div>\n<\/div>\n<\/div>\n","protected":false},"excerpt":{"rendered":"<p>!! du MERCREDI 24 juillet au SAMEDI 7 septembre 2024 !! La m\u00e9tropole de Valenciennes accueillera plusieurs \u00e9preuves des jeux O&rsquo;Sportifs 2024. Les organisateurs vous demandent de mettre en place, en fonction de vos possibilit\u00e9s, plusieurs lignes sp\u00e9ciales afin de faciliter l&rsquo;acc\u00e8s \u00e0 la fan zone, situ\u00e9e dans le parc [&hellip;]<\/p>\n","protected":false},"author":6,"featured_media":3848,"parent":0,"menu_order":0,"comment_status":"closed","ping_status":"closed","template":"","meta":{"footnotes":""},"class_list":["post-3768","page","type-page","status-publish","has-post-thumbnail","hentry"],"_links":{"self":[{"href":"https:\/\/seal.transport-manager.net\/flosouris_yt\/wp-json\/wp\/v2\/pages\/3768","targetHints":{"allow":["GET"]}}],"collection":[{"href":"https:\/\/seal.transport-manager.net\/flosouris_yt\/wp-json\/wp\/v2\/pages"}],"about":[{"href":"https:\/\/seal.transport-manager.net\/flosouris_yt\/wp-json\/wp\/v2\/types\/page"}],"author":[{"embeddable":true,"href":"https:\/\/seal.transport-manager.net\/flosouris_yt\/wp-json\/wp\/v2\/users\/6"}],"replies":[{"embeddable":true,"href":"https:\/\/seal.transport-manager.net\/flosouris_yt\/wp-json\/wp\/v2\/comments?post=3768"}],"version-history":[{"count":29,"href":"https:\/\/seal.transport-manager.net\/flosouris_yt\/wp-json\/wp\/v2\/pages\/3768\/revisions"}],"predecessor-version":[{"id":3869,"href":"https:\/\/seal.transport-manager.net\/flosouris_yt\/wp-json\/wp\/v2\/pages\/3768\/revisions\/3869"}],"wp:featuredmedia":[{"embeddable":true,"href":"https:\/\/seal.transport-manager.net\/flosouris_yt\/wp-json\/wp\/v2\/media\/3848"}],"wp:attachment":[{"href":"https:\/\/seal.transport-manager.net\/flosouris_yt\/wp-json\/wp\/v2\/media?parent=3768"}],"curies":[{"name":"wp","href":"https:\/\/api.w.org\/{rel}","templated":true}]}}