{"id":379,"date":"2021-08-23T23:11:25","date_gmt":"2021-08-23T21:11:25","guid":{"rendered":"https:\/\/seal.transport-manager.net\/flosourisyt\/?page_id=379"},"modified":"2025-10-20T17:37:57","modified_gmt":"2025-10-20T15:37:57","slug":"espace-publicitaire-flotransport-maximisez-votre-visibilite-sur-le-reseau","status":"publish","type":"page","link":"https:\/\/seal.transport-manager.net\/flosouris_yt\/espace-publicitaire-flotransport-maximisez-votre-visibilite-sur-le-reseau\/","title":{"rendered":"\ud83d\udce2 Espace Publicitaire FloTransport : Maximisez Votre Visibilit\u00e9 sur le R\u00e9seau ! \ud83d\ude8c"},"content":{"rendered":"\n<p class=\"has-text-align-left\">Vous cherchez \u00e0 donner de la visibilit\u00e9 \u00e0 votre marque et \u00e0 toucher une large audience au quotidien ? L&rsquo;<strong>Espace Publicitaire FloTransport<\/strong> vous offre une opportunit\u00e9 unique de diffuser vos messages sur nos bus, cars et tramways. Faites-vous remarquer et gagnez en popularit\u00e9 gr\u00e2ce \u00e0 des emplacements publicitaires strat\u00e9giques qui captent l&rsquo;attention de vos futurs clients.<\/p>\n\n\n\n<h3 class=\"wp-block-heading\">Pourquoi choisir la publicit\u00e9 sur nos transports ?<\/h3>\n\n\n\n<ul class=\"wp-block-list\">\n<li><strong>Audience engag\u00e9e :<\/strong> Plus de <strong>75 % des usagers<\/strong> appr\u00e9cient la publicit\u00e9 pr\u00e9sente sur nos v\u00e9hicules, ce qui garantit une meilleure r\u00e9ceptivit\u00e9 \u00e0 votre message.<\/li>\n\n\n\n<li><strong>Couverture optimale de la m\u00e9tropole :<\/strong> Contrairement \u00e0 la publicit\u00e9 statique, nos v\u00e9hicules se d\u00e9placent ! Cela vous assure une <strong>visibilit\u00e9 \u00e9tendue<\/strong> sur l&rsquo;ensemble de la m\u00e9tropole, atteignant un public diversifi\u00e9 dans diff\u00e9rents quartiers. De plus, nos supports ne sont pas soumis aux restrictions de publicit\u00e9 dans certaines zones, vous offrant une libert\u00e9 de diffusion accrue.<\/li>\n\n\n\n<li><strong>Temps d&rsquo;exposition prolong\u00e9 :<\/strong> Les usagers passent en moyenne <strong>55 minutes par jour<\/strong> dans nos transports en commun. C&rsquo;est un temps pr\u00e9cieux pendant lequel votre publicit\u00e9 est expos\u00e9e, permettant une m\u00e9morisation plus efficace de votre marque ou de votre produit.<\/li>\n<\/ul>\n\n\n\n<h3 class=\"wp-block-heading\">Nos Formats Publicitaires :<\/h3>\n\n\n\n<p>Nous proposons plusieurs formats d&rsquo;affichage pour s&rsquo;adapter au mieux \u00e0 vos besoins et \u00e0 votre budget :<\/p>\n\n\n\n<ul class=\"wp-block-list\">\n<li><strong>Les Livr\u00e9es Arri\u00e8res :<\/strong> Offrez une <strong>visibilit\u00e9 maximale<\/strong> aux automobilistes qui suivent nos bus. Ces supports sont <strong>5,6 fois plus regard\u00e9s<\/strong> que les autres types de publicit\u00e9s en ville, garantissant un impact fort.<\/li>\n\n\n\n<li><strong>Les Livr\u00e9es Lat\u00e9rales :<\/strong> Votre message sera visible par un large \u00e9ventail de personnes, qu&rsquo;elles soient pi\u00e9tons, cyclistes ou automobilistes. Ces supports sont <strong>3,4 fois plus regard\u00e9s<\/strong> que les autres supports publicitaires urbains, pour une port\u00e9e \u00e9tendue.<\/li>\n\n\n\n<li><strong>Les Panneaux de Pubs Avants :<\/strong> Id\u00e9al pour capter l&rsquo;attention de nos clients \u00e0 l&rsquo;arriv\u00e9e ou au d\u00e9part des arr\u00eats de bus. Ces supports sont <strong>2 fois plus regard\u00e9s<\/strong> que les autres, offrant un impact cibl\u00e9.<\/li>\n<\/ul>\n\n\n\n<hr class=\"wp-block-separator has-alpha-channel-opacity\" \/>\n\n\n\n<p class=\"has-text-align-left\"><strong>Vous souhaitez obtenir un tarif personnalis\u00e9 ou en savoir plus sur les disponibilit\u00e9s ?<\/strong> N&rsquo;h\u00e9sitez pas \u00e0 nous contacter ! Nous serons ravis de vous aider \u00e0 \u00e9laborer la campagne publicitaire id\u00e9ale pour vos objectifs.<\/p>\n\n\n<div class=\"wpforms-container wpforms-container-full wpforms-block wpforms-block-143bcd2b-be8d-4c8d-ba93-8162065db33c\" id=\"wpforms-3372\"><form id=\"wpforms-form-3372\" class=\"wpforms-validate wpforms-form wpforms-ajax-form\" data-formid=\"3372\" method=\"post\" enctype=\"multipart\/form-data\" action=\"\/flosouris_yt\/wp-json\/wp\/v2\/pages\/379\" data-token=\"d57edd6a7ffd5abcf8626c71651fc2c0\" data-token-time=\"1776873802\"><noscript class=\"wpforms-error-noscript\">Veuillez activer JavaScript dans votre navigateur pour remplir ce formulaire.<\/noscript><div class=\"wpforms-field-container\"><div id=\"wpforms-3372-field_1-container\" class=\"wpforms-field wpforms-field-text\" data-field-id=\"1\"><label class=\"wpforms-field-label\" for=\"wpforms-3372-field_1\">Pseudo Jeu <span class=\"wpforms-required-label\">*<\/span><\/label><input type=\"text\" id=\"wpforms-3372-field_1\" class=\"wpforms-field-medium wpforms-field-required\" name=\"wpforms[fields][1]\" required><\/div><div id=\"wpforms-3372-field_2-container\" class=\"wpforms-field wpforms-field-text\" data-field-id=\"2\"><label class=\"wpforms-field-label\" for=\"wpforms-3372-field_2\">Pseudo Discord <span class=\"wpforms-required-label\">*<\/span><\/label><input type=\"text\" id=\"wpforms-3372-field_2\" class=\"wpforms-field-medium wpforms-field-required\" name=\"wpforms[fields][2]\" required><div class=\"wpforms-field-description\">@pseudo<\/div><\/div><div id=\"wpforms-3372-field_3-container\" class=\"wpforms-field wpforms-field-radio\" data-field-id=\"3\"><label class=\"wpforms-field-label\">Type de support de publicit\u00e9 souhait\u00e9 <span class=\"wpforms-required-label\">*<\/span><\/label><ul id=\"wpforms-3372-field_3\" class=\"wpforms-field-required\"><li class=\"choice-1 depth-1\"><input type=\"radio\" id=\"wpforms-3372-field_3_1\" name=\"wpforms[fields][3]\" value=\"Panneau de Pub Avant\" required ><label class=\"wpforms-field-label-inline\" for=\"wpforms-3372-field_3_1\">Panneau de Pub Avant<\/label><\/li><li class=\"choice-2 depth-1\"><input type=\"radio\" id=\"wpforms-3372-field_3_2\" name=\"wpforms[fields][3]\" value=\"Livr\u00e9e Lat\u00e9rale\" required ><label class=\"wpforms-field-label-inline\" for=\"wpforms-3372-field_3_2\">Livr\u00e9e Lat\u00e9rale<\/label><\/li><li class=\"choice-3 depth-1\"><input type=\"radio\" id=\"wpforms-3372-field_3_3\" name=\"wpforms[fields][3]\" value=\"Livr\u00e9e Arri\u00e8re\" required ><label class=\"wpforms-field-label-inline\" for=\"wpforms-3372-field_3_3\">Livr\u00e9e Arri\u00e8re<\/label><\/li><\/ul><\/div><div id=\"wpforms-3372-field_4-container\" class=\"wpforms-field wpforms-field-number\" data-field-id=\"4\"><label class=\"wpforms-field-label\" for=\"wpforms-3372-field_4\">Nombre souhait\u00e9 <span class=\"wpforms-required-label\">*<\/span><\/label><input type=\"number\" id=\"wpforms-3372-field_4\" class=\"wpforms-field-medium wpforms-field-required\" name=\"wpforms[fields][4]\" step=\"any\" required><\/div><div id=\"wpforms-3372-field_5-container\" class=\"wpforms-field wpforms-field-radio\" data-field-id=\"5\"><label class=\"wpforms-field-label\">Payement souhait\u00e9 <span class=\"wpforms-required-label\">*<\/span><\/label><ul id=\"wpforms-3372-field_5\" class=\"wpforms-field-required\"><li class=\"choice-1 depth-1\"><input type=\"radio\" id=\"wpforms-3372-field_5_1\" name=\"wpforms[fields][5]\" value=\"En Agence\" required ><label class=\"wpforms-field-label-inline\" for=\"wpforms-3372-field_5_1\">En Agence<\/label><\/li><li class=\"choice-2 depth-1\"><input type=\"radio\" id=\"wpforms-3372-field_5_2\" name=\"wpforms[fields][5]\" value=\"D\u00e9p\u00f4t St Paul\" required ><label class=\"wpforms-field-label-inline\" for=\"wpforms-3372-field_5_2\">D\u00e9p\u00f4t St Paul<\/label><\/li><li class=\"choice-4 depth-1\"><input type=\"radio\" id=\"wpforms-3372-field_5_4\" name=\"wpforms[fields][5]\" value=\"D\u00e9p\u00f4t des Beaux Arts\" required ><label class=\"wpforms-field-label-inline\" for=\"wpforms-3372-field_5_4\">D\u00e9p\u00f4t des Beaux Arts<\/label><\/li><li class=\"choice-5 depth-1\"><input type=\"radio\" id=\"wpforms-3372-field_5_5\" name=\"wpforms[fields][5]\" value=\"En Ligne\" required ><label class=\"wpforms-field-label-inline\" for=\"wpforms-3372-field_5_5\">En Ligne<\/label><\/li><\/ul><\/div><\/div><!-- .wpforms-field-container --><div class=\"wpforms-submit-container\" ><input type=\"hidden\" name=\"wpforms[id]\" value=\"3372\"><input type=\"hidden\" name=\"page_title\" value=\"\"><input type=\"hidden\" name=\"page_url\" value=\"https:\/\/seal.transport-manager.net\/flosouris_yt\/wp-json\/wp\/v2\/pages\/379\"><input type=\"hidden\" name=\"url_referer\" value=\"\"><button type=\"submit\" name=\"wpforms[submit]\" id=\"wpforms-submit-3372\" class=\"wpforms-submit\" data-alt-text=\"Envoi...\" data-submit-text=\"Envoyer\" aria-live=\"assertive\" value=\"wpforms-submit\">Envoyer<\/button><img loading=\"lazy\" decoding=\"async\" src=\"https:\/\/seal.transport-manager.net\/flosouris_yt\/wp-content\/plugins\/wpforms-lite\/assets\/images\/submit-spin.svg\" class=\"wpforms-submit-spinner\" style=\"display: none;\" width=\"26\" height=\"26\" alt=\"Chargement en cours\"><\/div><\/form><\/div>  <!-- .wpforms-container -->","protected":false},"excerpt":{"rendered":"<p>Vous cherchez \u00e0 donner de la visibilit\u00e9 \u00e0 votre marque et \u00e0 toucher une large audience au quotidien ? L&rsquo;Espace Publicitaire FloTransport vous offre une opportunit\u00e9 unique de diffuser vos messages sur nos bus, cars et tramways. Faites-vous remarquer et gagnez en popularit\u00e9 gr\u00e2ce \u00e0 des emplacements publicitaires strat\u00e9giques qui [&hellip;]<\/p>\n","protected":false},"author":6,"featured_media":4518,"parent":0,"menu_order":0,"comment_status":"closed","ping_status":"closed","template":"","meta":{"footnotes":""},"class_list":["post-379","page","type-page","status-publish","has-post-thumbnail","hentry"],"_links":{"self":[{"href":"https:\/\/seal.transport-manager.net\/flosouris_yt\/wp-json\/wp\/v2\/pages\/379","targetHints":{"allow":["GET"]}}],"collection":[{"href":"https:\/\/seal.transport-manager.net\/flosouris_yt\/wp-json\/wp\/v2\/pages"}],"about":[{"href":"https:\/\/seal.transport-manager.net\/flosouris_yt\/wp-json\/wp\/v2\/types\/page"}],"author":[{"embeddable":true,"href":"https:\/\/seal.transport-manager.net\/flosouris_yt\/wp-json\/wp\/v2\/users\/6"}],"replies":[{"embeddable":true,"href":"https:\/\/seal.transport-manager.net\/flosouris_yt\/wp-json\/wp\/v2\/comments?post=379"}],"version-history":[{"count":18,"href":"https:\/\/seal.transport-manager.net\/flosouris_yt\/wp-json\/wp\/v2\/pages\/379\/revisions"}],"predecessor-version":[{"id":5257,"href":"https:\/\/seal.transport-manager.net\/flosouris_yt\/wp-json\/wp\/v2\/pages\/379\/revisions\/5257"}],"wp:featuredmedia":[{"embeddable":true,"href":"https:\/\/seal.transport-manager.net\/flosouris_yt\/wp-json\/wp\/v2\/media\/4518"}],"wp:attachment":[{"href":"https:\/\/seal.transport-manager.net\/flosouris_yt\/wp-json\/wp\/v2\/media?parent=379"}],"curies":[{"name":"wp","href":"https:\/\/api.w.org\/{rel}","templated":true}]}}