{"id":380,"date":"2021-08-23T23:11:25","date_gmt":"2021-08-23T21:11:25","guid":{"rendered":"https:\/\/seal.transport-manager.net\/flosourisyt\/?page_id=380"},"modified":"2025-10-20T17:39:30","modified_gmt":"2025-10-20T15:39:30","slug":"la-billettique-flotransport-vos-options-de-titres-de-transport","status":"publish","type":"page","link":"https:\/\/seal.transport-manager.net\/flosouris_yt\/la-billettique-flotransport-vos-options-de-titres-de-transport\/","title":{"rendered":"\ud83c\udf9f\ufe0f La Billettique FloTransport : Vos Options de Titres de Transport \u2728"},"content":{"rendered":"\n<p>D\u00e9couvrez toutes les fa\u00e7ons de voyager sur le r\u00e9seau FloTransport, des tickets occasionnels aux abonnements, ainsi que les diff\u00e9rents supports disponibles.<\/p>\n\n\n\n<h3 class=\"wp-block-heading\">\ud83d\ude8c Vos Titres de Transport<\/h3>\n\n\n\n<ul class=\"wp-block-list\">\n<li><strong>FloPass 1h de voyage<\/strong> <img loading=\"lazy\" decoding=\"async\" width=\"200\" height=\"320\" class=\"wp-image-727\" style=\"width: 50px\" src=\"https:\/\/seal.transport-manager.net\/flosouris_yt\/wp-content\/uploads\/sites\/6\/2021\/09\/FloPass_simple.png\" alt=\"\" srcset=\"https:\/\/seal.transport-manager.net\/flosouris_yt\/wp-content\/uploads\/sites\/6\/2021\/09\/FloPass_simple.png 200w, https:\/\/seal.transport-manager.net\/flosouris_yt\/wp-content\/uploads\/sites\/6\/2021\/09\/FloPass_simple-188x300.png 188w\" sizes=\"auto, (max-width: 200px) 100vw, 200px\" \/><img loading=\"lazy\" decoding=\"async\" width=\"200\" height=\"320\" class=\"wp-image-728\" style=\"width: 50px\" src=\"https:\/\/seal.transport-manager.net\/flosouris_yt\/wp-content\/uploads\/sites\/6\/2021\/09\/FloPass_simple_2.png\" alt=\"\" srcset=\"https:\/\/seal.transport-manager.net\/flosouris_yt\/wp-content\/uploads\/sites\/6\/2021\/09\/FloPass_simple_2.png 200w, https:\/\/seal.transport-manager.net\/flosouris_yt\/wp-content\/uploads\/sites\/6\/2021\/09\/FloPass_simple_2-188x300.png 188w\" sizes=\"auto, (max-width: 200px) 100vw, 200px\" \/> : 1.80\u20ac\/heure. Disponible en agences, autobus, autocars ou aux automates de vente.<\/li>\n\n\n\n<li><strong>FloPass 1 journ\u00e9e<\/strong> <img loading=\"lazy\" decoding=\"async\" width=\"200\" height=\"320\" class=\"wp-image-727\" style=\"width: 50px\" src=\"https:\/\/seal.transport-manager.net\/flosouris_yt\/wp-content\/uploads\/sites\/6\/2021\/09\/FloPass_simple.png\" alt=\"\" srcset=\"https:\/\/seal.transport-manager.net\/flosouris_yt\/wp-content\/uploads\/sites\/6\/2021\/09\/FloPass_simple.png 200w, https:\/\/seal.transport-manager.net\/flosouris_yt\/wp-content\/uploads\/sites\/6\/2021\/09\/FloPass_simple-188x300.png 188w\" sizes=\"auto, (max-width: 200px) 100vw, 200px\" \/><img loading=\"lazy\" decoding=\"async\" width=\"200\" height=\"320\" class=\"wp-image-728\" style=\"width: 50px\" src=\"https:\/\/seal.transport-manager.net\/flosouris_yt\/wp-content\/uploads\/sites\/6\/2021\/09\/FloPass_simple_2.png\" alt=\"\" srcset=\"https:\/\/seal.transport-manager.net\/flosouris_yt\/wp-content\/uploads\/sites\/6\/2021\/09\/FloPass_simple_2.png 200w, https:\/\/seal.transport-manager.net\/flosouris_yt\/wp-content\/uploads\/sites\/6\/2021\/09\/FloPass_simple_2-188x300.png 188w\" sizes=\"auto, (max-width: 200px) 100vw, 200px\" \/>  : 5.30\u20ac\/jour. Disponible en agences, autobus, autocars ou aux automates de vente.<\/li>\n\n\n\n<li><strong>FloPass Abonnement<\/strong> <img loading=\"lazy\" decoding=\"async\" width=\"200\" height=\"320\" class=\"wp-image-727\" style=\"width: 50px\" src=\"https:\/\/seal.transport-manager.net\/flosouris_yt\/wp-content\/uploads\/sites\/6\/2021\/09\/FloPass_simple.png\" alt=\"\" srcset=\"https:\/\/seal.transport-manager.net\/flosouris_yt\/wp-content\/uploads\/sites\/6\/2021\/09\/FloPass_simple.png 200w, https:\/\/seal.transport-manager.net\/flosouris_yt\/wp-content\/uploads\/sites\/6\/2021\/09\/FloPass_simple-188x300.png 188w\" sizes=\"auto, (max-width: 200px) 100vw, 200px\" \/><img loading=\"lazy\" decoding=\"async\" width=\"200\" height=\"320\" class=\"wp-image-728\" style=\"width: 50px\" src=\"https:\/\/seal.transport-manager.net\/flosouris_yt\/wp-content\/uploads\/sites\/6\/2021\/09\/FloPass_simple_2.png\" alt=\"\" srcset=\"https:\/\/seal.transport-manager.net\/flosouris_yt\/wp-content\/uploads\/sites\/6\/2021\/09\/FloPass_simple_2.png 200w, https:\/\/seal.transport-manager.net\/flosouris_yt\/wp-content\/uploads\/sites\/6\/2021\/09\/FloPass_simple_2-188x300.png 188w\" sizes=\"auto, (max-width: 200px) 100vw, 200px\" \/>  : 62\u20ac\/mois. Disponible en agences, autobus, autocars ou aux automates de vente.<\/li>\n\n\n\n<li><strong>FloPass Abonnement -25 ans<\/strong> <img loading=\"lazy\" decoding=\"async\" width=\"200\" height=\"320\" class=\"wp-image-727\" style=\"width: 50px\" src=\"https:\/\/seal.transport-manager.net\/flosouris_yt\/wp-content\/uploads\/sites\/6\/2021\/09\/FloPass_simple.png\" alt=\"\" srcset=\"https:\/\/seal.transport-manager.net\/flosouris_yt\/wp-content\/uploads\/sites\/6\/2021\/09\/FloPass_simple.png 200w, https:\/\/seal.transport-manager.net\/flosouris_yt\/wp-content\/uploads\/sites\/6\/2021\/09\/FloPass_simple-188x300.png 188w\" sizes=\"auto, (max-width: 200px) 100vw, 200px\" \/><img loading=\"lazy\" decoding=\"async\" width=\"200\" height=\"320\" class=\"wp-image-728\" style=\"width: 50px\" src=\"https:\/\/seal.transport-manager.net\/flosouris_yt\/wp-content\/uploads\/sites\/6\/2021\/09\/FloPass_simple_2.png\" alt=\"\" srcset=\"https:\/\/seal.transport-manager.net\/flosouris_yt\/wp-content\/uploads\/sites\/6\/2021\/09\/FloPass_simple_2.png 200w, https:\/\/seal.transport-manager.net\/flosouris_yt\/wp-content\/uploads\/sites\/6\/2021\/09\/FloPass_simple_2-188x300.png 188w\" sizes=\"auto, (max-width: 200px) 100vw, 200px\" \/>  : 37\u20ac\/mois. Disponible en agences, autobus, autocars ou aux automates de vente.<\/li>\n\n\n\n<li><strong>FloPass Abonnement +65 ans<\/strong> <img loading=\"lazy\" decoding=\"async\" width=\"200\" height=\"320\" class=\"wp-image-727\" style=\"width: 50px\" src=\"https:\/\/seal.transport-manager.net\/flosouris_yt\/wp-content\/uploads\/sites\/6\/2021\/09\/FloPass_simple.png\" alt=\"\" srcset=\"https:\/\/seal.transport-manager.net\/flosouris_yt\/wp-content\/uploads\/sites\/6\/2021\/09\/FloPass_simple.png 200w, https:\/\/seal.transport-manager.net\/flosouris_yt\/wp-content\/uploads\/sites\/6\/2021\/09\/FloPass_simple-188x300.png 188w\" sizes=\"auto, (max-width: 200px) 100vw, 200px\" \/><img loading=\"lazy\" decoding=\"async\" width=\"200\" height=\"320\" class=\"wp-image-728\" style=\"width: 50px\" src=\"https:\/\/seal.transport-manager.net\/flosouris_yt\/wp-content\/uploads\/sites\/6\/2021\/09\/FloPass_simple_2.png\" alt=\"\" srcset=\"https:\/\/seal.transport-manager.net\/flosouris_yt\/wp-content\/uploads\/sites\/6\/2021\/09\/FloPass_simple_2.png 200w, https:\/\/seal.transport-manager.net\/flosouris_yt\/wp-content\/uploads\/sites\/6\/2021\/09\/FloPass_simple_2-188x300.png 188w\" sizes=\"auto, (max-width: 200px) 100vw, 200px\" \/>  : 28\u20ac\/mois. Disponible en agences, autobus, autocars ou aux automates de vente.<\/li>\n<\/ul>\n\n\n\n<p><strong>\u00c0 noter :<\/strong> Les anciens tickets papiers <img loading=\"lazy\" decoding=\"async\" width=\"190\" height=\"85\" class=\"wp-image-675\" style=\"width: 40px\" src=\"https:\/\/seal.transport-manager.net\/flosouris_yt\/wp-content\/uploads\/sites\/6\/2021\/09\/Ticket-valable-1h.png\" alt=\"\"><img loading=\"lazy\" decoding=\"async\" width=\"190\" height=\"85\" class=\"wp-image-676\" style=\"width: 40px\" src=\"https:\/\/seal.transport-manager.net\/flosouris_yt\/wp-content\/uploads\/sites\/6\/2021\/09\/Ticket-valable-1h-1-2.png\" alt=\"\"> qui \u00e9taient oblit\u00e9r\u00e9s une seule fois ne sont plus en vigueur sur le r\u00e9seau. Tous les titres doivent \u00eatre <strong>valid\u00e9s \u00e0 chaque mont\u00e9e<\/strong> dans les bus, les cars et les tramways, y compris en cas de correspondance.<\/p>\n\n\n\n<h3 class=\"wp-block-heading\">\ud83d\udcb3 Les Supports de Tickets<\/h3>\n\n\n\n<p>Voici les diff\u00e9rents supports de tickets sur le r\u00e9seau FloTransport :<\/p>\n\n\n\n<ul class=\"wp-block-list\">\n<li><strong>Ticket simple<\/strong> (Ticket magn\u00e9tique) : Statut <strong>\ud83d\udd34<\/strong> (obsol\u00e8te)<\/li>\n\n\n\n<li><strong>Carte \u00e0 puce simple<\/strong> (Carte r\u00e9utilisable) : Statut <strong>\ud83d\udfe2<\/strong> (en vigueur)<\/li>\n\n\n\n<li><strong>Carte \u00e0 puce NFC<\/strong> (Carte r\u00e9utilisable) : Statut <strong>\ud83d\udd34<\/strong> (non valide)<\/li>\n<\/ul>\n\n\n\n<p>N&rsquo;h\u00e9sitez pas \u00e0 vous rapprocher de nos agents en agence ou \u00e0 consulter nos automates de vente pour plus d&rsquo;informations ou pour l&rsquo;achat de vos titres de transport !<\/p>\n","protected":false},"excerpt":{"rendered":"<p>D\u00e9couvrez toutes les fa\u00e7ons de voyager sur le r\u00e9seau FloTransport, des tickets occasionnels aux abonnements, ainsi que les diff\u00e9rents supports disponibles. \ud83d\ude8c Vos Titres de Transport \u00c0 noter : Les anciens tickets papiers qui \u00e9taient oblit\u00e9r\u00e9s une seule fois ne sont plus en vigueur sur le r\u00e9seau. Tous les titres [&hellip;]<\/p>\n","protected":false},"author":6,"featured_media":4514,"parent":0,"menu_order":0,"comment_status":"closed","ping_status":"closed","template":"","meta":{"footnotes":""},"class_list":["post-380","page","type-page","status-publish","has-post-thumbnail","hentry"],"_links":{"self":[{"href":"https:\/\/seal.transport-manager.net\/flosouris_yt\/wp-json\/wp\/v2\/pages\/380","targetHints":{"allow":["GET"]}}],"collection":[{"href":"https:\/\/seal.transport-manager.net\/flosouris_yt\/wp-json\/wp\/v2\/pages"}],"about":[{"href":"https:\/\/seal.transport-manager.net\/flosouris_yt\/wp-json\/wp\/v2\/types\/page"}],"author":[{"embeddable":true,"href":"https:\/\/seal.transport-manager.net\/flosouris_yt\/wp-json\/wp\/v2\/users\/6"}],"replies":[{"embeddable":true,"href":"https:\/\/seal.transport-manager.net\/flosouris_yt\/wp-json\/wp\/v2\/comments?post=380"}],"version-history":[{"count":26,"href":"https:\/\/seal.transport-manager.net\/flosouris_yt\/wp-json\/wp\/v2\/pages\/380\/revisions"}],"predecessor-version":[{"id":5259,"href":"https:\/\/seal.transport-manager.net\/flosouris_yt\/wp-json\/wp\/v2\/pages\/380\/revisions\/5259"}],"wp:featuredmedia":[{"embeddable":true,"href":"https:\/\/seal.transport-manager.net\/flosouris_yt\/wp-json\/wp\/v2\/media\/4514"}],"wp:attachment":[{"href":"https:\/\/seal.transport-manager.net\/flosouris_yt\/wp-json\/wp\/v2\/media?parent=380"}],"curies":[{"name":"wp","href":"https:\/\/api.w.org\/{rel}","templated":true}]}}