{"id":4131,"date":"2024-10-06T14:04:02","date_gmt":"2024-10-06T12:04:02","guid":{"rendered":"https:\/\/seal.transport-manager.net\/flosouris_yt\/?page_id=4131"},"modified":"2025-11-08T14:36:00","modified_gmt":"2025-11-08T13:36:00","slug":"les-lignes-de-transport-a-la-demande-tad","status":"publish","type":"page","link":"https:\/\/seal.transport-manager.net\/flosouris_yt\/les-lignes-de-transport-a-la-demande-tad\/","title":{"rendered":"\ud83d\ude90 Les Lignes de Transport \u00c0 la Demande (TAD)"},"content":{"rendered":"\n<p>Ces lignes offrent une flexibilit\u00e9 pour vos d\u00e9placements, sur r\u00e9servation.<\/p>\n\n\n\n<ul class=\"wp-block-list\">\n<li><strong>4 lignes de Transport \u00e0 la Demande (T\u00e0D) \ud83d\udcf2 :<\/strong>\n<ul class=\"wp-block-list\">\n<li><strong>Ligne 901 (Urbaine) : Bellevue \u2194 Haute-Ville<\/strong>\n<ul class=\"wp-block-list\">\n<li><strong>Description :<\/strong> Service de transport \u00e0 la demande de 4,1 km, environ 12 minutes et 10 arr\u00eats, pour des d\u00e9placements personnalis\u00e9s en zone urbaine.<\/li>\n\n\n\n<li><strong>V\u00e9hicules :<\/strong> Minibus <strong>Iveco Daily City<\/strong> &amp; <strong>Bollor\u00e9 Bluebus 6<\/strong>.<\/li>\n<\/ul>\n<\/li>\n\n\n\n<li><strong>Ligne 902 (Urbaine) : Parc de l&rsquo;\u00c9tang \u2194 Observatoire<\/strong>\n<ul class=\"wp-block-list\">\n<li><strong>Description :<\/strong> Service de transport \u00e0 la demande de 5,6 km en 20 minutes, avec 17 arr\u00eats, desservant les zones autour du parc et de l&rsquo;observatoire.<\/li>\n\n\n\n<li><strong>V\u00e9hicules :<\/strong> Minibus <strong>Iveco Daily City<\/strong> &amp; <strong>Bollor\u00e9 Bluebus 6<\/strong>.<\/li>\n<\/ul>\n<\/li>\n\n\n\n<li><strong>Ligne 903 (Urbaine) : H\u00f4tel de police \u2194 Globe<\/strong>\n<ul class=\"wp-block-list\">\n<li><strong>Description :<\/strong> Service de transport \u00e0 la demande de 4,9 km en 17 minutes, avec 12 arr\u00eats, pour un acc\u00e8s facile aux services et lieux d&rsquo;int\u00e9r\u00eat.<\/li>\n\n\n\n<li><strong>V\u00e9hicules :<\/strong> Minibus <strong>Iveco Daily City<\/strong> &amp; <strong>Bollor\u00e9 Bluebus 6<\/strong>.<\/li>\n<\/ul>\n<\/li>\n\n\n\n<li><strong>Ligne 941 (Interurbaine) : Gare de l&rsquo;Ouest \u2194 NAUBOURG \u2013 Grand-Place (Exploitant : FloTransport Evasion <img loading=\"lazy\" decoding=\"async\" width=\"500\" height=\"500\" class=\"wp-image-4798\" style=\"width: 15px\" src=\"https:\/\/seal.transport-manager.net\/flosouris_yt\/wp-content\/uploads\/sites\/6\/2025\/03\/Sans-titre-2.png\" alt=\"\" srcset=\"https:\/\/seal.transport-manager.net\/flosouris_yt\/wp-content\/uploads\/sites\/6\/2025\/03\/Sans-titre-2.png 500w, https:\/\/seal.transport-manager.net\/flosouris_yt\/wp-content\/uploads\/sites\/6\/2025\/03\/Sans-titre-2-300x300.png 300w, https:\/\/seal.transport-manager.net\/flosouris_yt\/wp-content\/uploads\/sites\/6\/2025\/03\/Sans-titre-2-150x150.png 150w\" sizes=\"auto, (max-width: 500px) 100vw, 500px\" \/>)<\/strong>\n<ul class=\"wp-block-list\">\n<li><strong>Description :<\/strong> Service de transport \u00e0 la demande de 38 km en 65 minutes, avec 7 arr\u00eats, pour des d\u00e9placements flexibles sur de plus longues distances.<\/li>\n\n\n\n<li><strong>V\u00e9hicules :<\/strong> Minicar <strong>Iveco Daily Tourys<\/strong> &amp; <strong>Mercedes Sprinter Travel<\/strong>.<\/li>\n<\/ul>\n<\/li>\n<\/ul>\n<\/li>\n<\/ul>\n","protected":false},"excerpt":{"rendered":"<p>Ces lignes offrent une flexibilit\u00e9 pour vos d\u00e9placements, sur r\u00e9servation.<\/p>\n","protected":false},"author":6,"featured_media":0,"parent":0,"menu_order":0,"comment_status":"closed","ping_status":"closed","template":"","meta":{"footnotes":""},"class_list":["post-4131","page","type-page","status-publish","hentry"],"_links":{"self":[{"href":"https:\/\/seal.transport-manager.net\/flosouris_yt\/wp-json\/wp\/v2\/pages\/4131","targetHints":{"allow":["GET"]}}],"collection":[{"href":"https:\/\/seal.transport-manager.net\/flosouris_yt\/wp-json\/wp\/v2\/pages"}],"about":[{"href":"https:\/\/seal.transport-manager.net\/flosouris_yt\/wp-json\/wp\/v2\/types\/page"}],"author":[{"embeddable":true,"href":"https:\/\/seal.transport-manager.net\/flosouris_yt\/wp-json\/wp\/v2\/users\/6"}],"replies":[{"embeddable":true,"href":"https:\/\/seal.transport-manager.net\/flosouris_yt\/wp-json\/wp\/v2\/comments?post=4131"}],"version-history":[{"count":18,"href":"https:\/\/seal.transport-manager.net\/flosouris_yt\/wp-json\/wp\/v2\/pages\/4131\/revisions"}],"predecessor-version":[{"id":5288,"href":"https:\/\/seal.transport-manager.net\/flosouris_yt\/wp-json\/wp\/v2\/pages\/4131\/revisions\/5288"}],"wp:attachment":[{"href":"https:\/\/seal.transport-manager.net\/flosouris_yt\/wp-json\/wp\/v2\/media?parent=4131"}],"curies":[{"name":"wp","href":"https:\/\/api.w.org\/{rel}","templated":true}]}}