{"id":4137,"date":"2024-10-06T14:11:48","date_gmt":"2024-10-06T12:11:48","guid":{"rendered":"https:\/\/seal.transport-manager.net\/flosouris_yt\/?page_id=4137"},"modified":"2025-05-27T20:51:37","modified_gmt":"2025-05-27T18:51:37","slug":"nos-services-de-bus-relais-une-solution-fiable-en-cas-de-perturbations","status":"publish","type":"page","link":"https:\/\/seal.transport-manager.net\/flosouris_yt\/nos-services-de-bus-relais-une-solution-fiable-en-cas-de-perturbations\/","title":{"rendered":"\ud83d\ude8c Nos Services de Bus Relais : Une Solution Fiable en cas de Perturbations \ud83d\udee0\ufe0f"},"content":{"rendered":"\n<p>En cas d&rsquo;interruption de service sur l&rsquo;une de nos lignes de tramway, nous mettons en place des <strong>bus relais<\/strong> pour assurer la continuit\u00e9 de vos d\u00e9placements. Ces services temporaires sont organis\u00e9s par sections pour vous permettre de poursuivre votre trajet avec un minimum de d\u00e9sagr\u00e9ments.<\/p>\n<p>Pour la ligne de tramway 1 en particulier, si des perturbations surviennent, les bus relais couvriront les tron\u00e7ons suivants. Cliquez sur les liens pour plus de d\u00e9tails sur chaque tron\u00e7on :<\/p>\n<ul>\n<li><strong>A\u00e9roport \u2194 H\u00f4tel de Police<\/strong> : <a href=\"https:\/\/seal.transport-manager.net\/flosouris_yt\/nos-services-de-bus-relais-une-solution-fiable-en-cas-de-perturbations\/ligne-bus-relais-1-1-aeroport-hotel-de-police\/\" target=\"_blank\" rel=\"noreferrer noopener\">En savoir plus<\/a><\/li>\n<li><strong>H\u00f4tel de Police \u2194 Coll\u00e8ge Victor Hugo<\/strong> : <a href=\"https:\/\/seal.transport-manager.net\/flosouris_yt\/nos-services-de-bus-relais-une-solution-fiable-en-cas-de-perturbations\/ligne-bus-relais-1-2-hotel-de-police-college-victor-hugo\/\" target=\"_blank\" rel=\"noreferrer noopener\">En savoir plus<\/a><\/li>\n<li><strong>Coll\u00e8ge Victor Hugo \u2194 Gare Centrale<\/strong> : <a href=\"https:\/\/seal.transport-manager.net\/flosouris_yt\/nos-services-de-bus-relais-une-solution-fiable-en-cas-de-perturbations\/ligne-bus-relais-1-3-college-victor-hugo-gare-centrale\/\" target=\"_blank\" rel=\"noreferrer noopener\">En savoir plus<\/a><\/li>\n<li><strong>Gare Centrale \u2194 Pont des Amis Est<\/strong> : <a href=\"https:\/\/seal.transport-manager.net\/flosouris_yt\/nos-services-de-bus-relais-une-solution-fiable-en-cas-de-perturbations\/ligne-bus-relais-1-4-gare-centrale-pont-des-amis-est\/\" target=\"_blank\" rel=\"noreferrer noopener\">En savoir plus<\/a><\/li>\n<li><strong>Pont des Amis Est \u2194 Clinique Saint Paul<\/strong> : <a href=\"https:\/\/seal.transport-manager.net\/flosouris_yt\/nos-services-de-bus-relais-une-solution-fiable-en-cas-de-perturbations\/ligne-bus-relais-1-5-pont-des-amis-est-clinique-saint-paul\/\" target=\"_blank\" rel=\"noreferrer noopener\">En savoir plus<\/a><\/li>\n<\/ul>\n<p>Nous nous effor\u00e7ons de vous informer en temps r\u00e9el de la mise en place de ces services via nos annonces en station et sur nos plateformes en ligne.<\/p>\n","protected":false},"excerpt":{"rendered":"<p>En cas d&rsquo;interruption de service sur l&rsquo;une de nos lignes de tramway, nous mettons en place des bus relais pour assurer la continuit\u00e9 de vos d\u00e9placements. Ces services temporaires sont organis\u00e9s par sections pour vous permettre de poursuivre votre trajet avec un minimum de d\u00e9sagr\u00e9ments. Pour la ligne de tramway [&hellip;]<\/p>\n","protected":false},"author":6,"featured_media":4092,"parent":0,"menu_order":0,"comment_status":"closed","ping_status":"closed","template":"","meta":{"footnotes":""},"class_list":["post-4137","page","type-page","status-publish","has-post-thumbnail","hentry"],"_links":{"self":[{"href":"https:\/\/seal.transport-manager.net\/flosouris_yt\/wp-json\/wp\/v2\/pages\/4137","targetHints":{"allow":["GET"]}}],"collection":[{"href":"https:\/\/seal.transport-manager.net\/flosouris_yt\/wp-json\/wp\/v2\/pages"}],"about":[{"href":"https:\/\/seal.transport-manager.net\/flosouris_yt\/wp-json\/wp\/v2\/types\/page"}],"author":[{"embeddable":true,"href":"https:\/\/seal.transport-manager.net\/flosouris_yt\/wp-json\/wp\/v2\/users\/6"}],"replies":[{"embeddable":true,"href":"https:\/\/seal.transport-manager.net\/flosouris_yt\/wp-json\/wp\/v2\/comments?post=4137"}],"version-history":[{"count":8,"href":"https:\/\/seal.transport-manager.net\/flosouris_yt\/wp-json\/wp\/v2\/pages\/4137\/revisions"}],"predecessor-version":[{"id":5038,"href":"https:\/\/seal.transport-manager.net\/flosouris_yt\/wp-json\/wp\/v2\/pages\/4137\/revisions\/5038"}],"wp:featuredmedia":[{"embeddable":true,"href":"https:\/\/seal.transport-manager.net\/flosouris_yt\/wp-json\/wp\/v2\/media\/4092"}],"wp:attachment":[{"href":"https:\/\/seal.transport-manager.net\/flosouris_yt\/wp-json\/wp\/v2\/media?parent=4137"}],"curies":[{"name":"wp","href":"https:\/\/api.w.org\/{rel}","templated":true}]}}