{"id":4192,"date":"2024-10-08T18:30:59","date_gmt":"2024-10-08T16:30:59","guid":{"rendered":"https:\/\/seal.transport-manager.net\/flosouris_yt\/?page_id=4192"},"modified":"2025-05-27T17:44:49","modified_gmt":"2025-05-27T15:44:49","slug":"ligne-18-bellevue-hotel-de-region","status":"publish","type":"page","link":"https:\/\/seal.transport-manager.net\/flosouris_yt\/%f0%9f%93%8d-les-lignes-urbaines-le-coeur-de-notre-reseau\/ligne-18-bellevue-hotel-de-region\/","title":{"rendered":"Ligne 18 : Bellevue \ud83c\udfe1 \u2194 H\u00f4tel de r\u00e9gion \ud83c\udfe2"},"content":{"rendered":"\n<p>La Ligne 18 est une ligne essentielle qui relie le quartier r\u00e9sidentiel de <strong>Bellevue<\/strong> \ud83c\udfe1 \u00e0 l&rsquo;<strong>H\u00f4tel de r\u00e9gion<\/strong> \ud83c\udfe2, desservant des points cl\u00e9s pour les r\u00e9sidents et les professionnels.<\/p>\n<p>Longue de <strong>10,9 km<\/strong>, cette ligne vous transporte en environ <strong>40 minutes<\/strong> et dessert <strong>33 arr\u00eats<\/strong>. Pour vos trajets, nous utilisons <strong>6 bus standard Mercedes Citaro C2<\/strong>, reconnus pour leur confort et leur fiabilit\u00e9.<\/p>\n&#8212;\n\n<h3>\ud83d\uddfa\ufe0f Plan de la ligne<\/h3>\n<figure class=\"wp-block-image aligncenter size-large\"><img decoding=\"async\" src=\"https:\/\/transport-manager.net\/assets\/img\/lignes\/N5_L18_trans1.png\" alt=\"Plan de la ligne 18\" \/><\/figure>\n&#8212;\n\n<h3>\ud83d\udcca Fr\u00e9quences de Passage (en minutes)<\/h3>\n<p>D\u00e9couvrez nos horaires d\u00e9taill\u00e9s pour planifier au mieux vos trajets. \u23f0<\/p>\n<h4>Du Lundi au Vendredi (P\u00e9riode Scolaire) \ud83c\udfeb<\/h4>\n<figure class=\"wp-block-table aligncenter\">\n<table style=\"width:100%\">\n<thead>\n<tr>\n<th style=\"text-align:center\">Horaires<\/th>\n<th style=\"text-align:center\">06h \u00e0 07h<\/th>\n<th style=\"text-align:center\">07h \u00e0 09h<\/th>\n<th style=\"text-align:center\">09h \u00e0 12h<\/th>\n<th style=\"text-align:center\">12h \u00e0 14h<\/th>\n<th style=\"text-align:center\">14h \u00e0 16h<\/th>\n<th style=\"text-align:center\">16h \u00e0 18h<\/th>\n<th style=\"text-align:center\">18h \u00e0 21h<\/th>\n<th style=\"text-align:center\">21h \u00e0 01h<\/th>\n<\/tr>\n<\/thead>\n<tbody>\n<tr>\n<td style=\"text-align:center\"><strong>Fr\u00e9quences<\/strong><\/td>\n<td style=\"text-align:center\">20&prime;<\/td>\n<td style=\"text-align:center\">13&prime;<\/td>\n<td style=\"text-align:center\">20&prime;<\/td>\n<td style=\"text-align:center\">13&prime;<\/td>\n<td style=\"text-align:center\">20&prime;<\/td>\n<td style=\"text-align:center\">13&prime;<\/td>\n<td style=\"text-align:center\">20&prime;<\/td>\n<td style=\"text-align:center\">27&prime;<\/td>\n<\/tr>\n<\/tbody>\n<\/table>\n<\/figure>\n<h4>Du Lundi au Vendredi (Vacances Scolaires) \ud83c\udfd6\ufe0f<\/h4>\n<figure class=\"wp-block-table aligncenter\">\n<table style=\"width:100%\">\n<thead>\n<tr>\n<th style=\"text-align:center\">Horaires<\/th>\n<th style=\"text-align:center\">06h \u00e0 07h<\/th>\n<th style=\"text-align:center\">07h \u00e0 09h<\/th>\n<th style=\"text-align:center\">09h \u00e0 12h<\/th>\n<th style=\"text-align:center\">12h \u00e0 14h<\/th>\n<th style=\"text-align:center\">14h \u00e0 16h<\/th>\n<th style=\"text-align:center\">16h \u00e0 18h<\/th>\n<th style=\"text-align:center\">18h \u00e0 21h<\/th>\n<th style=\"text-align:center\">21h \u00e0 01h<\/th>\n<\/tr>\n<\/thead>\n<tbody>\n<tr>\n<td style=\"text-align:center\"><strong>Fr\u00e9quences<\/strong><\/td>\n<td style=\"text-align:center\">20&prime;<\/td>\n<td style=\"text-align:center\">16&prime;<\/td>\n<td style=\"text-align:center\">20&prime;<\/td>\n<td style=\"text-align:center\">16&prime;<\/td>\n<td style=\"text-align:center\">20&prime;<\/td>\n<td style=\"text-align:center\">16&prime;<\/td>\n<td style=\"text-align:center\">20&prime;<\/td>\n<td style=\"text-align:center\">27&prime;<\/td>\n<\/tr>\n<\/tbody>\n<\/table>\n<\/figure>\n<h4>Le Samedi (P\u00e9riode Scolaire) \ud83d\udcda<\/h4>\n<figure class=\"wp-block-table aligncenter\">\n<table style=\"width:100%\">\n<thead>\n<tr>\n<th style=\"text-align:center\">Horaires<\/th>\n<th style=\"text-align:center\">06h \u00e0 07h<\/th>\n<th style=\"text-align:center\">07h \u00e0 09h<\/th>\n<th style=\"text-align:center\">09h \u00e0 12h<\/th>\n<th style=\"text-align:center\">12h \u00e0 19h<\/th>\n<th style=\"text-align:center\">19h \u00e0 21h<\/th>\n<\/tr>\n<\/thead>\n<tbody>\n<tr>\n<td style=\"text-align:center\"><strong>Fr\u00e9quences<\/strong><\/td>\n<td style=\"text-align:center\">27&prime;<\/td>\n<td style=\"text-align:center\">16&prime;<\/td>\n<td style=\"text-align:center\">27&prime;<\/td>\n<td style=\"text-align:center\">16&prime;<\/td>\n<td style=\"text-align:center\">27&prime;<\/td>\n<\/tr>\n<\/tbody>\n<\/table>\n<\/figure>\n<h4>Le Samedi (Vacances Scolaires) \u2600\ufe0f<\/h4>\n<figure class=\"wp-block-table aligncenter\">\n<table style=\"width:100%\">\n<thead>\n<tr>\n<th style=\"text-align:center\">Horaires<\/th>\n<th style=\"text-align:center\">06h \u00e0 07h<\/th>\n<th style=\"text-align:center\">07h \u00e0 09h<\/th>\n<th style=\"text-align:center\">09h \u00e0 12h<\/th>\n<th style=\"text-align:center\">12h \u00e0 19h<\/th>\n<th style=\"text-align:center\">19h \u00e0 21h<\/th>\n<th style=\"text-align:center\">21h \u00e0 01h<\/th>\n<\/tr>\n<\/thead>\n<tbody>\n<tr>\n<td style=\"text-align:center\"><strong>Fr\u00e9quences<\/strong><\/td>\n<td style=\"text-align:center\">27&prime;<\/td>\n<td style=\"text-align:center\">16&prime;<\/td>\n<td style=\"text-align:center\">27&prime;<\/td>\n<td style=\"text-align:center\">16&prime;<\/td>\n<td style=\"text-align:center\">27&prime;<\/td>\n<td style=\"text-align:center\">27&prime;<\/td>\n<\/tr>\n<\/tbody>\n<\/table>\n<\/figure>\n<h4>Le Dimanche et Jours F\u00e9ri\u00e9s \ud83d\uddd3\ufe0f<\/h4>\n<figure class=\"wp-block-table aligncenter\">\n<table style=\"width:100%\">\n<thead>\n<tr>\n<th style=\"text-align:center\">Horaires<\/th>\n<th style=\"text-align:center\">10h \u00e0 19h<\/th>\n<\/tr>\n<\/thead>\n<tbody>\n<tr>\n<td style=\"text-align:center\"><strong>Fr\u00e9quences<\/strong><\/td>\n<td style=\"text-align:center\">27&prime;<\/td>\n<\/tr>\n<\/tbody>\n<\/table>\n<\/figure>\n&#8212;\n\n<h3>\ud83d\uddfa\ufe0f Plan du r\u00e9seau<\/h3>\n<figure class=\"wp-block-image aligncenter size-large\"><img decoding=\"async\" src=\"https:\/\/transport-manager.net\/assets\/img\/lignes\/Plan_N5.png\" alt=\"Plan du r\u00e9seau FTE\" \/><\/figure>\n","protected":false},"excerpt":{"rendered":"<p>La Ligne 18 est une ligne essentielle qui relie le quartier r\u00e9sidentiel de Bellevue \ud83c\udfe1 \u00e0 l&rsquo;H\u00f4tel de r\u00e9gion \ud83c\udfe2, desservant des points cl\u00e9s pour les r\u00e9sidents et les professionnels. Longue de 10,9 km, cette ligne vous transporte en environ 40 minutes et dessert 33 arr\u00eats. Pour vos trajets, nous [&hellip;]<\/p>\n","protected":false},"author":6,"featured_media":4092,"parent":1289,"menu_order":0,"comment_status":"closed","ping_status":"closed","template":"","meta":{"footnotes":""},"class_list":["post-4192","page","type-page","status-publish","has-post-thumbnail","hentry"],"_links":{"self":[{"href":"https:\/\/seal.transport-manager.net\/flosouris_yt\/wp-json\/wp\/v2\/pages\/4192","targetHints":{"allow":["GET"]}}],"collection":[{"href":"https:\/\/seal.transport-manager.net\/flosouris_yt\/wp-json\/wp\/v2\/pages"}],"about":[{"href":"https:\/\/seal.transport-manager.net\/flosouris_yt\/wp-json\/wp\/v2\/types\/page"}],"author":[{"embeddable":true,"href":"https:\/\/seal.transport-manager.net\/flosouris_yt\/wp-json\/wp\/v2\/users\/6"}],"replies":[{"embeddable":true,"href":"https:\/\/seal.transport-manager.net\/flosouris_yt\/wp-json\/wp\/v2\/comments?post=4192"}],"version-history":[{"count":6,"href":"https:\/\/seal.transport-manager.net\/flosouris_yt\/wp-json\/wp\/v2\/pages\/4192\/revisions"}],"predecessor-version":[{"id":4991,"href":"https:\/\/seal.transport-manager.net\/flosouris_yt\/wp-json\/wp\/v2\/pages\/4192\/revisions\/4991"}],"up":[{"embeddable":true,"href":"https:\/\/seal.transport-manager.net\/flosouris_yt\/wp-json\/wp\/v2\/pages\/1289"}],"wp:featuredmedia":[{"embeddable":true,"href":"https:\/\/seal.transport-manager.net\/flosouris_yt\/wp-json\/wp\/v2\/media\/4092"}],"wp:attachment":[{"href":"https:\/\/seal.transport-manager.net\/flosouris_yt\/wp-json\/wp\/v2\/media?parent=4192"}],"curies":[{"name":"wp","href":"https:\/\/api.w.org\/{rel}","templated":true}]}}