{"id":4309,"date":"2024-10-11T18:38:14","date_gmt":"2024-10-11T16:38:14","guid":{"rendered":"https:\/\/seal.transport-manager.net\/flosouris_yt\/?page_id=4309"},"modified":"2025-05-27T19:01:37","modified_gmt":"2025-05-27T17:01:37","slug":"ligne-bus-relais-1-2-hotel-de-police-college-victor-hugo","status":"publish","type":"page","link":"https:\/\/seal.transport-manager.net\/flosouris_yt\/nos-services-de-bus-relais-une-solution-fiable-en-cas-de-perturbations\/ligne-bus-relais-1-2-hotel-de-police-college-victor-hugo\/","title":{"rendered":"Ligne Bus relais 1.2 : H\u00f4tel de Police \ud83d\udc6e\u200d\u2640\ufe0f \u2194 Coll\u00e8ge Victor Hugo \ud83c\udfeb"},"content":{"rendered":"\n<p>La Ligne Bus relais 1.2 est un service de remplacement mis en place en cas d\u2019interruption sur l\u2019une de nos lignes de tramway. Elle assure la continuit\u00e9 de vos d\u00e9placements entre l&rsquo;<strong>H\u00f4tel de Police<\/strong> \ud83d\udc6e\u200d\u2640\ufe0f et le <strong>Coll\u00e8ge Victor Hugo<\/strong> \ud83c\udfeb.<\/p>\n<p>Ces services temporaires sont organis\u00e9s par sections pour vous permettre de poursuivre votre trajet avec un minimum de d\u00e9sagr\u00e9ments lors d&rsquo;une perturbation du service de tramway.<\/p>\n<p><em>Informations sur la longueur, la dur\u00e9e du trajet, le nombre d&rsquo;arr\u00eats et les v\u00e9hicules sp\u00e9cifiques \u00e0 ce bus relais non disponibles, car il s&rsquo;agit d&rsquo;un service temporaire.<\/em><\/p>\n<h3>\u26a0\ufe0f \u00c9tat Actuel du Service<\/h3>\n<p><strong>Actuellement, cette ligne de bus relais n&rsquo;est pas mise en place. La ligne de tramway 1 est en circulation normale.<\/strong><\/p>\n&#8212;\n\n<h3>\ud83d\uddfa\ufe0f Plan de la ligne<\/h3>\n<figure class=\"wp-block-image aligncenter size-large\"><img decoding=\"async\" src=\"https:\/\/transport-manager.net\/assets\/img\/lignes\/BR3_trans1.png\" alt=\"Plan de la ligne Bus relais 1.2\" \/><\/figure>\n&#8212;\n\n<h3>\ud83d\udcca Fr\u00e9quences de Passage<\/h3>\n<p>Les fr\u00e9quences de cette ligne de bus relais sont d\u00e9finies <strong>selon l&rsquo;interruption sp\u00e9cifique du service de tramway<\/strong>. Elles sont adapt\u00e9es pour minimiser les d\u00e9sagr\u00e9ments durant la p\u00e9riode de remplacement.<\/p>\n<p>Veuillez consulter les informations en temps r\u00e9el lors d&rsquo;une interruption pour conna\u00eetre les horaires pr\u00e9cis de ce service.<\/p>\n&#8212;\n\n<h3>\ud83d\uddfa\ufe0f Plan du r\u00e9seau<\/h3>\n<figure class=\"wp-block-image aligncenter size-large\"><img decoding=\"async\" src=\"https:\/\/transport-manager.net\/assets\/img\/lignes\/Plan_N5.png\" alt=\"Plan du r\u00e9seau FTE Urbain\" \/><\/figure>\n","protected":false},"excerpt":{"rendered":"<p>La Ligne Bus relais 1.2 est un service de remplacement mis en place en cas d\u2019interruption sur l\u2019une de nos lignes de tramway. Elle assure la continuit\u00e9 de vos d\u00e9placements entre l&rsquo;H\u00f4tel de Police \ud83d\udc6e\u200d\u2640\ufe0f et le Coll\u00e8ge Victor Hugo \ud83c\udfeb. Ces services temporaires sont organis\u00e9s par sections pour vous [&hellip;]<\/p>\n","protected":false},"author":6,"featured_media":4092,"parent":4137,"menu_order":0,"comment_status":"closed","ping_status":"closed","template":"","meta":{"footnotes":""},"class_list":["post-4309","page","type-page","status-publish","has-post-thumbnail","hentry"],"_links":{"self":[{"href":"https:\/\/seal.transport-manager.net\/flosouris_yt\/wp-json\/wp\/v2\/pages\/4309","targetHints":{"allow":["GET"]}}],"collection":[{"href":"https:\/\/seal.transport-manager.net\/flosouris_yt\/wp-json\/wp\/v2\/pages"}],"about":[{"href":"https:\/\/seal.transport-manager.net\/flosouris_yt\/wp-json\/wp\/v2\/types\/page"}],"author":[{"embeddable":true,"href":"https:\/\/seal.transport-manager.net\/flosouris_yt\/wp-json\/wp\/v2\/users\/6"}],"replies":[{"embeddable":true,"href":"https:\/\/seal.transport-manager.net\/flosouris_yt\/wp-json\/wp\/v2\/comments?post=4309"}],"version-history":[{"count":6,"href":"https:\/\/seal.transport-manager.net\/flosouris_yt\/wp-json\/wp\/v2\/pages\/4309\/revisions"}],"predecessor-version":[{"id":5029,"href":"https:\/\/seal.transport-manager.net\/flosouris_yt\/wp-json\/wp\/v2\/pages\/4309\/revisions\/5029"}],"up":[{"embeddable":true,"href":"https:\/\/seal.transport-manager.net\/flosouris_yt\/wp-json\/wp\/v2\/pages\/4137"}],"wp:featuredmedia":[{"embeddable":true,"href":"https:\/\/seal.transport-manager.net\/flosouris_yt\/wp-json\/wp\/v2\/media\/4092"}],"wp:attachment":[{"href":"https:\/\/seal.transport-manager.net\/flosouris_yt\/wp-json\/wp\/v2\/media?parent=4309"}],"curies":[{"name":"wp","href":"https:\/\/api.w.org\/{rel}","templated":true}]}}