{"id":4312,"date":"2024-10-11T18:39:23","date_gmt":"2024-10-11T16:39:23","guid":{"rendered":"https:\/\/seal.transport-manager.net\/flosouris_yt\/?page_id=4312"},"modified":"2025-05-27T19:03:43","modified_gmt":"2025-05-27T17:03:43","slug":"ligne-bus-relais-1-3-college-victor-hugo-gare-centrale","status":"publish","type":"page","link":"https:\/\/seal.transport-manager.net\/flosouris_yt\/nos-services-de-bus-relais-une-solution-fiable-en-cas-de-perturbations\/ligne-bus-relais-1-3-college-victor-hugo-gare-centrale\/","title":{"rendered":"Ligne Bus relais 1.3 : Coll\u00e8ge Victor Hugo \ud83c\udfeb \u2194 Gare centrale \ud83d\ude89"},"content":{"rendered":"\n<p>La Ligne Bus relais 1.3 est un service de remplacement mis en place en cas d\u2019interruption sur l\u2019une de nos lignes de tramway. Elle assure la continuit\u00e9 de vos d\u00e9placements entre le <strong>Coll\u00e8ge Victor Hugo<\/strong> \ud83c\udfeb et la <strong>Gare centrale<\/strong> \ud83d\ude89.<\/p>\n<p>Ces services temporaires sont organis\u00e9s par sections pour vous permettre de poursuivre votre trajet avec un minimum de d\u00e9sagr\u00e9ments lors d&rsquo;une perturbation du service de tramway.<\/p>\n<p><em>Informations sur la longueur, la dur\u00e9e du trajet, le nombre d&rsquo;arr\u00eats et les v\u00e9hicules sp\u00e9cifiques \u00e0 ce bus relais non disponibles, car il s&rsquo;agit d&rsquo;un service temporaire.<\/em><\/p>\n<h3>\u26a0\ufe0f \u00c9tat Actuel du Service<\/h3>\n<p><strong>Actuellement, cette ligne de bus relais n&rsquo;est pas mise en place. La ligne de tramway 1 est en circulation normale.<\/strong><\/p>\n&#8212;\n\n<h3>\ud83d\uddfa\ufe0f Plan de la ligne<\/h3>\n<figure class=\"wp-block-image aligncenter size-large\"><img decoding=\"async\" src=\"https:\/\/transport-manager.net\/assets\/img\/lignes\/BR4_trans1.png\" alt=\"Plan de la ligne Bus relais 1.3\" \/><\/figure>\n&#8212;\n\n<h3>\ud83d\udcca Fr\u00e9quences de Passage<\/h3>\n<p>Les fr\u00e9quences de cette ligne de bus relais sont d\u00e9finies <strong>selon l&rsquo;interruption sp\u00e9cifique du service de tramway<\/strong>. Elles sont adapt\u00e9es pour minimiser les d\u00e9sagr\u00e9ments durant la p\u00e9riode de remplacement.<\/p>\n<p>Veuillez consulter les informations en temps r\u00e9el lors d&rsquo;une interruption pour conna\u00eetre les horaires pr\u00e9cis de ce service.<\/p>\n&#8212;\n\n<h3>\ud83d\uddfa\ufe0f Plan du r\u00e9seau<\/h3>\n<figure class=\"wp-block-image aligncenter size-large\"><img decoding=\"async\" src=\"https:\/\/transport-manager.net\/assets\/img\/lignes\/Plan_N5.png\" alt=\"Plan du r\u00e9seau FTE Urbain\" \/><\/figure>\n","protected":false},"excerpt":{"rendered":"<p>La Ligne Bus relais 1.3 est un service de remplacement mis en place en cas d\u2019interruption sur l\u2019une de nos lignes de tramway. Elle assure la continuit\u00e9 de vos d\u00e9placements entre le Coll\u00e8ge Victor Hugo \ud83c\udfeb et la Gare centrale \ud83d\ude89. Ces services temporaires sont organis\u00e9s par sections pour vous [&hellip;]<\/p>\n","protected":false},"author":6,"featured_media":4092,"parent":4137,"menu_order":0,"comment_status":"closed","ping_status":"closed","template":"","meta":{"footnotes":""},"class_list":["post-4312","page","type-page","status-publish","has-post-thumbnail","hentry"],"_links":{"self":[{"href":"https:\/\/seal.transport-manager.net\/flosouris_yt\/wp-json\/wp\/v2\/pages\/4312","targetHints":{"allow":["GET"]}}],"collection":[{"href":"https:\/\/seal.transport-manager.net\/flosouris_yt\/wp-json\/wp\/v2\/pages"}],"about":[{"href":"https:\/\/seal.transport-manager.net\/flosouris_yt\/wp-json\/wp\/v2\/types\/page"}],"author":[{"embeddable":true,"href":"https:\/\/seal.transport-manager.net\/flosouris_yt\/wp-json\/wp\/v2\/users\/6"}],"replies":[{"embeddable":true,"href":"https:\/\/seal.transport-manager.net\/flosouris_yt\/wp-json\/wp\/v2\/comments?post=4312"}],"version-history":[{"count":5,"href":"https:\/\/seal.transport-manager.net\/flosouris_yt\/wp-json\/wp\/v2\/pages\/4312\/revisions"}],"predecessor-version":[{"id":5030,"href":"https:\/\/seal.transport-manager.net\/flosouris_yt\/wp-json\/wp\/v2\/pages\/4312\/revisions\/5030"}],"up":[{"embeddable":true,"href":"https:\/\/seal.transport-manager.net\/flosouris_yt\/wp-json\/wp\/v2\/pages\/4137"}],"wp:featuredmedia":[{"embeddable":true,"href":"https:\/\/seal.transport-manager.net\/flosouris_yt\/wp-json\/wp\/v2\/media\/4092"}],"wp:attachment":[{"href":"https:\/\/seal.transport-manager.net\/flosouris_yt\/wp-json\/wp\/v2\/media?parent=4312"}],"curies":[{"name":"wp","href":"https:\/\/api.w.org\/{rel}","templated":true}]}}