{"id":5219,"date":"2025-10-16T17:10:22","date_gmt":"2025-10-16T15:10:22","guid":{"rendered":"https:\/\/seal.transport-manager.net\/flosouris_yt\/?page_id=5219"},"modified":"2025-10-16T17:10:23","modified_gmt":"2025-10-16T15:10:23","slug":"%f0%9f%8c%99-lignes-nocturnes-sous-la-pleine-lune-simple-et-direct","status":"publish","type":"page","link":"https:\/\/seal.transport-manager.net\/flosouris_yt\/%f0%9f%8c%99-lignes-nocturnes-sous-la-pleine-lune-simple-et-direct\/","title":{"rendered":"\ud83c\udf19 Lignes Nocturnes sous la Pleine Lune : Simple et direct"},"content":{"rendered":"\n<p>Nos lignes de nuit transforment vos d\u00e9placements en soir\u00e9e, offrant une s\u00e9r\u00e9nit\u00e9 et une connexion unique lorsque le jour s\u2019\u00e9teint.<\/p>\n\n\n\n<ul class=\"wp-block-list\">\n<li><strong>3 lignes PL (<strong>Pleine Lune<\/strong>)\u00a0\u00a0:<\/strong>\n<ul class=\"wp-block-list\">\n<li><strong>Ligne PL1 : <strong>Gare Centrale<\/strong> \u2194 Gare Centrale<\/strong>\n<ul class=\"wp-block-list\">\n<li><strong>Description :<\/strong>\u00a0Ligne de 42,3 km en 104 minutes, avec 17 arr\u00eats. Con\u00e7ue pour une efficacit\u00e9 maximale, elle dessert des points strat\u00e9giques.<\/li>\n\n\n\n<li><strong>V\u00e9hicules :<\/strong>\u00a05 bus articul\u00e9s\u00a0<strong>Man Lion&rsquo;s City 18 E<\/strong>.<\/li>\n<\/ul>\n<\/li>\n\n\n\n<li><strong>Ligne PL2 : Haute-Ville \u2194 Pont de l&rsquo;Etang<\/strong>\n<ul class=\"wp-block-list\">\n<li><strong>Description :<\/strong>\u00a0Cette ligne cl\u00e9 de 15,6 km prend 32 minutes et dessert 8 arr\u00eats, connectant au centre-ville.<\/li>\n\n\n\n<li><strong>V\u00e9hicules :<\/strong>\u00a03 bus articul\u00e9s\u00a0<strong>Man Lion&rsquo;s City 18 E<\/strong>.<\/li>\n<\/ul>\n<\/li>\n\n\n\n<li><strong>Ligne PL3 : Place de l&rsquo;Europe \u2194 Clinique Saint Paul<\/strong>\n<ul class=\"wp-block-list\">\n<li><strong>Description :<\/strong>\u00a0Une ligne pratique de 8,9 km, 28 minutes de trajet et 27 arr\u00eats, reliant des lieux culturels et \u00e9ducatifs importants.<\/li>\n\n\n\n<li><strong>V\u00e9hicules :<\/strong>\u00a03 tramways\u00a0<strong>CAF Urbos 3 33m<\/strong>.<\/li>\n<\/ul>\n<\/li>\n<\/ul>\n<\/li>\n<\/ul>\n","protected":false},"excerpt":{"rendered":"<p>Nos lignes de nuit transforment vos d\u00e9placements en soir\u00e9e, offrant une s\u00e9r\u00e9nit\u00e9 et une connexion unique lorsque le jour s\u2019\u00e9teint.<\/p>\n","protected":false},"author":6,"featured_media":0,"parent":0,"menu_order":0,"comment_status":"closed","ping_status":"closed","template":"","meta":{"footnotes":""},"class_list":["post-5219","page","type-page","status-publish","hentry"],"_links":{"self":[{"href":"https:\/\/seal.transport-manager.net\/flosouris_yt\/wp-json\/wp\/v2\/pages\/5219","targetHints":{"allow":["GET"]}}],"collection":[{"href":"https:\/\/seal.transport-manager.net\/flosouris_yt\/wp-json\/wp\/v2\/pages"}],"about":[{"href":"https:\/\/seal.transport-manager.net\/flosouris_yt\/wp-json\/wp\/v2\/types\/page"}],"author":[{"embeddable":true,"href":"https:\/\/seal.transport-manager.net\/flosouris_yt\/wp-json\/wp\/v2\/users\/6"}],"replies":[{"embeddable":true,"href":"https:\/\/seal.transport-manager.net\/flosouris_yt\/wp-json\/wp\/v2\/comments?post=5219"}],"version-history":[{"count":1,"href":"https:\/\/seal.transport-manager.net\/flosouris_yt\/wp-json\/wp\/v2\/pages\/5219\/revisions"}],"predecessor-version":[{"id":5223,"href":"https:\/\/seal.transport-manager.net\/flosouris_yt\/wp-json\/wp\/v2\/pages\/5219\/revisions\/5223"}],"wp:attachment":[{"href":"https:\/\/seal.transport-manager.net\/flosouris_yt\/wp-json\/wp\/v2\/media?parent=5219"}],"curies":[{"name":"wp","href":"https:\/\/api.w.org\/{rel}","templated":true}]}}