{"id":5330,"date":"2025-12-19T17:07:04","date_gmt":"2025-12-19T16:07:04","guid":{"rendered":"https:\/\/seal.transport-manager.net\/flosouris_yt\/?page_id=5330"},"modified":"2025-12-19T17:07:05","modified_gmt":"2025-12-19T16:07:05","slug":"%f0%9f%90%88-lignes-caramel-arena","status":"publish","type":"page","link":"https:\/\/seal.transport-manager.net\/flosouris_yt\/%f0%9f%90%88-lignes-caramel-arena\/","title":{"rendered":"\ud83d\udc08 Lignes Caramel Arena."},"content":{"rendered":"\n<p>Nos lignes Caramel Arena. sont activ\u00e9es lors des \u00e9v\u00e8nements. 3 navettes urbaines et 3 navettes interurbaines relient depuis l&rsquo;Arena lui-m\u00eame, la Gare de l&rsquo;Ouest ou l&rsquo;H\u00f4tel de Police vers 5 destinations. Ceci est valable du 24 novembre 2025 au 23 novembre 2026 sous contrat.<\/p>\n\n\n\n<figure class=\"wp-block-image size-large\"><img loading=\"lazy\" decoding=\"async\" width=\"1024\" height=\"193\" src=\"https:\/\/seal.transport-manager.net\/flosouris_yt\/wp-content\/uploads\/sites\/6\/2025\/12\/bus_nav1-1024x193.png\" alt=\"\" class=\"wp-image-5331\" srcset=\"https:\/\/seal.transport-manager.net\/flosouris_yt\/wp-content\/uploads\/sites\/6\/2025\/12\/bus_nav1-1024x193.png 1024w, https:\/\/seal.transport-manager.net\/flosouris_yt\/wp-content\/uploads\/sites\/6\/2025\/12\/bus_nav1-300x57.png 300w, https:\/\/seal.transport-manager.net\/flosouris_yt\/wp-content\/uploads\/sites\/6\/2025\/12\/bus_nav1-768x145.png 768w, https:\/\/seal.transport-manager.net\/flosouris_yt\/wp-content\/uploads\/sites\/6\/2025\/12\/bus_nav1-1536x290.png 1536w, https:\/\/seal.transport-manager.net\/flosouris_yt\/wp-content\/uploads\/sites\/6\/2025\/12\/bus_nav1-2048x387.png 2048w\" sizes=\"auto, (max-width: 1024px) 100vw, 1024px\" \/><\/figure>\n\n\n\n<figure class=\"wp-block-image size-large\"><img loading=\"lazy\" decoding=\"async\" width=\"1024\" height=\"176\" src=\"https:\/\/seal.transport-manager.net\/flosouris_yt\/wp-content\/uploads\/sites\/6\/2025\/12\/bus_nav2-1024x176.png\" alt=\"\" class=\"wp-image-5332\" srcset=\"https:\/\/seal.transport-manager.net\/flosouris_yt\/wp-content\/uploads\/sites\/6\/2025\/12\/bus_nav2-1024x176.png 1024w, https:\/\/seal.transport-manager.net\/flosouris_yt\/wp-content\/uploads\/sites\/6\/2025\/12\/bus_nav2-300x52.png 300w, https:\/\/seal.transport-manager.net\/flosouris_yt\/wp-content\/uploads\/sites\/6\/2025\/12\/bus_nav2-768x132.png 768w, https:\/\/seal.transport-manager.net\/flosouris_yt\/wp-content\/uploads\/sites\/6\/2025\/12\/bus_nav2-1536x264.png 1536w, https:\/\/seal.transport-manager.net\/flosouris_yt\/wp-content\/uploads\/sites\/6\/2025\/12\/bus_nav2-2048x352.png 2048w\" sizes=\"auto, (max-width: 1024px) 100vw, 1024px\" \/><\/figure>\n\n\n\n<figure class=\"wp-block-image size-large\"><img loading=\"lazy\" decoding=\"async\" width=\"1024\" height=\"181\" src=\"https:\/\/seal.transport-manager.net\/flosouris_yt\/wp-content\/uploads\/sites\/6\/2025\/12\/bus_nav3-1024x181.png\" alt=\"\" class=\"wp-image-5333\" srcset=\"https:\/\/seal.transport-manager.net\/flosouris_yt\/wp-content\/uploads\/sites\/6\/2025\/12\/bus_nav3-1024x181.png 1024w, https:\/\/seal.transport-manager.net\/flosouris_yt\/wp-content\/uploads\/sites\/6\/2025\/12\/bus_nav3-300x53.png 300w, https:\/\/seal.transport-manager.net\/flosouris_yt\/wp-content\/uploads\/sites\/6\/2025\/12\/bus_nav3-768x136.png 768w, https:\/\/seal.transport-manager.net\/flosouris_yt\/wp-content\/uploads\/sites\/6\/2025\/12\/bus_nav3-1536x272.png 1536w, https:\/\/seal.transport-manager.net\/flosouris_yt\/wp-content\/uploads\/sites\/6\/2025\/12\/bus_nav3-2048x362.png 2048w\" sizes=\"auto, (max-width: 1024px) 100vw, 1024px\" \/><\/figure>\n\n\n\n<figure class=\"wp-block-image size-large\"><img loading=\"lazy\" decoding=\"async\" width=\"1024\" height=\"177\" src=\"https:\/\/seal.transport-manager.net\/flosouris_yt\/wp-content\/uploads\/sites\/6\/2025\/12\/bus_nav4-1024x177.png\" alt=\"\" class=\"wp-image-5334\" srcset=\"https:\/\/seal.transport-manager.net\/flosouris_yt\/wp-content\/uploads\/sites\/6\/2025\/12\/bus_nav4-1024x177.png 1024w, https:\/\/seal.transport-manager.net\/flosouris_yt\/wp-content\/uploads\/sites\/6\/2025\/12\/bus_nav4-300x52.png 300w, https:\/\/seal.transport-manager.net\/flosouris_yt\/wp-content\/uploads\/sites\/6\/2025\/12\/bus_nav4-768x132.png 768w, https:\/\/seal.transport-manager.net\/flosouris_yt\/wp-content\/uploads\/sites\/6\/2025\/12\/bus_nav4-1536x265.png 1536w, https:\/\/seal.transport-manager.net\/flosouris_yt\/wp-content\/uploads\/sites\/6\/2025\/12\/bus_nav4-2048x353.png 2048w\" sizes=\"auto, (max-width: 1024px) 100vw, 1024px\" \/><\/figure>\n\n\n\n<figure class=\"wp-block-image size-large\"><img loading=\"lazy\" decoding=\"async\" width=\"1024\" height=\"187\" src=\"https:\/\/seal.transport-manager.net\/flosouris_yt\/wp-content\/uploads\/sites\/6\/2025\/12\/bus_nav5-1024x187.png\" alt=\"\" class=\"wp-image-5335\" srcset=\"https:\/\/seal.transport-manager.net\/flosouris_yt\/wp-content\/uploads\/sites\/6\/2025\/12\/bus_nav5-1024x187.png 1024w, https:\/\/seal.transport-manager.net\/flosouris_yt\/wp-content\/uploads\/sites\/6\/2025\/12\/bus_nav5-300x55.png 300w, https:\/\/seal.transport-manager.net\/flosouris_yt\/wp-content\/uploads\/sites\/6\/2025\/12\/bus_nav5-768x140.png 768w, https:\/\/seal.transport-manager.net\/flosouris_yt\/wp-content\/uploads\/sites\/6\/2025\/12\/bus_nav5-1536x281.png 1536w, https:\/\/seal.transport-manager.net\/flosouris_yt\/wp-content\/uploads\/sites\/6\/2025\/12\/bus_nav5-2048x374.png 2048w\" sizes=\"auto, (max-width: 1024px) 100vw, 1024px\" \/><\/figure>\n\n\n\n<figure class=\"wp-block-image size-large\"><img loading=\"lazy\" decoding=\"async\" width=\"1024\" height=\"223\" src=\"https:\/\/seal.transport-manager.net\/flosouris_yt\/wp-content\/uploads\/sites\/6\/2025\/12\/bus_nav6-1024x223.png\" alt=\"\" class=\"wp-image-5336\" srcset=\"https:\/\/seal.transport-manager.net\/flosouris_yt\/wp-content\/uploads\/sites\/6\/2025\/12\/bus_nav6-1024x223.png 1024w, https:\/\/seal.transport-manager.net\/flosouris_yt\/wp-content\/uploads\/sites\/6\/2025\/12\/bus_nav6-300x65.png 300w, https:\/\/seal.transport-manager.net\/flosouris_yt\/wp-content\/uploads\/sites\/6\/2025\/12\/bus_nav6-768x168.png 768w, https:\/\/seal.transport-manager.net\/flosouris_yt\/wp-content\/uploads\/sites\/6\/2025\/12\/bus_nav6-1536x335.png 1536w, https:\/\/seal.transport-manager.net\/flosouris_yt\/wp-content\/uploads\/sites\/6\/2025\/12\/bus_nav6-2048x447.png 2048w\" sizes=\"auto, (max-width: 1024px) 100vw, 1024px\" \/><\/figure>\n\n\n\n<p>Retrouvez l&rsquo;ensemble des \u00e9v\u00e8nements juste <a href=\"https:\/\/seal.transport-manager.net\/flosouris_yt\/infos-trafic\/categorie\/caramel-arena\">ici<\/a> !<\/p>\n","protected":false},"excerpt":{"rendered":"<p>Nos lignes Caramel Arena. sont activ\u00e9es lors des \u00e9v\u00e8nements. 3 navettes urbaines et 3 navettes interurbaines relient depuis l&rsquo;Arena lui-m\u00eame, la Gare de l&rsquo;Ouest ou l&rsquo;H\u00f4tel de Police vers 5 destinations. Ceci est valable du 24 novembre 2025 au 23 novembre 2026 sous contrat. Retrouvez l&rsquo;ensemble des \u00e9v\u00e8nements juste ici [&hellip;]<\/p>\n","protected":false},"author":6,"featured_media":0,"parent":0,"menu_order":0,"comment_status":"closed","ping_status":"closed","template":"","meta":{"footnotes":""},"class_list":["post-5330","page","type-page","status-publish","hentry"],"_links":{"self":[{"href":"https:\/\/seal.transport-manager.net\/flosouris_yt\/wp-json\/wp\/v2\/pages\/5330","targetHints":{"allow":["GET"]}}],"collection":[{"href":"https:\/\/seal.transport-manager.net\/flosouris_yt\/wp-json\/wp\/v2\/pages"}],"about":[{"href":"https:\/\/seal.transport-manager.net\/flosouris_yt\/wp-json\/wp\/v2\/types\/page"}],"author":[{"embeddable":true,"href":"https:\/\/seal.transport-manager.net\/flosouris_yt\/wp-json\/wp\/v2\/users\/6"}],"replies":[{"embeddable":true,"href":"https:\/\/seal.transport-manager.net\/flosouris_yt\/wp-json\/wp\/v2\/comments?post=5330"}],"version-history":[{"count":1,"href":"https:\/\/seal.transport-manager.net\/flosouris_yt\/wp-json\/wp\/v2\/pages\/5330\/revisions"}],"predecessor-version":[{"id":5339,"href":"https:\/\/seal.transport-manager.net\/flosouris_yt\/wp-json\/wp\/v2\/pages\/5330\/revisions\/5339"}],"wp:attachment":[{"href":"https:\/\/seal.transport-manager.net\/flosouris_yt\/wp-json\/wp\/v2\/media?parent=5330"}],"curies":[{"name":"wp","href":"https:\/\/api.w.org\/{rel}","templated":true}]}}