{"id":33,"date":"2021-08-25T08:55:31","date_gmt":"2021-08-25T06:55:31","guid":{"rendered":"https:\/\/seal.transport-manager.net\/francky5102\/?page_id=33"},"modified":"2021-10-24T10:35:56","modified_gmt":"2021-10-24T08:35:56","slug":"actualite-de-votre-reseau","status":"publish","type":"page","link":"https:\/\/seal.transport-manager.net\/francky5102\/actualite-de-votre-reseau\/","title":{"rendered":"Actualit\u00e9 de votre r\u00e9seau"},"content":{"rendered":"\n<p><em><strong>Le 13 Octobre 2018<\/strong><\/em>&nbsp;: CHAMBERY METROPOLE nous a confi\u00e9 l&rsquo;exploitation de son r\u00e9seau urbain ; 4 lignes urbaines sont exploit\u00e9es.<\/p>\n\n\n\n<p><em><strong>Le 8 Avril 2018<\/strong><\/em>&nbsp;: Pastel a d\u00e9cid\u00e9 d&rsquo;investir dans du mat\u00e9riel roulant propre ; L&rsquo;\u00e9nergie choisie est le&nbsp;<strong>GNV<\/strong><\/p>\n\n\n\n<p><em><strong>Le 19 Juillet 2018<\/strong><\/em>&nbsp;: CHAMBERY METROPOLE nous confie la gestion de 4 lignes urbaines suppl\u00e9mentaires afin de desservir l&rsquo;ensemble de son territoire.<\/p>\n\n\n\n<p><strong>Le 21 Juillet 2018<\/strong>&nbsp;: Ouverture de notre agence commerciale Pole d&rsquo;\u00e9change des \u00c9l\u00e9phants.<\/p>\n\n\n\n<p><strong>Le 03 Septembre 2018<\/strong>&nbsp;:&nbsp; 1\u00e8re rentr\u00e9e pour votre r\u00e9seau en tenant compte des r\u00e9clamations client\u00e8le.<\/p>\n\n\n\n<p><strong>Le 26 Octobre 2019<\/strong>&nbsp;: Livraison des 20 nouveaux bus GNV par le constructeur Man.<\/p>\n\n\n\n<p><strong>Le 02 Janvier 2020<\/strong>&nbsp;: Restructuration du r\u00e9seau ; Reims est choisie comme agglom\u00e9ration.<\/p>\n\n\n\n<p><strong>Le 3 F\u00e9vrier 2020<\/strong>&nbsp;: Cr\u00e9ation de nouvelle ligne principales, secondaires et mise en service du Transport \u00e0 la demande,<\/p>\n\n\n\n<p><strong>Le 15 F\u00e9vrier 2020<\/strong>&nbsp;: Mise en service des premiers bus \u00e9lectriques du r\u00e9seau.<\/p>\n\n\n\n<p><strong>Le 30 Ao\u00fbt 2021<\/strong>\u00a0: P\u00e9rennisation de la ligne n\u00b0807 qui devient une navette.<\/p>\n\n\n\n<p><strong>Le 13 Octobre 2021<\/strong>&nbsp;: Restructuration du r\u00e9seau dans son ensemble &#8211; Pastel devient le nom de votre nouveau r\u00e9seau Urbain, Suburbain, Interurbain et scolaire<br>&#8211; Ouverture des lignes urbaines 12 et 13 ;<br>&#8211; Ouverture des lignes interurbaines 62, 63 et 64.<\/p>\n\n\n\n<p><strong>Le 20 Octobre 2021<\/strong>&nbsp;: Ouverture des lignes scolaires 601 et 602 ; Cr\u00e9ation du pass \u00e9tudiant Mobidick.<\/p>\n\n\n\n<p><strong>Le 21 Octobre 2021<\/strong>&nbsp;: Ouverture des lignes suburbaines 101, 102, 103 et 104.<\/p>\n","protected":false},"excerpt":{"rendered":"<p>Le 13 Octobre 2018&nbsp;: CHAMBERY METROPOLE nous a confi\u00e9 l&rsquo;exploitation de son r\u00e9seau urbain ; 4 lignes urbaines sont exploit\u00e9es. Le 8 Avril 2018&nbsp;: Pastel a d\u00e9cid\u00e9 d&rsquo;investir dans du mat\u00e9riel roulant propre ; L&rsquo;\u00e9nergie choisie est le&nbsp;GNV Le 19 Juillet 2018&nbsp;: CHAMBERY METROPOLE nous confie la gestion de 4 [&hellip;]<\/p>\n","protected":false},"author":63,"featured_media":0,"parent":0,"menu_order":0,"comment_status":"closed","ping_status":"closed","template":"","meta":{"footnotes":""},"class_list":["post-33","page","type-page","status-publish","hentry"],"_links":{"self":[{"href":"https:\/\/seal.transport-manager.net\/francky5102\/wp-json\/wp\/v2\/pages\/33","targetHints":{"allow":["GET"]}}],"collection":[{"href":"https:\/\/seal.transport-manager.net\/francky5102\/wp-json\/wp\/v2\/pages"}],"about":[{"href":"https:\/\/seal.transport-manager.net\/francky5102\/wp-json\/wp\/v2\/types\/page"}],"author":[{"embeddable":true,"href":"https:\/\/seal.transport-manager.net\/francky5102\/wp-json\/wp\/v2\/users\/63"}],"replies":[{"embeddable":true,"href":"https:\/\/seal.transport-manager.net\/francky5102\/wp-json\/wp\/v2\/comments?post=33"}],"version-history":[{"count":3,"href":"https:\/\/seal.transport-manager.net\/francky5102\/wp-json\/wp\/v2\/pages\/33\/revisions"}],"predecessor-version":[{"id":132,"href":"https:\/\/seal.transport-manager.net\/francky5102\/wp-json\/wp\/v2\/pages\/33\/revisions\/132"}],"wp:attachment":[{"href":"https:\/\/seal.transport-manager.net\/francky5102\/wp-json\/wp\/v2\/media?parent=33"}],"curies":[{"name":"wp","href":"https:\/\/api.w.org\/{rel}","templated":true}]}}