{"id":42,"date":"2021-08-25T10:03:10","date_gmt":"2021-08-25T08:03:10","guid":{"rendered":"https:\/\/seal.transport-manager.net\/francky5102\/?page_id=42"},"modified":"2021-10-24T10:33:56","modified_gmt":"2021-10-24T08:33:56","slug":"les-lignes-de-votre-reseau","status":"publish","type":"page","link":"https:\/\/seal.transport-manager.net\/francky5102\/les-lignes-de-votre-reseau\/","title":{"rendered":"Les Lignes de votre r\u00e9seau"},"content":{"rendered":"\n<figure class=\"wp-block-image size-large is-resized\"><img loading=\"lazy\" decoding=\"async\" src=\"https:\/\/transport-manager.net\/assets\/img\/lignes\/Plan_N4.png\" alt=\"\" width=\"1130\" height=\"728\" \/><figcaption><span class=\"has-inline-color has-black-color\"><strong><em>Les Lignes Principales<\/em><br><\/strong><\/span><br><span style=\"color:#e6000c\" class=\"has-inline-color\"><strong>LIGNE 1* : Gare Centrale &lt;&gt; Campus Alan Turing<\/strong><br><strong>Ligne \u00e9quip\u00e9e de Bornes \u00e9lectriques<\/strong><br>Distance de la ligne : 6 kms<br>Nombres d&rsquo;arr\u00eat : 20<br>Temps de trajet de la ligne : 24 minutes<br>Tarif : 1, 30 \u20ac<br>Heures creuses : 900 voyageurs<br>Heures de pointes : 1 400 voyageurs<br>Heures du soir : 470 voyageurs<br>Heures du samedi : 1 000 voyageurs<br>Heures du dimanche : 500 voyageurs<br><strong><u>Fr\u00e9quences<\/u>\u00a0:<\/strong><br>Heures creuses : 1 bus toutes les\u00a0<strong>08<\/strong>\u00a0minutes<br>Heures de pointes : 1 bus toutes les\u00a0<strong>05<\/strong>\u00a0minutes<br>Heures de soir\u00e9e : 1 bus toutes les\u00a0<strong>12<\/strong>\u00a0minutes<br>Heures du Samedi : 1 bus toutes les\u00a0<strong>06<\/strong>\u00a0minutes<br>Heures du Dimanche : 1 bus toutes les\u00a0<strong>10<\/strong>\u00a0minutes<\/span><br><br><span style=\"color:#6400a3\" class=\"has-inline-color\"><strong>LIGNE 2* : Gare Centrale &lt;&gt; A\u00e9roport<\/strong><br><strong>Ligne \u00e9quip\u00e9e de Bornes \u00e9lectriques<\/strong><br>Distance de la ligne : 10 kms<br>Nombre d&rsquo;arr\u00eat : 34<br>Temps de trajet de la ligne : 40 minutes<br>Tarif : 1, 30 \u20ac<br>Heures creuses : 2 000 voyageurs<br>Heures de pointes : 2 850 voyageurs<br>Heures du soir : 1 000 voyageurs<br>Heures du samedi : 2 200 voyageurs<br>Heures du dimanche : 1 200 voyageurs<br><strong><u>Fr\u00e9quences<\/u>\u00a0:<\/strong><br>Heures creuses : 1 bus toutes les\u00a0<strong>06<\/strong>\u00a0minutes<br>Heures de pointes : 1 bus toutes les\u00a0<strong>04<\/strong>\u00a0minutes<br>Heures de soir\u00e9e :1 bus toutes les\u00a0<strong>11<\/strong>\u00a0minutes<br>Heures du Samedi : 1 bus toutes les\u00a0<strong>06<\/strong>\u00a0minutes<br>Heures du Dimanche : 1 bus toutes les\u00a0<strong>09<\/strong>\u00a0minutes<\/span><br><br><span style=\"color:#f38704\" class=\"has-inline-color\"><strong>LIGNE 3* : Gare Centrale &lt;&gt; Campus Marthe Gautier<\/strong><br><strong>Ligne \u00e9quip\u00e9e de Bornes \u00e9lectriques<\/strong><br>Distance de la ligne : 8 kms<br>Nombre d&rsquo;arr\u00eat : 27<br>Temps de trajet de la ligne : 32 minutes<br>Tarif : 1, 30 \u20ac<br>Heures creuses : 920 voyageurs<br>Heures de pointes : 1 450 voyageurs<br>Heures du soir : 500 voyageurs<br>Heures du samedi : 800 voyageurs<br>Heures du dimanche : 400 voyageurs<br><strong><u>Fr\u00e9quences<\/u>\u00a0:<\/strong><br>Heures creuses : 1 bus toutes les\u00a0<strong>06<\/strong>\u00a0minutes<br>Heures de pointes : 1 bus toutes les\u00a0<strong>04<\/strong>\u00a0minutes<br>Heures de soir\u00e9e :1 bus toutes les\u00a0<strong>13<\/strong>\u00a0minutes<br>Heures du Samedi : 1 bus toutes les\u00a0<strong>08<\/strong>\u00a0minutes<br>Heures du Dimanche : 1 bus toutes les\u00a0<strong>16<\/strong>\u00a0minutes<\/span><br><br><span style=\"color:#00a39d\" class=\"has-inline-color\"><strong>LIGNE 4 : Gare Centrale &lt;&gt; Gare de l&rsquo;Est<\/strong><br>Distance de la ligne : 7 kms<br>Nombre d&rsquo;arr\u00eat : 24<br>Temps de trajet de la ligne : 28 minutes<br>Tarif : 1, 30 \u20ac<br>Heures creuses : 330 voyageurs<br>Heures de pointes : 580 voyageurs<br>Heures du soir : 140 voyageurs<br>Heures du samedi : 270 voyageurs<br>Heures du Dimanche : 180 voyageurs<br><strong><u>Fr\u00e9quences<\/u>\u00a0:<\/strong><br>Heures creuses : 1 bus toutes les\u00a0<strong>14<\/strong>\u00a0minutes<br>Heures de pointes : 1 bus toutes les\u00a0<strong>09<\/strong>\u00a0minutes<br>Heures de soir\u00e9e : 1 bus toutes les\u00a0<strong>28\u00a0<\/strong>minutes<br>Heures du Samedi : 1 bus toutes les\u00a0<strong>19<\/strong>\u00a0minutes<br>Heures du Dimanche : 1 bus toutes les\u00a0<strong>28<\/strong>\u00a0minutes<\/span><br><br><span style=\"color:#a35900\" class=\"has-inline-color\"><strong>LIGNE 5 : Mus\u00e9e d&rsquo;Art Moderne &lt;&gt; P\u00f4le Luca Pacioli<\/strong><br>Distance de la ligne : 9 kms<br>Nombre d&rsquo;arr\u00eat : 34<br>Temps de trajet de la ligne : 40 minutes<br>Tarif : 1, 30 \u20ac<br>Heures creuses : 1 000 voyageurs<br>Heures de pointes : 1 700 voyageurs<br>Heures du soir : 400 voyageurs<br>Heures du samedi : 1 000 voyageurs<br>Heures du Dimanche : 450 voyageurs<br><strong><u>Fr\u00e9quences<\/u>\u00a0:<\/strong><br>Heures creuses : 1 bus toutes les\u00a0<strong>11<\/strong>\u00a0minutes<br>Heures de pointes : 1 bus toutes les\u00a0<strong>07<\/strong>\u00a0minutes<br>Heures de soir\u00e9e :1 bus toutes les\u00a0<strong>20<\/strong>\u00a0minutes<br>Heures du Samedi : 1 bus toutes les\u00a0<strong>13<\/strong>\u00a0minutes<br>Heures du Dimanche : 1 bus toutes les\u00a0<strong>16<\/strong>\u00a0minutes<\/span><br><br><span style=\"color:#8a4509\" class=\"has-inline-color\"><strong>LIGNE 6 : Grand Palais &lt;&gt; Campus Maryse Esterle<\/strong><br>Distance de la ligne : 5 kms<br>Nombre d&rsquo;arr\u00eat : 17<br>Temps de trajet de la ligne : 20 minutes<br>Tarif : 1, 30 \u20ac<br>Heures creuses : 380 voyageurs<br>Heures de pointes : 520 voyageurs<br>Heures du soir : 35 voyageurs<br>Heures du samedi : 400 voyageurs<br><strong><u>Fr\u00e9quences<\/u>\u00a0:<\/strong><br>Heures creuses : 1 bus toutes les\u00a0<strong>10<\/strong>\u00a0minutes<br>Heures de pointes : 1 bus toutes les\u00a0<strong>07<\/strong>\u00a0minutes<br>Heures de soir\u00e9e :1 bus toutes les\u00a0<strong>20<\/strong>\u00a0minutes<br>Heures du Samedi : 1 bus toutes les\u00a0<strong>10<\/strong>\u00a0minutes<\/span><br><br><span style=\"color:#64a300\" class=\"has-inline-color\"><strong>LIGNE 7 : Grand Palais &lt;&gt; Port fluvial<\/strong><br><strong>Ligne \u00e9quip\u00e9e de Bornes \u00e9lectriques<\/strong><br>Distance de la ligne : 10 kms<br>Nombre d&rsquo;arr\u00eat : 30<br>Temps de trajet de la ligne : 36 minutes<br>Tarif : 1, 30 \u20ac<br>Heures creuses : 480 voyageurs<br>Heures de pointes : 700 voyageurs<br>Heures du soir : 100 voyageurs<br>Heures du samedi : 330 voyageurs<br>Heures du Dimanche : 120 voyageurs<br><strong><u>Fr\u00e9quences<\/u>\u00a0:<\/strong><br>Heures creuses : 1 bus toutes les\u00a0<strong>12<\/strong>\u00a0minutes<br>Heures de pointes : 1 bus toutes les\u00a0<strong>07<\/strong>\u00a0minutes<br>Heures de Soir\u00e9e : 1 bus toutes les\u00a0<strong>36<\/strong>\u00a0minutes<br>Heures du Samedi : 1 bus toutes les\u00a0<strong>14<\/strong>\u00a0minutes<br>Heures du Dimanche : 1 bus toutes les\u00a0<strong>36<\/strong>\u00a0minutes<\/span><br><br><span style=\"color:#9e00a3\" class=\"has-inline-color\"><strong>LIGNE 8 : Campus Marthe Gautier &lt;&gt; Place de l&rsquo;Europe<\/strong><br>Distance de la ligne : 8 kms<br>Nombre d&rsquo;arr\u00eat : 27<br>Temps de trajet de la ligne : 32 minutes<br>Tarif : 1, 30 \u20ac<br>Heures creuses : 550 voyageurs<br>Heures de pointes : 900 voyageurs<br>Heures du soir : 260 voyageurs<br>Heures du samedi : 440 voyageurs<br><strong><u>Fr\u00e9quences<\/u>\u00a0:<\/strong><br>Heures creuses : 1 bus toutes les\u00a0<strong>11<\/strong>\u00a0minutes<br>Heures de pointes : 1 bus toutes les\u00a0<strong>07<\/strong>\u00a0minutes<br>Heures de soir\u00e9e :1 bus toutes les\u00a0<strong>16<\/strong>\u00a0minutes<br>Heures du Samedi : 1 bus toutes les\u00a0<strong>13<\/strong>\u00a0minutes<\/span><br><br><span style=\"color:#0c00a3\" class=\"has-inline-color\"><strong>LIGNE 9 : Campus Alan Turing &lt;&gt; Haute-Ville<\/strong><br>Distance de la ligne : 6 kms<br>Nombre d&rsquo;arr\u00eat : 12<br>Temps de trajet de la ligne : 18 minutes<br>Tarif : 1, 30 \u20ac<br>Heures creuses : 340 voyageurs<br>Heures de pointes : 500 voyageurs<br>Heures du soir : 130 voyageurs<br>Heures du samedi : 380 voyageurs<br>Heures du dimanche : 200 voyageurs<br><strong><u>Fr\u00e9quences<\/u>\u00a0:<\/strong><br>Heures creuses : 1 bus toutes les\u00a0<strong>09<\/strong>\u00a0minutes<br>Heures de pointes : 1 bus toutes les\u00a0<strong>06<\/strong>\u00a0minutes<br>Heures de soir\u00e9e :1 bus toutes les\u00a0<strong>18<\/strong>\u00a0minutes<br>Heures du Samedi : 1 bus toutes les\u00a0<strong>09<\/strong>\u00a0minutes<br>Heures du Dimanche : 1 bus toutes les\u00a0<strong>18<\/strong>\u00a0minutes<\/span><br><br><span style=\"color:#a35000\" class=\"has-inline-color\"><strong>LIGNE 10 : Campus Alan Turing &lt;&gt; CRT Est<\/strong><br><strong>Ligne \u00e9quip\u00e9e de Bornes \u00e9lectriques<\/strong><br>Distance de la ligne : 10 kms<br>Nombre d&rsquo;arr\u00eat : 20<br>Temps de trajet de la ligne : 30 minutes<br>Tarif : 1, 30 \u20ac<br>Heures creuses : 700 voyageurs<br>Heures de pointes : 1 100 voyageurs<br>Heures du soir : 300 voyageurs<br>Heures du samedi : 500 voyageurs<br>Heures du dimanche : 300 voyageurs<br><strong><u>Fr\u00e9quences<\/u>\u00a0:<\/strong><br>Heures creuses : 1 bus toutes les\u00a0<strong>06<\/strong>\u00a0minutes<br>Heures de pointes : 1 bus toutes les\u00a0<strong>04\u00a0<\/strong>minutes<br>Heures de soir\u00e9e :1 bus toutes les\u00a0<strong>15<\/strong>\u00a0minutes<br>Heures du Samedi : 1 bus toutes les\u00a0<strong>09<\/strong>\u00a0minutes<br>Heures du Dimanche : 1 bus toutes les\u00a0<strong>15<\/strong>\u00a0minutes<\/span><br><br><span style=\"color:#ee0ab2\" class=\"has-inline-color\"><strong>LIGNE 11 : Campus Marthe Gautier &lt;&gt; Clinique Saint Paul<\/strong><br>Distance de la ligne : 7 kms<br>Nombre d&rsquo;arr\u00eat : 14<br>Temps de trajet de la ligne : 21 minutes<br>Tarif : 1, 30 \u20ac<br>Heures creuses : 320 voyageurs<br>Heures de pointes : 520 voyageurs<br>Heures du soir : 160 voyageurs<br>Heures du samedi : 280 voyageurs<br>Heures du dimanche : 190 voyageurs<br><strong><u>Fr\u00e9quences<\/u>\u00a0:<\/strong><br>Heures creuses : 1 bus toutes les\u00a0<strong>11<\/strong>\u00a0minutes<br>Heures de pointes : 1 bus toutes les\u00a0<strong>06<\/strong>\u00a0minutes<br>Heures de soir\u00e9e :1 bus toutes les\u00a0<strong>14<\/strong>\u00a0minutes<br>Heures du Samedi : 1 bus toutes les\u00a0<strong>11\u00a0<\/strong>minutes<br>Heures du Dimanche : 1 bus toutes les\u00a0<strong>14<\/strong>\u00a0minutes<\/span><br><br><strong>LIGNE 12 : Gare Centrale &#8211; Parc d&rsquo;attractions<\/strong><br><strong>Ligne \u00e9quip\u00e9e de Bornes \u00e9lectriques<\/strong><br>Distance de la ligne : 7 kms<br>Nombre d&rsquo;arr\u00eat : 21<br>Temps de trajet de la ligne : 27 minutes<br>Tarif : 1, 30 \u20ac<br>Heures creuses : 280 voyageurs<br>Heures de pointes : 480 voyageurs<br>Heures du soir : 150 voyageurs<br>Heures du samedi : 480 voyageurs<br>Heures du dimanche : 590\u00a0voyageurs<br><strong><u>Fr\u00e9quences<\/u>\u00a0:<\/strong><br>Heures creuses : 1 bus toutes les\u00a0<strong>18<\/strong>\u00a0minutes<br>Heures de pointes : 1 bus toutes les\u00a0<strong>11<\/strong>\u00a0minutes<br>Heures de soir\u00e9e :1 bus toutes les\u00a0<strong>27<\/strong>\u00a0minutes<br>Heures du Samedi : 1 bus toutes les\u00a0<strong>09\u00a0<\/strong>minutes<br>Heures du Dimanche : 1 bus toutes les\u00a0<strong>09<\/strong>\u00a0minutes<br><br><strong>LIGNE 13\u00a0: A\u00e9roport &#8211; Haute ville<\/strong><br>Distance de la ligne : 6 kms<br>Nombre d&rsquo;arr\u00eat\u00a0: 15<br>Temps de trajet de la ligne : 18 minutes<br>Tarif : 1, 30 \u20ac<br>Heures creuses : 240 voyageurs<br>Heures de pointes : 380 voyageurs<br>Heures du soir : 110 voyageurs<br>Heures du samedi : 290 voyageurs<br>Heures du dimanche : 190\u00a0voyageurs<br><strong><u>Fr\u00e9quences<\/u>\u00a0:<\/strong><br>Heures creuses : 1 bus toutes les\u00a0<strong>12<\/strong>\u00a0minutes<br>Heures de pointes : 1 bus toutes les\u00a0<strong>07<\/strong>\u00a0minutes<br>Heures de soir\u00e9e :1 bus toutes les\u00a0<strong>18<\/strong>\u00a0minutes<br>Heures du Samedi : 1 bus toutes les\u00a0<strong>09\u00a0<\/strong>minutes<br>Heures du Dimanche : 1 bus toutes les\u00a0<strong>12<\/strong>\u00a0minutes<br><br><strong>Les Lignes Secondaires<\/strong><br><br><strong>LIGNE 60 : Lyc\u00e9e Karl Marx &lt;&gt; Pr\u00e9fecture<\/strong><br>Distance de la ligne : 5 kms<br>Nombre d&rsquo;arr\u00eat : 17<br>Temps de trajet de la ligne : 20 minutes<br>Tarif : 1, 30 \u20ac<br>Heures creuses : 65 voyageurs<br>Heures de pointes : 100 voyageurs<br>Heures du samedi : 60 voyageurs<br><strong>Fr\u00e9quences :<\/strong><br>Heures creuses : 1 bus toutes les\u00a0<strong>20<\/strong>\u00a0minutes<br>Heures de pointes : 1 bus toutes les\u00a0<strong>13<\/strong>\u00a0minutes<br>Heures du Samedi : 1 bus toutes les\u00a0<strong>20<\/strong>\u00a0minutes<br><br><strong>LIGNE 61 : Gare de l&rsquo;Ouest &lt;&gt; Parc Jolimont<\/strong><br>Distance de la ligne : 8 kms<br>Nombre d&rsquo;arr\u00eat : 27<br>Temps de trajet de la ligne : 32 minutes<br>Tarif : 1, 30 \u20ac<br>Heures creuses : 160 voyageurs<br>Heures de pointes : 300 voyageurs<br>Heures du samedi : 180 voyageurs<br><strong>Fr\u00e9quences :<\/strong><br>Heures creuses : 1 bus toutes les\u00a03<strong>2<\/strong>\u00a0minutes<br>Heures de pointes : 1 bus toutes les\u00a0<strong>21<\/strong>\u00a0minutes<br>Heures du Samedi : 1 bus toutes les\u00a0<strong>32<\/strong>\u00a0minutes<br><br><strong>LIGNE 62\u00a0: Place de l&rsquo;\u00e9tang &#8211; Place de L&rsquo;\u00e9tang<\/strong><br>Distance de la ligne : 10 kms<br>Nombre d&rsquo;arr\u00eat\u00a0: 30<br>Temps de trajet de la ligne : 40 minutes<br>Tarif : 1, 30 \u20ac<br>Heures creuses : 180 voyageurs<br>Heures de pointes : 350 voyageurs<br>Heures du soir : 100 voyageurs<br>Heures du samedi : 250 voyageurs<br>Heures du dimanche : 200\u00a0voyageurs<br><strong><u>Fr\u00e9quences<\/u>\u00a0:<\/strong><br>Heures creuses : 1 bus toutes les\u00a0<strong>27<\/strong>\u00a0minutes<br>Heures de pointes : 1 bus toutes les\u00a0<strong>16<\/strong>\u00a0minutes<br>Heures de soir\u00e9e :1 bus toutes les\u00a0<strong>40<\/strong>\u00a0minutes<br>Heures du Samedi : 1 bus toutes les\u00a0<strong>20\u00a0<\/strong>minutes<br>Heures du Dimanche : 1 bus toutes les\u00a0<strong>27<\/strong>\u00a0minutes<br><br><strong>LIGNE 63\u00a0: Place de l&rsquo;Europe &#8211; Parc d&rsquo;attraction<\/strong><br>Distance de la ligne : 8\u00a0kms<br>Nombre d&rsquo;arr\u00eat\u00a0: 26<br>Temps de trajet de la ligne : 29 minutes<br>Tarif : 1, 30 \u20ac<br>Heures creuses : 150 voyageurs<br>Heures de pointes : 310 voyageurs<br>Heures du samedi : 220 voyageurs<br>Heures du dimanche : 300\u00a0voyageurs<br><strong><u>Fr\u00e9quences<\/u>\u00a0:<\/strong><br>Heures creuses : 1 bus toutes les\u00a0<strong>29<\/strong>\u00a0minutes<br>Heures de pointes : 1 bus toutes les\u00a0<strong>15<\/strong>\u00a0minutes<br>Heures du Samedi : 1 bus toutes les\u00a0<strong>19\u00a0<\/strong>minutes<br>Heures du Dimanche : 1 bus toutes les\u00a0<strong>19<\/strong>\u00a0minutes<br><br><strong>LIGNE 64\u00a0: Place de l&rsquo;Euorpe &#8211; H\u00f4tel de ville<\/strong><br>Distance de la ligne : 4\u00a0kms<br>Nombre d&rsquo;arr\u00eat\u00a0: 13<br>Temps de trajet de la ligne : 14 minutes<br>Tarif : 1, 30 \u20ac<br>Heures creuses : 140 voyageurs<br>Heures de pointes : 230 voyageurs<br>Heures du soir : 65 voyageurs<br>Heures du samedi : 170 voyageurs<br>Heures du dimanche : 75 voyageurs<br><strong><u>Fr\u00e9quences<\/u>\u00a0:<\/strong><br>Heures creuses : 1 bus toutes les\u00a0<strong>14<\/strong>\u00a0minutes<br>Heures de pointes : 1 bus toutes les\u00a0<strong>09<\/strong>\u00a0minutes<br>Heures de soir\u00e9e :1 bus toutes les\u00a0<strong>28<\/strong>\u00a0minutes<br>Heures du Samedi : 1 bus toutes les\u00a0<strong>14\u00a0<\/strong>minutes<br>Heures du Dimanche : 1 bus toutes les\u00a0<strong>14<\/strong>\u00a0minutes<br><br><br><strong>Ligne 807 : Centre de vaccination : VACCI CENTRE &#8211; GRAND PALAIS<\/strong><br>Distance de la ligne : 3 kms<br>Nombre d&rsquo;arr\u00eat : 3<br><strong>Ligne gratuite<\/strong><br><strong>Fr\u00e9quences\u00a0:<\/strong><br>Temps de trajet de la ligne : 8 mn<br>Heures creuses : 1 bus toutes les\u00a0<strong>08<\/strong> minutes<br>Heures du Samedi : 1 bus toutes les\u00a0<strong>08\u00a0<\/strong>minutes<br>Heures du Dimanche : 1 bus toutes les\u00a0<strong>08<\/strong>\u00a0minutes<br><br><strong>Les Lignes Interurbaines<\/strong><br><br><strong>LIGNE 201 : CAMPUS ALAN TURING &#8211; LUSIGNOL GARE<\/strong><br>Distance de la ligne : 49 kms<br>Nombre d&rsquo;arr\u00eat : 05<br>Temps de trajet de la ligne : 58 minutes<br>Tarif : 1, 30 \u20ac<br>Heures creuses : 70 voyageurs<br>Heures de pointes : 145 voyageurs<br>Heures du samedi : 90 voyageurs<br>Heures du dimanche : 75 voyageurs<br><strong>Fr\u00e9quences :<\/strong><br>Heures creuses : 1 car toutes les\u00a0<strong>58<\/strong>\u00a0minutes<br>Heures de pointes : 1 car toutes les\u00a0<strong>39<\/strong>\u00a0minutes<br>Heures du Samedi : 1 car\u00a0toutes les\u00a0<strong>58<\/strong>\u00a0minutes<br>Heures du Dimanche : 1 car toutes les\u00a0<strong>58\u00a0<\/strong>minutes<br><br><strong>LIGNE 202\u00a0: CAMPUS ALAN TURING -MINIA &#8211; GARE ROUTIERE<\/strong><br>Distance de la ligne : 29\u00a0kms<br>Nombre d&rsquo;arr\u00eat : 04<br>Temps de trajet de la ligne : 37 minutes<br>Tarif : 1, 30 \u20ac<br>Heures creuses : 48 voyageurs<br>Heures de pointes : 100 voyageurs<br>Heures du samedi : 30\u00a0voyageurs<br><strong>Fr\u00e9quences :<\/strong><br>Heures creuses : 1 car\u00a0toutes les\u00a0<strong>74<\/strong>\u00a0minutes<br>Heures de pointes : 1 car\u00a0toutes les\u00a0<strong>37<\/strong>\u00a0minutes<br>Heures du Samedi : 1 car\u00a0toutes les\u00a0<strong>74<\/strong>\u00a0minutes<br><br><strong>LIGNE 203\u00a0: GARE DE L&rsquo;OUEST &#8211; LUDORGUE &#8211; MONT LUDO<\/strong><br>Distance de la ligne : 43\u00a0kms<br>Nombre d&rsquo;arr\u00eat : 05<br>Temps de trajet de la ligne : 62 minutes<br>Tarif : 1, 30 \u20ac<br>Heures creuses : 52 voyageurs<br>Heures de pointes : 155\u00a0voyageurs<br>Heures du samedi : 100\u00a0voyageurs<br>Heures du dimanche : 110\u00a0voyageurs<br><strong>Fr\u00e9quences :<\/strong><br>Heures creuses : 1 car\u00a0toutes les\u00a0<strong>124<\/strong>\u00a0minutes<br>Heures de pointes : 1 car\u00a0toutes les 41\u00a0minutes<br>Heures du Samedi : 1 car\u00a0toutes les\u00a0<strong>62<\/strong>\u00a0minutes<br>Heures du Dimanche : 1 car\u00a0toutes les\u00a0<strong>62\u00a0<\/strong>minutes<br><br><strong>Les Lignes P\u00e9ri-urbaines<\/strong><br><br><strong>LIGNE 101\u00a0: HOTEL DE REGION &#8211; ARRONAY &#8211; ETANGS<\/strong><br>Distance de la ligne : 21\u00a0kms<br>Nombre d&rsquo;arr\u00eat : 16<br>Temps de trajet de la ligne : 36 minutes<br>Tarif : 1, 30 \u20ac<br>Heures creuses : 220 voyageurs<br>Heures de pointes : 330 voyageurs<br>Heures du soir : 150 voyageurs<br>Heures du samedi : 270 voyageurs<br>Heures du dimanche : 380 voyageurs<br><strong>Fr\u00e9quences :<\/strong><br>Heures creuses : 1 car\u00a0toutes les\u00a0<strong>24<\/strong>\u00a0minutes<br>Heures de pointes : 1 car\u00a0toutes les\u00a0<strong>14<\/strong>\u00a0minutes<br>Heures du soir : 1 car toutes les\u00a0<strong>36<\/strong>\u00a0minutes<br>Heures du Samedi : 1 car\u00a0toutes les\u00a0<strong>18<\/strong>\u00a0minutes<br>Heures du Dimanche : 1 car\u00a0toutes les\u00a0<strong>14\u00a0<\/strong>minutes<br><br><strong>LIGNE 102 : STADE &#8211; BRINTE &#8211; AVENUE DE LA LIBERTE<\/strong><br>Distance de la ligne : 18 kms<br>Nombre d&rsquo;arr\u00eat : 12<br>Temps de trajet de la ligne : 27 minutes<br>Tarif : 1, 30 \u20ac<br>Heures creuses : 120\u00a0voyageurs<br>Heures de pointes : 250\u00a0voyageurs<br>Heures du soir : 120 voyageurs<br>Heures du samedi : 130\u00a0voyageurs<br>Heures du dimanche : 120\u00a0voyageurs<br><strong>Fr\u00e9quences :<\/strong><br>Heures creuses : 1 car\u00a0toutes les\u00a0<strong>27<\/strong>\u00a0minutes<br>Heures de pointes : 1 car\u00a0toutes les\u00a0<strong>14<\/strong>\u00a0minutes<br>Heures du soir : 1 car toutes les\u00a0<strong>27<\/strong>\u00a0minutes<br>Heures du Samedi : 1 car\u00a0toutes les\u00a0<strong>27<\/strong>\u00a0minutes<br>Heures du Dimanche : 1 car\u00a0toutes les\u00a0<strong>27\u00a0<\/strong>minutes<br><br><strong>LIGNE 103\u00a0: PLACE DE L&rsquo;EUROPE &#8211; CLORENT &#8211; CENTRE DE RECYCLAGE<\/strong><br>Distance de la ligne : 11\u00a0kms<br>Nombre d&rsquo;arr\u00eat : 08<br>Temps de trajet de la ligne : 21\u00a0minutes<br>Tarif : 1, 30 \u20ac<br>Heures creuses : 230\u00a0voyageurs<br>Heures de pointes : 400\u00a0voyageurs<br>Heures du samedi : 120\u00a0voyageurs<br><strong>Fr\u00e9quences :<\/strong><br>Heures creuses : 1 car\u00a0toutes les\u00a0<strong>14<\/strong>\u00a0minutes<br>Heures de pointes : 1 car\u00a0toutes les\u00a0<strong>07<\/strong>\u00a0minutes<br>Heures du Samedi : 1 car\u00a0toutes les\u00a0<strong>21<\/strong>\u00a0minutes<br><br><strong>LIGNE 104\u00a0: SCIENCE PO &#8211; LACANC &#8211; PLACE DU MARCHE<\/strong><br>Distance de la ligne : 12 kms<br>Nombre d&rsquo;arr\u00eat : 10<br>Temps de trajet de la ligne : 24 minutes<br>Tarif : 1, 30 \u20ac<br>Heures creuses : 180\u00a0voyageurs<br>Heures de pointes : 320\u00a0voyageurs<br>Heures du samedi : 200\u00a0voyageurs<br>Heures du dimanche : 70\u00a0voyageurs<br><strong>Fr\u00e9quences :<\/strong><br>Heures creuses : 1 car\u00a0toutes les\u00a0<strong>16<\/strong>\u00a0minutes<br>Heures de pointes : 1 car\u00a0toutes les\u00a0<strong>10<\/strong>\u00a0minutes<br>Heures du Samedi : 1 car\u00a0toutes les\u00a016\u00a0minutes<br>Heures du Dimanche : 1 car\u00a0toutes les\u00a048\u00a0minutes<br><br>Les Lignes Scolaires<br><br><strong>LIGNE 601\u00a0: LACANAC &#8211; HOTEL DE VILLE &#8211; LYCEE A. FRANK<\/strong><br> Distance de la ligne : 13\u00a0kms <br>Nombre d&rsquo;arr\u00eat : 05<br>Temps de trajet de la ligne : 25 minutes<br>Tarif : 1, 30 \u20ac<br>Heures de pointes : 80 voyageurs<br><strong>Fr\u00e9quences : Abonnement Mobidick<\/strong><br>Heures de pointes : 1 ALLER &#8211; RETOUR PAR JOUR<br><br><strong>LIGNE 602\u00a0: LE RORO &#8211; AVENUE DU PARC &#8211; COLLEGE V. HUGO<\/strong><br>Distance de la ligne : 18\u00a0kms<br>Nombre d&rsquo;arr\u00eat : 07<br>Temps de trajet de la ligne : 30 minutes<br>Tarif : 1, 30 \u20ac<br>Heures de pointes : 140\u00a0voyageurs<br><strong>Fr\u00e9quences : Abonnement\u00a0<\/strong><br>Heures de pointes : 1 ALLER &#8211; RETOUR PAR JOUR<\/figcaption><\/figure>\n","protected":false},"excerpt":{"rendered":"","protected":false},"author":63,"featured_media":0,"parent":0,"menu_order":0,"comment_status":"closed","ping_status":"closed","template":"","meta":{"footnotes":""},"class_list":["post-42","page","type-page","status-publish","hentry"],"_links":{"self":[{"href":"https:\/\/seal.transport-manager.net\/francky5102\/wp-json\/wp\/v2\/pages\/42","targetHints":{"allow":["GET"]}}],"collection":[{"href":"https:\/\/seal.transport-manager.net\/francky5102\/wp-json\/wp\/v2\/pages"}],"about":[{"href":"https:\/\/seal.transport-manager.net\/francky5102\/wp-json\/wp\/v2\/types\/page"}],"author":[{"embeddable":true,"href":"https:\/\/seal.transport-manager.net\/francky5102\/wp-json\/wp\/v2\/users\/63"}],"replies":[{"embeddable":true,"href":"https:\/\/seal.transport-manager.net\/francky5102\/wp-json\/wp\/v2\/comments?post=42"}],"version-history":[{"count":4,"href":"https:\/\/seal.transport-manager.net\/francky5102\/wp-json\/wp\/v2\/pages\/42\/revisions"}],"predecessor-version":[{"id":131,"href":"https:\/\/seal.transport-manager.net\/francky5102\/wp-json\/wp\/v2\/pages\/42\/revisions\/131"}],"wp:attachment":[{"href":"https:\/\/seal.transport-manager.net\/francky5102\/wp-json\/wp\/v2\/media?parent=42"}],"curies":[{"name":"wp","href":"https:\/\/api.w.org\/{rel}","templated":true}]}}