{"id":48,"date":"2021-08-25T10:08:46","date_gmt":"2021-08-25T08:08:46","guid":{"rendered":"https:\/\/seal.transport-manager.net\/francky5102\/?page_id=48"},"modified":"2021-08-29T14:37:52","modified_gmt":"2021-08-29T12:37:52","slug":"les-horaires","status":"publish","type":"page","link":"https:\/\/seal.transport-manager.net\/francky5102\/les-horaires\/","title":{"rendered":"Les horaires"},"content":{"rendered":"\n<p>Voici les horaires th\u00e9oriques des diff\u00e9rentes lignes du r\u00e9seau valable \u00e0 compter du Lundi 30 Ao\u00fbt 2021.<\/p>\n\n\n\n<p class=\"has-text-align-center has-text-color\" style=\"color:#e445cf;font-size:22px\"><strong>HORAIRES VALABLE DU LUNDI 30 AOUT 2021 AU 03 JUILLET 2022<\/strong><\/p>\n\n\n\n<figure class=\"wp-block-table is-style-regular\"><table><tbody><tr><td>N\u00b0<\/td><td>DESTINATION<\/td><td>HC<\/td><td>HP<\/td><td>SOIR<\/td><td>SAMEDI<\/td><td>DIMANCHE<\/td><\/tr><tr><td>1<\/td><td>GARE CENTRALE &#8211; CAMPUS ALAN TURING<\/td><td>5 mn<\/td><td>4 mn<\/td><td>10 mn<\/td><td>6 mn<\/td><td>8 mn<\/td><\/tr><tr><td>2<\/td><td>GARE CENTRALE &#8211; AEROPORT<\/td><td>7 mn<\/td><td>4 mn<\/td><td>13 mn<\/td><td>7 mn<\/td><td>11 mn<\/td><\/tr><tr><td>3<\/td><td>GARE CENTRALE &#8211; CAMPUS MARTHE GAUTIER<\/td><td>6 mn<\/td><td>4 mn<\/td><td>11 mn<\/td><td>6 mn<\/td><td>11 mn<\/td><\/tr><tr><td>4<\/td><td>GARE CENTRALE &#8211; GARE DE L&rsquo;EST<\/td><td>28 mn<\/td><td>14 mn<\/td><td>28 mn<\/td><td>28 mn<\/td><td>28 mn<\/td><\/tr><tr><td>5<\/td><td>MUSEE D&rsquo;ART MODERNE &#8211; POLE LUCA PACIOLI<\/td><td>13 mn<\/td><td>8 mn<\/td><td>27 mn<\/td><td>10 mn<\/td><td>27 mn<\/td><\/tr><tr><td>6<\/td><td>GRAND PALAIS &#8211; CAMPUS MARYSE ESTERLE<\/td><td>8 mn<\/td><td>5 mn&nbsp;<\/td><td>20 mn<\/td><td>10 mn<\/td><td>&#8211;<\/td><\/tr><tr><td>7<\/td><td>GRAND PALAIS &#8211; PORT FLUVIAL<\/td><td>18 mn<\/td><td>10 mn<\/td><td>36 mn<\/td><td>18 mn<\/td><td>36 mn<\/td><\/tr><tr><td>8<\/td><td>CAMPUS MARTHE GAUTIER &#8211; PLACE DE L&rsquo;EUROPE<\/td><td>13 mn<\/td><td>8 mn<\/td><td>21 mn<\/td><td>16 mn<\/td><td>&#8211;<\/td><\/tr><tr><td>9<\/td><td>CAMPUS ALN TURING &#8211; HAUTE VILLE<\/td><td>9 mn<\/td><td>6 mn<\/td><td>18 mn<\/td><td>7 mn<\/td><td>12 mn<\/td><\/tr><tr><td>10<\/td><td>CAMPUS ALAN TURING &#8211; CRT EST<\/td><td>15 mn<\/td><td>9 mn<\/td><td>30 mn<\/td><td>20 mn<\/td><td>30 mn<\/td><\/tr><tr><td>11<\/td><td>CAMPUS ALN TURING &#8211; CLINIQUE SAINT PAUL<\/td><td>11 mn<\/td><td>7 mn<\/td><td>14 mn<\/td><td>7 mn<\/td><td>11 mn<\/td><\/tr><tr><td>60<\/td><td>LYCEE KARL MAX &#8211; PREFECTURE<\/td><td>20 mn<\/td><td>13 mn<\/td><td>&#8211;<\/td><td>20 mn<\/td><td>&#8211;<\/td><\/tr><tr><td>61<\/td><td>GARE DE L&rsquo;OUEST &#8211; PARC JOLIMONT<\/td><td>32 mn<\/td><td>21 mn<\/td><td>&#8211;<\/td><td>32 mn<\/td><td>&#8211;<\/td><\/tr><tr><td>807<\/td><td>VACCI CENTRE &#8211; GARE CENTRALE &#8211; GRAND PALAIS<\/td><td>&nbsp;<\/td><td>&nbsp;<\/td><td>&nbsp;<\/td><td>&nbsp;<\/td><td>&nbsp;<\/td><\/tr><\/tbody><\/table><\/figure>\n\n\n\n<p><\/p>\n\n\n\n<p><\/p>\n\n\n\n<p><strong><span style=\"color:#e00d53\" class=\"has-inline-color\">LIGNE 1 <\/span><\/strong><\/p>\n\n\n\n<p><a rel=\"noreferrer noopener\" href=\"https:\/\/docs.google.com\/spreadsheets\/d\/1NTrRm1djtxD7koZ8FPwJmJ8V5BAOlE_lRT8cUWrk8mg\/edit#gid=446655733\" target=\"_blank\">https:\/\/docs.google.com\/spreadsheets\/d\/1NTrRm1djtxD7koZ8FPwJmJ8V5BAOlE_lRT8cUWrk8mg\/edit#gid=446655733<\/a><\/p>\n\n\n\n<p class=\"has-text-color\" style=\"color:#0c6ee6\"><strong>LIGNE 2<\/strong><\/p>\n\n\n\n<p><a href=\"https:\/\/docs.google.com\/spreadsheets\/d\/1A9U6ka2dR-QcTaDz-rplik1McU0vVdBNBPQ-X0P7Gs8\/edit#gid=2068774847\">https:\/\/docs.google.com\/spreadsheets\/d\/1A9U6ka2dR-QcTaDz-rplik1McU0vVdBNBPQ-X0P7Gs8\/edit#gid=2068774847<\/a><\/p>\n\n\n\n<p class=\"has-text-color\" style=\"color:#f59d05\"><strong>LIGNE 3<\/strong><\/p>\n\n\n\n<p><a href=\"https:\/\/docs.google.com\/spreadsheets\/d\/1m7Qo8TgkmSaypzy5TsEqABwg4Yjkg8bH\/edit#gid=862135118\">https:\/\/docs.google.com\/spreadsheets\/d\/1m7Qo8TgkmSaypzy5TsEqABwg4Yjkg8bH\/edit#gid=862135118<\/a><\/p>\n\n\n\n<p class=\"has-text-color\" style=\"color:#0e16eb\"><strong>LIGNE 4<\/strong><\/p>\n\n\n\n<p><a href=\"https:\/\/docs.google.com\/spreadsheets\/d\/1mYPEJqZaVPPqCVd9jWQyqDz1xowS0Owb\/edit#gid=1887827287\">https:\/\/docs.google.com\/spreadsheets\/d\/1mYPEJqZaVPPqCVd9jWQyqDz1xowS0Owb\/edit#gid=1887827287<\/a><\/p>\n","protected":false},"excerpt":{"rendered":"<p>Voici les horaires th\u00e9oriques des diff\u00e9rentes lignes du r\u00e9seau valable \u00e0 compter du Lundi 30 Ao\u00fbt 2021. HORAIRES VALABLE DU LUNDI 30 AOUT 2021 AU 03 JUILLET 2022 N\u00b0 DESTINATION HC HP SOIR SAMEDI DIMANCHE 1 GARE CENTRALE &#8211; CAMPUS ALAN TURING 5 mn 4 mn 10 mn 6 mn [&hellip;]<\/p>\n","protected":false},"author":63,"featured_media":0,"parent":0,"menu_order":0,"comment_status":"closed","ping_status":"closed","template":"","meta":{"footnotes":""},"class_list":["post-48","page","type-page","status-publish","hentry"],"_links":{"self":[{"href":"https:\/\/seal.transport-manager.net\/francky5102\/wp-json\/wp\/v2\/pages\/48","targetHints":{"allow":["GET"]}}],"collection":[{"href":"https:\/\/seal.transport-manager.net\/francky5102\/wp-json\/wp\/v2\/pages"}],"about":[{"href":"https:\/\/seal.transport-manager.net\/francky5102\/wp-json\/wp\/v2\/types\/page"}],"author":[{"embeddable":true,"href":"https:\/\/seal.transport-manager.net\/francky5102\/wp-json\/wp\/v2\/users\/63"}],"replies":[{"embeddable":true,"href":"https:\/\/seal.transport-manager.net\/francky5102\/wp-json\/wp\/v2\/comments?post=48"}],"version-history":[{"count":10,"href":"https:\/\/seal.transport-manager.net\/francky5102\/wp-json\/wp\/v2\/pages\/48\/revisions"}],"predecessor-version":[{"id":113,"href":"https:\/\/seal.transport-manager.net\/francky5102\/wp-json\/wp\/v2\/pages\/48\/revisions\/113"}],"wp:attachment":[{"href":"https:\/\/seal.transport-manager.net\/francky5102\/wp-json\/wp\/v2\/media?parent=48"}],"curies":[{"name":"wp","href":"https:\/\/api.w.org\/{rel}","templated":true}]}}