{"id":62,"date":"2021-08-25T11:51:02","date_gmt":"2021-08-25T09:51:02","guid":{"rendered":"https:\/\/seal.transport-manager.net\/francky5102\/?page_id=62"},"modified":"2021-08-25T11:59:24","modified_gmt":"2021-08-25T09:59:24","slug":"le-transport-a-la-demande-tad","status":"publish","type":"page","link":"https:\/\/seal.transport-manager.net\/francky5102\/le-transport-a-la-demande-tad\/","title":{"rendered":"Le Transport \u00e0 la Demande (tad)"},"content":{"rendered":"\n<h1 class=\"has-medium-font-size wp-block-heading\">Qu&rsquo;est ce que le tad ?<\/h1>\n\n\n\n<p>D\u00e9placements ponctuels ou de proximit\u00e9 : le transport \u00e0 la demande compl\u00e8te l&rsquo;offre de transport du r\u00e9seau.<\/p>\n\n\n\n<p><strong>Une visite chez des amis, un rendez vous, un saut \u00e0 la biblioth\u00e8que&#8230;<\/strong><br>Le transport \u00e0 la demande permet d\u2019effectuer des d\u00e9placements de proximit\u00e9 et compl\u00e8te l\u2019offre de transport du r\u00e9seau Pastel.<br>Sur une simple r\u00e9servation, un v\u00e9hicule passe vous prendre au point d\u2019arr\u00eat \u00abtransport \u00e0 la demande\u00bb le plus proche de chez vous et vous permet de rejoindre le point d\u2019arr\u00eat le plus proche de votre destination ou un p\u00f4le de centralit\u00e9 au sein du territoire desservi.<\/p>\n\n\n\n<p><strong>Des v\u00e9hicules adapt\u00e9s, du personnel form\u00e9<\/strong><br>Pour les personnes \u00e0 mobilit\u00e9 r\u00e9duite ou ag\u00e9es de plus de 75 ans ou demeurant en dehors de la partie agglom\u00e9r\u00e9e de leur commune, la prise en charge peut s\u2019effectuer au domicile.<\/p>\n\n\n\n<p><strong>Combien \u00e7a co\u00fbte ?<\/strong><\/p>\n\n\n\n<ul class=\"wp-block-list\"><li>Tickets unit\u00e9 : 1. 30\u20ac<\/li><li>Abonnement du r\u00e9seau <\/li><li>Gratuit pour les moins de 4 ans.<\/li><\/ul>\n\n\n\n<p><strong>Points de vente :<\/strong><\/p>\n\n\n\n<ul class=\"wp-block-list\"><li>A bord des v\u00e9hicules<\/li><li>Dans les agences de l&rsquo;agglom\u00e9ration<\/li><\/ul>\n\n\n\n<p class=\"has-accent-color has-text-color\"><strong>LIGNE 901 : HAUTE VILLE &#8211; BELLEVUE<\/strong><br>Distance de la ligne : 4 kms<br>Temps de trajet de la ligne : 12 minutes<\/p>\n\n\n\n<p class=\"has-text-color\" style=\"color:#a37800\"><strong>LIGNE 902 : PARC DE L&rsquo;ETANG &#8211; OBSERVATOIRE<\/strong><br>Distance de la ligne : 5 kms<br>Temps de trajet de la ligne : 20 minutes<\/p>\n","protected":false},"excerpt":{"rendered":"<p>Qu&rsquo;est ce que le tad ? D\u00e9placements ponctuels ou de proximit\u00e9 : le transport \u00e0 la demande compl\u00e8te l&rsquo;offre de transport du r\u00e9seau. Une visite chez des amis, un rendez vous, un saut \u00e0 la biblioth\u00e8que&#8230;Le transport \u00e0 la demande permet d\u2019effectuer des d\u00e9placements de proximit\u00e9 et compl\u00e8te l\u2019offre de [&hellip;]<\/p>\n","protected":false},"author":63,"featured_media":0,"parent":0,"menu_order":0,"comment_status":"closed","ping_status":"closed","template":"","meta":{"footnotes":""},"class_list":["post-62","page","type-page","status-publish","hentry"],"_links":{"self":[{"href":"https:\/\/seal.transport-manager.net\/francky5102\/wp-json\/wp\/v2\/pages\/62","targetHints":{"allow":["GET"]}}],"collection":[{"href":"https:\/\/seal.transport-manager.net\/francky5102\/wp-json\/wp\/v2\/pages"}],"about":[{"href":"https:\/\/seal.transport-manager.net\/francky5102\/wp-json\/wp\/v2\/types\/page"}],"author":[{"embeddable":true,"href":"https:\/\/seal.transport-manager.net\/francky5102\/wp-json\/wp\/v2\/users\/63"}],"replies":[{"embeddable":true,"href":"https:\/\/seal.transport-manager.net\/francky5102\/wp-json\/wp\/v2\/comments?post=62"}],"version-history":[{"count":2,"href":"https:\/\/seal.transport-manager.net\/francky5102\/wp-json\/wp\/v2\/pages\/62\/revisions"}],"predecessor-version":[{"id":65,"href":"https:\/\/seal.transport-manager.net\/francky5102\/wp-json\/wp\/v2\/pages\/62\/revisions\/65"}],"wp:attachment":[{"href":"https:\/\/seal.transport-manager.net\/francky5102\/wp-json\/wp\/v2\/media?parent=62"}],"curies":[{"name":"wp","href":"https:\/\/api.w.org\/{rel}","templated":true}]}}