{"id":80,"date":"2021-08-25T13:47:07","date_gmt":"2021-08-25T11:47:07","guid":{"rendered":"https:\/\/seal.transport-manager.net\/francky5102\/?page_id=80"},"modified":"2021-08-25T13:47:07","modified_gmt":"2021-08-25T11:47:07","slug":"tarifs-abonnements","status":"publish","type":"page","link":"https:\/\/seal.transport-manager.net\/francky5102\/tarifs-abonnements\/","title":{"rendered":"Tarifs &amp; Abonnements"},"content":{"rendered":"\n<figure class=\"wp-block-table aligncenter is-style-stripes\"><table class=\"has-subtle-pale-green-background-color has-background\"><tbody><tr><td>Billet Solo<\/td><td>1, 60 \u20ac<\/td><td><\/td><td>Pour tout utilisateur empruntant les transports en commun de l&rsquo;agglom\u00e9ration<\/td><\/tr><tr><td>Billet 24 h<\/td><td>4, 80 \u20ac<\/td><td><\/td><td>Pour tout utilisateur empruntant les transports en commun de l&rsquo;agglom\u00e9ration<\/td><\/tr><tr><td>Pass Mensuel<\/td><td>56, 00 \u20ac<\/td><td><\/td><td>Pour tout utilisateur empruntant les transports en commun de l&rsquo;agglom\u00e9ration<br>Scolaire, \u00e9tudiant, salari\u00e9<\/td><\/tr><\/tbody><\/table><\/figure>\n\n\n\n<p>Afin de lutter contre la fraude, Pastel emploie 32 contr\u00f4leurs qui sont \u00e9parpill\u00e9s sur l&rsquo;ensemble du r\u00e9seau.<\/p>\n\n\n\n<p>La fraude peut vous co\u00fbter cher ! <\/p>\n\n\n\n<ul class=\"wp-block-list\"><li>35 \u20ac sans validation de votre titre de transport<\/li><li>135 \u20ac sans pr\u00e9sentation d&rsquo;un titre de transport<\/li><\/ul>\n\n\n\n<p><\/p>\n","protected":false},"excerpt":{"rendered":"<p>Billet Solo 1, 60 \u20ac Pour tout utilisateur empruntant les transports en commun de l&rsquo;agglom\u00e9ration Billet 24 h 4, 80 \u20ac Pour tout utilisateur empruntant les transports en commun de l&rsquo;agglom\u00e9ration Pass Mensuel 56, 00 \u20ac Pour tout utilisateur empruntant les transports en commun de l&rsquo;agglom\u00e9rationScolaire, \u00e9tudiant, salari\u00e9 Afin de [&hellip;]<\/p>\n","protected":false},"author":63,"featured_media":0,"parent":0,"menu_order":0,"comment_status":"closed","ping_status":"closed","template":"","meta":{"footnotes":""},"class_list":["post-80","page","type-page","status-publish","hentry"],"_links":{"self":[{"href":"https:\/\/seal.transport-manager.net\/francky5102\/wp-json\/wp\/v2\/pages\/80","targetHints":{"allow":["GET"]}}],"collection":[{"href":"https:\/\/seal.transport-manager.net\/francky5102\/wp-json\/wp\/v2\/pages"}],"about":[{"href":"https:\/\/seal.transport-manager.net\/francky5102\/wp-json\/wp\/v2\/types\/page"}],"author":[{"embeddable":true,"href":"https:\/\/seal.transport-manager.net\/francky5102\/wp-json\/wp\/v2\/users\/63"}],"replies":[{"embeddable":true,"href":"https:\/\/seal.transport-manager.net\/francky5102\/wp-json\/wp\/v2\/comments?post=80"}],"version-history":[{"count":1,"href":"https:\/\/seal.transport-manager.net\/francky5102\/wp-json\/wp\/v2\/pages\/80\/revisions"}],"predecessor-version":[{"id":81,"href":"https:\/\/seal.transport-manager.net\/francky5102\/wp-json\/wp\/v2\/pages\/80\/revisions\/81"}],"wp:attachment":[{"href":"https:\/\/seal.transport-manager.net\/francky5102\/wp-json\/wp\/v2\/media?parent=80"}],"curies":[{"name":"wp","href":"https:\/\/api.w.org\/{rel}","templated":true}]}}