{"id":108,"date":"2021-12-31T10:42:57","date_gmt":"2021-12-31T09:42:57","guid":{"rendered":"https:\/\/seal.transport-manager.net\/funnybadasstv\/?page_id=108"},"modified":"2022-12-18T18:35:09","modified_gmt":"2022-12-18T17:35:09","slug":"metropolx","status":"publish","type":"page","link":"https:\/\/seal.transport-manager.net\/funnybadasstv\/metropolx\/","title":{"rendered":"M\u00e9tropolX"},"content":{"rendered":"\n<h2 class=\"wp-block-heading\">Qui sommes nous?<\/h2>\n\n\n\n<p>Le r\u00e9seau RTAG est exploit\u00e9 depuis 2017 par M\u00e9tropolX, il assure un service continu des bus et de leur entretien ainsi que de la gestion des agences commerciales.<\/p>\n\n\n\n<p>Nous sommes rattach\u00e9s au groupe RFEN, qui exploite aussi sur le r\u00e9seau ferr\u00e9 fran\u00e7ais.<\/p>\n\n\n\n<p>Si vous souhaitez nous rejoindre, vous \u00eates les bienvenus, que vous veniez d&rsquo;ici ou d&rsquo;ailleurs, que vous soyez une femme ou un homme, vous serez toujours le.la bienvenu.e!<\/p>\n\n\n\n<div class=\"wp-block-columns is-layout-flex wp-container-core-columns-is-layout-9d6595d7 wp-block-columns-is-layout-flex\">\n<div class=\"wp-block-column is-layout-flow wp-block-column-is-layout-flow\" style=\"flex-basis:100%\">\n<div class=\"wp-block-columns is-layout-flex wp-container-core-columns-is-layout-9d6595d7 wp-block-columns-is-layout-flex\">\n<div class=\"wp-block-column is-vertically-aligned-top is-layout-flow wp-block-column-is-layout-flow\" style=\"flex-basis:100%\">\n<div class=\"wp-block-group\"><div class=\"wp-block-group__inner-container is-layout-flow wp-block-group-is-layout-flow\">\n<div class=\"wp-block-buttons is-horizontal is-content-justification-center is-layout-flex wp-container-core-buttons-is-layout-499968f5 wp-block-buttons-is-layout-flex\">\n<div class=\"wp-block-button\"><a class=\"wp-block-button__link wp-element-button\" href=\"http:\/\/rfen.jimdofree.com\" target=\"_blank\" rel=\"noreferrer noopener\">RFEN<\/a><\/div>\n<\/div>\n<\/div><\/div>\n<\/div>\n<\/div>\n<\/div>\n<\/div>\n\n\n\n<figure class=\"wp-block-image size-full\"><img loading=\"lazy\" decoding=\"async\" width=\"500\" height=\"500\" src=\"https:\/\/seal.transport-manager.net\/funnybadasstv\/wp-content\/uploads\/sites\/67\/2022\/12\/M.png\" alt=\"\" class=\"wp-image-197\" srcset=\"https:\/\/seal.transport-manager.net\/funnybadasstv\/wp-content\/uploads\/sites\/67\/2022\/12\/M.png 500w, https:\/\/seal.transport-manager.net\/funnybadasstv\/wp-content\/uploads\/sites\/67\/2022\/12\/M-300x300.png 300w, https:\/\/seal.transport-manager.net\/funnybadasstv\/wp-content\/uploads\/sites\/67\/2022\/12\/M-150x150.png 150w\" sizes=\"auto, (max-width: 500px) 100vw, 500px\" \/><\/figure>\n\n\n\n<p><\/p>\n","protected":false},"excerpt":{"rendered":"<p>Qui sommes nous? Le r\u00e9seau RTAG est exploit\u00e9 depuis 2017 par M\u00e9tropolX, il assure un service continu des bus et de leur entretien ainsi que de la gestion des agences&nbsp;&hellip;<\/p>\n","protected":false},"author":67,"featured_media":44,"parent":0,"menu_order":0,"comment_status":"closed","ping_status":"closed","template":"","meta":{"footnotes":""},"class_list":["post-108","page","type-page","status-publish","has-post-thumbnail","hentry"],"_links":{"self":[{"href":"https:\/\/seal.transport-manager.net\/funnybadasstv\/wp-json\/wp\/v2\/pages\/108","targetHints":{"allow":["GET"]}}],"collection":[{"href":"https:\/\/seal.transport-manager.net\/funnybadasstv\/wp-json\/wp\/v2\/pages"}],"about":[{"href":"https:\/\/seal.transport-manager.net\/funnybadasstv\/wp-json\/wp\/v2\/types\/page"}],"author":[{"embeddable":true,"href":"https:\/\/seal.transport-manager.net\/funnybadasstv\/wp-json\/wp\/v2\/users\/67"}],"replies":[{"embeddable":true,"href":"https:\/\/seal.transport-manager.net\/funnybadasstv\/wp-json\/wp\/v2\/comments?post=108"}],"version-history":[{"count":8,"href":"https:\/\/seal.transport-manager.net\/funnybadasstv\/wp-json\/wp\/v2\/pages\/108\/revisions"}],"predecessor-version":[{"id":215,"href":"https:\/\/seal.transport-manager.net\/funnybadasstv\/wp-json\/wp\/v2\/pages\/108\/revisions\/215"}],"wp:featuredmedia":[{"embeddable":true,"href":"https:\/\/seal.transport-manager.net\/funnybadasstv\/wp-json\/wp\/v2\/media\/44"}],"wp:attachment":[{"href":"https:\/\/seal.transport-manager.net\/funnybadasstv\/wp-json\/wp\/v2\/media?parent=108"}],"curies":[{"name":"wp","href":"https:\/\/api.w.org\/{rel}","templated":true}]}}