{"id":323,"date":"2023-08-04T22:10:31","date_gmt":"2023-08-04T20:10:31","guid":{"rendered":"https:\/\/seal.transport-manager.net\/funnybadasstv\/?page_id=323"},"modified":"2025-01-17T11:40:35","modified_gmt":"2025-01-17T10:40:35","slug":"nous-rejoindre","status":"publish","type":"page","link":"https:\/\/seal.transport-manager.net\/funnybadasstv\/nous-rejoindre\/","title":{"rendered":"Nous rejoindre"},"content":{"rendered":"\n<p>Vous souhaitez entrer dans une entreprise qui effectue du service public toute l&rsquo;ann\u00e9e? Vous pensez que transporter des clients en toute s\u00e9curit\u00e9 est une priorit\u00e9? Vous \u00eates surement au bon endroit! Mais laissez nous d&rsquo;abord nous pr\u00e9senter :<\/p>\n\n\n\n<h1 class=\"wp-block-heading\">+650 collaborateurs<\/h1>\n\n\n\n<figure class=\"wp-block-image size-large\"><img loading=\"lazy\" decoding=\"async\" width=\"1024\" height=\"304\" src=\"https:\/\/seal.transport-manager.net\/funnybadasstv\/wp-content\/uploads\/sites\/67\/2024\/11\/Lions-City-12-1024x304.png\" alt=\"\" class=\"wp-image-552\" srcset=\"https:\/\/seal.transport-manager.net\/funnybadasstv\/wp-content\/uploads\/sites\/67\/2024\/11\/Lions-City-12-1024x304.png 1024w, https:\/\/seal.transport-manager.net\/funnybadasstv\/wp-content\/uploads\/sites\/67\/2024\/11\/Lions-City-12-300x89.png 300w, https:\/\/seal.transport-manager.net\/funnybadasstv\/wp-content\/uploads\/sites\/67\/2024\/11\/Lions-City-12-768x228.png 768w, https:\/\/seal.transport-manager.net\/funnybadasstv\/wp-content\/uploads\/sites\/67\/2024\/11\/Lions-City-12-1536x457.png 1536w, https:\/\/seal.transport-manager.net\/funnybadasstv\/wp-content\/uploads\/sites\/67\/2024\/11\/Lions-City-12-2048x609.png 2048w, https:\/\/seal.transport-manager.net\/funnybadasstv\/wp-content\/uploads\/sites\/67\/2024\/11\/Lions-City-12-1232x366.png 1232w, https:\/\/seal.transport-manager.net\/funnybadasstv\/wp-content\/uploads\/sites\/67\/2024\/11\/Lions-City-12-1920x571.png 1920w\" sizes=\"auto, (max-width: 1024px) 100vw, 1024px\" \/><\/figure>\n\n\n\n<h1 class=\"wp-block-heading has-text-align-center\">48 ans d&rsquo;\u00e2ge moyen<\/h1>\n\n\n\n<p>Vous cherchez une entreprise dans laquelle vous \u00e9panouir? M\u00e9tropolX est peut \u00eatre la solution. Avec plus de 600 collaborateurs et 6 m\u00e9tiers, nous avons s\u00fbrement le m\u00e9tier qui vous correspond.<\/p>\n\n\n\n<p><\/p>\n\n\n\n<h1 class=\"wp-block-heading has-text-align-right\">6 m\u00e9tiers<\/h1>\n\n\n\n<figure class=\"wp-block-image size-large\"><img loading=\"lazy\" decoding=\"async\" width=\"1024\" height=\"265\" src=\"https:\/\/seal.transport-manager.net\/funnybadasstv\/wp-content\/uploads\/sites\/67\/2023\/09\/Lions-Intercity-C-NAQRTAG-1024x265.png\" alt=\"\" class=\"wp-image-401\" srcset=\"https:\/\/seal.transport-manager.net\/funnybadasstv\/wp-content\/uploads\/sites\/67\/2023\/09\/Lions-Intercity-C-NAQRTAG-1024x265.png 1024w, https:\/\/seal.transport-manager.net\/funnybadasstv\/wp-content\/uploads\/sites\/67\/2023\/09\/Lions-Intercity-C-NAQRTAG-300x78.png 300w, https:\/\/seal.transport-manager.net\/funnybadasstv\/wp-content\/uploads\/sites\/67\/2023\/09\/Lions-Intercity-C-NAQRTAG-768x199.png 768w, https:\/\/seal.transport-manager.net\/funnybadasstv\/wp-content\/uploads\/sites\/67\/2023\/09\/Lions-Intercity-C-NAQRTAG-1536x397.png 1536w, https:\/\/seal.transport-manager.net\/funnybadasstv\/wp-content\/uploads\/sites\/67\/2023\/09\/Lions-Intercity-C-NAQRTAG-2048x530.png 2048w, https:\/\/seal.transport-manager.net\/funnybadasstv\/wp-content\/uploads\/sites\/67\/2023\/09\/Lions-Intercity-C-NAQRTAG-1232x319.png 1232w, https:\/\/seal.transport-manager.net\/funnybadasstv\/wp-content\/uploads\/sites\/67\/2023\/09\/Lions-Intercity-C-NAQRTAG-1920x497.png 1920w\" sizes=\"auto, (max-width: 1024px) 100vw, 1024px\" \/><\/figure>\n\n\n\n<h1 class=\"wp-block-heading has-text-align-center\">51% de parit\u00e9 Femmes\/Hommes<\/h1>\n\n\n\n<p class=\"has-text-align-left\">Avec 48% de parit\u00e9 Femmes\/hommes, nous proposons \u00e9galement une entreprise qui tiens \u00e0 c\u0153ur de permettre aux femmes d&rsquo;avoir un m\u00e9tier avec d&rsquo;autres femmes sur qui compter, ainsi que des grilles de salaire identiques pour les hommes et les femmes.<\/p>\n\n\n\n<p><\/p>\n\n\n\n<h1 class=\"wp-block-heading\">1849\u20ac de salaire moyen<\/h1>\n\n\n\n<figure class=\"wp-block-image size-large\"><img loading=\"lazy\" decoding=\"async\" width=\"1024\" height=\"283\" src=\"https:\/\/seal.transport-manager.net\/funnybadasstv\/wp-content\/uploads\/sites\/67\/2023\/08\/image-2-1024x283.png\" alt=\"\" class=\"wp-image-328\" srcset=\"https:\/\/seal.transport-manager.net\/funnybadasstv\/wp-content\/uploads\/sites\/67\/2023\/08\/image-2-1024x283.png 1024w, https:\/\/seal.transport-manager.net\/funnybadasstv\/wp-content\/uploads\/sites\/67\/2023\/08\/image-2-300x83.png 300w, https:\/\/seal.transport-manager.net\/funnybadasstv\/wp-content\/uploads\/sites\/67\/2023\/08\/image-2-768x213.png 768w, https:\/\/seal.transport-manager.net\/funnybadasstv\/wp-content\/uploads\/sites\/67\/2023\/08\/image-2-1536x425.png 1536w, https:\/\/seal.transport-manager.net\/funnybadasstv\/wp-content\/uploads\/sites\/67\/2023\/08\/image-2-2048x567.png 2048w, https:\/\/seal.transport-manager.net\/funnybadasstv\/wp-content\/uploads\/sites\/67\/2023\/08\/image-2-1232x341.png 1232w, https:\/\/seal.transport-manager.net\/funnybadasstv\/wp-content\/uploads\/sites\/67\/2023\/08\/image-2-1920x531.png 1920w\" sizes=\"auto, (max-width: 1024px) 100vw, 1024px\" \/><\/figure>\n\n\n\n<p>1890\u20ac de salaire moyen, c&rsquo;est aussi des augmentations de salaire tous les ans, ainsi qu&rsquo;une prime de fin d&rsquo;ann\u00e9e de 300\u20ac.<\/p>\n\n\n\n<p class=\"has-x-large-font-size\"><strong>271 v\u00e9hicules<\/strong><\/p>\n\n\n\n<figure class=\"wp-block-image size-large\"><img loading=\"lazy\" decoding=\"async\" width=\"1024\" height=\"431\" src=\"https:\/\/seal.transport-manager.net\/funnybadasstv\/wp-content\/uploads\/sites\/67\/2024\/11\/tram-BX-RTAG-1024x431.png\" alt=\"\" class=\"wp-image-548\" srcset=\"https:\/\/seal.transport-manager.net\/funnybadasstv\/wp-content\/uploads\/sites\/67\/2024\/11\/tram-BX-RTAG-1024x431.png 1024w, https:\/\/seal.transport-manager.net\/funnybadasstv\/wp-content\/uploads\/sites\/67\/2024\/11\/tram-BX-RTAG-300x126.png 300w, https:\/\/seal.transport-manager.net\/funnybadasstv\/wp-content\/uploads\/sites\/67\/2024\/11\/tram-BX-RTAG-768x323.png 768w, https:\/\/seal.transport-manager.net\/funnybadasstv\/wp-content\/uploads\/sites\/67\/2024\/11\/tram-BX-RTAG-1232x518.png 1232w, https:\/\/seal.transport-manager.net\/funnybadasstv\/wp-content\/uploads\/sites\/67\/2024\/11\/tram-BX-RTAG.png 1426w\" sizes=\"auto, (max-width: 1024px) 100vw, 1024px\" \/><\/figure>\n\n\n\n<p>Si vous pensez \u00eatre arriv\u00e9s au bon endroit, n&rsquo;h\u00e9sitez pas \u00e0 nous envoyer un mail \u00e0 <a href=\"mailto:recrutement@metropolx.com\">recrutement@metropolx.com<\/a> avec votre bonne humeur en pr\u00e9cisant le m\u00e9tier auquel vous souhaiteriez postuler.<\/p>\n\n\n\n<p><\/p>\n\n\n\n<p><em>Dessins sur la base de Jihess<\/em><\/p>\n","protected":false},"excerpt":{"rendered":"<p>Vous souhaitez entrer dans une entreprise qui effectue du service public toute l&rsquo;ann\u00e9e? Vous pensez que transporter des clients en toute s\u00e9curit\u00e9 est une priorit\u00e9? Vous \u00eates surement au bon&nbsp;&hellip;<\/p>\n","protected":false},"author":343,"featured_media":554,"parent":0,"menu_order":0,"comment_status":"closed","ping_status":"closed","template":"","meta":{"footnotes":""},"class_list":["post-323","page","type-page","status-publish","has-post-thumbnail","hentry"],"_links":{"self":[{"href":"https:\/\/seal.transport-manager.net\/funnybadasstv\/wp-json\/wp\/v2\/pages\/323","targetHints":{"allow":["GET"]}}],"collection":[{"href":"https:\/\/seal.transport-manager.net\/funnybadasstv\/wp-json\/wp\/v2\/pages"}],"about":[{"href":"https:\/\/seal.transport-manager.net\/funnybadasstv\/wp-json\/wp\/v2\/types\/page"}],"author":[{"embeddable":true,"href":"https:\/\/seal.transport-manager.net\/funnybadasstv\/wp-json\/wp\/v2\/users\/343"}],"replies":[{"embeddable":true,"href":"https:\/\/seal.transport-manager.net\/funnybadasstv\/wp-json\/wp\/v2\/comments?post=323"}],"version-history":[{"count":12,"href":"https:\/\/seal.transport-manager.net\/funnybadasstv\/wp-json\/wp\/v2\/pages\/323\/revisions"}],"predecessor-version":[{"id":560,"href":"https:\/\/seal.transport-manager.net\/funnybadasstv\/wp-json\/wp\/v2\/pages\/323\/revisions\/560"}],"wp:featuredmedia":[{"embeddable":true,"href":"https:\/\/seal.transport-manager.net\/funnybadasstv\/wp-json\/wp\/v2\/media\/554"}],"wp:attachment":[{"href":"https:\/\/seal.transport-manager.net\/funnybadasstv\/wp-json\/wp\/v2\/media?parent=323"}],"curies":[{"name":"wp","href":"https:\/\/api.w.org\/{rel}","templated":true}]}}