{"id":42,"date":"2021-12-03T13:25:34","date_gmt":"2021-12-03T12:25:34","guid":{"rendered":"https:\/\/seal.transport-manager.net\/funnybadasstv\/?page_id=42"},"modified":"2024-01-12T20:31:53","modified_gmt":"2024-01-12T19:31:53","slug":"tickets","status":"publish","type":"page","link":"https:\/\/seal.transport-manager.net\/funnybadasstv\/tickets\/","title":{"rendered":"Billetterie"},"content":{"rendered":"<div class=\"wp-block-image\">\n<figure class=\"aligncenter size-full is-resized\"><img loading=\"lazy\" decoding=\"async\" width=\"1004\" height=\"638\" src=\"https:\/\/seal.transport-manager.net\/funnybadasstv\/wp-content\/uploads\/sites\/67\/2023\/10\/IMG_20230728_192452.png\" alt=\"\" class=\"wp-image-417\" style=\"width:251px;height:160px\" srcset=\"https:\/\/seal.transport-manager.net\/funnybadasstv\/wp-content\/uploads\/sites\/67\/2023\/10\/IMG_20230728_192452.png 1004w, https:\/\/seal.transport-manager.net\/funnybadasstv\/wp-content\/uploads\/sites\/67\/2023\/10\/IMG_20230728_192452-300x191.png 300w, https:\/\/seal.transport-manager.net\/funnybadasstv\/wp-content\/uploads\/sites\/67\/2023\/10\/IMG_20230728_192452-768x488.png 768w\" sizes=\"auto, (max-width: 1004px) 100vw, 1004px\" \/><\/figure>\n<\/div>\n\n\n<p class=\"has-text-align-center\">Ticket Unitaire Sit&rsquo;nGo          1.60\u20ac<\/p>\n\n\n<div class=\"wp-block-image\">\n<figure class=\"aligncenter size-full is-resized\"><img loading=\"lazy\" decoding=\"async\" width=\"1004\" height=\"638\" src=\"https:\/\/seal.transport-manager.net\/funnybadasstv\/wp-content\/uploads\/sites\/67\/2023\/10\/IMG_20230728_192709.png\" alt=\"\" class=\"wp-image-418\" style=\"width:251px;height:160px\" srcset=\"https:\/\/seal.transport-manager.net\/funnybadasstv\/wp-content\/uploads\/sites\/67\/2023\/10\/IMG_20230728_192709.png 1004w, https:\/\/seal.transport-manager.net\/funnybadasstv\/wp-content\/uploads\/sites\/67\/2023\/10\/IMG_20230728_192709-300x191.png 300w, https:\/\/seal.transport-manager.net\/funnybadasstv\/wp-content\/uploads\/sites\/67\/2023\/10\/IMG_20230728_192709-768x488.png 768w\" sizes=\"auto, (max-width: 1004px) 100vw, 1004px\" \/><\/figure>\n<\/div>\n\n\n<p class=\"has-text-align-center\">Ticket valable 24h 24free       4.80\u20ac<\/p>\n\n\n<div class=\"wp-block-image\">\n<figure class=\"aligncenter size-full is-resized\"><img loading=\"lazy\" decoding=\"async\" width=\"1004\" height=\"638\" src=\"https:\/\/seal.transport-manager.net\/funnybadasstv\/wp-content\/uploads\/sites\/67\/2023\/10\/IMG_20230728_193343.png\" alt=\"\" class=\"wp-image-419\" style=\"width:251px;height:160px\" srcset=\"https:\/\/seal.transport-manager.net\/funnybadasstv\/wp-content\/uploads\/sites\/67\/2023\/10\/IMG_20230728_193343.png 1004w, https:\/\/seal.transport-manager.net\/funnybadasstv\/wp-content\/uploads\/sites\/67\/2023\/10\/IMG_20230728_193343-300x191.png 300w, https:\/\/seal.transport-manager.net\/funnybadasstv\/wp-content\/uploads\/sites\/67\/2023\/10\/IMG_20230728_193343-768x488.png 768w\" sizes=\"auto, (max-width: 1004px) 100vw, 1004px\" \/><\/figure>\n<\/div>\n\n\n<p class=\"has-text-align-center\">Abonnement mensuel Pass&rsquo;Lib (achetable sur le site internet et en agences)      59.00\u20ac<\/p>\n\n\n<div class=\"wp-block-image\">\n<figure class=\"aligncenter size-full is-resized\"><img loading=\"lazy\" decoding=\"async\" width=\"1004\" height=\"638\" src=\"https:\/\/seal.transport-manager.net\/funnybadasstv\/wp-content\/uploads\/sites\/67\/2023\/10\/IMG_20230728_193343.png\" alt=\"\" class=\"wp-image-419\" style=\"width:251px;height:160px\" srcset=\"https:\/\/seal.transport-manager.net\/funnybadasstv\/wp-content\/uploads\/sites\/67\/2023\/10\/IMG_20230728_193343.png 1004w, https:\/\/seal.transport-manager.net\/funnybadasstv\/wp-content\/uploads\/sites\/67\/2023\/10\/IMG_20230728_193343-300x191.png 300w, https:\/\/seal.transport-manager.net\/funnybadasstv\/wp-content\/uploads\/sites\/67\/2023\/10\/IMG_20230728_193343-768x488.png 768w\" sizes=\"auto, (max-width: 1004px) 100vw, 1004px\" \/><\/figure>\n<\/div>\n\n\n<p>Abonnement mensuel Pass&rsquo;Lib Scolaire (achetable sur le site internet et en agences).<\/p>\n\n\n<div class=\"wp-block-image\">\n<figure class=\"aligncenter size-full is-resized\"><img loading=\"lazy\" decoding=\"async\" width=\"1024\" height=\"768\" src=\"https:\/\/seal.transport-manager.net\/funnybadasstv\/wp-content\/uploads\/sites\/67\/2023\/09\/20230924_212027_0000.png\" alt=\"\" class=\"wp-image-411\" style=\"width:559px;height:420px\" srcset=\"https:\/\/seal.transport-manager.net\/funnybadasstv\/wp-content\/uploads\/sites\/67\/2023\/09\/20230924_212027_0000.png 1024w, https:\/\/seal.transport-manager.net\/funnybadasstv\/wp-content\/uploads\/sites\/67\/2023\/09\/20230924_212027_0000-300x225.png 300w, https:\/\/seal.transport-manager.net\/funnybadasstv\/wp-content\/uploads\/sites\/67\/2023\/09\/20230924_212027_0000-768x576.png 768w\" sizes=\"auto, (max-width: 1024px) 100vw, 1024px\" \/><\/figure>\n<\/div>\n\n<div class=\"widget wpforms-widget\"><h2 class=\"widgettitle\">Acheter un titre de transport<\/h2><div class=\"wpforms-container wpforms-container-full\" id=\"wpforms-271\"><form id=\"wpforms-form-271\" class=\"wpforms-validate wpforms-form wpforms-ajax-form\" data-formid=\"271\" method=\"post\" enctype=\"multipart\/form-data\" action=\"\/funnybadasstv\/wp-json\/wp\/v2\/pages\/42\" data-token=\"2ca54faa27612282d4aab15db9d36957\" data-token-time=\"1776976280\"><noscript class=\"wpforms-error-noscript\">Veuillez activer JavaScript dans votre navigateur pour remplir ce formulaire.<\/noscript><div class=\"wpforms-field-container\"><div id=\"wpforms-271-field_1-container\" class=\"wpforms-field wpforms-field-name\" data-field-id=\"1\"><label class=\"wpforms-field-label\">Vos informations <span class=\"wpforms-required-label\">*<\/span><\/label><div class=\"wpforms-field-row wpforms-field-medium\"><div class=\"wpforms-field-row-block wpforms-first wpforms-one-half\"><input type=\"text\" id=\"wpforms-271-field_1\" class=\"wpforms-field-name-first wpforms-field-required\" name=\"wpforms[fields][1][first]\" required><label for=\"wpforms-271-field_1\" class=\"wpforms-field-sublabel after\">Pr\u00e9nom<\/label><\/div><div class=\"wpforms-field-row-block wpforms-one-half\"><input type=\"text\" id=\"wpforms-271-field_1-last\" class=\"wpforms-field-name-last wpforms-field-required\" name=\"wpforms[fields][1][last]\" required><label for=\"wpforms-271-field_1-last\" class=\"wpforms-field-sublabel after\">Nom<\/label><\/div><\/div><\/div><div id=\"wpforms-271-field_2-container\" class=\"wpforms-field wpforms-field-email\" data-field-id=\"2\"><label class=\"wpforms-field-label\" for=\"wpforms-271-field_2\">Email <span class=\"wpforms-required-label\">*<\/span><\/label><input type=\"email\" id=\"wpforms-271-field_2\" class=\"wpforms-field-medium wpforms-field-required\" name=\"wpforms[fields][2]\" spellcheck=\"false\" required><\/div><div id=\"wpforms-271-field_5-container\" class=\"wpforms-field wpforms-field-payment-multiple wpforms-list-inline\" data-field-id=\"5\"><label class=\"wpforms-field-label\">Votre produit <span class=\"wpforms-required-label\">*<\/span><\/label><ul id=\"wpforms-271-field_5\" class=\"wpforms-field-required\"><li class=\"choice-1 wpforms-selected\"><input type=\"radio\" id=\"wpforms-271-field_5_1\" class=\"wpforms-payment-price\" data-amount=\"59.00\" name=\"wpforms[fields][5]\" value=\"1\" required  checked='checked'><label class=\"wpforms-field-label-inline\" for=\"wpforms-271-field_5_1\">Abonnement Pass&rsquo;Lib &#8211; <span class=\"wpforms-currency-symbol\">&#036;59.00<\/span><\/label><\/li><li class=\"choice-2\"><input type=\"radio\" id=\"wpforms-271-field_5_2\" class=\"wpforms-payment-price\" data-amount=\"35.00\" name=\"wpforms[fields][5]\" value=\"2\" required ><label class=\"wpforms-field-label-inline\" for=\"wpforms-271-field_5_2\">Abonnement Pass&rsquo;Lib Scolaire &#8211; <span class=\"wpforms-currency-symbol\">&#036;35.00<\/span><\/label><\/li><\/ul><\/div><div id=\"wpforms-271-field_6-container\" class=\"wpforms-field wpforms-field-payment-total wpforms-field-medium\" data-field-id=\"6\"><label class=\"wpforms-field-label\">Prix<\/label><div class=\"wpforms-payment-total\" style=\"\">&#036;0.00<\/div><input type=\"hidden\" id=\"wpforms-271-field_6\" class=\"wpforms-field-medium wpforms-payment-total\" name=\"wpforms[fields][6]\" value=\"0\"><\/div><div id=\"wpforms-271-field_8-container\" class=\"wpforms-field wpforms-field-stripe-credit-card\" data-field-id=\"8\"><label class=\"wpforms-field-label\">Votre carte de cr\u00e9dit <span class=\"wpforms-required-label\">*<\/span><\/label><div class=\"wpforms-cc-warning wpforms-error-alert\">Le champ Carte bancaire est d\u00e9sactiv\u00e9, les cl\u00e9s Stripe sont manquantes.<\/div><\/div><div id=\"wpforms-271-field_9-container\" class=\"wpforms-field wpforms-field-text\" data-field-id=\"9\"><label class=\"wpforms-field-label\" for=\"wpforms-271-field_9\">Adresse <span class=\"wpforms-required-label\">*<\/span><\/label><input type=\"text\" id=\"wpforms-271-field_9\" class=\"wpforms-field-medium wpforms-field-required\" name=\"wpforms[fields][9]\" required><\/div><\/div><!-- .wpforms-field-container --><div class=\"wpforms-submit-container\" ><input type=\"hidden\" name=\"wpforms[id]\" value=\"271\"><input type=\"hidden\" name=\"page_title\" value=\"\"><input type=\"hidden\" name=\"page_url\" value=\"https:\/\/seal.transport-manager.net\/funnybadasstv\/wp-json\/wp\/v2\/pages\/42\"><input type=\"hidden\" name=\"url_referer\" value=\"\"><button type=\"submit\" name=\"wpforms[submit]\" id=\"wpforms-submit-271\" class=\"wpforms-submit\" data-alt-text=\"Envoi en cours...\" data-submit-text=\"Commander\" aria-live=\"assertive\" value=\"wpforms-submit\">Commander<\/button><img loading=\"lazy\" decoding=\"async\" src=\"https:\/\/seal.transport-manager.net\/funnybadasstv\/wp-content\/plugins\/wpforms-lite\/assets\/images\/submit-spin.svg\" class=\"wpforms-submit-spinner\" style=\"display: none;\" width=\"26\" height=\"26\" alt=\"Chargement en cours\"><\/div><\/form><\/div>  <!-- .wpforms-container --><\/div>\n\n\n<p>Vous souhaiter faire voyager plusieurs personnes en m\u00eame temps dans un v\u00e9hicule privatis\u00e9? <br>Rendez vous ici :<\/p>\n\n\n\n<div class=\"wp-block-buttons is-layout-flex wp-block-buttons-is-layout-flex\">\n<div class=\"wp-block-button\"><a class=\"wp-block-button__link wp-element-button\" href=\"https:\/\/seal.transport-manager.net\/funnybadasstv\/transports-occasionnels\/\" target=\"_blank\" rel=\"noreferrer noopener\">Transports occasionnels<\/a><\/div>\n<\/div>\n","protected":false},"excerpt":{"rendered":"<p>Ticket Unitaire Sit&rsquo;nGo 1.60\u20ac Ticket valable 24h 24free 4.80\u20ac Abonnement mensuel Pass&rsquo;Lib (achetable sur le site internet et en agences) 59.00\u20ac Abonnement mensuel Pass&rsquo;Lib Scolaire (achetable sur le site internet&nbsp;&hellip;<\/p>\n","protected":false},"author":343,"featured_media":0,"parent":0,"menu_order":0,"comment_status":"closed","ping_status":"closed","template":"page-templates\/homepage.php","meta":{"footnotes":""},"class_list":["post-42","page","type-page","status-publish","hentry"],"_links":{"self":[{"href":"https:\/\/seal.transport-manager.net\/funnybadasstv\/wp-json\/wp\/v2\/pages\/42","targetHints":{"allow":["GET"]}}],"collection":[{"href":"https:\/\/seal.transport-manager.net\/funnybadasstv\/wp-json\/wp\/v2\/pages"}],"about":[{"href":"https:\/\/seal.transport-manager.net\/funnybadasstv\/wp-json\/wp\/v2\/types\/page"}],"author":[{"embeddable":true,"href":"https:\/\/seal.transport-manager.net\/funnybadasstv\/wp-json\/wp\/v2\/users\/343"}],"replies":[{"embeddable":true,"href":"https:\/\/seal.transport-manager.net\/funnybadasstv\/wp-json\/wp\/v2\/comments?post=42"}],"version-history":[{"count":17,"href":"https:\/\/seal.transport-manager.net\/funnybadasstv\/wp-json\/wp\/v2\/pages\/42\/revisions"}],"predecessor-version":[{"id":467,"href":"https:\/\/seal.transport-manager.net\/funnybadasstv\/wp-json\/wp\/v2\/pages\/42\/revisions\/467"}],"wp:attachment":[{"href":"https:\/\/seal.transport-manager.net\/funnybadasstv\/wp-json\/wp\/v2\/media?parent=42"}],"curies":[{"name":"wp","href":"https:\/\/api.w.org\/{rel}","templated":true}]}}