{"id":464,"date":"2024-01-12T20:30:08","date_gmt":"2024-01-12T19:30:08","guid":{"rendered":"https:\/\/seal.transport-manager.net\/funnybadasstv\/?page_id=464"},"modified":"2025-11-03T18:06:36","modified_gmt":"2025-11-03T17:06:36","slug":"transports-occasionnels","status":"publish","type":"page","link":"https:\/\/seal.transport-manager.net\/funnybadasstv\/transports-occasionnels\/","title":{"rendered":"Transports Occasionnels &amp; Touristiques"},"content":{"rendered":"\n<p>Vous souhaitez vous d\u00e9placer dans la m\u00e9tropole et ses alentours, ou m\u00eame faire une escapade? Nous vous proposons des prestations sp\u00e9ciales avec nos bus et cars. Pour obtenir un devis, nous vous invitons \u00e0 envoyer un mail avec votre projet et nous nous ferons un plaisir de vous r\u00e9pondre avec un devis qui correspond \u00e0 vos besoins.<\/p>\n\n\n\n<p>Mail \u00e0 contacter : resas@rtag.com<\/p>\n\n\n\n<hr class=\"wp-block-separator has-alpha-channel-opacity\" \/>\n\n\n\n<p>Notre parc :<\/p>\n\n\n\n<p>Pour vos besoins en bus, nous pr\u00e9l\u00e8verons un v\u00e9hicule de notre parc pour que vos besoins soient satisfaits de 14 places \u00e0 200 places.<\/p>\n\n\n\n<p>Si vous souhaitez profiter du confort et de la place des autocars nous avons \u00e0 votre disposition ces v\u00e9hicules :<\/p>\n\n\n\n<p><strong>Setra S 531 DT<\/strong><\/p>\n\n\n\n<figure class=\"wp-block-image size-large\"><img decoding=\"async\" src=\"https:\/\/transport-manager.net\/assets\/img\/coach\/EVOBUS_S531_DT.JPG\" alt=\"\" \/><figcaption class=\"wp-element-caption\"><em>Photo : \u00a9 yan302<\/em><\/figcaption><\/figure>\n\n\n\n<p>93 places, deux \u00e9tages, et un confort adapt\u00e9 pour les longues distances<\/p>\n\n\n\n<hr class=\"wp-block-separator has-alpha-channel-opacity\" \/>\n\n\n\n<p><strong>Setra S 519 HD<\/strong><\/p>\n\n\n\n<figure class=\"wp-block-image size-large\"><img decoding=\"async\" src=\"https:\/\/transport-manager.net\/assets\/img\/coach\/Setra_S519HD.jpg\" alt=\"\" \/><figcaption class=\"wp-element-caption\"><em>Photo : \u00a9 Jean-Sebastrick<\/em><\/figcaption><\/figure>\n\n\n\n<p>71 places, mais tout le confort n\u00e9cessaire pour les longues distances<\/p>\n\n\n\n<hr class=\"wp-block-separator has-alpha-channel-opacity\" \/>\n\n\n\n<p><strong>Setra S 515 HD<\/strong><\/p>\n\n\n\n<figure class=\"wp-block-image size-large\"><img decoding=\"async\" src=\"https:\/\/transport-manager.net\/assets\/img\/coach\/EVOBUS_S515HD.JPG\" alt=\"\" \/><figcaption class=\"wp-element-caption\"><em>Photo : \u00a9 yan302<\/em><\/figcaption><\/figure>\n\n\n\n<p>Le moins capacitaire, mais les petits groupes ont le droit \u00e0 toutes les attentions<\/p>\n\n\n\n<hr class=\"wp-block-separator has-alpha-channel-opacity\" \/>\n\n\n\n<p>Ces v\u00e9hicules sont trop luxueux pour vos go\u00fbts ? Pas de probl\u00e8me, on se fera un plaisir de r\u00e9pondre \u00e0 vos attentes par mail !<\/p>\n","protected":false},"excerpt":{"rendered":"<p>Vous souhaitez vous d\u00e9placer dans la m\u00e9tropole et ses alentours, ou m\u00eame faire une escapade? Nous vous proposons des prestations sp\u00e9ciales avec nos bus et cars. Pour obtenir un devis,&nbsp;&hellip;<\/p>\n","protected":false},"author":343,"featured_media":598,"parent":0,"menu_order":0,"comment_status":"closed","ping_status":"closed","template":"","meta":{"footnotes":""},"class_list":["post-464","page","type-page","status-publish","has-post-thumbnail","hentry"],"_links":{"self":[{"href":"https:\/\/seal.transport-manager.net\/funnybadasstv\/wp-json\/wp\/v2\/pages\/464","targetHints":{"allow":["GET"]}}],"collection":[{"href":"https:\/\/seal.transport-manager.net\/funnybadasstv\/wp-json\/wp\/v2\/pages"}],"about":[{"href":"https:\/\/seal.transport-manager.net\/funnybadasstv\/wp-json\/wp\/v2\/types\/page"}],"author":[{"embeddable":true,"href":"https:\/\/seal.transport-manager.net\/funnybadasstv\/wp-json\/wp\/v2\/users\/343"}],"replies":[{"embeddable":true,"href":"https:\/\/seal.transport-manager.net\/funnybadasstv\/wp-json\/wp\/v2\/comments?post=464"}],"version-history":[{"count":5,"href":"https:\/\/seal.transport-manager.net\/funnybadasstv\/wp-json\/wp\/v2\/pages\/464\/revisions"}],"predecessor-version":[{"id":597,"href":"https:\/\/seal.transport-manager.net\/funnybadasstv\/wp-json\/wp\/v2\/pages\/464\/revisions\/597"}],"wp:featuredmedia":[{"embeddable":true,"href":"https:\/\/seal.transport-manager.net\/funnybadasstv\/wp-json\/wp\/v2\/media\/598"}],"wp:attachment":[{"href":"https:\/\/seal.transport-manager.net\/funnybadasstv\/wp-json\/wp\/v2\/media?parent=464"}],"curies":[{"name":"wp","href":"https:\/\/api.w.org\/{rel}","templated":true}]}}